{"id":7,"date":"2024-04-04T06:14:09","date_gmt":"2024-04-04T03:14:09","guid":{"rendered":"https:\/\/sisu.ut.ee\/eva\/jatkuuuring\/"},"modified":"2024-08-17T23:01:27","modified_gmt":"2024-08-17T20:01:27","slug":"jatkuuuring","status":"publish","type":"page","link":"https:\/\/sisu.ut.ee\/eva\/jatkuuuring\/","title":{"rendered":"Loovuurimus"},"content":{"rendered":"<p dir=\"ltr\"><span style=\"color: #ff6600;\"><em>Loovuurimuse raames andmete kogumine on t\u00e4naseks l\u00f5ppenud. Ait\u00e4h k\u00f5igile osalejatele!\u00a0<\/em><\/span><\/p>\n<p dir=\"ltr\">\n<\/p><p dir=\"ltr\"><strong>Osale dokumentaalfilmi kaasloomises \u2013 saada meile oma foto- ja filmimaterjali oma praegusest kodukohast v\u00e4lismaal!\u00a0<\/strong><\/p>\n<p dir=\"ltr\">Meil on hea meel, et k\u00fcsitlus \u201eNoored eestlased v\u00e4lismaal\u201c p\u00e4lvis vastajate seas v\u00e4ga entusiastlikku ja toetavat tagasisidet. Kokku vastas k\u00fcsitlusele 2022 inimest, mis \u00fcletas meie ootused projektikavandiga v\u00f5rreldes k\u00fcmnekordselt.\u00a0K\u00e4esolevaga kutsume Sind osalema k\u00fcsitluse j\u00e4tku-uuringus \u2013\u00a0loovuurimuses, mille\u00a0eesm\u00e4rgiks on kaardistada visuaalselt Eestist p\u00e4rit ja hetkel maailma eri paikades elavate inimeste igap\u00e4evast keskkonda.<\/p>\n<p dir=\"ltr\"><strong>Kutsume projektis osalema inimesi, kes on Eestist p\u00e4rit, elavad praegu Eestist eemal ja on vanuses ca 20-40.\u00a0<\/strong><\/p>\n<p dir=\"ltr\">Loovuurimuses ja dokumentaalfilmis osalemiseks tuleb Sul filmida ja\/v\u00f5i pildistada teatud kohti ja tegevusi, mis on seotud Sinu praeguse kodumaaga.\u00a0Materjali kasutatakse \u201cNoored eestlased v\u00e4lismaal\u201d projekti teaduslikel eesm\u00e4rkidel, valikuliselt aga ka valmivas dokumentaalfilmis \u201cP\u00f5lvkond piiri taga\u201d, mis linastub ERR-i Eesti lugude sarjas. N\u00f5usoleku korral talletatakse Sinu materjal\u00a0Eesti Rahva Muuseumi kogudes.<\/p>\n<p dir=\"ltr\"><strong>Vaata j\u00e4rgnevat l\u00fchikest videoklippi, et kuulda k\u00f5igest l\u00e4hemalt:\u00a0<\/strong><\/p>\n<p dir=\"ltr\" style=\"text-align: center;\"><\/p><div class=\"ratio ratio-16x9 mb-3\"><div class=\"video-placeholder-wrapper video-placeholder-wrapper--16x9\">\n\t\t\t    <div class=\"video-placeholder d-flex justify-content-center align-items-center\">\n\t\t\t        <div class=\"overlay text-white p-2 w-100 text-center d-block justify-content-center align-items-center\">\n\t\t\t            <div>Kolmandate osapoolte sisu n\u00e4gemiseks palun n\u00f5ustu k\u00fcpsistega.<\/div>\n\t\t\t            <button class=\"btn btn-secondary btn-sm mt-1 consent-change\">Muuda n\u00f5usolekut<\/button>\n\t\t\t        <\/div>\n\t\t\t    <\/div>\n\t\t\t<\/div>\n<\/div>\n<p dir=\"ltr\"><strong>Loovuurimuses osaledes:<\/strong><\/p>\n<ul>\n<li dir=\"ltr\" role=\"presentation\">Sul on v\u00f5imalus osaleda dokumentaalfilmi kaasloomises<\/li>\n<li dir=\"ltr\" role=\"presentation\">V\u00f5id ise otsustada, kui palju aega projekti panustad \u2013 kas 15 minutit, pool p\u00e4eva v\u00f5i rohkemgi.<\/li>\n<li dir=\"ltr\" role=\"presentation\">Kuigi me ei alahinda materjali tehnilist kvaliteeti, v\u00f5id filmida ja pildistada kasv\u00f5i oma nutitelefoniga. Eelnev filmimise kogemus pole oluline.<\/li>\n<li dir=\"ltr\" role=\"presentation\">Sinu isik v\u00f5ib j\u00e4\u00e4da t\u00e4iesti anon\u00fc\u00fcmseks, aga ei pea.<\/li>\n<li dir=\"ltr\" role=\"presentation\">Ootame osalema k\u00f5ikv\u00f5imalikest paikadest ja k\u00f5ikv\u00f5imalike eluviisidega Eestist p\u00e4rit inimesi vanuses 20-40. See projekt pole unistuste eludest ja edulugudest kaugel maal, vaid Sinu ja teiste noorte eestlaste p\u00e4ris eludest.<\/li>\n<li dir=\"ltr\" role=\"presentation\">N\u00f5usoleku ja v\u00f5imaluse korral teeme m\u00f5ne osalejaga ka videointervjuu.<\/li>\n<li dir=\"ltr\" role=\"presentation\">N\u00f5usoleku korral talletatakse Sinu materjal\u00a0Eesti Rahva Muuseumi kogudes.<\/li>\n<li dir=\"ltr\" role=\"presentation\"><strong>K\u00f5ikide osalejate vahel loosime v\u00e4lja viis 1-aastast Postimehe digitellimust!<\/strong><\/li>\n<\/ul>\n<p dir=\"ltr\"><strong>Registreerimiseks\u00a0kliki palun j\u00e4rgmisel aadressil: <a href=\"https:\/\/survey.ut.ee\/index.php\/528165?lang=et\" target=\"_blank\" rel=\"noopener\">https:\/\/survey.ut.ee\/index.php\/528165?lang=et<\/a><\/strong><\/p>\n<p dir=\"ltr\">Ait\u00e4h valmisoleku eest panustada uurimisprojekti \u201eNoored eestlased v\u00e4lismaal\u201c.\u00a0Ootame suure huviga teie foto- ja videosalvestusi ning soovime inspireerivat dokumenteerimist!<\/p>\n<p dir=\"ltr\">K\u00fcsimuste korral kirjuta: noorteuuring@ut.ee<\/p>\n","protected":false},"excerpt":{"rendered":"<p>Loovuurimuse raames andmete kogumine on t\u00e4naseks l\u00f5ppenud. Ait\u00e4h k\u00f5igile osalejatele!\u00a0 Osale dokumentaalfilmi kaasloomises \u2013 saada meile oma foto- ja filmimaterjali oma praegusest kodukohast v\u00e4lismaal!\u00a0 Meil on hea meel, et k\u00fcsitlus \u201eNoored eestlased v\u00e4lismaal\u201c p\u00e4lvis vastajate seas v\u00e4ga entusiastlikku ja toetavat &#8230;<\/p>\n","protected":false},"author":158,"featured_media":0,"parent":0,"menu_order":0,"comment_status":"closed","ping_status":"closed","template":"","meta":{"_acf_changed":false,"inline_featured_image":false,"footnotes":""},"class_list":["post-7","page","type-page","status-publish","hentry"],"acf":[],"_links":{"self":[{"href":"https:\/\/sisu.ut.ee\/eva\/wp-json\/wp\/v2\/pages\/7","targetHints":{"allow":["GET"]}}],"collection":[{"href":"https:\/\/sisu.ut.ee\/eva\/wp-json\/wp\/v2\/pages"}],"about":[{"href":"https:\/\/sisu.ut.ee\/eva\/wp-json\/wp\/v2\/types\/page"}],"author":[{"embeddable":true,"href":"https:\/\/sisu.ut.ee\/eva\/wp-json\/wp\/v2\/users\/158"}],"replies":[{"embeddable":true,"href":"https:\/\/sisu.ut.ee\/eva\/wp-json\/wp\/v2\/comments?post=7"}],"version-history":[{"count":7,"href":"https:\/\/sisu.ut.ee\/eva\/wp-json\/wp\/v2\/pages\/7\/revisions"}],"predecessor-version":[{"id":253,"href":"https:\/\/sisu.ut.ee\/eva\/wp-json\/wp\/v2\/pages\/7\/revisions\/253"}],"wp:attachment":[{"href":"https:\/\/sisu.ut.ee\/eva\/wp-json\/wp\/v2\/media?parent=7"}],"curies":[{"name":"wp","href":"https:\/\/api.w.org\/{rel}","templated":true}]}}