{"id":3,"date":"2024-04-04T06:14:08","date_gmt":"2024-04-04T03:14:08","guid":{"rendered":"https:\/\/sisu.ut.ee\/eva\/uus-polvkond-piiri-taga\/"},"modified":"2024-08-17T22:52:51","modified_gmt":"2024-08-17T19:52:51","slug":"uus-polvkond-piiri-taga","status":"publish","type":"page","link":"https:\/\/sisu.ut.ee\/eva\/uus-polvkond-piiri-taga\/","title":{"rendered":"Dokumentaalfilm &#8220;P\u00f5lvkond piiri taga&#8221;"},"content":{"rendered":"<p style=\"margin: 6pt0cm0.0001pt21.3pt;\"><span lang=\"ET\">\u201e<\/span>P\u00f5lvkond piiri taga<span lang=\"ET\">\u201c<\/span> on projekti \u201cNoored eestlased v\u00e4lismaal\u201d raames valminud Terje Toomistu dokumentaalfilm neist noortest, kes on erinevatel p\u00f5hjustel Eestist \u00e4ra l\u00e4inud.<\/p>\n<p style=\"margin: 6pt0cm0.0001pt21.3pt;\">Filmi keskmes on p\u00f5lvkond, kes astus ellu p\u00e4rast Eesti liitumist Euroopa Liiduga ning otsustas minna v\u00e4lismaale t\u00f6\u00f6le, \u00f5ppima v\u00f5i maailma avastama. Ent aastaid hiljem pole p\u00f6\u00f6rdumine tagasi Eestisse sageli sama lihtne. Tihti terendavad uues elukohas atraktiivsed karj\u00e4\u00e4riperspektiivid ja paremad elutingimused ning tekkinud on olulised l\u00e4hedased suhted. Inimesed armuvad ja abielluvad, leiavad uusi mugavustsoone ning viise, kuidas neist j\u00e4lle v\u00e4lja astuda.<\/p>\n<p style=\"text-align: center;\"><\/p><div class=\"ratio ratio-16x9 mb-3\"><div class=\"video-placeholder-wrapper video-placeholder-wrapper--16x9\">\n\t\t\t    <div class=\"video-placeholder d-flex justify-content-center align-items-center\">\n\t\t\t        <div class=\"overlay text-white p-2 w-100 text-center d-block justify-content-center align-items-center\">\n\t\t\t            <div>Kolmandate osapoolte sisu n\u00e4gemiseks palun n\u00f5ustu k\u00fcpsistega.<\/div>\n\t\t\t            <button class=\"btn btn-secondary btn-sm mt-1 consent-change\">Muuda n\u00f5usolekut<\/button>\n\t\t\t        <\/div>\n\t\t\t    <\/div>\n\t\t\t<\/div>\n<\/div>\n<p style=\"margin: 6pt0cm0.0001pt21.3pt;\">Filmiv\u00f5tted toimusid k\u00fcmnes riigis, filmis k\u00f5neleb 21 erinevates v\u00e4lisriikides elavat inimest.<\/p>\n<p style=\"margin: 6pt0cm0.0001pt21.3pt;\">Filmi re\u017eiss\u00f6\u00f6r, stsenarist ja produtsent on Terje Toomistu, operaator Aivo Rannik, II operaator Aleksandr Heifets, montaa\u017eire\u017eiss\u00f6\u00f6r Madli L\u00e4\u00e4ne, helilooja trent hawkins (Karl Potisepp)<span lang=\"ET\">, helire\u017eiss\u00f6\u00f6r Indrek Soe, v\u00e4rvim\u00e4\u00e4raja Mart Raun, graafiline disainer Margus Tamm, p<\/span>ildi j\u00e4reltootmine LuxFilm. Filmi tootja on Cece Film.<\/p>\n<p style=\"margin: 6pt0cm0.0001pt21.3pt;\"><span lang=\"ET\">Filmi valmimist toetasid Postimehe Fond (<\/span>Terje Toomistu Noor-Eesti grant<span lang=\"ET\">), <\/span><span lang=\"ET\">Eesti Filmi Instituut (<\/span>Filipp Kruusval<span lang=\"ET\">l)<\/span><span lang=\"ET\">, Eesti Kultuurkapital ja Eesti Rahvusringh\u00e4\u00e4ling (<\/span>Viola Salu<span lang=\"ET\">)<\/span><span lang=\"ET\">. Film on valminud koost\u00f6\u00f6s Tartu \u00dclikooli etnoloogia osakonnaga.\u00a0<\/span><\/p>\n<p style=\"margin: 6pt0cm0.0001pt21.3pt;\"><span lang=\"ET\">Film j\u00f5udis ETV2 eetrisse sarjas Eesti Lood 8. veebruaril 2022. Erilinastused koos filmij\u00e4rgse vestlusega toimusid <\/span><a title=\"\" href=\"https:\/\/kinosoprus.ee\/et\/film\/linastus-ja-kohtumine-tegijatega-polvkond-piiri-taga\" target=\"_blank\" rel=\"noopener\" data-url=\"https:\/\/kinosoprus.ee\/et\/film\/linastus-ja-kohtumine-tegijatega-polvkond-piiri-taga\">29. jaanuaril kinos S\u00f5prus<\/a><span lang=\"ET\"> ja <\/span><a title=\"\" href=\"https:\/\/elektriteater.ee\/filmid\/polvkond-piiri-taga\/\" target=\"_blank\" rel=\"noopener\" data-url=\"https:\/\/elektriteater.ee\/filmid\/polvkond-piiri-taga\/\">31. jaanuaril kinos Elektriteater.\u00a0<\/a><\/p>\n<div><span lang=\"ET\"><span lang=\"ET\">Film linastus koos aruteludega ka \u00fcheksa Eesti v\u00e4liskogukonna juures, <\/span><\/span><span style=\"text-align: var(--bs-body-text-align);\">Eesti Filmi Instituut ja Integratsiooni Sihtasutus eraldasid lisarahastuse filmi laiendatud versiooni v\u00e4lja t\u00f6\u00f6tamiseks minisarja n\u00e4ol, mis valmib aastal 2025. <\/span><\/div>\n<div><span style=\"text-align: var(--bs-body-text-align);\">\u00a0\u00a0<\/span><\/div>\n<p style=\"margin: 6pt0cm0.0001pt21.3pt;\"><img loading=\"lazy\" decoding=\"async\" width=\"1460\" height=\"2048\" class=\"alignnone wp-image-24\" title=\"polvkond_piiri_taga_plakat_final_a4_web.jpg\" src=\"https:\/\/sisu.ut.ee\/wp-content\/uploads\/sites\/436\/polvkond_piiri_taga_plakat_final_a4_web.jpg\" alt=\"Filmi poster\" srcset=\"https:\/\/sisu.ut.ee\/wp-content\/uploads\/sites\/436\/polvkond_piiri_taga_plakat_final_a4_web.jpg 1460w, https:\/\/sisu.ut.ee\/wp-content\/uploads\/sites\/436\/polvkond_piiri_taga_plakat_final_a4_web-214x300.jpg 214w, https:\/\/sisu.ut.ee\/wp-content\/uploads\/sites\/436\/polvkond_piiri_taga_plakat_final_a4_web-730x1024.jpg 730w, https:\/\/sisu.ut.ee\/wp-content\/uploads\/sites\/436\/polvkond_piiri_taga_plakat_final_a4_web-768x1077.jpg 768w, https:\/\/sisu.ut.ee\/wp-content\/uploads\/sites\/436\/polvkond_piiri_taga_plakat_final_a4_web-1095x1536.jpg 1095w\" sizes=\"auto, (max-width: 1460px) 100vw, 1460px\"><\/p>\n<p style=\"margin: 6pt0cm0.0001pt21.3pt;\"><span style=\"font-size: 16px;\"><strong>Film on j\u00e4relvaadatav ERR-i veebikanalilt Jupiter\u00a0<a title=\"\" href=\"https:\/\/jupiter.err.ee\/1608481514\/eesti-lood\" target=\"_blank\" rel=\"noopener\" data-url=\"https:\/\/jupiter.err.ee\/1608481514\/eesti-lood\">siit.<\/a><\/strong><\/span><\/p>\n<p><span style=\"font-size: 15px;\"><strong>Filmi kajastused meedias:<\/strong><\/span><\/p>\n<p><strong>21. jaanuar 2022<\/strong><br>\nJ\u00e4rva Teatajas kajastati \u201cP\u00f5lvkond piiri taga\u201d dokumentaalfilmi linastumist. Loe rohkem <a title=\"\" href=\"https:\/\/jarvateataja.postimees.ee\/7434698\/paidest-parit-filmilooja-sai-valmis-uue-linateosega\" target=\"_blank\" rel=\"noopener\" data-url=\"https:\/\/jarvateataja.postimees.ee\/7434698\/paidest-parit-filmilooja-sai-valmis-uue-linateosega\">siit.<\/a><\/p>\n<p><strong>22. jaanuar 2022<\/strong><br>\nTerje Toomistu andis intervjuu Kuku raadios Neeme Rauale saates \u201cSiin\u201d. Kuula saade j\u00e4rgi <a title=\"\" href=\"https:\/\/kuku.pleier.ee\/podcast\/neeme-raud-siin\/118607\" target=\"_blank\" rel=\"noopener\" data-url=\"https:\/\/kuku.pleier.ee\/podcast\/neeme-raud-siin\/118607\">siit.<\/a><\/p>\n<p><strong>23. jaanuar 2022<\/strong><br>\nTerje Toomistu andis pikema intervjuu Raadio2-s saates \u201cReispass\u201d. Kuula saade j\u00e4rgi <a title=\"\" href=\"https:\/\/r2.err.ee\/1608460481\/reispass-polvkond-piiri-taga?fbclid=IwAR0YYP_rZ6WdfBnFw1CU0DZl91bhcNbjQDvut-dYOepT8iWXfkAP3KXYjpk\" target=\"_blank\" rel=\"noopener\" data-url=\"https:\/\/r2.err.ee\/1608460481\/reispass-polvkond-piiri-taga?fbclid=IwAR0YYP_rZ6WdfBnFw1CU0DZl91bhcNbjQDvut-dYOepT8iWXfkAP3KXYjpk\">siit.<\/a><\/p>\n<p><strong>24. jaanuar 2022<\/strong><\/p>\n<p>Kinoveeb teatab filmi\u00a0esilinastust:\u00a0<a title=\"\" href=\"https:\/\/kinoveeb.delfi.ee\/artikkel\/120000642\/vaata-treilerit-polvkond-piiri-taga-uurib-miks-pole-lihtne-eestisse-tagasi-poorduda\" target=\"_blank\" rel=\"noopener\" data-url=\"https:\/\/kinoveeb.delfi.ee\/artikkel\/120000642\/vaata-treilerit-polvkond-piiri-taga-uurib-miks-pole-lihtne-eestisse-tagasi-poorduda\">\u201cP\u00f5lvkond piiri taga\u201d uurib, miks pole lihtne Eestisse tagasi p\u00f6\u00f6rduda.\u00a0<\/a><\/p>\n<p><strong>25. jaanuar 2022<\/strong><\/p>\n<p>Ajaleht Postimees kajastab filmi v\u00e4ljatulekut \u201cEsilinastub Terje Toomistu dokumentaalfilm eestlastest v\u00e4lismaal\u201d. Loe uudist\u00a0<a title=\"\" href=\"https:\/\/kultuur.postimees.ee\/7437941\/esilinastub-terje-toomistu-dokumentaalfilm-eestlastest-valismaal\" target=\"_blank\" rel=\"noopener\" data-url=\"https:\/\/kultuur.postimees.ee\/7437941\/esilinastub-terje-toomistu-dokumentaalfilm-eestlastest-valismaal\">siit.\u00a0<\/a><\/p>\n<p><strong>26. jaanuar 2022<\/strong><br>\nRe\u017eiss\u00f6\u00f6r Terje Toomistu ja filmis osalenud Maur Mere k\u00fclastasid saadet \u201cRingvaade\u201d, kus avasid nii filmi tegemise tagamaid kui ka isiklike v\u00e4lismaal elamise kogemusi ja dilemmasid. Vaata intervjuu j\u00e4rgi ja loe rohkem <a title=\"\" href=\"https:\/\/menu.err.ee\/1608479273\/terje-toomistu-pean-privileegiks-elada-kohas-kus-saan-raakida-emakeeles\" target=\"_blank\" rel=\"noopener\" data-url=\"https:\/\/menu.err.ee\/1608479273\/terje-toomistu-pean-privileegiks-elada-kohas-kus-saan-raakida-emakeeles\">siit.<\/a><\/p>\n<p><strong>27. jaanuar 2022<\/strong><br>\nFilmi reziss\u00f6\u00f6r Terje Toomistu andis intervjuu Klassikaraadio saates \u201cDelta\u201d. Kuula saade j\u00e4rgi <a title=\"\" href=\"https:\/\/klassikaraadio.err.ee\/1608465833\/delta-27-jaanuaril-andres-mustonen-ja-mustonenfest-terje-toomistu-film\/e4f4d6df827ddfc34b1f9014425e1468?fbclid=IwAR1Q2-0QDVlyrL9tilBIaQnb-aKnnmotTrfUCxlkgBRD3wGjUbzScb4ndyo\" target=\"_blank\" rel=\"noopener\" data-url=\"https:\/\/klassikaraadio.err.ee\/1608465833\/delta-27-jaanuaril-andres-mustonen-ja-mustonenfest-terje-toomistu-film\/e4f4d6df827ddfc34b1f9014425e1468?fbclid=IwAR1Q2-0QDVlyrL9tilBIaQnb-aKnnmotTrfUCxlkgBRD3wGjUbzScb4ndyo\">siit.<\/a><\/p>\n<p><strong>27. jaanuar 2022<\/strong><br>\nIntervjuu Terje Toomistuga saates \u201cPulss\u201d Raadio2-s. Kuula saade j\u00e4rgi <a title=\"\" href=\"https:\/\/r2.err.ee\/1608465782\/r2-pulss-taavi-libe\/a6af36e5fa3a77f5e618374fbe378f82\" target=\"_blank\" rel=\"noopener\" data-url=\"https:\/\/r2.err.ee\/1608465782\/r2-pulss-taavi-libe\/a6af36e5fa3a77f5e618374fbe378f82\">siit.<\/a><\/p>\n<p><strong>28. jaanuar 2022<\/strong><br>\nAjakirjanik Romi Hasa avab saates OP! ja ERR-i kultuuritoimetusele, milliseid m\u00f5tteid \u201cP\u00f5lvkond piiri taga\u201d temas tekitas. Loe\u00a0rohkem ja vaate saadet\u00a0<a title=\"\" href=\"https:\/\/kultuur.err.ee\/1608480872\/romi-hasa-siimetsa-ja-toomistu-dokfilmid-tasakaalustavad-uksteis\" target=\"_blank\" rel=\"noopener\" data-url=\"https:\/\/kultuur.err.ee\/1608480872\/romi-hasa-siimetsa-ja-toomistu-dokfilmid-tasakaalustavad-uksteis\">siit.<\/a><\/p>\n<p><strong>31. jaanuar 2022<\/strong><br>\nFilmi re\u017eiss\u00f6\u00f6r Terje Toomistu r\u00e4\u00e4gib uue dokumentaalfilmi \u201cP\u00f5lvkond piiri taga\u201d linastusest Elektriteatris raadios RingFM. Kuula saade j\u00e4rgi <a title=\"\" href=\"https:\/\/ringfm.treraadio.ee\/kordus\/7014\/hommikuintervjuu-terje-toomistu-polvkond-piiri-taga\" target=\"_blank\" rel=\"noopener\" data-url=\"https:\/\/ringfm.treraadio.ee\/kordus\/7014\/hommikuintervjuu-terje-toomistu-polvkond-piiri-taga\">siit<\/a>\u00a0ja vaata\u00a0j\u00e4rgi\u00a0<a title=\"\" href=\"https:\/\/fb.watch\/aTt-9herOr\/\" target=\"_blank\" rel=\"noopener\" data-url=\"https:\/\/fb.watch\/aTt-9herOr\/\">siit.<\/a><\/p>\n<p><strong>31. jaanuar 2022<\/strong><br>\nFilm \u201cP\u00f5lvkond piiri taga\u201d esilinastus Tartu Elektriteatris. Leia \u00fcrituse fotogalerii\u00a0<a title=\"\" href=\"https:\/\/elektriteater.ee\/galerii\/polvkond-piiri-taga-kulas-terje-toomistu-maarja-saluste-ja-david-beecher\/%C2%A0\" target=\"_blank\" rel=\"noopener\" data-url=\"https:\/\/elektriteater.ee\/galerii\/polvkond-piiri-taga-kulas-terje-toomistu-maarja-saluste-ja-david-beecher\/\u00a0\">siit.<\/a><\/p>\n<p><strong>2. veebruar 2022<\/strong><br>\nTerje Toomistu t\u00f6\u00f6 dokumentaalfilmide tegijana sai kajastust M\u00fc\u00fcrilehes \u201cP\u00f5lvkond piiri taga\u201d avaldamise valguses. Loe rohkem\u00a0<a title=\"\" href=\"https:\/\/m.facebook.com\/story.php?story_fbid=4784807131567738&amp;id=141893905859107\" target=\"_blank\" rel=\"noopener\" data-url=\"https:\/\/m.facebook.com\/story.php?story_fbid=4784807131567738&amp;id=141893905859107\">siit.<\/a><\/p>\n<p><strong>2. veebruar 2022<\/strong><\/p>\n<p>Terje Toomistu avab seoses filmi \u201cP\u00f5lvkond piiri taga\u201d v\u00e4ljatulekuga oma m\u00f5tteid Eesti Ekspressis. Vaata lugu\u00a0<a title=\"\" href=\"https:\/\/ekspress.delfi.ee\/artikkel\/95751479\/terje-toomistu-unustage-dieedid-ja-enesepiitsutamine-anduge-joogale?fbclid=IwAR13k5LuGKVsa2x_vAwzCzmb9e1kpHI-RjeTaBjBIbn-CvPuQKlCkqjWPjc\" target=\"_blank\" rel=\"noopener\" data-url=\"https:\/\/ekspress.delfi.ee\/artikkel\/95751479\/terje-toomistu-unustage-dieedid-ja-enesepiitsutamine-anduge-joogale?fbclid=IwAR13k5LuGKVsa2x_vAwzCzmb9e1kpHI-RjeTaBjBIbn-CvPuQKlCkqjWPjc\">siit.\u00a0<\/a><\/p>\n<p><strong>8. veebruar 2022<\/strong><br>\nJ\u00e4rva Teatajas avaldati teade \u201cP\u00f5lvkond piiri taga\u201d Paide filmilinastuse kohta. Loe rohkem\u00a0<a title=\"\" href=\"https:\/\/jarvateataja.postimees.ee\/7447959\/paides-tuleb-ponev-filmiohtu%C2%A0\" target=\"_blank\" rel=\"noopener\" data-url=\"https:\/\/jarvateataja.postimees.ee\/7447959\/paides-tuleb-ponev-filmiohtu\u00a0\">siit.<\/a><\/p>\n<p><strong>11. veebruar 2022<\/strong><br>\nAjalehes Sirp avaldati Marian V\u00f5sumetsa arvustus filmile. Loe rohkem <a title=\"\" href=\"https:\/\/sirp.ee\/s1-artiklid\/film\/lubage-rahus-ara-minna\/%C2%A0\" target=\"_blank\" rel=\"noopener\" data-url=\"https:\/\/sirp.ee\/s1-artiklid\/film\/lubage-rahus-ara-minna\/\u00a0\">siit.<\/a><\/p>\n<p><strong>11. veebruar 2022<\/strong><br>\nTerje Toomistu andis pika intervuu ERR-i kultuuritoimetusele filmi tegemise tagamaade kohta. Loe rohkem <a title=\"\" href=\"https:\/\/kultuur.err.ee\/1608496904\/terje-toomistu-iga-valismaale-kolinud-inimesega-saaks-poneva-intervjuu\" target=\"_blank\" rel=\"noopener\" data-url=\"https:\/\/kultuur.err.ee\/1608496904\/terje-toomistu-iga-valismaale-kolinud-inimesega-saaks-poneva-intervjuu\">siit.<\/a><\/p>\n<p><strong>13. veebruar 2022 <\/strong><\/p>\n<p>Terje Toomistu avab dokumentaalfilmi tagamaid Vikerraadio \u201cHajala ringvaates\u201d. Kuula saade j\u00e4rgi <a title=\"\" href=\"https:\/\/vikerraadio.err.ee\/1608483434\/hajala-ringvaade-terje-toomistu-dokumentaalfilm-polvkond-piiri-taga\" target=\"_blank\" rel=\"noopener\" data-url=\"https:\/\/vikerraadio.err.ee\/1608483434\/hajala-ringvaade-terje-toomistu-dokumentaalfilm-polvkond-piiri-taga\">siit.<\/a><\/p>\n<p><strong>15. veebruar 2022<\/strong><\/p>\n<p>Terje Toomistu tervitus GlobalEstonian veebruarikuu inforkirjas. Loe l\u00fchiartiklit\u00a0<a title=\"\" href=\"https:\/\/globalestonian.com\/et\/article\/terje-toomistu-%E2%80%9Ep%C3%B5lvkond-piiri-taga%E2%80%9C\" target=\"_blank\" rel=\"noopener\" data-url=\"https:\/\/globalestonian.com\/et\/article\/terje-toomistu-\u201ep\u00f5lvkond-piiri-taga\u201c\">siit.\u00a0<\/a><\/p>\n<p><strong>17. veebruar 2022<\/strong><br>\nTerje Toomistu annab intervjuule Tre raadiole dokumentaalfilmi Paide linastuse puhul. Kuula saade j\u00e4rgi\u00a0<a title=\"\" href=\"https:\/\/keskeesti.treraadio.ee\/uudised\/13453\/kuula-intervjuud-paidest-parit-terje-toomistul-valmis-dokumentaalfilm-piiri-taga-elavatest-eestlastest%C2%A0\" target=\"_blank\" rel=\"noopener\" data-url=\"https:\/\/keskeesti.treraadio.ee\/uudised\/13453\/kuula-intervjuud-paidest-parit-terje-toomistul-valmis-dokumentaalfilm-piiri-taga-elavatest-eestlastest\u00a0\">siit.<\/a><\/p>\n","protected":false},"excerpt":{"rendered":"<p>\u201eP\u00f5lvkond piiri taga\u201c on projekti \u201cNoored eestlased v\u00e4lismaal\u201d raames valminud Terje Toomistu dokumentaalfilm neist noortest, kes on erinevatel p\u00f5hjustel Eestist \u00e4ra l\u00e4inud. Filmi keskmes on p\u00f5lvkond, kes astus ellu p\u00e4rast Eesti liitumist Euroopa Liiduga ning otsustas minna v\u00e4lismaale t\u00f6\u00f6le, \u00f5ppima &#8230;<\/p>\n","protected":false},"author":158,"featured_media":0,"parent":0,"menu_order":0,"comment_status":"closed","ping_status":"closed","template":"","meta":{"_acf_changed":false,"inline_featured_image":false,"footnotes":""},"class_list":["post-3","page","type-page","status-publish","hentry"],"acf":[],"_links":{"self":[{"href":"https:\/\/sisu.ut.ee\/eva\/wp-json\/wp\/v2\/pages\/3","targetHints":{"allow":["GET"]}}],"collection":[{"href":"https:\/\/sisu.ut.ee\/eva\/wp-json\/wp\/v2\/pages"}],"about":[{"href":"https:\/\/sisu.ut.ee\/eva\/wp-json\/wp\/v2\/types\/page"}],"author":[{"embeddable":true,"href":"https:\/\/sisu.ut.ee\/eva\/wp-json\/wp\/v2\/users\/158"}],"replies":[{"embeddable":true,"href":"https:\/\/sisu.ut.ee\/eva\/wp-json\/wp\/v2\/comments?post=3"}],"version-history":[{"count":4,"href":"https:\/\/sisu.ut.ee\/eva\/wp-json\/wp\/v2\/pages\/3\/revisions"}],"predecessor-version":[{"id":246,"href":"https:\/\/sisu.ut.ee\/eva\/wp-json\/wp\/v2\/pages\/3\/revisions\/246"}],"wp:attachment":[{"href":"https:\/\/sisu.ut.ee\/eva\/wp-json\/wp\/v2\/media?parent=3"}],"curies":[{"name":"wp","href":"https:\/\/api.w.org\/{rel}","templated":true}]}}