{"id":15,"date":"2024-04-04T06:14:09","date_gmt":"2024-04-04T03:14:09","guid":{"rendered":"https:\/\/sisu.ut.ee\/eva\/kontakt\/"},"modified":"2024-05-06T12:57:51","modified_gmt":"2024-05-06T09:57:51","slug":"kontakt","status":"publish","type":"page","link":"https:\/\/sisu.ut.ee\/eva\/kontakt\/","title":{"rendered":"Kontakt"},"content":{"rendered":"<p style=\"margin-top: 6.0pt;\"><img loading=\"lazy\" decoding=\"async\" width=\"600\" height=\"337\" class=\"alignnone wp-image-65 aligncenter\" style=\"width: 500px; height: 281px;\" title=\"travel1.jpg\" src=\"https:\/\/sisu.ut.ee\/wp-content\/uploads\/sites\/436\/travel1.jpg\" alt=\"travel1.jpg\" srcset=\"https:\/\/sisu.ut.ee\/wp-content\/uploads\/sites\/436\/travel1.jpg 600w, https:\/\/sisu.ut.ee\/wp-content\/uploads\/sites\/436\/travel1-300x169.jpg 300w\" sizes=\"auto, (max-width: 600px) 100vw, 600px\"><\/p>\n<p style=\"margin-top: 6.0pt;\"><span style=\"color: black;\">Projektiga seotud \u00fcldistes k\u00fcsimustes kontakteeruge palun projekti p\u00f5hit\u00e4itja Terje Toomistuga (<\/span><a title=\"\" href=\"\/\/terje.toomistu@ut.ee\" target=\"_blank\" rel=\"noopener\" data-url=\"\/eva\/mailto:\/\/terje.toomistu@ut.ee\">terje.toomistu@ut.ee<\/a>).<\/p>\n<p style=\"margin-top: 6.0pt;\"><span style=\"color: black;\">Veebik\u00fcsitlusega seonduvate k\u00fcsimustega kontakteeruge palun Rein Murakaga (<\/span><a href=\"mailto:rein.murakas@ut.ee\">rein.murakas@ut.ee<\/a>, tel. +372 51 25 925).<\/p>\n","protected":false},"excerpt":{"rendered":"<p>Projektiga seotud \u00fcldistes k\u00fcsimustes kontakteeruge palun projekti p\u00f5hit\u00e4itja Terje Toomistuga (terje.toomistu@ut.ee). Veebik\u00fcsitlusega seonduvate k\u00fcsimustega kontakteeruge palun Rein Murakaga (rein.murakas@ut.ee, tel. +372 51 25 925).<\/p>\n","protected":false},"author":158,"featured_media":0,"parent":0,"menu_order":0,"comment_status":"closed","ping_status":"closed","template":"","meta":{"_acf_changed":false,"inline_featured_image":false,"footnotes":""},"class_list":["post-15","page","type-page","status-publish","hentry"],"acf":[],"_links":{"self":[{"href":"https:\/\/sisu.ut.ee\/eva\/wp-json\/wp\/v2\/pages\/15","targetHints":{"allow":["GET"]}}],"collection":[{"href":"https:\/\/sisu.ut.ee\/eva\/wp-json\/wp\/v2\/pages"}],"about":[{"href":"https:\/\/sisu.ut.ee\/eva\/wp-json\/wp\/v2\/types\/page"}],"author":[{"embeddable":true,"href":"https:\/\/sisu.ut.ee\/eva\/wp-json\/wp\/v2\/users\/158"}],"replies":[{"embeddable":true,"href":"https:\/\/sisu.ut.ee\/eva\/wp-json\/wp\/v2\/comments?post=15"}],"version-history":[{"count":3,"href":"https:\/\/sisu.ut.ee\/eva\/wp-json\/wp\/v2\/pages\/15\/revisions"}],"predecessor-version":[{"id":152,"href":"https:\/\/sisu.ut.ee\/eva\/wp-json\/wp\/v2\/pages\/15\/revisions\/152"}],"wp:attachment":[{"href":"https:\/\/sisu.ut.ee\/eva\/wp-json\/wp\/v2\/media?parent=15"}],"curies":[{"name":"wp","href":"https:\/\/api.w.org\/{rel}","templated":true}]}}