{"id":14,"date":"2024-04-04T06:14:09","date_gmt":"2024-04-04T03:14:09","guid":{"rendered":"https:\/\/sisu.ut.ee\/eva\/teemaga-seotud-materjalid\/"},"modified":"2024-05-06T12:58:25","modified_gmt":"2024-05-06T09:58:25","slug":"teemaga-seotud-materjalid","status":"publish","type":"page","link":"https:\/\/sisu.ut.ee\/eva\/teemaga-seotud-materjalid\/","title":{"rendered":"Teemaga seotud materjalid"},"content":{"rendered":"<p><img loading=\"lazy\" decoding=\"async\" width=\"512\" height=\"318\" class=\"alignnone wp-image-62 aligncenter\" style=\"width: 488px; height: 303px;\" title=\"raamat_bw_01.jpg\" src=\"https:\/\/sisu.ut.ee\/wp-content\/uploads\/sites\/436\/raamat_bw_01.jpg\" alt=\"Book\" srcset=\"https:\/\/sisu.ut.ee\/wp-content\/uploads\/sites\/436\/raamat_bw_01.jpg 512w, https:\/\/sisu.ut.ee\/wp-content\/uploads\/sites\/436\/raamat_bw_01-300x186.jpg 300w\" sizes=\"auto, (max-width: 512px) 100vw, 512px\"><\/p>\n<p><strong>Sellel lehek\u00fcljel on v\u00e4lja toodud lingid projekti teemadega seotud veebimaterjalidele.<\/strong><\/p>\n<p><a title=\"\" href=\"https:\/\/www.2017.inimareng.ee\/\" target=\"_blank\" rel=\"noopener\" data-url=\"https:\/\/www.2017.inimareng.ee\/\">Eesti inimarengu aruanne \u201cEesti r\u00e4ndeajastul\u201d<\/a><br>\nEesti Koost\u00f6\u00f6 Kogu SA, peatoimetaja Tiit Tammaru 2016\/2017<\/p>\n<p><a title=\"\" href=\"https:\/\/www.digar.ee\/arhiiv\/et\/raamatud\/12043\" target=\"_blank\" rel=\"noopener\" data-url=\"https:\/\/www.digar.ee\/arhiiv\/et\/raamatud\/12043\">\u201cTeadlaste mobiilsus Eestis\u00a0ja seda m\u00f5jutavad tegurid\u201d\u00a0<\/a><br>\nRein Murakas, Indrek Soidla, Kairi Kasearu, Irja Toots, Andu R\u00e4mmer, Anu Lepik, Signe Reinum\u00e4gi, Eve Telpt, Hella Suvi<br>\nArchimedes SA\u00a02007<\/p>\n<p><a title=\"\" href=\"http:\/\/www.praxis.ee\/wp-content\/uploads\/2018\/02\/rita_ranne.pdf\" target=\"_blank\" rel=\"noopener\" data-url=\"http:\/\/www.praxis.ee\/wp-content\/uploads\/2018\/02\/rita_ranne.pdf\">\u201cR\u00e4ndetrendid maailmas, Euroopas ja Eestis\u201d<\/a><br>\nKristi Anniste<br>\nPoliitikauuringute Keskus Praxis 2018<\/p>\n<p><a title=\"\" href=\"https:\/\/www.riigikogu.ee\/wpcms\/wp-content\/uploads\/2018\/03\/Rahvastikupoliitika-pohialused-2035-PDF-680-kB.pdf\" target=\"_blank\" rel=\"noopener\" data-url=\"https:\/\/www.riigikogu.ee\/wpcms\/wp-content\/uploads\/2018\/03\/Rahvastikupoliitika-pohialused-2035-PDF-680-kB.pdf\">Strateegiadokument \u201cEesti rahvastikupoliitika p\u00f5hialused aastateks 2018\u20132035\u201d<\/a><br>\nXIII Riigikogu\u00a0rahvastikukriisi lahendamise probleemkomisjoni poolt ellu kutsutud rahvastikupoliitka t\u00f6\u00f6r\u00fchm 2018<\/p>\n","protected":false},"excerpt":{"rendered":"<p>Sellel lehek\u00fcljel on v\u00e4lja toodud lingid projekti teemadega seotud veebimaterjalidele. Eesti inimarengu aruanne \u201cEesti r\u00e4ndeajastul\u201d Eesti Koost\u00f6\u00f6 Kogu SA, peatoimetaja Tiit Tammaru 2016\/2017 \u201cTeadlaste mobiilsus Eestis\u00a0ja seda m\u00f5jutavad tegurid\u201d\u00a0 Rein Murakas, Indrek Soidla, Kairi Kasearu, Irja Toots, Andu R\u00e4mmer, Anu &#8230;<\/p>\n","protected":false},"author":158,"featured_media":0,"parent":0,"menu_order":0,"comment_status":"closed","ping_status":"closed","template":"","meta":{"_acf_changed":false,"inline_featured_image":false,"footnotes":""},"class_list":["post-14","page","type-page","status-publish","hentry"],"acf":[],"_links":{"self":[{"href":"https:\/\/sisu.ut.ee\/eva\/wp-json\/wp\/v2\/pages\/14","targetHints":{"allow":["GET"]}}],"collection":[{"href":"https:\/\/sisu.ut.ee\/eva\/wp-json\/wp\/v2\/pages"}],"about":[{"href":"https:\/\/sisu.ut.ee\/eva\/wp-json\/wp\/v2\/types\/page"}],"author":[{"embeddable":true,"href":"https:\/\/sisu.ut.ee\/eva\/wp-json\/wp\/v2\/users\/158"}],"replies":[{"embeddable":true,"href":"https:\/\/sisu.ut.ee\/eva\/wp-json\/wp\/v2\/comments?post=14"}],"version-history":[{"count":2,"href":"https:\/\/sisu.ut.ee\/eva\/wp-json\/wp\/v2\/pages\/14\/revisions"}],"predecessor-version":[{"id":153,"href":"https:\/\/sisu.ut.ee\/eva\/wp-json\/wp\/v2\/pages\/14\/revisions\/153"}],"wp:attachment":[{"href":"https:\/\/sisu.ut.ee\/eva\/wp-json\/wp\/v2\/media?parent=14"}],"curies":[{"name":"wp","href":"https:\/\/api.w.org\/{rel}","templated":true}]}}