{"id":13,"date":"2024-04-04T06:14:09","date_gmt":"2024-04-04T03:14:09","guid":{"rendered":"https:\/\/sisu.ut.ee\/eva\/survey\/"},"modified":"2024-05-06T12:58:57","modified_gmt":"2024-05-06T09:58:57","slug":"survey","status":"publish","type":"page","link":"https:\/\/sisu.ut.ee\/eva\/survey\/","title":{"rendered":"Veebik\u00fcsitlus"},"content":{"rendered":"<p><img loading=\"lazy\" decoding=\"async\" width=\"170\" height=\"121\" class=\"alignnone wp-image-61 aligncenter\" style=\"width: 260px; height: 185px;\" title=\"kysitlus_bw.jpg\" src=\"https:\/\/sisu.ut.ee\/wp-content\/uploads\/sites\/436\/kysitlus_bw.jpg\" alt=\"Kysitlus\"><\/p>\n<p>K\u00e4esolev Tartu \u00dclikooli teadlaste poolt l\u00e4biviidav uurimisprojekt keskendub noorte eestlaste t\u00f6\u00f6- ja \u00f5ppekogemustele v\u00e4lismaal. Projekti raames viime l\u00e4bi k\u00fcsitluse viimasel ajal v\u00e4lismaal elanud v\u00f5i elavate Eestist p\u00e4rit inimeste seas.<\/p>\n<p>Oled oodatud sellele k\u00fcsitlusele vastama<\/p>\n<p>* kui Sa oled 20-35 aastane;<\/p>\n<p>* omandanud keskhariduse Eestis;<\/p>\n<p>* <strong>kas<\/strong> \u00f5ppinud <strong>viimase 10 aasta jooksul<\/strong> v\u00e4hemalt \u00fche (\u00f5ppe)aasta m\u00f5ne teise riigi k\u00f5rgkoolis\/koolides bakalaureuse-, magistri- v\u00f5i doktori\u00f5ppes<\/p>\n<p><strong>\u00a0 v\u00f5i<\/strong>\u00a0t\u00f6\u00f6tanud v\u00e4hemalt aasta v\u00e4lismaal<\/p>\n<p><strong>\u00a0 v\u00f5i<\/strong>\u00a0olnud v\u00e4hemalt aasta v\u00e4ljaspool Eestit elav asukohast s\u00f5ltumatu t\u00f6\u00f6taja (diginomaad)<\/p>\n<p><strong>v\u00f5i<\/strong> olnud minimaalselt\u00a0aasta v\u00e4lismaal seoses eelnevalt loetletud tegevustega, kusjuures pikim neist kestis v\u00e4hemalt\u00a0pool aastat v\u00f5i \u00fche semestri;<\/p>\n<p>* elad praegusel hetkel kas Eestis v\u00f5i v\u00e4lismaal.<\/p>\n<p><span style=\"color: #ff0000;\"><span style=\"font-size: 18px;\"><b>NB! K\u00fcsitlus on l\u00f5ppenud.<\/b><\/span><\/span><\/p>\n<p><strong>***<\/strong><\/p>\n<p>\u041f\u0435\u0440\u0435\u0434 \u0432\u0430\u043c\u0438 \u0432\u043e\u043f\u0440\u043e\u0441\u043d\u0438\u043a \u0438\u0441\u0441\u043b\u0435\u0434\u043e\u0432\u0430\u043d\u0438\u044f \u0422\u0430\u0440\u0442\u0443\u0441\u043a\u043e\u0433\u043e \u0443\u043d\u0438\u0432\u0435\u0440\u0441\u0438\u0442\u0435\u0442\u0430, \u0432 \u0445\u043e\u0434\u0435 \u043a\u043e\u0442\u043e\u0440\u043e\u0433\u043e \u0443\u0447\u0435\u043d\u044b\u0435 \u0438\u0437\u0443\u0447\u0430\u044e\u0442 \u043e\u043f\u044b\u0442 \u0440\u0430\u0431\u043e\u0442\u044b \u0438 \u0443\u0447\u0435\u0431\u044b \u0437\u0430 \u0433\u0440\u0430\u043d\u0438\u0446\u0435\u0439 \u043c\u043e\u043b\u043e\u0434\u044b\u0445\u00a0\u043c\u043e\u043b\u043e\u0434\u044b\u0445\u00a0\u044d\u0441\u0442\u043e\u043d\u0446\u0435\u0432\/\u0436\u0438\u0442\u0435\u043b\u0435\u0439 \u042d\u0441\u0442\u043e\u043d\u0438\u0438.\u00a0\u0412 \u0440\u0430\u043c\u043a\u0430\u0445 \u043f\u0440\u043e\u0435\u043a\u0442\u0430 \u043f\u0440\u043e\u0432\u043e\u0434\u0438\u0442\u0441\u044f \u043e\u043f\u0440\u043e\u0441 \u0441\u0440\u0435\u0434\u0438 \u0436\u0438\u0442\u0435\u043b\u0435\u0439 \u042d\u0441\u0442\u043e\u043d\u0438\u0438, \u043a\u043e\u0442\u043e\u0440\u044b\u0435 \u0432 \u043f\u043e\u0441\u043b\u0435\u0434\u043d\u0435\u0435 \u0432\u0440\u0435\u043c\u044f \u0436\u0438\u043b\u0438 \u0438\u043b\u0438 \u043f\u0440\u043e\u0434\u043e\u043b\u0436\u0430\u044e\u0442 \u0436\u0438\u0442\u044c \u0437\u0430 \u0440\u0443\u0431\u0435\u0436\u043e\u043c.<\/p>\n<p>\u041c\u044b \u043f\u0440\u043e\u0441\u0438\u043c \u0412\u0430\u043c \u043e\u0442\u0432\u0435\u0442\u0438\u0442\u044c \u043d\u0430 \u044d\u0442\u043e\u0442 \u0432\u043e\u043f\u0440\u043e\u0441\u043d\u0438\u043a, \u0435\u0441\u043b\u0438:<\/p>\n<p>* \u0412\u0430\u043c 20\u201335 \u043b\u0435\u0442;<\/p>\n<p>* \u0412\u044b \u043f\u043e\u043b\u0443\u0447\u0438\u043b\u0438 \u0441\u0440\u0435\u0434\u043d\u0435\u0435 \u043e\u0431\u0440\u0430\u0437\u043e\u0432\u0430\u043d\u0438\u0435 \u0432 \u042d\u0441\u0442\u043e\u043d\u0438\u0438;<\/p>\n<p>* \u0412\u044b \u0432 <strong>\u0442\u0435\u0447\u0435\u043d\u0438\u0435 \u043f\u043e\u0441\u043b\u0435\u0434\u043d\u0438\u0445 10 \u043b\u0435\u0442<\/strong><\/p>\n<p>\u0443\u0447\u0438\u043b\u0438\u0441\u044c \u043d\u0435 \u043c\u0435\u043d\u0435\u0435 \u043e\u0434\u043d\u043e\u0433\u043e (\u0443\u0447\u0435\u0431\u043d\u043e\u0433\u043e)\u00a0\u0433\u043e\u0434\u0430 \u0432 \u0437\u0430\u0440\u0443\u0431\u0435\u0436\u043d\u043e\u043c \u0432\u0443\u0437\u0435\/\u0432\u0443\u0437\u0430\u0445 \u043d\u0430 \u0431\u0430\u043a\u0430\u043b\u0430\u0432\u0440\u0441\u043a\u043e\u0439, \u043c\u0430\u0433\u0438\u0441\u0442\u0435\u0440\u0441\u043a\u043e\u0439 \u0438\u043b\u0438 \u0434\u043e\u043a\u0442\u043e\u0440\u0441\u043a\u043e\u0439 \u0441\u0442\u0443\u043f\u0435\u043d\u0438 \u043e\u0431\u0443\u0447\u0435\u043d\u0438\u044f<\/p>\n<p><strong>\u0438\u043b\u0438<\/strong> \u0440\u0430\u0431\u043e\u0442\u0430\u043b\u0438 \u0437\u0430 \u0440\u0443\u0431\u0435\u0436\u043e\u043c \u043d\u0435 \u043c\u0435\u043d\u0435\u0435 \u043e\u0434\u043d\u043e\u0433\u043e \u0433\u043e\u0434\u0430<\/p>\n<p><strong>\u00a0 \u0438\u043b\u0438<\/strong> \u0431\u044b\u043b\u0438 \u043d\u0435 \u043c\u0435\u043d\u0435\u0435 \u043e\u0434\u043d\u043e\u0433\u043e \u0433\u043e\u0434\u0430 \u043d\u0435 \u043f\u0440\u0438\u0432\u044f\u0437\u0430\u043d\u043d\u044b\u043c \u043a \u043a\u043e\u043d\u043a\u0440\u0435\u0442\u043d\u043e\u043c\u0443 \u043c\u0435\u0441\u0442\u0443 \u043d\u0435\u0437\u0430\u0432\u0438\u0441\u0438\u043c\u044b\u043c \u0440\u0430\u0431\u043e\u0442\u043d\u0438\u043a\u043e\u043c, \u043f\u0440\u043e\u0436\u0438\u0432\u0430\u044e\u0449\u0438\u043c \u0432\u043d\u0435 \u043f\u0440\u0435\u0434\u0435\u043b\u043e\u0432 \u042d\u0441\u0442\u043e\u043d\u0438\u0438 (\u0442\u0430\u043a \u043d\u0430\u0437\u044b\u0432\u0430\u0435\u043c\u044b\u0435 \u0446\u0438\u0444\u0440\u043e\u0432\u044b\u0435 \u043d\u043e\u043c\u0430\u0434\u044b, \u0438\u043b\u0438 \u043a\u043e\u0447\u0435\u0432\u043d\u0438\u043a\u0438)<\/p>\n<p><strong>\u0438\u043b\u0438\u00a0<\/strong><span lang=\"RU\">\u0431\u044b\u043b\u0438 \u0437\u0430 \u0433\u0440\u0430\u043d\u0438\u0446\u0435\u0439 \u043d\u0435 \u043c\u0435\u043d\u0435\u0435 \u043e\u0434\u043d\u043e\u0433\u043e \u0433\u043e\u0434\u0430 \u0441\u0432\u044f\u0436\u0438 \u0441 \u043f\u0440\u0435\u0434\u044b\u0434\u0443\u0449\u0438\u043c\u0438 \u0434\u0435\u044f\u0442\u0435\u043b\u044c\u043d\u043e\u0441\u0442\u044f\u043c\u0438<\/span>, \u043f\u0440\u0438 \u044d\u0442\u043e\u043c \u0441\u0430\u043c\u0430\u044f \u043f\u0440\u043e\u0434\u043e\u043b\u0436\u0438\u0442\u0435\u043b\u044c\u043d\u0430\u044f \u0434\u0435\u044f\u0442\u0435\u043b\u044c\u043d\u043e\u0441\u0442\u044c \u0434\u043b\u0438\u043b\u0430\u0441\u044c \u043d\u0435 \u043c\u0435\u043d\u0435\u0435 \u043f\u043e\u043b\u0443\u0433\u043e\u0434\u0430 \u0438\u043b\u0438 \u043e\u0434\u043d<span lang=\"RU\">\u043e\u0433\u043e<\/span> \u0441\u0435\u043c\u0435\u0441\u0442\u0440a;<\/p>\n<p>* \u0432 \u043d\u0430\u0441\u0442\u043e\u044f\u0449\u0435\u0435 \u0432\u0440\u0435\u043c\u044f \u043f\u0440\u043e\u0436\u0438\u0432\u0430\u0435\u0442\u0435 \u0432 \u042d\u0441\u0442\u043e\u043d\u0438\u0438 \u0438\u043b\u0438 \u0437\u0430 \u0440\u0443\u0431\u0435\u0436\u043e\u043c.<\/p>\n<p><span style=\"color: #ff0000;\"><span style=\"font-size: 18px;\"><b>NB!\u00a0\u041e\u043f\u0440\u043e\u0441 \u043e\u043a\u043e\u043d\u0447\u0435\u043d.<\/b><\/span><\/span><\/p>\n","protected":false},"excerpt":{"rendered":"<p>K\u00e4esolev Tartu \u00dclikooli teadlaste poolt l\u00e4biviidav uurimisprojekt keskendub noorte eestlaste t\u00f6\u00f6- ja \u00f5ppekogemustele v\u00e4lismaal. Projekti raames viime l\u00e4bi k\u00fcsitluse viimasel ajal v\u00e4lismaal elanud v\u00f5i elavate Eestist p\u00e4rit inimeste seas. Oled oodatud sellele k\u00fcsitlusele vastama * kui Sa oled 20-35 aastane; &#8230;<\/p>\n","protected":false},"author":158,"featured_media":0,"parent":0,"menu_order":0,"comment_status":"closed","ping_status":"closed","template":"","meta":{"_acf_changed":false,"inline_featured_image":false,"footnotes":""},"class_list":["post-13","page","type-page","status-publish","hentry"],"acf":[],"_links":{"self":[{"href":"https:\/\/sisu.ut.ee\/eva\/wp-json\/wp\/v2\/pages\/13","targetHints":{"allow":["GET"]}}],"collection":[{"href":"https:\/\/sisu.ut.ee\/eva\/wp-json\/wp\/v2\/pages"}],"about":[{"href":"https:\/\/sisu.ut.ee\/eva\/wp-json\/wp\/v2\/types\/page"}],"author":[{"embeddable":true,"href":"https:\/\/sisu.ut.ee\/eva\/wp-json\/wp\/v2\/users\/158"}],"replies":[{"embeddable":true,"href":"https:\/\/sisu.ut.ee\/eva\/wp-json\/wp\/v2\/comments?post=13"}],"version-history":[{"count":2,"href":"https:\/\/sisu.ut.ee\/eva\/wp-json\/wp\/v2\/pages\/13\/revisions"}],"predecessor-version":[{"id":154,"href":"https:\/\/sisu.ut.ee\/eva\/wp-json\/wp\/v2\/pages\/13\/revisions\/154"}],"wp:attachment":[{"href":"https:\/\/sisu.ut.ee\/eva\/wp-json\/wp\/v2\/media?parent=13"}],"curies":[{"name":"wp","href":"https:\/\/api.w.org\/{rel}","templated":true}]}}