{"id":7,"date":"2024-04-04T03:54:02","date_gmt":"2024-04-04T00:54:02","guid":{"rendered":"https:\/\/sisu.ut.ee\/ev100bakterid\/kontaktid\/"},"modified":"2024-04-04T03:54:07","modified_gmt":"2024-04-04T00:54:07","slug":"kontaktid","status":"publish","type":"page","link":"https:\/\/sisu.ut.ee\/ev100bakterid\/kontaktid\/","title":{"rendered":"Kontaktid"},"content":{"rendered":"<h4>Tartu \u00dclikool,\u00a0Bio- ja siirdemeditsiini instituut,\u00a0mikrobioloogia osakond<\/h4>\n<h4>Ravila 19, Tartu 50411<\/h4>\n<h4><strong>ev100bakterid@ut.ee<\/strong><\/h4>\n\n<div>Reet M\u00e4ndar (reet.mandar@ut.ee)<\/div>\n<div>Epp Sepp (epp.sepp@ut.ee)<\/div>\n<div>Siiri K\u00f5ljalg (siiri.koljalg@ut.ee)<\/div>\n<div>Tiiu R\u00f6\u00f6p (tiiu.roop@ut.ee)<\/div>\n<div>Imbi Smidt (imbi.smidt@ut.ee)<\/div>\n","protected":false},"excerpt":{"rendered":"<p>Tartu \u00dclikool,\u00a0Bio- ja siirdemeditsiini instituut,\u00a0mikrobioloogia osakond Ravila 19, Tartu 50411 ev100bakterid@ut.ee Reet M\u00e4ndar (reet.mandar@ut.ee) Epp Sepp (epp.sepp@ut.ee) Siiri K\u00f5ljalg (siiri.koljalg@ut.ee) Tiiu R\u00f6\u00f6p (tiiu.roop@ut.ee) Imbi Smidt (imbi.smidt@ut.ee)<\/p>\n","protected":false},"author":130,"featured_media":0,"parent":0,"menu_order":0,"comment_status":"closed","ping_status":"closed","template":"","meta":{"_acf_changed":false,"inline_featured_image":false,"footnotes":""},"class_list":["post-7","page","type-page","status-publish","hentry"],"acf":[],"_links":{"self":[{"href":"https:\/\/sisu.ut.ee\/ev100bakterid\/wp-json\/wp\/v2\/pages\/7","targetHints":{"allow":["GET"]}}],"collection":[{"href":"https:\/\/sisu.ut.ee\/ev100bakterid\/wp-json\/wp\/v2\/pages"}],"about":[{"href":"https:\/\/sisu.ut.ee\/ev100bakterid\/wp-json\/wp\/v2\/types\/page"}],"author":[{"embeddable":true,"href":"https:\/\/sisu.ut.ee\/ev100bakterid\/wp-json\/wp\/v2\/users\/130"}],"replies":[{"embeddable":true,"href":"https:\/\/sisu.ut.ee\/ev100bakterid\/wp-json\/wp\/v2\/comments?post=7"}],"version-history":[{"count":1,"href":"https:\/\/sisu.ut.ee\/ev100bakterid\/wp-json\/wp\/v2\/pages\/7\/revisions"}],"predecessor-version":[{"id":23,"href":"https:\/\/sisu.ut.ee\/ev100bakterid\/wp-json\/wp\/v2\/pages\/7\/revisions\/23"}],"wp:attachment":[{"href":"https:\/\/sisu.ut.ee\/ev100bakterid\/wp-json\/wp\/v2\/media?parent=7"}],"curies":[{"name":"wp","href":"https:\/\/api.w.org\/{rel}","templated":true}]}}