{"id":5,"date":"2024-04-04T03:54:02","date_gmt":"2024-04-04T00:54:02","guid":{"rendered":"https:\/\/sisu.ut.ee\/ev100bakterid\/avaleht\/"},"modified":"2024-04-04T03:54:07","modified_gmt":"2024-04-04T00:54:07","slug":"avaleht","status":"publish","type":"page","link":"https:\/\/sisu.ut.ee\/ev100bakterid\/","title":{"rendered":"100-aastased bakterid eestlaste terviseks"},"content":{"rendered":"<p>\n\t100 aastat tagasi, st meie Eesti Vabariigi algusaegadel ei olnud v\u00f5imalik inimeste mikrobiootat uurida, kuna puudusid selleks vajalikud mikrobioloogilised metoodikad. Eelnevad uuringud on n\u00e4idanud, et inimese mikrobioota on p\u00e4rast teist-kolmandat eluaastat suhteliselt p\u00fcsiv, seega oleks meil praegu v\u00f5imalik uurida 100 aastat tagasi s\u00fcndinud inimeste normaalset mikrobiootat. 100-aastaste inimeste mikrobioota on alguse saanud enne antibiootikumide ajastut, kui tarbekeemiat kasutati minimaalselt ning v\u00f5ib oletada, et nende inimeste organismis on s\u00e4ilinud \u201cvanad\u201d mikroobikooslused. \u201cVanad\u201d mikroobikooslused on oluliseks uute teadmiste allikaks \u2013 kuna nii vanaks elanud inimeste tervist m\u00f5jutanud tegurid vajaksid p\u00f5hjalikku ja mitmek\u00fclgset uurimist k\u00f5ikide j\u00e4reltulevate p\u00f5lvkondade huvides. V\u00f5rdlusgrupina uurime noori t\u00e4iskasvanuid, kes on s\u00fcndinud taasiseseisvunud Eesti Vabariigis 1990-date teisel poolel.\n<\/p>\n<p>\n\t100-aastasteks elanud inimeste mikroobikooslustest on t\u00f5en\u00e4oliselt v\u00f5imalik eraldada suure probiootilise potentsiaaliga baktereid, mis aitaksid meie p\u00f5lvkonna ning tulevaste p\u00f5lvkondade tervist s\u00e4ilitada ja edendada. T\u00dc mikroobi\u00f6koloogia t\u00f6\u00f6r\u00fchm on probiootikumide arendamisel olnud seni v\u00e4ga edukas, saadud on rohkesti patente ja mitmeid probiootilisi baktereid kasutatkse piimatoodetes ja apteegipreparaatides. Kogutavad materjalid ja mikroobit\u00fcved s\u00e4ilitatakse alamkollektsioonina Tartu \u00dclikoolis asuva Inimese Mikrobioota Biopangas.\n<\/p>\n<p>\n\tK\u00e4soleva t\u00f6\u00f6 eesm\u00e4rk on kindlaks teha Eesti Vabariigi algusaastael (100 aastat tagasi) ja taasiseseisvumise j\u00e4rel s\u00fcndinud inimeste mikrobioota koostis ja isoleerida nende mikrobiootast potensiaalsed probiootilised bakterid, mida saaks edaspidi kasutada uute probiootikumide v\u00e4ljat\u00f6\u00f6tamisks. Uuringu k\u00e4igus hinnatakse inimeste tervislikku seisundit ja kogutakse andmed nende elukeskkonna kohta \u2013 antud faktorid m\u00f5jutavad mikrobioota koostist.\n<\/p>\n<p>\n\tAvalehe tekst<\/p>\n","protected":false},"excerpt":{"rendered":"<p>100 aastat tagasi, st meie Eesti Vabariigi algusaegadel ei olnud v\u00f5imalik inimeste mikrobiootat uurida, kuna puudusid selleks vajalikud mikrobioloogilised metoodikad. Eelnevad uuringud on n\u00e4idanud, et inimese mikrobioota on p\u00e4rast teist-kolmandat eluaastat suhteliselt p\u00fcsiv, seega oleks meil praegu v\u00f5imalik uurida 100 &#8230;<\/p>\n","protected":false},"author":130,"featured_media":0,"parent":0,"menu_order":0,"comment_status":"closed","ping_status":"closed","template":"","meta":{"_acf_changed":false,"inline_featured_image":false,"footnotes":""},"class_list":["post-5","page","type-page","status-publish","hentry"],"acf":[],"_links":{"self":[{"href":"https:\/\/sisu.ut.ee\/ev100bakterid\/wp-json\/wp\/v2\/pages\/5","targetHints":{"allow":["GET"]}}],"collection":[{"href":"https:\/\/sisu.ut.ee\/ev100bakterid\/wp-json\/wp\/v2\/pages"}],"about":[{"href":"https:\/\/sisu.ut.ee\/ev100bakterid\/wp-json\/wp\/v2\/types\/page"}],"author":[{"embeddable":true,"href":"https:\/\/sisu.ut.ee\/ev100bakterid\/wp-json\/wp\/v2\/users\/130"}],"replies":[{"embeddable":true,"href":"https:\/\/sisu.ut.ee\/ev100bakterid\/wp-json\/wp\/v2\/comments?post=5"}],"version-history":[{"count":1,"href":"https:\/\/sisu.ut.ee\/ev100bakterid\/wp-json\/wp\/v2\/pages\/5\/revisions"}],"predecessor-version":[{"id":21,"href":"https:\/\/sisu.ut.ee\/ev100bakterid\/wp-json\/wp\/v2\/pages\/5\/revisions\/21"}],"wp:attachment":[{"href":"https:\/\/sisu.ut.ee\/ev100bakterid\/wp-json\/wp\/v2\/media?parent=5"}],"curies":[{"name":"wp","href":"https:\/\/api.w.org\/{rel}","templated":true}]}}