{"id":4,"date":"2024-04-04T03:54:02","date_gmt":"2024-04-04T00:54:02","guid":{"rendered":"https:\/\/sisu.ut.ee\/ev100bakterid\/tulemused\/"},"modified":"2024-04-04T03:54:07","modified_gmt":"2024-04-04T00:54:07","slug":"tulemused","status":"publish","type":"page","link":"https:\/\/sisu.ut.ee\/ev100bakterid\/tulemused\/","title":{"rendered":"Tulemused"},"content":{"rendered":"<p>\r\n\tSepp E, Smidt I, R\u00f6\u00f6p T, \u0160t\u0161epetova J, K\u00f5ljalg S, Mikelsaar M, Soidla I, Ainsaar M, Kolk H, Vallas M, Jaagura M, M\u00e4ndar R. <strong>Comparative Analysis of Gut Microbiota in Centenarians and Young People: Impact of Eating Habits and Childhood Living Environment<\/strong>. Front Cell Infect Microbiol. 2022 Mar 15;12:851404. doi: 10.3389\/fcimb.2022.851404. PMID: 35372105; PMCID: PMC8965453.\r\n<\/p>\r\n\r\n<p>\r\n\t<a href=\"https:\/\/www.ncbi.nlm.nih.gov\/pmc\/articles\/PMC8965453\/\">https:\/\/www.ncbi.nlm.nih.gov\/pmc\/articles\/PMC8965453\/<\/a><br>\u00a0\r\n<\/p>\r\n\r\n<p>\r\n\t<strong>Kelle poole p\u00f6\u00f6rdub abi saamiseks Eesti 100-aastane?<\/strong> Mare Ainsaar, Indrek Soidla, Epp Sepp, Siiri K\u00f5ljalg, Jelena \u0160t\u0161epetova, Tiiu R\u00f6\u00f6p, Imbi Smidt, Marika Mikelsaar, Reet M\u00e4ndar\r\n<\/p>\r\n\r\n<p>\r\n\tSotsiaalt\u00f6\u00f6 2020-3\r\n<\/p>\r\n\r\n<p>\r\n\t<font><font size=\"1\"><font face=\"Helvetica\"><span><span style=\"font-weight:normal\"><span style=\"text-transform:none\"><font><font size=\"2\"><font face=\"Calibri,sans-serif\"><span><a href=\"https:\/\/www.tai.ee\/et\/valjaanded\/ajakiri-sotsiaaltoo\/sotsiaaltoeoe-2020-3\/kelle-poole-poeoerdub-abi-saamiseks-eesti-100-aastane\" id=\"LPlnk169461\" rel=\"noopener noreferrer\" style=\"text-decoration:underline\" target=\"_blank\"><font color=\"#954F72\">https:\/\/www.tai.ee\/et\/valjaanded\/ajakiri-sotsiaaltoo\/sotsiaaltoeoe-2020-3\/kelle-poole-poeoerdub-abi-saamiseks-eesti-100-aastane<\/font><\/a><\/span><\/font><\/font><\/font><\/span><\/span><\/span><\/font><\/font><\/font>\r\n<\/p>\r\n\r\n<p>\r\n\t\u00a0\r\n<\/p>\r\n\r\n<p>\r\n\t<strong>100 aastased. <\/strong>Mare Ainsaar, Indrek Soidla\r\n<\/p>\r\n<br><div class=\"wp-block-group attached-files-group is-layout-constrained wp-block-group-is-layout-constrained\"><div class=\"wp-block-file\"><a href=\"https:\/\/sisu.ut.ee\/wp-content\/uploads\/sites\/254\/100_aastased.pdf\" target=\"_blank\" rel=\"noreferrer noopener\">100_aastased.pdf<\/a><\/div><\/div>","protected":false},"excerpt":{"rendered":"<p>Sepp E, Smidt I, R\u00f6\u00f6p T, \u0160t\u0161epetova J, K\u00f5ljalg S, Mikelsaar M, Soidla I, Ainsaar M, Kolk H, Vallas M, Jaagura M, M\u00e4ndar R. Comparative Analysis of Gut Microbiota in Centenarians and Young People: Impact of Eating Habits and Childhood &#8230;<\/p>\n","protected":false},"author":130,"featured_media":0,"parent":0,"menu_order":0,"comment_status":"closed","ping_status":"closed","template":"","meta":{"_acf_changed":false,"inline_featured_image":false,"footnotes":""},"class_list":["post-4","page","type-page","status-publish","hentry"],"acf":[],"_links":{"self":[{"href":"https:\/\/sisu.ut.ee\/ev100bakterid\/wp-json\/wp\/v2\/pages\/4","targetHints":{"allow":["GET"]}}],"collection":[{"href":"https:\/\/sisu.ut.ee\/ev100bakterid\/wp-json\/wp\/v2\/pages"}],"about":[{"href":"https:\/\/sisu.ut.ee\/ev100bakterid\/wp-json\/wp\/v2\/types\/page"}],"author":[{"embeddable":true,"href":"https:\/\/sisu.ut.ee\/ev100bakterid\/wp-json\/wp\/v2\/users\/130"}],"replies":[{"embeddable":true,"href":"https:\/\/sisu.ut.ee\/ev100bakterid\/wp-json\/wp\/v2\/comments?post=4"}],"version-history":[{"count":2,"href":"https:\/\/sisu.ut.ee\/ev100bakterid\/wp-json\/wp\/v2\/pages\/4\/revisions"}],"predecessor-version":[{"id":25,"href":"https:\/\/sisu.ut.ee\/ev100bakterid\/wp-json\/wp\/v2\/pages\/4\/revisions\/25"}],"wp:attachment":[{"href":"https:\/\/sisu.ut.ee\/ev100bakterid\/wp-json\/wp\/v2\/media?parent=4"}],"curies":[{"name":"wp","href":"https:\/\/api.w.org\/{rel}","templated":true}]}}