{"id":5,"date":"2024-04-04T05:13:39","date_gmt":"2024-04-04T02:13:39","guid":{"rendered":"https:\/\/sisu.ut.ee\/euroinfo\/infoallikad\/"},"modified":"2026-03-10T11:16:54","modified_gmt":"2026-03-10T09:16:54","slug":"infoallikad","status":"publish","type":"page","link":"https:\/\/sisu.ut.ee\/euroinfo\/infoallikad\/","title":{"rendered":"Infoallikad"},"content":{"rendered":"<p dir=\"ltr\">Informatsiooni Euroopa Liidu kohta leiab v\u00e4ga paljudest erinevatest allikatest. Oleme sellele lehele koondanud m\u00f5ningad usaldusv\u00e4\u00e4rsed allikad, mis on infootsijale abiks.<\/p>\n<h4 dir=\"ltr\">Euroopa Liidu p\u00f5hiinstitusioonid<\/h4>\n<ul>\n<li>Euroopa Komisjoni veebileht (eesti keeles): <a href=\"https:\/\/commission.europa.eu\/index_et\" target=\"_blank\" rel=\"noopener\">https:\/\/commission.europa.eu\/index_et<\/a><\/li>\n<li>Euroopa Liidu N\u00f5ukogu veebileht (eesti keeles): <a href=\"https:\/\/www.consilium.europa.eu\/et\/council-eu\/\" target=\"_blank\" rel=\"noopener\">https:\/\/www.consilium.europa.eu\/et\/council-eu\/<\/a>\u00a0<\/li>\n<li>Euroopa \u00dclemn\u00f5ukogu leht (eesti keeles): <a href=\"https:\/\/www.consilium.europa.eu\/et\/european-council\/\" target=\"_blank\" rel=\"noopener\">https:\/\/www.consilium.europa.eu\/et\/european-council\/<\/a><\/li>\n<li>Euroopa Parlamendi veebileht (eesti keeles): <a href=\"https:\/\/www.europarl.europa.eu\/portal\/et\" target=\"_blank\" rel=\"noopener\">https:\/\/www.europarl.europa.eu\/portal\/et<\/a><\/li>\n<\/ul>\n<h4 dir=\"ltr\">Euroopa Liidu toetavad institutsioonid<\/h4>\n<ul>\n<li>Euroopa Keskpank (eesti keeles): <a href=\"https:\/\/www.ecb.europa.eu\/ecb\/all-about-us\/html\/index.et.html\" target=\"_blank\" rel=\"noopener\">https:\/\/www.ecb.europa.eu\/ecb\/all-about-us\/html\/index.et.html<\/a><\/li>\n<li>Euroopa Liidu Kohtu veebileht (eesti keeles): <a href=\"https:\/\/european-union.europa.eu\/institutions-law-budget\/institutions-and-bodies\/search-all-eu-institutions-and-bodies\/court-justice-european-union-cjeu_et\" target=\"_blank\" rel=\"noopener\">https:\/\/european-union.europa.eu\/institutions-law-budget\/institutions-and-bodies\/search-all-eu-institutions-and-bodies\/court-justice-european-union-cjeu_et<\/a><\/li>\n<li>Euroopa Kontrolkoda (eesti keeles): <a href=\"https:\/\/www.eca.europa.eu\/et\" target=\"_blank\" rel=\"noopener\">https:\/\/www.eca.europa.eu\/et<\/a><\/li>\n<\/ul>\n<h4 dir=\"ltr\">\u00d5ppe- ja teadust\u00f6\u00f6ks vajalikud andmebaasid, raamatud ja ELi v\u00e4ljaanded<\/h4>\n<ul>\n<li>Eesti raamatukogudes paiknevad ELi alased tr\u00fckiv\u00e4ljaanded ja monograafiad on leitavad e-kataloogis ESTER s\u00f5naotsinguga <a href=\"https:\/\/www.ester.ee\/search~S59*est?\/X%22euroopa+liit%22&amp;searchscope=59&amp;SORT=DZ\/X%22euroopa+liit%22&amp;searchscope=59&amp;SORT=DZ&amp;extended=0&amp;SUBKEY=%22euroopa+liit%22\/1%2C5680%2C5680%2CB\/browse\" target=\"_blank\" rel=\"noopener\">\u201cEuroopa Liit\u201d<\/a><\/li>\n<li>Euroopa Liidu V\u00e4ljaannete Talituse v\u00e4ljaanded on k\u00e4ttesaadavad nii paberkandjal kui ka tasuta allalaetavate pdf-vormingutena EU Bookshop raamatupoes aadressil: <a href=\"https:\/\/publications.europa.eu\/et\/web\/general-publications\/publications\" target=\"_blank\" rel=\"noopener\">https:\/\/publications.europa.eu\/et\/web\/general-publications\/publications<\/a><\/li>\n<li>Hulgaliselt teavet k\u00f5ikv\u00f5imalike valdkondade kohta leiab Euroopa Komisjoni Keskraamatukogu elektroonilises kataloogis FIND-eR aadressil: <a href=\"https:\/\/ec.europa.eu\/libraries\" target=\"_blank\" rel=\"noopener\">https:\/\/ec.europa.eu\/libraries<\/a><\/li>\n<li>Europeana portaal pakub ligip\u00e4\u00e4su usaldusv\u00e4\u00e4rsele allikale 48-st Euroopa raamatukogust aadressil: <a href=\"http:\/\/www.theeuropeanlibrary.org\/tel4\/\" target=\"_blank\" rel=\"noopener\">http:\/\/www.theeuropeanlibrary.org\/tel4\/<\/a><\/li>\n<li>Palju erinevaid andmebaase, mis sisaldavad \u00f5ppe- ja teadust\u00f6\u00f6ks vajalike materjale on leitavad T\u00dc raamatukogu kodulehel <a href=\"https:\/\/utlib.ut.ee\/andmebaasid\" target=\"_blank\" rel=\"noopener\">https:\/\/utlib.ut.ee\/andmebaasid<\/a><\/li>\n<\/ul>\n<h4 dir=\"ltr\">Erinevaid vajalikke infoallkaid<\/h4>\n<ul>\n<li>ELiga seotud terminoloogia \u00fchtne interaktiivne andmebaas IATE (Interinstitutional Terminology Database) <a href=\"https:\/\/iate.europa.eu\/home\" target=\"_blank\" rel=\"noopener\">https:\/\/iate.europa.eu\/home<\/a><\/li>\n<li>Juurdep\u00e4\u00e4s EL institutsioonide ja asutuste avatud andmetele portaalis EU Open Data aadressil <a href=\"http:\/\/data.europa.eu\/euodp\/en\/home\" target=\"_blank\" rel=\"noopener\">http:\/\/data.europa.eu\/euodp\/en\/home<\/a><\/li>\n<li>EUR-Lex \u2013 Euroopa Liidu \u00f5igusaktide andmebaas <a href=\"http:\/\/eur-lex.europa.eu\/et\" target=\"_blank\" rel=\"noopener\">http:\/\/eur-lex.europa.eu\/et<\/a><\/li>\n<li>EL teadustegevuse andmebaas CORDIS <a href=\"https:\/\/cordis.europa.eu\" target=\"_blank\" rel=\"noopener\">https:\/\/cordis.europa.eu<\/a><\/li>\n<li>Euroopas rahastatud teadusprojektide publikatsioonide ja teadusandmete avalikustamiseks loodud OpenAIRE portaal <a href=\"https:\/\/www.openaire.eu\" target=\"_blank\" rel=\"noopener\">https:\/\/www.openaire.eu<\/a><\/li>\n<li>Euroopa v\u00e4itekirjade The DART-Europe portaal <a href=\"http:\/\/www.dart-europe.eu\" target=\"_blank\" rel=\"noopener\">http:\/\/www.dart-europe.eu<\/a><\/li>\n<li>\u00dcle-euroopaline v\u00e4listeadlaste teabekeskuste v\u00f5rgustik EURAXESS Services Network <a href=\"https:\/\/euraxess.ec.europa.eu\/\" target=\"_blank\" rel=\"noopener\">https:\/\/euraxess.ec.europa.eu\/<\/a><\/li>\n<li>Euroopa Kohtu, \u00dcldkohtu ja Avaliku Teenistuse Kohtu otsuste, m\u00e4\u00e4ruste, kohtujuristide ettepanekute jt. dokumentide tekstid andmebaasis CURIA <a href=\"http:\/\/curia.europa.eu\" target=\"_blank\" rel=\"noopener\">http:\/\/curia.europa.eu<\/a><\/li>\n<li>Statistilised andmed Euroopa Liidu ja selle liikmesmaade kohta andmebaasis Eurostat <a href=\"http:\/\/ec.europa.eu\/eurostat\" target=\"_blank\" rel=\"noopener\">http:\/\/ec.europa.eu\/eurostat<\/a><\/li>\n<li>Arvamusuuringud Euroopa Komisjoni portaalis EUROBAROMETER <a href=\"https:\/\/europa.eu\/eurobarometer\/screen\/home\" target=\"_blank\" rel=\"noopener\">https:\/\/europa.eu\/eurobarometer\/screen\/home<\/a><\/li>\n<li>Euroopa firmade andmebaas EUROPAGES <a href=\"https:\/\/www.europages.co.uk\/\" target=\"_blank\" rel=\"noopener\">https:\/\/www.europages.co.uk\/<\/a><\/li>\n<li>Turu-uuringud, info teenuste ja t\u00f6\u00f6stussektori turgude kohta; riikide statistilised n\u00e4itajad majanduse, keskkonna, rahvastikutrendide, toodangu ja kaubanduse kohta jne portaalis Passport : Euromonitor <a href=\"http:\/\/www.portal.euromonitor.com\" target=\"_blank\" rel=\"noopener\">http:\/\/www.portal.euromonitor.com<\/a><\/li>\n<li>Euroopa N\u00f5ukogu (Council of Europe) dokumentide andmebaas <a href=\"http:\/\/conventions.coe.int\/\" target=\"_blank\" rel=\"noopener\">http:\/\/conventions.coe.int\/<\/a><\/li>\n<li>Euroopa Inim\u00f5iguste Kohtu olulisemate lahendite eestikeelsed kokkuv\u00f5tted ja liigitus elektroonilises Riigi teatajas <a href=\"https:\/\/www.riigiteataja.ee\/kohtuteave\/eik_liigitus.html\" target=\"_blank\" rel=\"noopener\">https:\/\/www.riigiteataja.ee\/kohtuteave\/eik_liigitus.html<\/a><\/li>\n<li>Riigihankeid k\u00e4sitleva Euroopa Liidu Teataja lisa onlain-versioon TED (Tenders Electronic Daily) <a href=\"https:\/\/ted.europa.eu\" target=\"_blank\" rel=\"noopener\">https:\/\/ted.europa.eu<\/a><\/li>\n<li>Informatsioon ELi institutsioonide ja poliitikate kohta, sh rahvusvaheliste organisatsioonide, riikide valitsuste jne publikatsioonid ja dokumendid on leitav andmebaasis ESO (European Sources Online) <a href=\"https:\/\/www.europeansources.info\" target=\"_blank\" rel=\"noopener\">https:\/\/www.europeansources.info<\/a><\/li>\n<li>Praktiline teave EL kodanikule reisimise kohta <a href=\"https:\/\/europa.eu\/youreurope\/citizens\/index_et.htm\" target=\"_blank\" rel=\"noopener\">https:\/\/europa.eu\/youreurope\/citizens\/index_et.htm<\/a><\/li>\n<li>V\u00f5tke Euroopa Liiduga \u00fchendust <a href=\"https:\/\/european-union.europa.eu\/contact-eu_et\" target=\"_blank\" rel=\"noopener\">https:\/\/european-union.europa.eu\/contact-eu_et<\/a><\/li>\n<\/ul>\n<h4 dir=\"ltr\">Ajaloolised allikad Euroopa Liidu kohta<\/h4>\n<ul>\n<li>Ligip\u00e4\u00e4s s\u00f5ltumatute teadusinstituutide uurimismaterjale andmebaasis ERPA (European Research Papers Archive) <a href=\"http:\/\/eiop.or.at\/erpa\/\" target=\"_blank\" rel=\"noopener\">http:\/\/eiop.or.at\/erpa\/<\/a><\/li>\n<li>TEPSA <a href=\"https:\/\/tepsa.eu\/eu-history-democracy-explained\/\" target=\"_blank\" rel=\"noopener\">https:\/\/tepsa.eu\/eu-history-democracy-explained\/<\/a><\/li>\n<li>Paneuroopa Liit ja Euroopa \u00fchendamine on elektrooniline kollektsioon koos metoodilise abimaterjaliga kooli\u00f5petajatele Euroopa Liidu kujunemist ja ajalugu k\u00e4sitlevatest eestikeelsetest allikmaterjalidest, mis on loodud aastatel 2006-2008 ja on k\u00e4ttesaadavad T\u00dc raamatukogu EDK vanal kodulehe veebiarhiivis aadressil <a href=\"http:\/\/veebiarhiiv.digar.ee\/a\/20170224084830\/http:\/\/www.euroinfo.ee\/index.php?cmd=e_ope&amp;e_id=2&amp;p_id=2&amp;id=2\" target=\"_blank\" rel=\"noopener\">http:\/\/veebiarhiiv.digar.ee\/a\/20170224084830\/http:\/\/www.euroinfo.ee\/index.php?cmd=e_ope&amp;e_id=2&amp;p_id=2&amp;id=2<\/a><\/li>\n<\/ul>\n<p><em>Viimati kontrolliti linke: 05.02.2026<\/em><\/p>\n\n\n<p><\/p>\n","protected":false},"excerpt":{"rendered":"<p>Informatsiooni Euroopa Liidu kohta leiab v\u00e4ga paljudest erinevatest allikatest. Oleme sellele lehele koondanud m\u00f5ningad usaldusv\u00e4\u00e4rsed allikad, mis on infootsijale abiks. Euroopa Liidu p\u00f5hiinstitusioonid Euroopa Komisjoni veebileht (eesti keeles): https:\/\/commission.europa.eu\/index_et Euroopa Liidu N\u00f5ukogu veebileht (eesti keeles): https:\/\/www.consilium.europa.eu\/et\/council-eu\/\u00a0 Euroopa \u00dclemn\u00f5ukogu leht (eesti &#8230;<\/p>\n","protected":false},"author":178,"featured_media":59,"parent":0,"menu_order":0,"comment_status":"closed","ping_status":"closed","template":"","meta":{"_acf_changed":false,"inline_featured_image":false,"footnotes":""},"class_list":["post-5","page","type-page","status-publish","has-post-thumbnail","hentry"],"acf":[],"_links":{"self":[{"href":"https:\/\/sisu.ut.ee\/euroinfo\/wp-json\/wp\/v2\/pages\/5","targetHints":{"allow":["GET"]}}],"collection":[{"href":"https:\/\/sisu.ut.ee\/euroinfo\/wp-json\/wp\/v2\/pages"}],"about":[{"href":"https:\/\/sisu.ut.ee\/euroinfo\/wp-json\/wp\/v2\/types\/page"}],"author":[{"embeddable":true,"href":"https:\/\/sisu.ut.ee\/euroinfo\/wp-json\/wp\/v2\/users\/178"}],"replies":[{"embeddable":true,"href":"https:\/\/sisu.ut.ee\/euroinfo\/wp-json\/wp\/v2\/comments?post=5"}],"version-history":[{"count":10,"href":"https:\/\/sisu.ut.ee\/euroinfo\/wp-json\/wp\/v2\/pages\/5\/revisions"}],"predecessor-version":[{"id":178,"href":"https:\/\/sisu.ut.ee\/euroinfo\/wp-json\/wp\/v2\/pages\/5\/revisions\/178"}],"wp:featuredmedia":[{"embeddable":true,"href":"https:\/\/sisu.ut.ee\/euroinfo\/wp-json\/wp\/v2\/media\/59"}],"wp:attachment":[{"href":"https:\/\/sisu.ut.ee\/euroinfo\/wp-json\/wp\/v2\/media?parent=5"}],"curies":[{"name":"wp","href":"https:\/\/api.w.org\/{rel}","templated":true}]}}