{"id":4,"date":"2024-04-04T05:13:38","date_gmt":"2024-04-04T02:13:38","guid":{"rendered":"https:\/\/sisu.ut.ee\/euroinfo\/edk-st\/"},"modified":"2026-01-29T11:35:27","modified_gmt":"2026-01-29T09:35:27","slug":"edk-st","status":"publish","type":"page","link":"https:\/\/sisu.ut.ee\/euroinfo\/edk-st\/","title":{"rendered":"Europe Direct v\u00f5rgustikust"},"content":{"rendered":"<p dir=\"ltr\">Euroopa Liidus on palju erinevaid institutsioone, \u00f5igusakte ja regulatsioone. \u00dcldjuhul on nendes keeruline orienteeruda. Europe Direct on v\u00f5rgustik, mille liikmed saavad aidata leida vastuseid erinevatele k\u00fcsimustele, ehk nad aitavad EL-iga \u00fchenduses olla. Europe Direct keskused asuvad paljude Euroopa \u00fclikoolide ja kohalike omavalitsuste juures, et edendada EL-iga seotud haridust ja teadust\u00f6\u00f6d ning toetada kodanike teadlikkust, osalust ja ligip\u00e4\u00e4su usaldusv\u00e4\u00e4rsele teabele. V\u00f5rgustikku haldab Euroopa Komisjon.<\/p>\n<p dir=\"ltr\">T\u00dc raamatukogu kuulub <a title=\"\" href=\"https:\/\/europa.eu\/european-union\/contact\/meet-us_et\" target=\"_blank\" rel=\"noopener\" data-url=\"https:\/\/europa.eu\/european-union\/contact\/meet-us_et\">Europe Direct teabeteenistuse<\/a> Euroopa dokumendikeskuste v\u00f5rgustikku alates 1992. aastast tegutsedes Euroopa dokumendikeskusena (EDK), mis pakub \u00fclikooli liikmetele Euroopa Liidu alast teavet ja n\u00f5ustamist. Sama aasta juulist on raamatukogus olemas ka Euroopa Liidu ametlikud v\u00e4ljaanded.<\/p>\n<p dir=\"ltr\"><strong>Alates 2026. aastast on T\u00dc raamatukogu \u00fcks kaheksast Eestis tegutsevast Europe Direct infokeskusest, mille \u00fclesanne on tuua Euroopa Liidu teemad siin elavatele inimestele l\u00e4hemale, vastata kodanike k\u00fcsimustele, pakkuda koolitusi, korraldada teavitus\u00fcritusi ning toetada teadlikkust ja osalust Euroopa aruteludes.<\/strong><\/p>\n<p dir=\"ltr\">Eestis antakse Euroopa Liiduga seotud teavet igale inimesele v\u00f5imalikult l\u00e4hedasest ja k\u00e4ttesaadavast allikast. Lisaks T\u00dc raamatukogule kuuluvad <em>Europe Direct<\/em> v\u00f5rgustikku dokumendikeskused <a href=\"https:\/\/taltech.ee\/raamatukogu\/euroopa-dokumendikeskus-edk\" target=\"_blank\" rel=\"noopener\">Tallinna Tehnika \u00dclikooli Raamatukogus<\/a> ja <a href=\"https:\/\/www.rara.ee\/uudised\/euroopa-liidu-teavitustoo-rahvusraamatukogus\/\" target=\"_blank\" rel=\"noopener\">Eesti Rahvusraamatukogus<\/a> ning <a href=\"https:\/\/estonia.representation.ec.europa.eu\/kontaktandmed\/kontaktandmed-eestis\/leidke-lahim-eli-keskus_et\" target=\"_blank\" rel=\"noopener\">7 piirkondlikku Europe Direct infokeskust<\/a>.\u00a0<\/p>\n<p>Euroopa Liidu alast teavitustegevust koordineerivad <a href=\"https:\/\/valitsus.ee\/uudised-kontaktinfo\/valitsuse-kommunikatsiooniburoo\" target=\"_blank\" rel=\"noopener\">Eestis Riigikantselei Valitsuse kommunikatsioonib\u00fcroo<\/a> \u00a0 ja\u00a0 <a title=\"\" href=\"https:\/\/ec.europa.eu\/estonia\/\" target=\"_blank\" rel=\"noopener\" data-url=\"https:\/\/ec.europa.eu\/estonia\/\">Euroopa Komisjoni Esindus Eestis<\/a>.<\/p>\n<p dir=\"ltr\">\u00a0<\/p>\n\n\n<div class=\"wp-block-media-text is-stacked-on-mobile\"><figure class=\"wp-block-media-text__media\"><img loading=\"lazy\" decoding=\"async\" width=\"1225\" height=\"919\" src=\"https:\/\/sisu.ut.ee\/wp-content\/uploads\/sites\/366\/edikud_rootsis.jpg\" alt=\"\" class=\"wp-image-51 size-full\" srcset=\"https:\/\/sisu.ut.ee\/wp-content\/uploads\/sites\/366\/edikud_rootsis.jpg 1225w, https:\/\/sisu.ut.ee\/wp-content\/uploads\/sites\/366\/edikud_rootsis-300x225.jpg 300w, https:\/\/sisu.ut.ee\/wp-content\/uploads\/sites\/366\/edikud_rootsis-1024x768.jpg 1024w, https:\/\/sisu.ut.ee\/wp-content\/uploads\/sites\/366\/edikud_rootsis-768x576.jpg 768w\" sizes=\"auto, (max-width: 1225px) 100vw, 1225px\"><\/figure><div class=\"wp-block-media-text__content\">\n<p class=\"has-text-align-center has-large-font-size\"><\/p>\n<\/div><\/div>\n\n\n\n<p><em>Fotol on Europe Direct v\u00f5rgustiku Eesti esindajad Rootsi visiidil 2024.a.<\/em><\/p>\n","protected":false},"excerpt":{"rendered":"<p>Euroopa Liidus on palju erinevaid institutsioone, \u00f5igusakte ja regulatsioone. \u00dcldjuhul on nendes keeruline orienteeruda. Europe Direct on v\u00f5rgustik, mille liikmed saavad aidata leida vastuseid erinevatele k\u00fcsimustele, ehk nad aitavad EL-iga \u00fchenduses olla. Europe Direct keskused asuvad paljude Euroopa \u00fclikoolide ja &#8230;<\/p>\n","protected":false},"author":178,"featured_media":59,"parent":0,"menu_order":0,"comment_status":"closed","ping_status":"closed","template":"","meta":{"_acf_changed":false,"inline_featured_image":false,"footnotes":""},"class_list":["post-4","page","type-page","status-publish","has-post-thumbnail","hentry"],"acf":[],"_links":{"self":[{"href":"https:\/\/sisu.ut.ee\/euroinfo\/wp-json\/wp\/v2\/pages\/4","targetHints":{"allow":["GET"]}}],"collection":[{"href":"https:\/\/sisu.ut.ee\/euroinfo\/wp-json\/wp\/v2\/pages"}],"about":[{"href":"https:\/\/sisu.ut.ee\/euroinfo\/wp-json\/wp\/v2\/types\/page"}],"author":[{"embeddable":true,"href":"https:\/\/sisu.ut.ee\/euroinfo\/wp-json\/wp\/v2\/users\/178"}],"replies":[{"embeddable":true,"href":"https:\/\/sisu.ut.ee\/euroinfo\/wp-json\/wp\/v2\/comments?post=4"}],"version-history":[{"count":26,"href":"https:\/\/sisu.ut.ee\/euroinfo\/wp-json\/wp\/v2\/pages\/4\/revisions"}],"predecessor-version":[{"id":151,"href":"https:\/\/sisu.ut.ee\/euroinfo\/wp-json\/wp\/v2\/pages\/4\/revisions\/151"}],"wp:featuredmedia":[{"embeddable":true,"href":"https:\/\/sisu.ut.ee\/euroinfo\/wp-json\/wp\/v2\/media\/59"}],"wp:attachment":[{"href":"https:\/\/sisu.ut.ee\/euroinfo\/wp-json\/wp\/v2\/media?parent=4"}],"curies":[{"name":"wp","href":"https:\/\/api.w.org\/{rel}","templated":true}]}}