{"id":3,"date":"2024-04-04T05:13:38","date_gmt":"2024-04-04T02:13:38","guid":{"rendered":"https:\/\/sisu.ut.ee\/euroinfo\/avaleht\/"},"modified":"2026-03-26T16:35:05","modified_gmt":"2026-03-26T14:35:05","slug":"avaleht","status":"publish","type":"page","link":"https:\/\/sisu.ut.ee\/euroinfo\/","title":{"rendered":"Avaleht"},"content":{"rendered":"<h4 dir=\"ltr\"><span style=\"font-size: 26px;\">Tere tulemast!<\/span><\/h4>\n<p>Oleme Tartu \u00dclikooli raamatukogu meeskond, kelle eesm\u00e4rk on pakkuda Tartu ja Tartumaa elanikele usaldusv\u00e4\u00e4rset infot Euroopa Liidu kohta, edendada demokraatlikke v\u00e4\u00e4rtusi ning tugevdada meediap\u00e4devust ja teadlikku info kasutamist \u00fchiskonnas. Samuti soovime suurendada teadmisi ja oskusi, mis aitavad paremini m\u00f5ista Euroopa Liidu toimimist ja pakutavaid v\u00f5imalusi.<\/p>\n<p><strong>Ootame k\u00f5iki huvilisi k\u00fclastama Europe Direct keskust<\/strong> <strong>raamatukogu II korruse suures saalis,<\/strong> esitama infop\u00e4ringuid, kasutama meie tr\u00fckiseid ja digimaterjale ning osalema s\u00fcndmustel.<\/p>\n<p><strong>Teeme hea meelega koost\u00f6\u00f6d \u00f5petajate ja erinevate kogukondadega,<\/strong> et viia l\u00e4bi koolitusi, arutelusid ja \u00f5ppeprogramme nii raamatukogus kui v\u00e4ljaspool.<\/p>\n<p>Me j\u00e4tkame t\u00f6\u00f6d Euroopa dokumendikeskusena (EDK), mis alates 1992. aastast pakub ligip\u00e4\u00e4su ELi ametlikele dokumentidele ning toetab teadust ja \u00f5ppet\u00f6\u00f6d. Europe Direct Tartu ja EDK \u00fchendavad oma ressursse, et veelgi paremini toetada inimeste teadlikku osalust Euroopa tulevikus.<\/p>\n<h4>Kuidas saame abiks olla?<\/h4>\n<ul dir=\"ltr\">\n<li>Jagame teavet ELi seaduste, rahastusv\u00f5imaluste ning \u00f5pi-, praktika- ja t\u00f6\u00f6v\u00f5imaluste kohta Euroopas.\u00a0<\/li>\n<li>Vastame ELi teemalistele p\u00e4ringutele, mis v\u00f5ivad tulla nii eraisikutelt, \u00f5petajatelt, ettev\u00f5tjatelt kui ka mittetulundus\u00fchingutelt.<\/li>\n<li>Pakume ELi-teemalisi tr\u00fckiseid ja erinevaid digimaterjale.<\/li>\n<li>Korraldame tasuta koolitusi, t\u00f6\u00f6tubasid, loenguid ja arutelusid nii kohapeal kui koost\u00f6\u00f6partnerite juures, sh koolides ja kogukonnakeskustes.<\/li>\n<li>Levitame infot rahvusvaheliste projektikonkursside kohta.<\/li>\n<li>Toetame arutelusid Euroopa v\u00e4\u00e4rtuste ja tuleviku \u00fcle, kaasates erinevaid sihtr\u00fchmi.<\/li>\n<\/ul>\n<p>NB! Me ei saa pakkuda \u00f5igusabi ega t\u00f5lgendada ELi \u00f5igusakte.<\/p>\n<h4 dir=\"ltr\">Kus materjale leida?<\/h4>\n<ul dir=\"ltr\">\n<li>Europe Direct infopunkt asub raamatukogu II korruse suures saalis ning pakub lisaks tr\u00fckistele ka temaatilisi v\u00e4ljapanekuid, kohapealset n\u00f5ustamist, \u00f5ppematerjale ning teavet ELi-teemaliste s\u00fcndmuste ja koolituste kohta.<\/li>\n<li>Sellel veebilehel leiab viiteid <a style=\"font-size: revert;\" title=\"\" href=\"https:\/\/sisu.ut.ee\/euroinfo\/infoallikad\" target=\"_blank\" rel=\"noopener\" data-url=\"https:\/\/sisu.ut.ee\/euroinfo\/infoallikad\">elektroonilistele infoallikatele ja andmebaasidele<\/a><span style=\"font-size: revert;\">, mis on abiks erinevate dokumentide otsimisel.<\/span><\/li>\n<\/ul>\n<h4>Kust k\u00fcsida abi?<\/h4>\n<p>K\u00fcsimusi saab esitada e-posti aadressil <a href=\"mailto:euroinfo@ut.ee\">euroinfo@ut.ee,<\/a> helistades telefonil 737 5750 v\u00f5i kohtudes meiega raamatukogus kohapeal E-R kl 9-17.<\/p>\n<p>ELi alane eesti keelne info on k\u00e4ttesaadav ka <strong>tasuta telefonil 00 800 6789 1011<\/strong>.<\/p>\n<p><strong>Kontakt:<\/strong><br>Elena Sipria-Mironov<br>Projektijuht ja ED keskuse juhataja<br>tel (+372) 737 5750<br><a href=\"mailto:elena.sipria-mironov@ut.ee\">elena.sipria-mironov@ut.ee<\/a><\/p>\n<p>Sirli Maripuu<br>Infospetsialist ja n\u00f5ustaja<br><a href=\"mailto:sirli.maripuu@ut.ee\">sirli.maripuu@ut.ee<\/a><\/p>\n<p>T\u00dc raamatukogu<br>W.Struve 1<br>50091 Tartu<\/p>\n\n\n<p><\/p>\n","protected":false},"excerpt":{"rendered":"<p>Tere tulemast! Oleme Tartu \u00dclikooli raamatukogu meeskond, kelle eesm\u00e4rk on pakkuda Tartu ja Tartumaa elanikele usaldusv\u00e4\u00e4rset infot Euroopa Liidu kohta, edendada demokraatlikke v\u00e4\u00e4rtusi ning tugevdada meediap\u00e4devust ja teadlikku info kasutamist \u00fchiskonnas. Samuti soovime suurendada teadmisi ja oskusi, mis aitavad paremini &#8230;<\/p>\n","protected":false},"author":178,"featured_media":59,"parent":0,"menu_order":0,"comment_status":"closed","ping_status":"closed","template":"","meta":{"_acf_changed":false,"inline_featured_image":false,"footnotes":""},"class_list":["post-3","page","type-page","status-publish","has-post-thumbnail","hentry"],"acf":[],"_links":{"self":[{"href":"https:\/\/sisu.ut.ee\/euroinfo\/wp-json\/wp\/v2\/pages\/3","targetHints":{"allow":["GET"]}}],"collection":[{"href":"https:\/\/sisu.ut.ee\/euroinfo\/wp-json\/wp\/v2\/pages"}],"about":[{"href":"https:\/\/sisu.ut.ee\/euroinfo\/wp-json\/wp\/v2\/types\/page"}],"author":[{"embeddable":true,"href":"https:\/\/sisu.ut.ee\/euroinfo\/wp-json\/wp\/v2\/users\/178"}],"replies":[{"embeddable":true,"href":"https:\/\/sisu.ut.ee\/euroinfo\/wp-json\/wp\/v2\/comments?post=3"}],"version-history":[{"count":20,"href":"https:\/\/sisu.ut.ee\/euroinfo\/wp-json\/wp\/v2\/pages\/3\/revisions"}],"predecessor-version":[{"id":187,"href":"https:\/\/sisu.ut.ee\/euroinfo\/wp-json\/wp\/v2\/pages\/3\/revisions\/187"}],"wp:featuredmedia":[{"embeddable":true,"href":"https:\/\/sisu.ut.ee\/euroinfo\/wp-json\/wp\/v2\/media\/59"}],"wp:attachment":[{"href":"https:\/\/sisu.ut.ee\/euroinfo\/wp-json\/wp\/v2\/media?parent=3"}],"curies":[{"name":"wp","href":"https:\/\/api.w.org\/{rel}","templated":true}]}}