{"id":8,"date":"2024-04-04T07:18:16","date_gmt":"2024-04-04T04:18:16","guid":{"rendered":"https:\/\/sisu.ut.ee\/eurlex-iate\/eur-lexist-otsimine\/"},"modified":"2024-04-04T07:18:29","modified_gmt":"2024-04-04T04:18:29","slug":"eur-lexist-otsimine","status":"publish","type":"page","link":"https:\/\/sisu.ut.ee\/eurlex-iate\/eur-lexist-otsimine\/","title":{"rendered":"EUR-Lexist otsimine"},"content":{"rendered":"<p style=\"text-align: justify\">\n\t<span style=\"font-size:15px\"><div class=\"accordion mb-3\">\n        <div class=\"accordion-item accordion-item--white\">\n        <h2 class=\"accordion-header\" id=\"accordion-69dbb6c23b861-heading\">\n            <button class=\"accordion-button collapsed\" type=\"button\" data-bs-toggle=\"collapse\" data-bs-target=\"#accordion-69dbb6c23b861-collapse\" aria-expanded=\"true\" aria-controls=\"accordion-69dbb6c23b861-collapse\">Kiirotsing<\/button>\n        <\/h2>\n        <div id=\"accordion-69dbb6c23b861-collapse\" class=\"accordion-collapse collapse\" aria-labelledby=\"accordion-69dbb6c23b861-heading\">\n            <div class=\"accordion-body\">\n\n<p style=\"text-align: justify\">\n\t<span style=\"font-size: 15px\">Kiirotsingukast asub EUR-Lexi avalehe \u00fclaosas. Kui kl\u00f5psate otsingukasti sees v\u00f5i selle all oleval lingil <\/span>\u201e<span style=\"font-size: 15px\">N\u00f5uanded<\/span>\u201c<span style=\"font-size: 15px\">, kuvatakse n\u00e4pun\u00e4ited selle kohta, kuidas otsida t\u00e4pset fraasi v\u00f5i\u00a0otsingus\u00f5na variatsioone.<\/span><img loading=\"lazy\" decoding=\"async\" width=\"1419\" height=\"374\" class=\"alignnone wp-image-38\" style=\"width: 880px;height: 232px\" src=\"https:\/\/sisu.ut.ee\/wp-content\/uploads\/sites\/506\/kiirotsing_01.jpg\" title=\"kiirotsing_01.jpg\" alt=\"Kiirotsing EURLexis\" srcset=\"https:\/\/sisu.ut.ee\/wp-content\/uploads\/sites\/506\/kiirotsing_01.jpg 1419w, https:\/\/sisu.ut.ee\/wp-content\/uploads\/sites\/506\/kiirotsing_01-300x79.jpg 300w, https:\/\/sisu.ut.ee\/wp-content\/uploads\/sites\/506\/kiirotsing_01-1024x270.jpg 1024w, https:\/\/sisu.ut.ee\/wp-content\/uploads\/sites\/506\/kiirotsing_01-768x202.jpg 768w\" sizes=\"auto, (max-width: 1419px) 100vw, 1419px\"><span style=\"font-size:15px\"><strong>Jutum\u00e4rgid (\u201c\u201d):<\/strong> kui kirjutate otsingukasti mitu s\u00f5na ilma jutum\u00e4rkideta, siis otsitakse dokumente, milles need s\u00f5nad k\u00fcll esinevad, kuid mitte tingimata samas j\u00e4rjestuses, nagu otsingukasti kirjutatud, ega ka tingimata \u00fcksteise k\u00f5rval. Kui aga lisate otsitavale fraasile jutum\u00e4rgid, n\u00e4idatakse otsingutulemustes \u00fcksnes neid dokumente, milles esineb t\u00e4pselt jutum\u00e4rkide vahele j\u00e4\u00e4v fraas.<\/span>\n<\/p>\n<p style=\"text-align: justify\">\n\t<span style=\"font-size:15px\"><strong>T\u00e4rn (*):<\/strong> t\u00e4rni lisamisega otsingus\u00f5nale otsitakse k\u00f5iki selle variatsioone nii, et varieeruda saab t\u00e4rniga t\u00e4histatud osa. N\u00e4iteks\u00a0otsingu \u201eandme*\u201c\u00a0puhul, kui hiljem otsingutulemustes filtreerida v\u00e4lja \u00fcksnes dokumentide pealkirjad,\u00a0kuvatakse dokumendid, mille pealkirjadest v\u00f5ib leida s\u00f5nu\u00a0\u201eandmete\u201c,\u00a0\u201eandmetel\u201c,\u00a0\u201eandmebaaside\u201c,\u00a0\u201eandmekaitseinspektor\u201c jne.<\/span>\n<\/p>\n<p style=\"text-align: justify\">\n\t<span style=\"font-size:15px\"><strong>K\u00fcsim\u00e4rk (?):<\/strong> k\u00fcsim\u00e4rgiga saab asendada otsingus\u00f5nas \u00fche t\u00e4hem\u00e4rgi, et leida selle s\u00f5na variatsioone (nt leitakse otsingu \u201eca?e\u201c puhul nii s\u00f5na\u00a0\u201ecare\u201c kui ka s\u00f5na\u00a0\u201ecase\u201c sisaldavad tekstid) <\/span><\/p><\/div>\n        <\/div>\n        <\/div>\n    <\/div><\/span>\n<\/p>\n<p style=\"text-align: justify\">\n\t<span style=\"font-size:15px\"><div class=\"accordion mb-3\">\n        <div class=\"accordion-item accordion-item--white\">\n        <h2 class=\"accordion-header\" id=\"accordion-69dbb6c23b875-heading\">\n            <button class=\"accordion-button collapsed\" type=\"button\" data-bs-toggle=\"collapse\" data-bs-target=\"#accordion-69dbb6c23b875-collapse\" aria-expanded=\"true\" aria-controls=\"accordion-69dbb6c23b875-collapse\">T\u00e4ppisotsing<\/button>\n        <\/h2>\n        <div id=\"accordion-69dbb6c23b875-collapse\" class=\"accordion-collapse collapse\" aria-labelledby=\"accordion-69dbb6c23b875-heading\">\n            <div class=\"accordion-body\">T\u00e4ppisotsingu lehe avamiseks tuleb kl\u00f5psata otsingukasti all olevat linki <span>\u201eT\u00e4ppisotsing\u201c.<\/span>\n\n<p style=\"text-align: justify\">\n\t<img loading=\"lazy\" decoding=\"async\" width=\"574\" height=\"395\" class=\"alignnone wp-image-39\" style=\"width: 400px;height: 275px\" src=\"https:\/\/sisu.ut.ee\/wp-content\/uploads\/sites\/506\/eurlex_otsing.png\" title=\"eurlex_otsing.png\" alt=\"EURLexi t\u00e4ppisotsing\" srcset=\"https:\/\/sisu.ut.ee\/wp-content\/uploads\/sites\/506\/eurlex_otsing.png 574w, https:\/\/sisu.ut.ee\/wp-content\/uploads\/sites\/506\/eurlex_otsing-300x206.png 300w\" sizes=\"auto, (max-width: 574px) 100vw, 574px\">\n<\/p>\n<p style=\"text-align: justify\">\n\t<span style=\"font-size:15px\">Seej\u00e4rel avatakse paljude otsingukriteeriumidega leht, kus saate m\u00e4\u00e4rata oma otsingu jaoks n\u00e4iteks j\u00e4rgmised kriteeriumid:<\/span>\n<\/p>\n<ul>\n<li style=\"text-align: justify\">\n\t\t<span style=\"font-size:15px\">paranduste v\u00f5i konsolideeritud versioonide v\u00e4lja j\u00e4tmine;<\/span>\n\t<\/li>\n<li style=\"text-align: justify\">\n\t\t<span style=\"font-size:15px\">kogu v\u00f5i teemavaldkond;<\/span>\n\t<\/li>\n<li style=\"text-align: justify\">\n\t\t<span style=\"font-size:15px\">dokumendi autor;<\/span>\n\t<\/li>\n<li style=\"text-align: justify\">\n\t\t<span style=\"font-size:15px\">t\u00e4psem tekstiotsing otsis\u00f5nade v\u00e4listamisega v\u00f5i liitmisega;<\/span>\n\t<\/li>\n<li style=\"text-align: justify\">\n\t\t<span style=\"font-size:15px\">ainult teatavates keeltes k\u00e4ttesaadavad dokumendid.<\/span>\n\t<\/li>\n<\/ul>\n<p style=\"text-align: justify\">\n\t<span style=\"font-size:15px\">T\u00e4ppisotsingu lehel on ka t\u00e4psemad eestikeelsed otsingujuhised (kui vaatate EUR-Lexi saiti eesti keeles).<\/span><\/p><\/div>\n        <\/div>\n        <\/div>\n    <\/div><\/span>\n<\/p>\n<p style=\"text-align: justify\">\n\t<span style=\"font-size:15px\"><div class=\"accordion mb-3\">\n        <div class=\"accordion-item accordion-item--white\">\n        <h2 class=\"accordion-header\" id=\"accordion-69dbb6c23b879-heading\">\n            <button class=\"accordion-button collapsed\" type=\"button\" data-bs-toggle=\"collapse\" data-bs-target=\"#accordion-69dbb6c23b879-collapse\" aria-expanded=\"true\" aria-controls=\"accordion-69dbb6c23b879-collapse\">Otsing dokumendi numbri j\u00e4rgi<\/button>\n        <\/h2>\n        <div id=\"accordion-69dbb6c23b879-collapse\" class=\"accordion-collapse collapse\" aria-labelledby=\"accordion-69dbb6c23b879-heading\">\n            <div class=\"accordion-body\">Kui teate, millisel aastal ja millise numbriga konkreetne dokument Euroopa Liidu Teatajas avaldati, saate teha t\u00e4pse otsingu EUR-Lexi avalehel olevas kastis, kuhu saab sisestada aasta, dokumendinumbri ning valida dokumendliigi. N\u00e4iteks toodud pildil sisestatud andmetega leiate n\u00e4iteks Euroopa Parlamendi ja n\u00f5ukogu direktiivi 2011\/65\/EL, 8.\u00a0juuni 2011, teatavate ohtlike ainete kasutamise piiramise kohta elektri- ja elektroonikaseadmetes.\n\n<p style=\"text-align: justify\">\n\t<img loading=\"lazy\" decoding=\"async\" width=\"462\" height=\"232\" class=\"alignnone wp-image-40\" style=\"width: 400px;height: 201px\" src=\"https:\/\/sisu.ut.ee\/wp-content\/uploads\/sites\/506\/eurlex_otsing_nr.png\" title=\"eurlex_otsing_nr.png\" alt=\"EUR-Lexi otsing numbri j\u00e4rgi\" srcset=\"https:\/\/sisu.ut.ee\/wp-content\/uploads\/sites\/506\/eurlex_otsing_nr.png 462w, https:\/\/sisu.ut.ee\/wp-content\/uploads\/sites\/506\/eurlex_otsing_nr-300x151.png 300w\" sizes=\"auto, (max-width: 462px) 100vw, 462px\"><span style=\"font-size:15px\"><\/span><\/p><\/div>\n        <\/div>\n        <\/div>\n    <\/div><\/span><\/p>\n","protected":false},"excerpt":{"rendered":"<p>Kiirotsing Kiirotsingukast asub EUR-Lexi avalehe \u00fclaosas. Kui kl\u00f5psate otsingukasti sees v\u00f5i selle all oleval lingil \u201eN\u00f5uanded\u201c, kuvatakse n\u00e4pun\u00e4ited selle kohta, kuidas otsida t\u00e4pset fraasi v\u00f5i\u00a0otsingus\u00f5na variatsioone.Jutum\u00e4rgid (\u201c\u201d): kui kirjutate otsingukasti mitu s\u00f5na ilma jutum\u00e4rkideta, siis otsitakse dokumente, milles need s\u00f5nad &#8230;<\/p>\n","protected":false},"author":211,"featured_media":0,"parent":0,"menu_order":0,"comment_status":"closed","ping_status":"closed","template":"","meta":{"_acf_changed":false,"inline_featured_image":false,"footnotes":""},"class_list":["post-8","page","type-page","status-publish","hentry"],"acf":[],"_links":{"self":[{"href":"https:\/\/sisu.ut.ee\/eurlex-iate\/wp-json\/wp\/v2\/pages\/8","targetHints":{"allow":["GET"]}}],"collection":[{"href":"https:\/\/sisu.ut.ee\/eurlex-iate\/wp-json\/wp\/v2\/pages"}],"about":[{"href":"https:\/\/sisu.ut.ee\/eurlex-iate\/wp-json\/wp\/v2\/types\/page"}],"author":[{"embeddable":true,"href":"https:\/\/sisu.ut.ee\/eurlex-iate\/wp-json\/wp\/v2\/users\/211"}],"replies":[{"embeddable":true,"href":"https:\/\/sisu.ut.ee\/eurlex-iate\/wp-json\/wp\/v2\/comments?post=8"}],"version-history":[{"count":1,"href":"https:\/\/sisu.ut.ee\/eurlex-iate\/wp-json\/wp\/v2\/pages\/8\/revisions"}],"predecessor-version":[{"id":98,"href":"https:\/\/sisu.ut.ee\/eurlex-iate\/wp-json\/wp\/v2\/pages\/8\/revisions\/98"}],"wp:attachment":[{"href":"https:\/\/sisu.ut.ee\/eurlex-iate\/wp-json\/wp\/v2\/media?parent=8"}],"curies":[{"name":"wp","href":"https:\/\/api.w.org\/{rel}","templated":true}]}}