{"id":7,"date":"2024-04-04T07:18:16","date_gmt":"2024-04-04T04:18:16","guid":{"rendered":"https:\/\/sisu.ut.ee\/eurlex-iate\/otsimine\/"},"modified":"2024-04-04T07:18:29","modified_gmt":"2024-04-04T04:18:29","slug":"otsimine","status":"publish","type":"page","link":"https:\/\/sisu.ut.ee\/eurlex-iate\/otsimine\/","title":{"rendered":"IATEs terminite otsimine"},"content":{"rendered":"<p style=\"text-align: justify\">\n\t<span style=\"font-size:15px\"><div class=\"accordion mb-3\">\n        <div class=\"accordion-item accordion-item--white\">\n        <h2 class=\"accordion-header\" id=\"accordion-69dc114622364-heading\">\n            <button class=\"accordion-button collapsed\" type=\"button\" data-bs-toggle=\"collapse\" data-bs-target=\"#accordion-69dc114622364-collapse\" aria-expanded=\"true\" aria-controls=\"accordion-69dc114622364-collapse\">Standardotsing<\/button>\n        <\/h2>\n        <div id=\"accordion-69dc114622364-collapse\" class=\"accordion-collapse collapse\" aria-labelledby=\"accordion-69dc114622364-heading\">\n            <div class=\"accordion-body\">IATE esilehele (<a data-url=\"https:\/\/iate.europa.eu\/home\" href=\"https:\/\/iate.europa.eu\/home\" target=\"_blank\" title=\"\" rel=\"noopener\"><span style=\"color:#0000cd\">https:\/\/iate.europa.eu\/home<\/span><\/a><span style=\"font-size:15px\">) minnes kuvatakse otsingukast kohe lehe alguses. Enne otsingus\u00f5nade kasti tr\u00fckkimist tuleks otsingukasti alt valida l\u00e4htekeel(ed) ja sihtkeel(ed), n\u00e4iteks inglise (en) ja eesti keel (et):<\/span>\n\n<p style=\"text-align: justify\">\n\t<img loading=\"lazy\" decoding=\"async\" width=\"1790\" height=\"214\" class=\"alignnone wp-image-27\" style=\"width: 836px;height: 100px\" src=\"https:\/\/sisu.ut.ee\/wp-content\/uploads\/sites\/506\/sl_tl.jpg\" title=\"sl_tl.jpg\" alt=\"IATE l\u00e4htekeele ja sihtkeele valimine\" srcset=\"https:\/\/sisu.ut.ee\/wp-content\/uploads\/sites\/506\/sl_tl.jpg 1790w, https:\/\/sisu.ut.ee\/wp-content\/uploads\/sites\/506\/sl_tl-300x36.jpg 300w, https:\/\/sisu.ut.ee\/wp-content\/uploads\/sites\/506\/sl_tl-1024x122.jpg 1024w, https:\/\/sisu.ut.ee\/wp-content\/uploads\/sites\/506\/sl_tl-768x92.jpg 768w, https:\/\/sisu.ut.ee\/wp-content\/uploads\/sites\/506\/sl_tl-1536x184.jpg 1536w\" sizes=\"auto, (max-width: 1790px) 100vw, 1790px\">\n<\/p>\n<p style=\"text-align: justify\">\n\t<span style=\"font-size:15px\">Keeli t\u00e4histavate keelekoodide t\u00e4hendust vt <a data-url=\"https:\/\/sisu.ut.ee\/eurlex-iate\/keelekoodid\" href=\"https:\/\/sisu.ut.ee\/eurlex-iate\/keelekoodid\" target=\"_blank\" title=\"\" rel=\"noopener\"><span style=\"color:#0000ff\">siit<\/span><\/a>.<\/span>\u00a0<span style=\"font-size:15px\">T\u00e4hised \u201ela\u201c\u00a0ja \u201emul\u201c\u00a0on iga otsingu puhul vaikimisi valitud. Esimene neist (la) t\u00e4histab ladina keelt ja seda\u00a0kasutatakse peamiselt taksonoomias (taimede ja loomade teaduslike nimetuste puhul), samuti\u00a0\u00f5iguslike v\u00e4ljendite puhul ja muudel eesm\u00e4rkidel. Teine (mul) t\u00e4histab keelte\u00fclesust ning\u00a0seda kasutatakse selliste koodide ja valemite sisestamiseks, mis on k\u00f5igis keeltes \u00fchesugused (n\u00e4iteks CO<sub>2<\/sub>). Valida saab \u00fche l\u00e4htekeele (v\u00f5i kasutajakonto luues kuni kuus l\u00e4htekeelt) ning mis tahes arvu sihtkeeli. Oma eelistatud l\u00e4hte- ja sihtkeelevaliku saab kasutajakonto olemasolu puhul ka tulevikuks salvestada, et iga kord ei oleks seda valikut vaja uuesti teha (kasutajakonto loomise ja selle eeliste kohta vt asjakohast jaotist vasakmen\u00fc\u00fcst).<\/span>\n<\/p>\n<p style=\"text-align: justify\">\n\t<span style=\"font-size:15px\">Kui keeled on valitud ja hakkate otsingukasti s\u00f5nu sisestama, kuvatakse alates viiendast sisestatud t\u00e4hem\u00e4rgist soovitusi (kuigi soovitatud terminitele ei pruugi terminibaasis valitud sihtkeeles veel vastet olla):<\/span>\n<\/p>\n<p style=\"text-align: justify\">\n\t<img loading=\"lazy\" decoding=\"async\" width=\"571\" height=\"692\" class=\"alignnone wp-image-28\" style=\"width: 350px;height: 424px\" src=\"https:\/\/sisu.ut.ee\/wp-content\/uploads\/sites\/506\/search_iate.png\" title=\"search_iate.png\" alt=\"IATE otsingusoovitused\" srcset=\"https:\/\/sisu.ut.ee\/wp-content\/uploads\/sites\/506\/search_iate.png 571w, https:\/\/sisu.ut.ee\/wp-content\/uploads\/sites\/506\/search_iate-248x300.png 248w\" sizes=\"auto, (max-width: 571px) 100vw, 571px\">\n<\/p>\n<p style=\"text-align: justify\">\n\t<span style=\"font-size:15px\">Otsingukasti sisestatud s\u00f5nu otsitakse vaikimisi mis tahes osana v\u00f5imalikest vastetest, nt otsingus\u00f5nade\u00a0\u201eEuropean Act\u201c puhul kuvatakse otsingutulemustena nii\u00a0\u201eSingle European Act\u201c kui ka\u00a0\u201eEuropean Innovation Act\u201c ja\u00a0\u201eFinal Act of the European Energy Charter Conference\u201c.<\/span>\n<\/p>\n<p style=\"text-align: justify\">\n\t<span style=\"font-size:15px\"><strong>NB!<\/strong> Kui soovite otsida t\u00e4pse vastavusega (t\u00e4pselt sellise kirjapildiga ja s\u00f5naj\u00e4rjega terminit, nagu otsingukasti sisestate), tuleb kasutada laiendatud otsingu valikuid, sest otsingukastis ei saa (erinevalt EUR-Lexist) t\u00e4pseks otsinguks jutum\u00e4rke kasutada.<\/span>\n<\/p>\n<p style=\"text-align: justify\">\n\t<span style=\"font-size:15px\">Termineid saab otsida ka terminikaardi ID-numbri j\u00e4rgi. Kui sisestate otsingukasti numbrid, ilmub otsingukasti alla ka t\u00e4rniga valik, mille abil saab\u00a0t\u00e4psustada, kas otsitakse lihtsalt mis tahes numbrit (mille puhul peab t\u00e4rn olema t\u00fchi ja punase kriipsuga) v\u00f5i terminit selle konkreetse ID-numbri j\u00e4rgi (mille puhul peab t\u00e4rn olema siniseks m\u00e4rgitud:<\/span>\n<\/p>\n<p style=\"text-align: justify\">\n\t<img loading=\"lazy\" decoding=\"async\" width=\"323\" height=\"224\" class=\"alignnone wp-image-29\" style=\"width: 252px;height: 175px\" src=\"https:\/\/sisu.ut.ee\/wp-content\/uploads\/sites\/506\/iate_otsing_number_2.jpg\" title=\"iate_otsing_number_2.jpg\" alt=\"IATEs numbri j\u00e4rgi otsimine\" srcset=\"https:\/\/sisu.ut.ee\/wp-content\/uploads\/sites\/506\/iate_otsing_number_2.jpg 323w, https:\/\/sisu.ut.ee\/wp-content\/uploads\/sites\/506\/iate_otsing_number_2-300x208.jpg 300w\" sizes=\"auto, (max-width: 323px) 100vw, 323px\">\u00a0\n<\/p>\n<p style=\"text-align: justify\">\n\t<img loading=\"lazy\" decoding=\"async\" width=\"317\" height=\"175\" class=\"alignnone wp-image-31\" style=\"width: 252px;height: 139px\" src=\"https:\/\/sisu.ut.ee\/wp-content\/uploads\/sites\/506\/iate_otsing_number_t2rn.jpg\" title=\"iate_otsing_number_t2rn.jpg\" alt=\"IATEs numbri j\u00e4rgi otsimine\" srcset=\"https:\/\/sisu.ut.ee\/wp-content\/uploads\/sites\/506\/iate_otsing_number_t2rn.jpg 317w, https:\/\/sisu.ut.ee\/wp-content\/uploads\/sites\/506\/iate_otsing_number_t2rn-300x166.jpg 300w\" sizes=\"auto, (max-width: 317px) 100vw, 317px\">\n<\/p>\n<p style=\"text-align: justify\">\n\t<span style=\"font-size:15px\"><\/span><\/p><\/div>\n        <\/div>\n        <\/div>\n    <\/div><\/span>\n<\/p>\n<p style=\"text-align: justify\">\n\t<span style=\"font-size:15px\"><div class=\"accordion mb-3\">\n        <div class=\"accordion-item accordion-item--white\">\n        <h2 class=\"accordion-header\" id=\"accordion-69dc114622375-heading\">\n            <button class=\"accordion-button collapsed\" type=\"button\" data-bs-toggle=\"collapse\" data-bs-target=\"#accordion-69dc114622375-collapse\" aria-expanded=\"true\" aria-controls=\"accordion-69dc114622375-collapse\">Laiendatud otsing<\/button>\n        <\/h2>\n        <div id=\"accordion-69dc114622375-collapse\" class=\"accordion-collapse collapse\" aria-labelledby=\"accordion-69dc114622375-heading\">\n            <div class=\"accordion-body\">IATE laiendatud otsingu v\u00f5imalused kuvatakse siis, kui kl\u00f5psate otsingukasti all paremal nuppu <span>\u201e<\/span><span style=\"font-size:15px\">Ava laiendatud otsing<\/span><span>\u201c<\/span><span style=\"font-size:15px\">:<\/span>\n\n<p style=\"text-align: justify\">\n\t<img loading=\"lazy\" decoding=\"async\" width=\"225\" height=\"201\" class=\"alignnone wp-image-32\" style=\"width: 224px;height: 200px\" src=\"https:\/\/sisu.ut.ee\/wp-content\/uploads\/sites\/506\/iate_laiendatud.jpg\" title=\"iate_laiendatud.jpg\" alt=\"IATE laiendatud otsingu nupp\">\n<\/p>\n<p style=\"text-align: justify\">\n\t<span style=\"font-size:15px\">T\u00e4psustada saab seda, kui t\u00e4pse\u00a0vastavusega on otsingukasti sisestatu\u00a0j\u00e4rgi n\u00e4idatavad otsingutulemused, milliseid terminit\u00fc\u00fcpe otsitakse ning millistelt terminikaardi v\u00e4ljadelt otsitakse. T\u00e4psemaid selgitusi vt allpool.<\/span>\n<\/p>\n<p style=\"text-align: justify\">\n\t<img loading=\"lazy\" decoding=\"async\" width=\"364\" height=\"299\" class=\"alignnone wp-image-33\" style=\"width: 245px;height: 201px\" src=\"https:\/\/sisu.ut.ee\/wp-content\/uploads\/sites\/506\/iate_laiendatud_valikud.jpg\" title=\"iate_laiendatud_valikud.jpg\" alt=\"IATE laiendatud otsing\" srcset=\"https:\/\/sisu.ut.ee\/wp-content\/uploads\/sites\/506\/iate_laiendatud_valikud.jpg 364w, https:\/\/sisu.ut.ee\/wp-content\/uploads\/sites\/506\/iate_laiendatud_valikud-300x246.jpg 300w\" sizes=\"auto, (max-width: 364px) 100vw, 364px\">\n<\/p>\n<p style=\"text-align: justify\">\n\t<span style=\"font-size:15px\"><strong><u>Vastavus:<\/u>\u00a0<\/strong><\/span>\n<\/p>\n<ul>\n<li style=\"text-align: justify\">\n\t\t<span style=\"font-size:15px\"><strong>t\u00e4pne vastavus \u2013\u00a0<\/strong>otsitakse t\u00e4pselt neid t\u00e4hem\u00e4rke, mis otsingukasti sisestatakse, t\u00e4pselt sisestatud j\u00e4rjekorras;<\/span>\n\t<\/li>\n<li style=\"text-align: justify\">\n\t\t<span style=\"font-size:15px\"><strong>t\u00e4pne string \u2013\u00a0<\/strong>otsitakse t\u00e4pselt otsingukasti sisestatud s\u00f5nu<\/span>\n\t<\/li>\n<li style=\"text-align: justify\">\n\t\t<span style=\"font-size:15px\"><strong>k\u00f5ik s\u00f5nad \u2013<\/strong>\u00a0otsitakse k\u00f5iki otsingukasti sisestatud s\u00f5nu sisaldavaid termineid (otsitavad s\u00f5nad v\u00f5ivad esineda mis tahes j\u00e4rjekorras)<\/span>\n\t<\/li>\n<li style=\"text-align: justify\">\n\t\t<span style=\"font-size:15px\"><strong>osaline string \u2013<\/strong>\u00a0otsitakse otsingukasti sisestatud t\u00e4hem\u00e4rke osana pikemast stringist. <em><u><strong>N\u00e4ide:<\/strong><\/u><\/em>\u00a0ingliskeelse otsingu\u00a0<\/span><span>\u201ebook\u201c puhul kuvatakse otsingutulemustes muu hulgas s\u00f5nad\u00a0\u201ehandbook\u201c,\u00a0\u201elogbook\u201c ja\u00a0\u201eguidebook\u201c<\/span>\n\t<\/li>\n<\/ul>\n<p style=\"text-align: justify\">\n\t<span style=\"font-size:15px\">(kui loote IATE kasutajakonto ja logite sellesse sisse, on \u00fcks otsinguv\u00f5imalus ka \u201e<strong>mistahes s\u00f5na<\/strong>\u201c\u00a0\u2013 otsitakse termineid, mis sisaldavad v\u00e4hemalt \u00fcht otsingukasti sisestatud s\u00f5nadest)<\/span>\n<\/p>\n<p style=\"text-align: justify\">\n\t<u><strong><span style=\"font-size:15px\">Otsi terminit\u00fc\u00fcpide v\u00e4ljalt (l\u00e4htekeel):<\/span><\/strong><\/u><span style=\"font-size:15px\">\u00a0v\u00f5imaldab otsida konkreetset terminit\u00fc\u00fcpi v\u00f5i k\u00f5iki loetletud t\u00fc\u00fcpe, st<\/span>\n<\/p>\n<ul>\n<li style=\"text-align: justify\">\n\t\t<strong><span style=\"font-size: 15px\">termin<\/span><\/strong>\n\t<\/li>\n<li style=\"text-align: justify\">\n\t\t<strong><span style=\"font-size: 15px\">l\u00fchend<\/span><\/strong>\n\t<\/li>\n<li style=\"text-align: justify\">\n\t\t<strong><span style=\"font-size: 15px\">valem<\/span><\/strong>\n\t<\/li>\n<li style=\"text-align: justify\">\n\t\t<strong><span style=\"font-size: 15px\">fraas<\/span><\/strong>\n\t<\/li>\n<li style=\"text-align: justify\">\n\t\t<strong><span style=\"font-size: 15px\">l\u00fchivorm<\/span><\/strong>\n\t<\/li>\n<li style=\"text-align: justify\">\n\t\t<strong><span style=\"font-size: 15px\">viitem\u00e4rks\u00f5nad\u00a0<\/span><\/strong>\n\t<\/li>\n<li style=\"text-align: justify\">\n\t\t<strong><span style=\"font-size: 15px\">k\u00f5ik<\/span><\/strong>\n\t<\/li>\n<\/ul>\n<p style=\"text-align: justify\">\n\t<span style=\"font-size:15px\"><strong><em><u>N\u00e4ide:<\/u><\/em>\u00a0<\/strong>kui sisestada keelepaari inglise-eesti puhul otsingukasti t\u00e4hed\u00a0\u201eCO\u201c ja valida laiendatud otsingu suvanditest vastavuseks <\/span><span>\u201e<\/span><span style=\"font-size:15px\">t\u00e4pne vastavus<\/span><span>\u201c<\/span><span style=\"font-size:15px\"> ning terminit\u00fc\u00fcpide v\u00e4ljadel otsimise alt \u00fcksnes\u00a0\u201eL\u00fchend\u201c ja otsida \u00fcksnes termineid, mitte m\u00e4rkusi, kuvatakse tulemustena kolm terminit, mille ingliskeelne v\u00f5i keelte\u00fclene l\u00fchend on\u00a0<\/span><span>\u201eCO\u201c.<\/span>\n<\/p>\n<p style=\"text-align: justify\">\n\t<span style=\"font-size:15px\"><u><strong>Otsi v\u00e4ljadelt (l\u00e4htekeel):<\/strong><\/u>\u00a0v\u00f5imaldab otsida ainult termineid, terminite kohta kirjutatud m\u00e4rkuste ja kontekstina kirja pandud teksti hulgast v\u00f5i k\u00f5ikidelt nimetatud v\u00e4ljadelt, st<\/span>\n<\/p>\n<ul>\n<li style=\"text-align: justify\">\n\t\t<strong><span style=\"font-size:15px\">termin<\/span><\/strong>\n\t<\/li>\n<li style=\"text-align: justify\">\n\t\t<strong><span style=\"font-size:15px\">termini m\u00e4rkus<\/span><\/strong>\n\t<\/li>\n<li style=\"text-align: justify\">\n\t\t<strong><span style=\"font-size:15px\">termin kontekstiv\u00e4ljal\u00a0<\/span><\/strong>\n\t<\/li>\n<li style=\"text-align: justify\">\n\t\t<strong><span style=\"font-size:15px\">keeletasandi m\u00e4rkus\u00a0<\/span><\/strong>\n\t<\/li>\n<li style=\"text-align: justify\">\n\t\t<strong><span style=\"font-size:15px\">k\u00f5ik<\/span><\/strong>\n\t<\/li>\n<\/ul>\n<p style=\"text-align: justify\">\n\t<span style=\"font-size:15px\"><strong><em><u>N\u00e4ide:<\/u><\/em>\u00a0<\/strong>kui sisestada keelepaari eesti-inglise puhul otsingukasti s\u00f5na\u00a0\u201einim\u00f5iguste\u201c ning valida laiendatud otsingu suvanditest \u00fcksnes valikud\u00a0\u201etermini m\u00e4rkus\u201c,\u00a0\u201etermin kontekstiv\u00e4ljal\u201c ja\u00a0\u201ekeeletasandi m\u00e4rkus\u201c ning j\u00e4tta valik\u00a0\u201etermin\u201c m\u00e4rkimata, kuvatakse tulemustes otsitud s\u00f5na \u00fcksnes eri terminite kohta kirjutatud m\u00e4rkuste ning kontekstina antud teksti osana, seega kuvatakse erisugused terminid, mis on inim\u00f5igustega seotud, kuid mis terminina ei pruugi seda s\u00f5na sisaldada.<\/span>\n<\/p>\n<p style=\"text-align: justify\">\n\t<span style=\"font-size:15px\"><u><strong>Filtrid:<\/strong><\/u><\/span>\n<\/p>\n<p style=\"text-align: justify\">\n\t<span style=\"font-size:15px\">Otsitavaid termineid saab IATEs filtreerida termini valdkonna, kogude, valdaja, primaarsuse ning usaldusv\u00e4\u00e4rsuse j\u00e4rgi. Primaarsust ja usaldusv\u00e4\u00e4rsust filtreerivate valikute n\u00e4gemiseks tuleb kl\u00f5psata laiendatud otsingu valikute kasti all olevat nuppu\u00a0\u201eN\u00e4ita rohkem\u201c.<\/span>\n<\/p>\n<p style=\"text-align: justify\">\n\t<img loading=\"lazy\" decoding=\"async\" width=\"285\" height=\"434\" class=\"alignnone wp-image-34\" style=\"width: 181px;height: 275px\" src=\"https:\/\/sisu.ut.ee\/wp-content\/uploads\/sites\/506\/iate_filtrid.jpg\" title=\"iate_filtrid.jpg\" alt=\"IATE filtrid\" srcset=\"https:\/\/sisu.ut.ee\/wp-content\/uploads\/sites\/506\/iate_filtrid.jpg 285w, https:\/\/sisu.ut.ee\/wp-content\/uploads\/sites\/506\/iate_filtrid-197x300.jpg 197w\" sizes=\"auto, (max-width: 285px) 100vw, 285px\">\u00a0 \u00a0<img loading=\"lazy\" decoding=\"async\" width=\"383\" height=\"142\" class=\"alignnone wp-image-35\" style=\"width: 270px;height: 100px\" src=\"https:\/\/sisu.ut.ee\/wp-content\/uploads\/sites\/506\/iate_n2itarohkem.jpg\" title=\"iate_n2itarohkem.jpg\" alt=\"IATE - n\u00e4ita rohkem\" srcset=\"https:\/\/sisu.ut.ee\/wp-content\/uploads\/sites\/506\/iate_n2itarohkem.jpg 383w, https:\/\/sisu.ut.ee\/wp-content\/uploads\/sites\/506\/iate_n2itarohkem-300x111.jpg 300w\" sizes=\"auto, (max-width: 383px) 100vw, 383px\">\n<\/p>\n<p style=\"text-align: justify\">\n\t<span style=\"font-size:15px\">Valdkondade hulka kuuluvad n\u00e4iteks majandus, sotsiaalk\u00fcsimused, keskkond, energeetika jne, millest iga\u00fchel on ka alamvaldkonnad. Kui valite valdkonna selle nimel kl\u00f5psates, ilmub valdkondade nimekirja kohale ka nupp, millel kl\u00f5psates\u00a0saab valida, kas otsing tehakse ka alamvaldkondadest (\u201eOtsi ka alamvaldkondadest\u201c) v\u00f5i ainult nendest valdkondades, mille m\u00e4rkisite (\u201eOtsi \u00fcksnes kindlaksm\u00e4\u00e4ratud valdkondadest\u201c).<\/span>\n<\/p>\n<p style=\"text-align: justify\">\n\t<img loading=\"lazy\" decoding=\"async\" width=\"333\" height=\"66\" class=\"alignnone wp-image-36\" style=\"width: 278px;height: 55px\" src=\"https:\/\/sisu.ut.ee\/wp-content\/uploads\/sites\/506\/alamvaldkonnad.jpg\" title=\"alamvaldkonnad.jpg\" alt=\"IATE alamvaldkonnad\" srcset=\"https:\/\/sisu.ut.ee\/wp-content\/uploads\/sites\/506\/alamvaldkonnad.jpg 333w, https:\/\/sisu.ut.ee\/wp-content\/uploads\/sites\/506\/alamvaldkonnad-300x59.jpg 300w\" sizes=\"auto, (max-width: 333px) 100vw, 333px\">\n<\/p>\n<p style=\"text-align: justify\">\n\t<span style=\"font-size:15px\"><\/span><\/p><\/div>\n        <\/div>\n        <\/div>\n    <\/div><\/span><\/p>\n","protected":false},"excerpt":{"rendered":"<p>Standardotsing IATE esilehele (https:\/\/iate.europa.eu\/home) minnes kuvatakse otsingukast kohe lehe alguses. Enne otsingus\u00f5nade kasti tr\u00fckkimist tuleks otsingukasti alt valida l\u00e4htekeel(ed) ja sihtkeel(ed), n\u00e4iteks inglise (en) ja eesti keel (et): Keeli t\u00e4histavate keelekoodide t\u00e4hendust vt siit.\u00a0T\u00e4hised \u201ela\u201c\u00a0ja \u201emul\u201c\u00a0on iga otsingu puhul vaikimisi &#8230;<\/p>\n","protected":false},"author":211,"featured_media":0,"parent":0,"menu_order":0,"comment_status":"closed","ping_status":"closed","template":"","meta":{"_acf_changed":false,"inline_featured_image":false,"footnotes":""},"class_list":["post-7","page","type-page","status-publish","hentry"],"acf":[],"_links":{"self":[{"href":"https:\/\/sisu.ut.ee\/eurlex-iate\/wp-json\/wp\/v2\/pages\/7","targetHints":{"allow":["GET"]}}],"collection":[{"href":"https:\/\/sisu.ut.ee\/eurlex-iate\/wp-json\/wp\/v2\/pages"}],"about":[{"href":"https:\/\/sisu.ut.ee\/eurlex-iate\/wp-json\/wp\/v2\/types\/page"}],"author":[{"embeddable":true,"href":"https:\/\/sisu.ut.ee\/eurlex-iate\/wp-json\/wp\/v2\/users\/211"}],"replies":[{"embeddable":true,"href":"https:\/\/sisu.ut.ee\/eurlex-iate\/wp-json\/wp\/v2\/comments?post=7"}],"version-history":[{"count":1,"href":"https:\/\/sisu.ut.ee\/eurlex-iate\/wp-json\/wp\/v2\/pages\/7\/revisions"}],"predecessor-version":[{"id":99,"href":"https:\/\/sisu.ut.ee\/eurlex-iate\/wp-json\/wp\/v2\/pages\/7\/revisions\/99"}],"wp:attachment":[{"href":"https:\/\/sisu.ut.ee\/eurlex-iate\/wp-json\/wp\/v2\/media?parent=7"}],"curies":[{"name":"wp","href":"https:\/\/api.w.org\/{rel}","templated":true}]}}