{"id":3,"date":"2024-04-04T07:18:15","date_gmt":"2024-04-04T04:18:15","guid":{"rendered":"https:\/\/sisu.ut.ee\/eurlex-iate\/sissejuhatus\/"},"modified":"2024-04-19T10:24:50","modified_gmt":"2024-04-19T07:24:50","slug":"sissejuhatus","status":"publish","type":"page","link":"https:\/\/sisu.ut.ee\/eurlex-iate\/","title":{"rendered":"Sissejuhatus"},"content":{"rendered":"<p style=\"text-align: justify;\"><span style=\"font-size: 15px;\">Sellele \u00f5pivara lehele on koondatud n\u00e4pun\u00e4ited selle kohta, kuidas kasutada Euroopa Liidu (EL) terminibaasi IATE ning Euroopa Liidu \u00f5igusdokumentide andmebaasi EUR-Lex, mis m\u00f5lemad on olulised teabeallikad eelk\u00f5ige t\u00f5lkijatele, toimetajatele ja terminoloogidele, kes puutuvad kokku erisuguste Euroopa Liiduga seotud tekstidega, kuid mis on kasulikud ka kasutajatele muudest valdkondadest, kus puututakse kokku Euroopa Liidu aluslepingutega, ELi institutsioonide \u00f5igusaktidega, ELi kohtupraktikaga, rahvusvaheliste lepingutega ning ELi institutsioonides k\u00e4sitletavate mis tahes valdkondade terminoloogiaga.<\/span><\/p>\n<p style=\"text-align: justify;\"><span style=\"font-size: 15px;\">Lingid EUR-Lexi ja IATE esilehtedele (kl\u00f5psake piltidel):<\/span><\/p>\n<p style=\"text-align: justify;\"><a href=\"https:\/\/eur-lex.europa.eu\/homepage.html?locale=et\" target=\"_blank\" rel=\"noopener\"><img loading=\"lazy\" decoding=\"async\" class=\"alignnone wp-image-22\" src=\"https:\/\/sisu.ut.ee\/wp-content\/uploads\/sites\/506\/eurlex_esileht-1024x560.jpg\" alt=\"EUR-Lexi esileht\" width=\"500\" height=\"273\" srcset=\"https:\/\/sisu.ut.ee\/wp-content\/uploads\/sites\/506\/eurlex_esileht-1024x560.jpg 1024w, https:\/\/sisu.ut.ee\/wp-content\/uploads\/sites\/506\/eurlex_esileht-300x164.jpg 300w, https:\/\/sisu.ut.ee\/wp-content\/uploads\/sites\/506\/eurlex_esileht-768x420.jpg 768w, https:\/\/sisu.ut.ee\/wp-content\/uploads\/sites\/506\/eurlex_esileht-1536x840.jpg 1536w, https:\/\/sisu.ut.ee\/wp-content\/uploads\/sites\/506\/eurlex_esileht.jpg 1710w\" sizes=\"auto, (max-width: 500px) 100vw, 500px\"><\/a>\u00a0 \u00a0 \u00a0 \u00a0<a href=\"https:\/\/iate.europa.eu\/home\" target=\"_blank\" rel=\"noopener\"><img loading=\"lazy\" decoding=\"async\" class=\"alignnone wp-image-23\" style=\"width: 500px; height: 258px;\" title=\"iate_esileht_2.jpg\" src=\"https:\/\/sisu.ut.ee\/wp-content\/uploads\/sites\/506\/iate_esileht_2.jpg\" alt=\"IATE esileht\" width=\"500\" height=\"258\" srcset=\"https:\/\/sisu.ut.ee\/wp-content\/uploads\/sites\/506\/iate_esileht_2.jpg 1737w, https:\/\/sisu.ut.ee\/wp-content\/uploads\/sites\/506\/iate_esileht_2-300x155.jpg 300w, https:\/\/sisu.ut.ee\/wp-content\/uploads\/sites\/506\/iate_esileht_2-1024x528.jpg 1024w, https:\/\/sisu.ut.ee\/wp-content\/uploads\/sites\/506\/iate_esileht_2-768x396.jpg 768w, https:\/\/sisu.ut.ee\/wp-content\/uploads\/sites\/506\/iate_esileht_2-1536x792.jpg 1536w\" sizes=\"auto, (max-width: 500px) 100vw, 500px\"><\/a><\/p>\n<p style=\"text-align: justify;\"><span style=\"font-size: 15px;\">K\u00e4esoleva saidi men\u00fc\u00fcdes liikudes leiate t\u00e4psemad juhised selle kohta, kuidas ning millistes olukordades nii IATE kui ka EUR-Lexi funktsioone kasutada. Samuti saate p\u00e4rast materjalidega tutvumist enda teadmiste kontrollimiseks teha harjutusi ning sooritada teste. \u00d5pivara aluseks olevate m\u00f5ningate allikate, aga ka \u00fcldiselt huvi pakkuda v\u00f5ivate veebisaitide lingid on kogutud eraldi men\u00fc\u00fcjaotisesse. Juhul, kui andmebaasi ja terminibaasi funktsioonid v\u00f5i kasutusviis muutuvad v\u00f5i uuenevad, ajakohastatakse ka k\u00e4esolevat \u00f5pivara esimesel v\u00f5imalusel.<\/span><\/p>\n","protected":false},"excerpt":{"rendered":"<p>Sellele \u00f5pivara lehele on koondatud n\u00e4pun\u00e4ited selle kohta, kuidas kasutada Euroopa Liidu (EL) terminibaasi IATE ning Euroopa Liidu \u00f5igusdokumentide andmebaasi EUR-Lex, mis m\u00f5lemad on olulised teabeallikad eelk\u00f5ige t\u00f5lkijatele, toimetajatele ja terminoloogidele, kes puutuvad kokku erisuguste Euroopa Liiduga seotud tekstidega, kuid &#8230;<\/p>\n","protected":false},"author":211,"featured_media":0,"parent":0,"menu_order":0,"comment_status":"closed","ping_status":"closed","template":"","meta":{"_acf_changed":false,"inline_featured_image":false,"footnotes":""},"class_list":["post-3","page","type-page","status-publish","hentry"],"acf":[],"_links":{"self":[{"href":"https:\/\/sisu.ut.ee\/eurlex-iate\/wp-json\/wp\/v2\/pages\/3","targetHints":{"allow":["GET"]}}],"collection":[{"href":"https:\/\/sisu.ut.ee\/eurlex-iate\/wp-json\/wp\/v2\/pages"}],"about":[{"href":"https:\/\/sisu.ut.ee\/eurlex-iate\/wp-json\/wp\/v2\/types\/page"}],"author":[{"embeddable":true,"href":"https:\/\/sisu.ut.ee\/eurlex-iate\/wp-json\/wp\/v2\/users\/211"}],"replies":[{"embeddable":true,"href":"https:\/\/sisu.ut.ee\/eurlex-iate\/wp-json\/wp\/v2\/comments?post=3"}],"version-history":[{"count":5,"href":"https:\/\/sisu.ut.ee\/eurlex-iate\/wp-json\/wp\/v2\/pages\/3\/revisions"}],"predecessor-version":[{"id":112,"href":"https:\/\/sisu.ut.ee\/eurlex-iate\/wp-json\/wp\/v2\/pages\/3\/revisions\/112"}],"wp:attachment":[{"href":"https:\/\/sisu.ut.ee\/eurlex-iate\/wp-json\/wp\/v2\/media?parent=3"}],"curies":[{"name":"wp","href":"https:\/\/api.w.org\/{rel}","templated":true}]}}