{"id":20,"date":"2024-04-04T07:18:17","date_gmt":"2024-04-04T04:18:17","guid":{"rendered":"https:\/\/sisu.ut.ee\/eurlex-iate\/iate-kasutajakonto-loomine\/"},"modified":"2024-04-04T07:18:29","modified_gmt":"2024-04-04T04:18:29","slug":"iate-kasutajakonto-loomine","status":"publish","type":"page","link":"https:\/\/sisu.ut.ee\/eurlex-iate\/iate-kasutajakonto-loomine\/","title":{"rendered":"IATE kasutajakonto loomine"},"content":{"rendered":"<p>\n\t<span style=\"font-size:15px\">IATE kasutajakonto loomine on eelk\u00f5ige asjakohane neile, kes terminibaasi regulaarselt ja tihti kasutavad. Kasutajakonto olemasolu v\u00f5imaldab salvestada kasutajaeelistusi, j\u00e4rjehoidjaid ning viimaseid tehtud otsinguid. IATE kasutajakonto saate luua EU Logini teenusega, kui kl\u00f5psate IATE veebisaidil \u00fcleval paremas nurgas nuppu <\/span> <span>\u201e<\/span> <span style=\"font-size:15px\">Logi sisse<\/span><span>\u201c<\/span> <span style=\"font-size:15px\"> ning valite k\u00e4su <\/span> <span>\u201e<\/span><span style=\"font-size:15px\">Loo UUS konto EU Logini abil<\/span><span>\u201c<\/span> <span style=\"font-size:15px\"> (kui Teil juba on EU Logini konto, kl\u00f5psake lihtsalt k\u00e4sku <\/span> <span>\u201e<\/span><span style=\"font-size:15px\">Logi sisse EU Loginiga<\/span><span>\u201c<\/span><span style=\"font-size:15px\">).<\/span>\n<\/p>\n<p>\n\t<img loading=\"lazy\" decoding=\"async\" width=\"289\" height=\"294\" class=\"alignnone wp-image-43\" src=\"https:\/\/sisu.ut.ee\/wp-content\/uploads\/sites\/506\/iate7.png\" title=\"iate7.png\" alt=\"IATEsse sisse logimine\">\n<\/p>\n<p>\n\t<span style=\"font-size:15px\">Kui olete oma kontosse sisse loginud, kuvatakse otsingulehel nupud \u201eViimased otsingud\u201c ja \u201eJ\u00e4rjehoidjad\u201c ning\u00a0\u201eSalvestatud p\u00e4ringud\u201c, mis k\u00f5ik v\u00f5imaldavad kiiremini juba tehtud p\u00e4ringutele ligi p\u00e4\u00e4seda.<\/span>\n<\/p>\n<p>\n\t<img loading=\"lazy\" decoding=\"async\" width=\"547\" height=\"200\" class=\"alignnone wp-image-56\" style=\"width: 400px;height: 146px\" src=\"https:\/\/sisu.ut.ee\/wp-content\/uploads\/sites\/506\/iate12.png\" title=\"iate12.png\" alt=\"IATE viimased otsingud\" srcset=\"https:\/\/sisu.ut.ee\/wp-content\/uploads\/sites\/506\/iate12.png 547w, https:\/\/sisu.ut.ee\/wp-content\/uploads\/sites\/506\/iate12-300x110.png 300w\" sizes=\"auto, (max-width: 547px) 100vw, 547px\">\n<\/p>\n<p>\n\t<img loading=\"lazy\" decoding=\"async\" width=\"439\" height=\"231\" class=\"alignnone wp-image-57\" style=\"width: 400px;height: 210px\" src=\"https:\/\/sisu.ut.ee\/wp-content\/uploads\/sites\/506\/iate13.png\" title=\"iate13.png\" alt=\"IATE viimased otsingud nupud\" srcset=\"https:\/\/sisu.ut.ee\/wp-content\/uploads\/sites\/506\/iate13.png 439w, https:\/\/sisu.ut.ee\/wp-content\/uploads\/sites\/506\/iate13-300x158.png 300w\" sizes=\"auto, (max-width: 439px) 100vw, 439px\">\n<\/p>\n<p>\n\t<span style=\"font-size:15px\">Kui kl\u00f5psate IATE veebisaidi \u00fcleval paremas nurgas oma nimel, avaneb leht, kus saate m\u00e4\u00e4rata ka konto kasutajaeelistused. Seal saate muuta nii kasutajaliidese v\u00e4limust (v\u00e4rve) kui ka seda, millistes keeltes soovite otsingutulemusi n\u00e4ha, mitu tulemust peaks \u00fchel lehel kuvatama, kui \u00fcksikasjalikult soovite n\u00e4ha kirje t\u00e4isvaate lehte jms. Kui n\u00e4iteks otsingukeeled on kasutajaeelistuste aknas m\u00e4\u00e4ratud, ei ole edaspidi vaja enam IATEs otsingut tehes keelesuunda iga kord uuesti valida (peate vaid olema sisse logitud).<\/span>\n<\/p>\n<p>\n\t<img loading=\"lazy\" decoding=\"async\" width=\"928\" height=\"614\" class=\"alignnone wp-image-58\" style=\"width: 600px;height: 397px\" src=\"https:\/\/sisu.ut.ee\/wp-content\/uploads\/sites\/506\/iate11.png\" title=\"iate11.png\" alt=\"IATE kasutajaeelistused\" srcset=\"https:\/\/sisu.ut.ee\/wp-content\/uploads\/sites\/506\/iate11.png 928w, https:\/\/sisu.ut.ee\/wp-content\/uploads\/sites\/506\/iate11-300x198.png 300w, https:\/\/sisu.ut.ee\/wp-content\/uploads\/sites\/506\/iate11-768x508.png 768w\" sizes=\"auto, (max-width: 928px) 100vw, 928px\"><\/p>\n","protected":false},"excerpt":{"rendered":"<p>IATE kasutajakonto loomine on eelk\u00f5ige asjakohane neile, kes terminibaasi regulaarselt ja tihti kasutavad. Kasutajakonto olemasolu v\u00f5imaldab salvestada kasutajaeelistusi, j\u00e4rjehoidjaid ning viimaseid tehtud otsinguid. IATE kasutajakonto saate luua EU Logini teenusega, kui kl\u00f5psate IATE veebisaidil \u00fcleval paremas nurgas nuppu \u201e Logi &#8230;<\/p>\n","protected":false},"author":211,"featured_media":0,"parent":0,"menu_order":0,"comment_status":"closed","ping_status":"closed","template":"","meta":{"_acf_changed":false,"inline_featured_image":false,"footnotes":""},"class_list":["post-20","page","type-page","status-publish","hentry"],"acf":[],"_links":{"self":[{"href":"https:\/\/sisu.ut.ee\/eurlex-iate\/wp-json\/wp\/v2\/pages\/20","targetHints":{"allow":["GET"]}}],"collection":[{"href":"https:\/\/sisu.ut.ee\/eurlex-iate\/wp-json\/wp\/v2\/pages"}],"about":[{"href":"https:\/\/sisu.ut.ee\/eurlex-iate\/wp-json\/wp\/v2\/types\/page"}],"author":[{"embeddable":true,"href":"https:\/\/sisu.ut.ee\/eurlex-iate\/wp-json\/wp\/v2\/users\/211"}],"replies":[{"embeddable":true,"href":"https:\/\/sisu.ut.ee\/eurlex-iate\/wp-json\/wp\/v2\/comments?post=20"}],"version-history":[{"count":1,"href":"https:\/\/sisu.ut.ee\/eurlex-iate\/wp-json\/wp\/v2\/pages\/20\/revisions"}],"predecessor-version":[{"id":86,"href":"https:\/\/sisu.ut.ee\/eurlex-iate\/wp-json\/wp\/v2\/pages\/20\/revisions\/86"}],"wp:attachment":[{"href":"https:\/\/sisu.ut.ee\/eurlex-iate\/wp-json\/wp\/v2\/media?parent=20"}],"curies":[{"name":"wp","href":"https:\/\/api.w.org\/{rel}","templated":true}]}}