{"id":17,"date":"2024-04-04T07:18:17","date_gmt":"2024-04-04T04:18:17","guid":{"rendered":"https:\/\/sisu.ut.ee\/eurlex-iate\/mitmekeelne-dokumendivaade\/"},"modified":"2024-04-04T07:18:29","modified_gmt":"2024-04-04T04:18:29","slug":"mitmekeelne-dokumendivaade","status":"publish","type":"page","link":"https:\/\/sisu.ut.ee\/eurlex-iate\/mitmekeelne-dokumendivaade\/","title":{"rendered":"Mitmekeelne dokumendivaade"},"content":{"rendered":"<p>\n\t<span style=\"font-size:15px\">Kui olete EUR-Lexis teinud kas liht- v\u00f5i t\u00e4ppisotsingu ning otsingutulemuste lehel kl\u00f5psanud soovitud dokumendi nimel, avaneb vaade, kus saate n\u00e4ha dokumendi pealkirja ja viidet, selle teksti k\u00f5ikides keeltes nii HTLM-lehena kui ka PDF-failina, viiteid Euroopa Liidu Teataja tekstile ning eraldi kastikest, kus saate valida dokumendi teksti mitmekeelse kuva (pildil soovib kasutaja n\u00e4iteks vaadata otsitud direktiivi teksti nii eesti, inglise kui ka saksa keeles paralleelselt).<\/span>\n<\/p>\n<p>\n\t<img loading=\"lazy\" decoding=\"async\" width=\"844\" height=\"803\" class=\"alignnone wp-image-52\" style=\"width: 600px;height: 571px\" src=\"https:\/\/sisu.ut.ee\/wp-content\/uploads\/sites\/506\/eurlex_kuva.png\" title=\"eurlex_kuva.png\" alt=\"EUR-Lexi mitmekeelne kuva\" srcset=\"https:\/\/sisu.ut.ee\/wp-content\/uploads\/sites\/506\/eurlex_kuva.png 844w, https:\/\/sisu.ut.ee\/wp-content\/uploads\/sites\/506\/eurlex_kuva-300x285.png 300w, https:\/\/sisu.ut.ee\/wp-content\/uploads\/sites\/506\/eurlex_kuva-768x731.png 768w\" sizes=\"auto, (max-width: 844px) 100vw, 844px\">\n<\/p>\n<p>\n\t<span style=\"font-size:15px\">Kui olete soovitavad keeled rippmen\u00fc\u00fcdest valinud ning kl\u00f5psate nuppu \u201eKuva\u201d, n\u00e4idatakse dokumendi teksti valitud keeltes k\u00f5rvuti:<\/span>\n<\/p>\n<p>\n\t<img loading=\"lazy\" decoding=\"async\" width=\"1774\" height=\"411\" class=\"alignnone wp-image-53\" style=\"width: 750px;height: 174px\" src=\"https:\/\/sisu.ut.ee\/wp-content\/uploads\/sites\/506\/eurlex_kuva2.png\" title=\"eurlex_kuva2.png\" alt=\"EURLexi kuva k\u00f5rvuti\" srcset=\"https:\/\/sisu.ut.ee\/wp-content\/uploads\/sites\/506\/eurlex_kuva2.png 1774w, https:\/\/sisu.ut.ee\/wp-content\/uploads\/sites\/506\/eurlex_kuva2-300x70.png 300w, https:\/\/sisu.ut.ee\/wp-content\/uploads\/sites\/506\/eurlex_kuva2-1024x237.png 1024w, https:\/\/sisu.ut.ee\/wp-content\/uploads\/sites\/506\/eurlex_kuva2-768x178.png 768w, https:\/\/sisu.ut.ee\/wp-content\/uploads\/sites\/506\/eurlex_kuva2-1536x356.png 1536w\" sizes=\"auto, (max-width: 1774px) 100vw, 1774px\"><\/p>\n","protected":false},"excerpt":{"rendered":"<p>Kui olete EUR-Lexis teinud kas liht- v\u00f5i t\u00e4ppisotsingu ning otsingutulemuste lehel kl\u00f5psanud soovitud dokumendi nimel, avaneb vaade, kus saate n\u00e4ha dokumendi pealkirja ja viidet, selle teksti k\u00f5ikides keeltes nii HTLM-lehena kui ka PDF-failina, viiteid Euroopa Liidu Teataja tekstile ning eraldi &#8230;<\/p>\n","protected":false},"author":211,"featured_media":0,"parent":0,"menu_order":0,"comment_status":"closed","ping_status":"closed","template":"","meta":{"_acf_changed":false,"inline_featured_image":false,"footnotes":""},"class_list":["post-17","page","type-page","status-publish","hentry"],"acf":[],"_links":{"self":[{"href":"https:\/\/sisu.ut.ee\/eurlex-iate\/wp-json\/wp\/v2\/pages\/17","targetHints":{"allow":["GET"]}}],"collection":[{"href":"https:\/\/sisu.ut.ee\/eurlex-iate\/wp-json\/wp\/v2\/pages"}],"about":[{"href":"https:\/\/sisu.ut.ee\/eurlex-iate\/wp-json\/wp\/v2\/types\/page"}],"author":[{"embeddable":true,"href":"https:\/\/sisu.ut.ee\/eurlex-iate\/wp-json\/wp\/v2\/users\/211"}],"replies":[{"embeddable":true,"href":"https:\/\/sisu.ut.ee\/eurlex-iate\/wp-json\/wp\/v2\/comments?post=17"}],"version-history":[{"count":1,"href":"https:\/\/sisu.ut.ee\/eurlex-iate\/wp-json\/wp\/v2\/pages\/17\/revisions"}],"predecessor-version":[{"id":89,"href":"https:\/\/sisu.ut.ee\/eurlex-iate\/wp-json\/wp\/v2\/pages\/17\/revisions\/89"}],"wp:attachment":[{"href":"https:\/\/sisu.ut.ee\/eurlex-iate\/wp-json\/wp\/v2\/media?parent=17"}],"curies":[{"name":"wp","href":"https:\/\/api.w.org\/{rel}","templated":true}]}}