{"id":16,"date":"2024-04-04T07:18:17","date_gmt":"2024-04-04T04:18:17","guid":{"rendered":"https:\/\/sisu.ut.ee\/eurlex-iate\/iate-kasutamine-otse-tolkeabiprogrammis-sdl-trados-studio\/"},"modified":"2024-04-04T07:18:29","modified_gmt":"2024-04-04T04:18:29","slug":"iate-kasutamine-otse-tolkeabiprogrammis-sdl-trados-studio","status":"publish","type":"page","link":"https:\/\/sisu.ut.ee\/eurlex-iate\/iate-kasutamine-otse-tolkeabiprogrammis-sdl-trados-studio\/","title":{"rendered":"IATE kasutamine otse t\u00f5lkeabiprogrammis SDL Trados Studio"},"content":{"rendered":"<p>\n\t<span style=\"font-size:15px\">T\u00f5lkeabiprogrammis SDL Trados Studio on v\u00f5imalik kasutada IATE lisandmoodulit, mis v\u00f5imaldab IATE terminibaasi kasutada otse programmist ning mis on hea n\u00e4ide selle kohta, kuidas saab rakendada IATE API-d. Kui avada Trados Studios avakuval \u201eWelcome\u201c lingist \u201eSDL AppStore\u201c aken, mille kaudu on programmile v\u00f5imalik lisada erisuguseid lisandmooduleid, sisestada otsingukasti otsis\u00f5na \u201eIATE\u201c, siis kuvatakse kaks tulemust. Esimene on \u201eIATE Language Pairs\u201c, mis kujutab endast IATEst alla laaditud TBX-faile, mille \u00fcks kasutaja on tasu eest teistele Tradoses h\u00f5lpsaks kasutamiseks kohandanud. Teine tulemus on tasuta pakutav \u201eIATE Real-time Terminology\u201c, mis on aga otse seotud IATE andmebaasiga (st ei tugine teataval ajahetkel alla laaditud failidele, mis v\u00f5ivad olla aegunud, vaid toimib reaalajas otsinguna). Otsitulemuse nime k\u00f5rval saab Trados Studiosse paigaldamiseks kl\u00f5psata v\u00e4ikest allanoolega nuppu; kui lisandmoodul on paigaldatud, kuvatakse selle nime k\u00f5rval rohelist v\u00e4rvi tekst \u201eInstalled\u201c. P\u00e4rast Trados Studio taask\u00e4ivitamist on lisandmoodul kasutusvalmis.<\/span>\n<\/p>\n<p>\n\t<img loading=\"lazy\" decoding=\"async\" width=\"1265\" height=\"708\" class=\"alignnone wp-image-50\" style=\"width: 770px;height: 431px\" src=\"https:\/\/sisu.ut.ee\/wp-content\/uploads\/sites\/506\/iate9.png\" title=\"iate9.png\" alt=\"IATE lisandmoodul Trados Studios\" srcset=\"https:\/\/sisu.ut.ee\/wp-content\/uploads\/sites\/506\/iate9.png 1265w, https:\/\/sisu.ut.ee\/wp-content\/uploads\/sites\/506\/iate9-300x168.png 300w, https:\/\/sisu.ut.ee\/wp-content\/uploads\/sites\/506\/iate9-1024x573.png 1024w, https:\/\/sisu.ut.ee\/wp-content\/uploads\/sites\/506\/iate9-768x430.png 768w\" sizes=\"auto, (max-width: 1265px) 100vw, 1265px\">\n<\/p>\n<p>\n\t<span style=\"font-size:15px\"><span style=\"line-height:107%\">T\u00f5lkimise ajal saab seej\u00e4rel Trados Studios m\u00f5ne termini tekstis m\u00e4rgistada, teha sellel paremkl\u00f5ps ning valida paremkl\u00f5psumen\u00fc\u00fcst kas<\/span><\/span>\n<\/p>\n<ul>\n<li>\n\t\t<span style=\"font-size:15px\"><span style=\"line-height:107%\">\u201eSearch IATE (all)\u201c, mis teeb otsingu k\u00f5ikides IATEs olevates keeltes;<\/span><\/span>\n\t<\/li>\n<li>\n\t\t<span style=\"font-size:15px\"><span style=\"line-height:107%\">\u201eSearch IATE (source and target only)\u201c, mis teeb otsingu ainult konkreetse t\u00f5lkefaili keelesuunal.<\/span><\/span>\n\t<\/li>\n<\/ul>\n<p>\n\t<img loading=\"lazy\" decoding=\"async\" width=\"998\" height=\"640\" class=\"alignnone wp-image-51\" style=\"width: 650px;height: 417px\" src=\"https:\/\/sisu.ut.ee\/wp-content\/uploads\/sites\/506\/iate10.png\" title=\"iate10.png\" alt=\"Trados Studio IATE otsing\" srcset=\"https:\/\/sisu.ut.ee\/wp-content\/uploads\/sites\/506\/iate10.png 998w, https:\/\/sisu.ut.ee\/wp-content\/uploads\/sites\/506\/iate10-300x192.png 300w, https:\/\/sisu.ut.ee\/wp-content\/uploads\/sites\/506\/iate10-768x493.png 768w\" sizes=\"auto, (max-width: 998px) 100vw, 998px\">\n<\/p>\n<p>\n\t<span style=\"font-size:15px\">P\u00e4rast paremkl\u00f5psumen\u00fc\u00fcs soovitud k\u00e4su kl\u00f5psamist kuvatakse Trados Studios t\u00f5lgitavate segmentide k\u00f5rvale eraldi aken, kus on n\u00e4ha IATE otsingutulemusi (eespool oleval pildil paremkl\u00f5psumen\u00fc\u00fc taustal) samal kujul, nagu n\u00e4eksite neid internetibrauseris eraldi otsingut tehes.<\/span>\n<\/p>\n<p>\n\t<span style=\"font-size:15px\">Kui Trados Studios on tehtud n\u00e4htavaks ka programmi enda terminibaasiaken, kuvatakse seal reaalajas otsingutulemusi IATEst (kui seda ei takista m\u00f5ni tehniline t\u00f5rge, mida Trados Studio jaoks kasutajate poolt loodud lisandmoodulite puhul v\u00f5ib ette tulla).<\/span><\/p>\n","protected":false},"excerpt":{"rendered":"<p>T\u00f5lkeabiprogrammis SDL Trados Studio on v\u00f5imalik kasutada IATE lisandmoodulit, mis v\u00f5imaldab IATE terminibaasi kasutada otse programmist ning mis on hea n\u00e4ide selle kohta, kuidas saab rakendada IATE API-d. Kui avada Trados Studios avakuval \u201eWelcome\u201c lingist \u201eSDL AppStore\u201c aken, mille kaudu &#8230;<\/p>\n","protected":false},"author":211,"featured_media":0,"parent":0,"menu_order":0,"comment_status":"closed","ping_status":"closed","template":"","meta":{"_acf_changed":false,"inline_featured_image":false,"footnotes":""},"class_list":["post-16","page","type-page","status-publish","hentry"],"acf":[],"_links":{"self":[{"href":"https:\/\/sisu.ut.ee\/eurlex-iate\/wp-json\/wp\/v2\/pages\/16","targetHints":{"allow":["GET"]}}],"collection":[{"href":"https:\/\/sisu.ut.ee\/eurlex-iate\/wp-json\/wp\/v2\/pages"}],"about":[{"href":"https:\/\/sisu.ut.ee\/eurlex-iate\/wp-json\/wp\/v2\/types\/page"}],"author":[{"embeddable":true,"href":"https:\/\/sisu.ut.ee\/eurlex-iate\/wp-json\/wp\/v2\/users\/211"}],"replies":[{"embeddable":true,"href":"https:\/\/sisu.ut.ee\/eurlex-iate\/wp-json\/wp\/v2\/comments?post=16"}],"version-history":[{"count":1,"href":"https:\/\/sisu.ut.ee\/eurlex-iate\/wp-json\/wp\/v2\/pages\/16\/revisions"}],"predecessor-version":[{"id":90,"href":"https:\/\/sisu.ut.ee\/eurlex-iate\/wp-json\/wp\/v2\/pages\/16\/revisions\/90"}],"wp:attachment":[{"href":"https:\/\/sisu.ut.ee\/eurlex-iate\/wp-json\/wp\/v2\/media?parent=16"}],"curies":[{"name":"wp","href":"https:\/\/api.w.org\/{rel}","templated":true}]}}