{"id":15,"date":"2024-04-04T07:18:17","date_gmt":"2024-04-04T04:18:17","guid":{"rendered":"https:\/\/sisu.ut.ee\/eurlex-iate\/kokkuv6tted-s6nastik\/"},"modified":"2024-04-04T07:18:29","modified_gmt":"2024-04-04T04:18:29","slug":"kokkuv6tted-s6nastik","status":"publish","type":"page","link":"https:\/\/sisu.ut.ee\/eurlex-iate\/kokkuv6tted-s6nastik\/","title":{"rendered":"ELi \u00f5igusaktide kokkuv\u00f5tted ja kokkuv\u00f5tete s\u00f5nastik"},"content":{"rendered":"<p>\n\t<span style=\"font-size:15px\">EUR-Lexis on v\u00f5imalik lugeda ka l\u00fchikesi ja arusaadavaid selgitusi ELi peamiste \u00f5igusaktide kohta. Need kokkuv\u00f5tted on m\u00f5eldud laiemale \u00fcldsusele ning on k\u00e4ttesaadavad EUR-Lexi avalehelt jaotises \u201cELi \u00f5igus\u201d lingi \u201cELi \u00f5igusaktide kokkuv\u00f5tted\u201d alt:<\/span>\n<\/p>\n<p>\n\t<img loading=\"lazy\" decoding=\"async\" width=\"729\" height=\"609\" class=\"alignnone wp-image-48\" style=\"width: 500px;height: 418px\" src=\"https:\/\/sisu.ut.ee\/wp-content\/uploads\/sites\/506\/eurlex_kokkuvotted.png\" title=\"eurlex_kokkuvotted.png\" alt=\"EURLexi kokkuv\u00f5tted\" srcset=\"https:\/\/sisu.ut.ee\/wp-content\/uploads\/sites\/506\/eurlex_kokkuvotted.png 729w, https:\/\/sisu.ut.ee\/wp-content\/uploads\/sites\/506\/eurlex_kokkuvotted-300x251.png 300w\" sizes=\"auto, (max-width: 729px) 100vw, 729px\">\n<\/p>\n<p>\n\t<span style=\"font-size:15px\">Kui olete kokkuv\u00f5tete lehe avanud, saate vasakmen\u00fc\u00fcst kl\u00f5psata ka linki \u201cKokkuv\u00f5tete s\u00f5nastik\u201d, mis viib omakorda lehele, kus on s\u00f5nastikuvormis loetletud peamised ELi \u00f5igusaktidega seotud terminid:<\/span>\n<\/p>\n<p>\n\t<img loading=\"lazy\" decoding=\"async\" width=\"656\" height=\"568\" class=\"alignnone wp-image-49\" style=\"width: 400px;height: 346px\" src=\"https:\/\/sisu.ut.ee\/wp-content\/uploads\/sites\/506\/eurlex_kokkuvotted_s6nastik.png\" title=\"eurlex_kokkuvotted_s6nastik.png\" alt=\"EURLex_s6nastik\" srcset=\"https:\/\/sisu.ut.ee\/wp-content\/uploads\/sites\/506\/eurlex_kokkuvotted_s6nastik.png 656w, https:\/\/sisu.ut.ee\/wp-content\/uploads\/sites\/506\/eurlex_kokkuvotted_s6nastik-300x260.png 300w\" sizes=\"auto, (max-width: 656px) 100vw, 656px\"><\/p>\n","protected":false},"excerpt":{"rendered":"<p>EUR-Lexis on v\u00f5imalik lugeda ka l\u00fchikesi ja arusaadavaid selgitusi ELi peamiste \u00f5igusaktide kohta. Need kokkuv\u00f5tted on m\u00f5eldud laiemale \u00fcldsusele ning on k\u00e4ttesaadavad EUR-Lexi avalehelt jaotises \u201cELi \u00f5igus\u201d lingi \u201cELi \u00f5igusaktide kokkuv\u00f5tted\u201d alt: Kui olete kokkuv\u00f5tete lehe avanud, saate vasakmen\u00fc\u00fcst kl\u00f5psata &#8230;<\/p>\n","protected":false},"author":211,"featured_media":0,"parent":0,"menu_order":0,"comment_status":"closed","ping_status":"closed","template":"","meta":{"_acf_changed":false,"inline_featured_image":false,"footnotes":""},"class_list":["post-15","page","type-page","status-publish","hentry"],"acf":[],"_links":{"self":[{"href":"https:\/\/sisu.ut.ee\/eurlex-iate\/wp-json\/wp\/v2\/pages\/15","targetHints":{"allow":["GET"]}}],"collection":[{"href":"https:\/\/sisu.ut.ee\/eurlex-iate\/wp-json\/wp\/v2\/pages"}],"about":[{"href":"https:\/\/sisu.ut.ee\/eurlex-iate\/wp-json\/wp\/v2\/types\/page"}],"author":[{"embeddable":true,"href":"https:\/\/sisu.ut.ee\/eurlex-iate\/wp-json\/wp\/v2\/users\/211"}],"replies":[{"embeddable":true,"href":"https:\/\/sisu.ut.ee\/eurlex-iate\/wp-json\/wp\/v2\/comments?post=15"}],"version-history":[{"count":1,"href":"https:\/\/sisu.ut.ee\/eurlex-iate\/wp-json\/wp\/v2\/pages\/15\/revisions"}],"predecessor-version":[{"id":91,"href":"https:\/\/sisu.ut.ee\/eurlex-iate\/wp-json\/wp\/v2\/pages\/15\/revisions\/91"}],"wp:attachment":[{"href":"https:\/\/sisu.ut.ee\/eurlex-iate\/wp-json\/wp\/v2\/media?parent=15"}],"curies":[{"name":"wp","href":"https:\/\/api.w.org\/{rel}","templated":true}]}}