{"id":14,"date":"2024-04-04T07:18:17","date_gmt":"2024-04-04T04:18:17","guid":{"rendered":"https:\/\/sisu.ut.ee\/eurlex-iate\/celex\/"},"modified":"2024-04-04T07:18:29","modified_gmt":"2024-04-04T04:18:29","slug":"celex","status":"publish","type":"page","link":"https:\/\/sisu.ut.ee\/eurlex-iate\/celex\/","title":{"rendered":"CELEX"},"content":{"rendered":"<p>\n\t<span style=\"font-size:15px\">CELEXi number on kordumatu identifikaator, mis m\u00e4\u00e4ratakse suuremale osale EUR-Lexi dokumentidele s\u00f5ltumata nende keeleversioonist.<\/span>\n<\/p>\n<p>\n\t<span style=\"font-size:15px\">Selle numbri struktuuri tundmine aitab dokumente kiiremini otsida ja aru saada dokumentidevahelistest seostest.<\/span>\n<\/p>\n<p>\n\t<span style=\"font-size:15px\">CELEXi number koosneb neljast j\u00e4rgmisest osast:<\/span>\n<\/p>\n<p>\n\t<span style=\"font-size:15px\"><strong><u>Sektor.<\/u><\/strong> EUR-Lexi dokumendid on liigitatud 12 sektorisse:<\/span>\n<\/p>\n<ol>\n<li>\n\t\t<span style=\"font-size:15px\">aluslepingud<\/span>\n\t<\/li>\n<li>\n\t\t<span style=\"font-size:15px\">rahvusvahelised lepingud<\/span>\n\t<\/li>\n<li>\n\t\t<span style=\"font-size:15px\">\u00f5igusaktid<\/span>\n\t<\/li>\n<li>\n\t\t<span style=\"font-size:15px\">t\u00e4iendavad \u00f5igusaktid <\/span>\n\t<\/li>\n<li>\n\t\t<span style=\"font-size:15px\">ettevalmistavad dokumendid<\/span>\n\t<\/li>\n<li>\n\t\t<span style=\"font-size:15px\">ELi kohtupraktika<\/span>\n\t<\/li>\n<li>\n\t\t<span style=\"font-size:15px\">riiklikud \u00fclev\u00f5tmismeetmed <\/span>\n\t<\/li>\n<li>\n\t\t<span style=\"font-size:15px\">liikmesriikide kohtupraktika, mis on seotud ELi \u00f5igusega <\/span>\n\t<\/li>\n<li>\n\t\t<span style=\"font-size:15px\">parlamendi k\u00fcsimused <\/span>\n\t<\/li>\n<\/ol>\n<p>\n\t<span style=\"font-size:15px\">0 konsolideeritud tekstid <\/span>\n<\/p>\n<p>\n\t<span style=\"font-size:15px\">C muud Euroopa Liidu Teataja C-seerias avaldatud dokumendid <\/span>\n<\/p>\n<p>\n\t<span style=\"font-size:15px\">E EFTA dokumendid <\/span>\n<\/p>\n<p>\n\t<span style=\"font-size:15px\"><strong><u>Aasta.<\/u> <\/strong> Aastaarv CELEXi numbris v\u00f5ib viidata avaldamise aastale, ametlikule numbrile, sisenumbrile vmt.<\/span>\n<\/p>\n<p>\n\t<span style=\"font-size:15px\"><strong><u>Dokumendiliik. <\/u><\/strong>Dokumendiliikidel on oma tunnuskoodid, mis koosnevad \u00fchest v\u00f5i kahest t\u00e4hest. N\u00e4iteks direktiivide puhul on see t\u00e4ht L ja m\u00e4\u00e4ruste puhul R. T\u00e4ielikku dokumendiliikide loetelu vt <\/span><a data-url=\"https:\/\/eur-lex.europa.eu\/content\/tools\/TableOfSectors\/types_of_documents_in_eurlex.html\" href=\"https:\/\/eur-lex.europa.eu\/content\/tools\/TableOfSectors\/types_of_documents_in_eurlex.html\" target=\"_blank\" title=\"\" rel=\"noopener\">siit<\/a><span style=\"font-size:15px\">.<\/span>\n<\/p>\n<p>\n\t<span style=\"font-size:15px\"><strong><u>Dokumendi number.<\/u> <\/strong>Suurem osa<strong> <\/strong>CELEXi numbritest l\u00f5peb nelja arvuga, mis v\u00f5ivad n\u00e4idata erisugust teavet:<\/span>\n<\/p>\n<ul>\n<li>\n\t\t<span style=\"font-size:15px\">tegemist v\u00f5ib olla j\u00e4rjenumbriga, mille m\u00e4\u00e4rab Euroopa Liidu V\u00e4ljaannete Talitus ning mis n\u00e4itab, millal dokument Euroopa Liidu Teatajas avaldati;<\/span>\n\t<\/li>\n<li>\n\t\t<span style=\"font-size:15px\">tegemist v\u00f5ib olla sisenumbriga, mille m\u00e4\u00e4rab dokumendi autor, n\u00e4iteks Euroopa Komisjon;<\/span>\n\t<\/li>\n<li>\n\t\t<span style=\"font-size:15px\">CELEXi numbri viimased neli arvu v\u00f5ivad t\u00e4histada ka avaldamise kuud ja p\u00e4eva, millele j\u00e4rgneb sulgudes j\u00e4rjenumber, sest samal p\u00e4eval v\u00f5ib olla avaldatud sarnase numbriga dokumente.<\/span>\n\t<\/li>\n<\/ul>\n<p>\n\t<span style=\"font-size:15px\">CELEXi numbri j\u00e4rgi saab dokumente otsida EUR-Lexi avalehel selleks ette n\u00e4htud otsinguv\u00e4ljade kaudu (kohe dokumendinumbri j\u00e4rgi otsimise v\u00e4ljade all lehe paremal pool):<\/span>\n<\/p>\n<p>\n\t<img loading=\"lazy\" decoding=\"async\" width=\"477\" height=\"263\" class=\"alignnone wp-image-47\" style=\"width: 400px;height: 221px\" src=\"https:\/\/sisu.ut.ee\/wp-content\/uploads\/sites\/506\/celex.png\" title=\"celex.png\" alt=\"CELEXi numbri j\u00e4rgi otsimine EUR-Lexis\" srcset=\"https:\/\/sisu.ut.ee\/wp-content\/uploads\/sites\/506\/celex.png 477w, https:\/\/sisu.ut.ee\/wp-content\/uploads\/sites\/506\/celex-300x165.png 300w\" sizes=\"auto, (max-width: 477px) 100vw, 477px\">\n<\/p>\n<p>\n\t<span style=\"font-size:15px\">Samuti saab CELEXi numbri j\u00e4rgi dokumente otsida samasuguse v\u00e4lja kaudu t\u00e4ppisotsingu lehel.<\/span><\/p>\n","protected":false},"excerpt":{"rendered":"<p>CELEXi number on kordumatu identifikaator, mis m\u00e4\u00e4ratakse suuremale osale EUR-Lexi dokumentidele s\u00f5ltumata nende keeleversioonist. Selle numbri struktuuri tundmine aitab dokumente kiiremini otsida ja aru saada dokumentidevahelistest seostest. CELEXi number koosneb neljast j\u00e4rgmisest osast: Sektor. EUR-Lexi dokumendid on liigitatud 12 sektorisse: &#8230;<\/p>\n","protected":false},"author":211,"featured_media":0,"parent":0,"menu_order":0,"comment_status":"closed","ping_status":"closed","template":"","meta":{"_acf_changed":false,"inline_featured_image":false,"footnotes":""},"class_list":["post-14","page","type-page","status-publish","hentry"],"acf":[],"_links":{"self":[{"href":"https:\/\/sisu.ut.ee\/eurlex-iate\/wp-json\/wp\/v2\/pages\/14","targetHints":{"allow":["GET"]}}],"collection":[{"href":"https:\/\/sisu.ut.ee\/eurlex-iate\/wp-json\/wp\/v2\/pages"}],"about":[{"href":"https:\/\/sisu.ut.ee\/eurlex-iate\/wp-json\/wp\/v2\/types\/page"}],"author":[{"embeddable":true,"href":"https:\/\/sisu.ut.ee\/eurlex-iate\/wp-json\/wp\/v2\/users\/211"}],"replies":[{"embeddable":true,"href":"https:\/\/sisu.ut.ee\/eurlex-iate\/wp-json\/wp\/v2\/comments?post=14"}],"version-history":[{"count":1,"href":"https:\/\/sisu.ut.ee\/eurlex-iate\/wp-json\/wp\/v2\/pages\/14\/revisions"}],"predecessor-version":[{"id":92,"href":"https:\/\/sisu.ut.ee\/eurlex-iate\/wp-json\/wp\/v2\/pages\/14\/revisions\/92"}],"wp:attachment":[{"href":"https:\/\/sisu.ut.ee\/eurlex-iate\/wp-json\/wp\/v2\/media?parent=14"}],"curies":[{"name":"wp","href":"https:\/\/api.w.org\/{rel}","templated":true}]}}