{"id":13,"date":"2024-04-04T07:18:16","date_gmt":"2024-04-04T04:18:16","guid":{"rendered":"https:\/\/sisu.ut.ee\/eurlex-iate\/otsingutulemuste-vaatamine\/"},"modified":"2024-04-04T07:18:29","modified_gmt":"2024-04-04T04:18:29","slug":"otsingutulemuste-vaatamine","status":"publish","type":"page","link":"https:\/\/sisu.ut.ee\/eurlex-iate\/otsingutulemuste-vaatamine\/","title":{"rendered":"Otsingutulemuste vaatamine"},"content":{"rendered":"<p>\n\t<span style=\"font-size:15px\"><span style=\"line-height:107%\">Kui olete IATE esilehel soovitavad keeled valinud ning terminiotsingu teinud, kuvatakse otsingutulemuste leht. Siin otsis kasutaja n\u00e4iteks ingliskeelse termini <i>PV system <\/i>v\u00f5imalikke eestikeelseid vasteid. Otsingutulemuste aknas kuvatakse<\/span><\/span>\n<\/p>\n<ul>\n<li>\n\t\t<span style=\"font-size:15px\"><span style=\"line-height:107%\">leitud terminikaardid, millest igal on eristav IATE ID-number (n\u00e4ites 2207566);<\/span><\/span>\n\t<\/li>\n<li>\n\t\t<span style=\"font-size:15px\"><span style=\"line-height:107%\">termini ID-numbri k\u00f5rval kuvatakse t\u00e4rn, kui tegemist on primaarse terminiga, mis t\u00e4hendab seda, et termin on asjakohase m\u00f5iste puhul peamine ja vastab minimaalsetele kvaliteedin\u00f5uetele (n\u00e4iteks peab m\u00f5iste olema selgelt defineeritud v\u00e4hemalt ankurkeeles; ankurkeelest saate l\u00e4hemalt lugeda <\/span><\/span><a data-url=\"https:\/\/sisu.ut.ee\/eurlex-iate\/ankurkeel\" href=\"https:\/\/sisu.ut.ee\/eurlex-iate\/ankurkeel\" target=\"_blank\" title=\"\" rel=\"noopener\">siit<\/a><span style=\"font-size:15px\"><span style=\"line-height:107%\">);<\/span><\/span>\n\t<\/li>\n<li>\n\t\t<span style=\"font-size:15px\"><span style=\"line-height:107%\">iga terminikaardi puhul valdkond, millega termin on seotud (n\u00e4ites <\/span><i>electronics and electrical engineering <\/i><i><span style=\"line-height:107%\">[INDUSTRY]<\/span><\/i><span style=\"line-height:107%\">);<\/span><\/span>\n\t<\/li>\n<li>\n\t\t<span style=\"font-size:15px\"><span style=\"line-height:107%\">terminikaartide kaupa leitud ingliskeelsed terminid ja nende eestikeelsed vasted;<\/span><\/span>\n\t<\/li>\n<li>\n\t\t<span style=\"font-size:15px\"><span style=\"line-height:107%\">iga termini puhul nende usaldusv\u00e4\u00e4rsuse tase t\u00e4rnides (n\u00e4ites on \u00fcks eestikeelne vaste t\u00e4histatud kahe t\u00e4rniga ehk on minimaalse n\u00f5utava usaldusv\u00e4\u00e4rsusega; teine vaste on t\u00e4histatud kolme t\u00e4rniga ehk seda peetakse usaldusv\u00e4\u00e4rseks).<\/span><\/span>\n\t<\/li>\n<\/ul>\n<p>\n\t<img loading=\"lazy\" decoding=\"async\" width=\"1059\" height=\"403\" class=\"alignnone wp-image-45\" style=\"width: 720px;height: 274px\" src=\"https:\/\/sisu.ut.ee\/wp-content\/uploads\/sites\/506\/iate1.png\" title=\"iate1.png\" alt=\"IATE otsingutulemused\" srcset=\"https:\/\/sisu.ut.ee\/wp-content\/uploads\/sites\/506\/iate1.png 1059w, https:\/\/sisu.ut.ee\/wp-content\/uploads\/sites\/506\/iate1-300x114.png 300w, https:\/\/sisu.ut.ee\/wp-content\/uploads\/sites\/506\/iate1-1024x390.png 1024w, https:\/\/sisu.ut.ee\/wp-content\/uploads\/sites\/506\/iate1-768x292.png 768w\" sizes=\"auto, (max-width: 1059px) 100vw, 1059px\">\n<\/p>\n<p>\n\t<span style=\"font-size:15px\"><span style=\"line-height:107%\">Terminite usaldusv\u00e4\u00e4rsust t\u00e4histavate t\u00e4rnide k\u00f5rval on rida nuppe, mille abil saab avada j\u00e4rgmist teavet sisaldavad v\u00e4ljad (nupud vasakult paremale; nupu funktsioon kuvatakse siis, kui asetate kursori nupu kohale):<\/span><\/span>\n<\/p>\n<ul>\n<li>\n\t\t<span style=\"font-size:15px\"><span style=\"line-height:107%\">termini viide;<\/span><\/span>\n\t<\/li>\n<li>\n\t\t<span style=\"font-size:15px\"><span style=\"line-height:107%\">definitsioon;<\/span><\/span>\n\t<\/li>\n<li>\n\t\t<span style=\"font-size:15px\"><span style=\"line-height:107%\">termin kontekstiv\u00e4ljal;<\/span><\/span>\n\t<\/li>\n<li>\n\t\t<span style=\"font-size:15px\"><span style=\"line-height:107%\">lisainfo.<\/span><\/span>\n\t<\/li>\n<\/ul>\n<p>\n\t<img loading=\"lazy\" decoding=\"async\" width=\"607\" height=\"342\" class=\"alignnone wp-image-46\" src=\"https:\/\/sisu.ut.ee\/wp-content\/uploads\/sites\/506\/iate2.png\" title=\"iate2.png\" alt=\"Nupud IATE otsingutulemustes\" srcset=\"https:\/\/sisu.ut.ee\/wp-content\/uploads\/sites\/506\/iate2.png 607w, https:\/\/sisu.ut.ee\/wp-content\/uploads\/sites\/506\/iate2-300x169.png 300w\" sizes=\"auto, (max-width: 607px) 100vw, 607px\">\n<\/p>\n<p>\n\t<span style=\"font-size:15px\"><span style=\"line-height:107%\">Paremal asuvast \u00fcles- ja allanoolega nupuga \u201eLaienda\u201c saab avada k\u00f5ik eespool loetletud teabev\u00e4ljad korraga.<\/span><\/span>\n<\/p>\n<p>\n\t<span style=\"font-size:15px\"><span style=\"line-height:107%\">Nimetatud nuppude k\u00f5rval paremal olevas tulbas n\u00e4idatakse seda, milline ELi institutsiooni\/asutus on terminiandmete omanik (pildil viitab <\/span><\/span><span><span style=\"line-height:107%\">\u201e<\/span><\/span><span style=\"font-size:15px\"><span style=\"line-height:107%\">COM<\/span><\/span><span><span style=\"line-height:107%\">\u201c<\/span><\/span><span style=\"font-size:15px\"><span style=\"line-height:107%\"> Euroopa Komisjonile ning <\/span><\/span><span><span style=\"line-height:107%\">\u201e<\/span><\/span><span style=\"font-size:15px\"><span style=\"line-height:107%\">Consilium<\/span><\/span><span><span style=\"line-height:107%\">\u201c<\/span><\/span><span style=\"font-size:15px\"><span style=\"line-height:107%\"> Euroopa Liidu N\u00f5ukogule).<\/span><\/span>\n<\/p>\n<p>\n\t\u00a0<\/p>\n","protected":false},"excerpt":{"rendered":"<p>Kui olete IATE esilehel soovitavad keeled valinud ning terminiotsingu teinud, kuvatakse otsingutulemuste leht. Siin otsis kasutaja n\u00e4iteks ingliskeelse termini PV system v\u00f5imalikke eestikeelseid vasteid. Otsingutulemuste aknas kuvatakse leitud terminikaardid, millest igal on eristav IATE ID-number (n\u00e4ites 2207566); termini ID-numbri k\u00f5rval &#8230;<\/p>\n","protected":false},"author":211,"featured_media":0,"parent":0,"menu_order":0,"comment_status":"closed","ping_status":"closed","template":"","meta":{"_acf_changed":false,"inline_featured_image":false,"footnotes":""},"class_list":["post-13","page","type-page","status-publish","hentry"],"acf":[],"_links":{"self":[{"href":"https:\/\/sisu.ut.ee\/eurlex-iate\/wp-json\/wp\/v2\/pages\/13","targetHints":{"allow":["GET"]}}],"collection":[{"href":"https:\/\/sisu.ut.ee\/eurlex-iate\/wp-json\/wp\/v2\/pages"}],"about":[{"href":"https:\/\/sisu.ut.ee\/eurlex-iate\/wp-json\/wp\/v2\/types\/page"}],"author":[{"embeddable":true,"href":"https:\/\/sisu.ut.ee\/eurlex-iate\/wp-json\/wp\/v2\/users\/211"}],"replies":[{"embeddable":true,"href":"https:\/\/sisu.ut.ee\/eurlex-iate\/wp-json\/wp\/v2\/comments?post=13"}],"version-history":[{"count":1,"href":"https:\/\/sisu.ut.ee\/eurlex-iate\/wp-json\/wp\/v2\/pages\/13\/revisions"}],"predecessor-version":[{"id":93,"href":"https:\/\/sisu.ut.ee\/eurlex-iate\/wp-json\/wp\/v2\/pages\/13\/revisions\/93"}],"wp:attachment":[{"href":"https:\/\/sisu.ut.ee\/eurlex-iate\/wp-json\/wp\/v2\/media?parent=13"}],"curies":[{"name":"wp","href":"https:\/\/api.w.org\/{rel}","templated":true}]}}