{"id":116,"date":"2024-04-19T10:31:11","date_gmt":"2024-04-19T07:31:11","guid":{"rendered":"https:\/\/sisu.ut.ee\/eurlex-iate\/eur-lex-test\/"},"modified":"2024-04-19T10:31:11","modified_gmt":"2024-04-19T07:31:11","slug":"eur-lex-test","status":"publish","type":"page","link":"https:\/\/sisu.ut.ee\/eurlex-iate\/eur-lex-test\/","title":{"rendered":"EUR-Lex &#8211; test"},"content":{"rendered":"<div id=\"watupro_quiz\" class=\"quiz-area single-page-quiz\">\n<p id=\"submittingExam2\" style=\"display:none;text-align:center;\"><img loading=\"lazy\" decoding=\"async\" src=\"https:\/\/sisu.ut.ee\/wp-content\/plugins\/watupro\/img\/loading.gif\" width=\"16\" height=\"16\"><\/p>\n\n<div class=\"watupro-exam-description\" id=\"description-quiz-2\"><p>Vastake j\u00e4rgmistele k\u00fcsimustele, et kontrollida oma teadmisi andmebaasi EUR-Lex\u00a0kasutamise kohta.<\/p>\n<\/div>\n\n<form action=\"\" method=\"post\" class=\"quiz-form\" id=\"quiz-2\" enctype=\"multipart\/form-data\">\n<div class=\"watu-question \" id=\"question-1\" style=\";\"><div id=\"questionWrap-1\" class=\"   watupro-question-id-12\">\n\t\t\t<div class=\"question-content\"><div>Millises vormis saab EUR-Lexi kasutaja selle andmebaasis\u00a0olevaid dokumente EUR-Lexi portaalis lugeda?<\/div><input type=\"hidden\" name=\"question_id[]\" id=\"qID_1\" value=\"12\" class=\"watupro-question-id\"><input type=\"hidden\" id=\"answerType12\" class=\"answerTypeCnt1\" value=\"checkbox\"><!-- end question-content--><\/div><div class=\"question-choices watupro-choices-columns \" id=\"questionChoices12\"><div class=\"watupro-question-choice  \" dir=\"auto\"><input type=\"checkbox\" name=\"answer-12[]\" id=\"answer-id-36\" class=\"answer   answerof-12 \" value=\"36\"><label for=\"answer-id-36\" id=\"answer-label-36\" class=\" answer\"><span><p>HTML-vormingus<\/p><\/span><\/label><\/div><div class=\"watupro-question-choice  \" dir=\"auto\"><input type=\"checkbox\" name=\"answer-12[]\" id=\"answer-id-37\" class=\"answer   answerof-12 \" value=\"37\"><label for=\"answer-id-37\" id=\"answer-label-37\" class=\" answer\"><span><p>PDF-failidena<\/p><\/span><\/label><\/div><div class=\"watupro-question-choice  \" dir=\"auto\"><input type=\"checkbox\" name=\"answer-12[]\" id=\"answer-id-38\" class=\"answer   answerof-12 \" value=\"38\"><label for=\"answer-id-38\" id=\"answer-label-38\" class=\" answer\"><span><p>DOCX-tekstidokumendina<\/p><\/span><\/label><\/div><div class=\"watupro-question-choice  \" dir=\"auto\"><input type=\"checkbox\" name=\"answer-12[]\" id=\"answer-id-39\" class=\"answer   answerof-12 \" value=\"39\"><label for=\"answer-id-39\" id=\"answer-label-39\" class=\" answer\"><span><p>Mitmekeelse dokumenivaate vormis, kus EUR-Lexis kuvatakse dokumendi tekst mitmes keeles k\u00f5rvuti asetsevate tulpadena<\/p><\/span><\/label><\/div><!-- end question-choices--><\/div><!-- end questionWrap--><\/div><\/div><div class=\"watu-question \" id=\"question-2\" style=\";\"><div id=\"questionWrap-2\" class=\"   watupro-question-id-9\">\n\t\t\t<div class=\"question-content\"><div><p>EUR-Lexi veebiportaali eesm\u00e4rk on anda laialdane juurdep\u00e4\u00e4s Euroopa Liidu \u00f5igusdokumentidele\u00a0k\u00f5igis ELi 24 ametlikus keeles.<\/p><\/div><input type=\"hidden\" name=\"question_id[]\" id=\"qID_2\" value=\"9\" class=\"watupro-question-id\"><input type=\"hidden\" id=\"answerType9\" class=\"answerTypeCnt2\" value=\"radio\"><!-- end question-content--><\/div><div class=\"question-choices watupro-choices-columns \" id=\"questionChoices9\"><div class=\"watupro-question-choice  \" dir=\"auto\"><input type=\"radio\" name=\"answer-9[]\" id=\"answer-id-25\" class=\"answer   answerof-9 \" value=\"25\"><label for=\"answer-id-25\" id=\"answer-label-25\" class=\" answer\"><span>True<\/span><\/label><\/div><div class=\"watupro-question-choice  \" dir=\"auto\"><input type=\"radio\" name=\"answer-9[]\" id=\"answer-id-26\" class=\"answer   answerof-9 \" value=\"26\"><label for=\"answer-id-26\" id=\"answer-label-26\" class=\" answer\"><span>False<\/span><\/label><\/div><!-- end question-choices--><\/div><!-- end questionWrap--><\/div><\/div><div class=\"watu-question \" id=\"question-3\" style=\";\"><div id=\"questionWrap-3\" class=\"   watupro-question-id-10\">\n\t\t\t<div class=\"question-content\"><div>EUR-Lexi kaudu saate juurdep\u00e4\u00e4su j\u00e4rgmistele tekstidele (m\u00e4rkige k\u00f5ik, mis on \u00f5iged):<\/div><input type=\"hidden\" name=\"question_id[]\" id=\"qID_3\" value=\"10\" class=\"watupro-question-id\"><input type=\"hidden\" id=\"answerType10\" class=\"answerTypeCnt3\" value=\"checkbox\"><!-- end question-content--><\/div><div class=\"question-choices watupro-choices-columns \" id=\"questionChoices10\"><div class=\"watupro-question-choice  \" dir=\"auto\"><input type=\"checkbox\" name=\"answer-10[]\" id=\"answer-id-27\" class=\"answer   answerof-10 \" value=\"27\"><label for=\"answer-id-27\" id=\"answer-label-27\" class=\" answer\"><span><p>Aluslepingud<\/p><\/span><\/label><\/div><div class=\"watupro-question-choice  \" dir=\"auto\"><input type=\"checkbox\" name=\"answer-10[]\" id=\"answer-id-28\" class=\"answer   answerof-10 \" value=\"28\"><label for=\"answer-id-28\" id=\"answer-label-28\" class=\" answer\"><span><p>ELi institutsioonide \u00f5igusaktid<\/p><\/span><\/label><\/div><div class=\"watupro-question-choice  \" dir=\"auto\"><input type=\"checkbox\" name=\"answer-10[]\" id=\"answer-id-29\" class=\"answer   answerof-10 \" value=\"29\"><label for=\"answer-id-29\" id=\"answer-label-29\" class=\" answer\"><span><p>ELi kohtupraktika<\/p><\/span><\/label><\/div><div class=\"watupro-question-choice  \" dir=\"auto\"><input type=\"checkbox\" name=\"answer-10[]\" id=\"answer-id-30\" class=\"answer   answerof-10 \" value=\"30\"><label for=\"answer-id-30\" id=\"answer-label-30\" class=\" answer\"><span><p>NATO dokumendid<\/p><\/span><\/label><\/div><div class=\"watupro-question-choice  \" dir=\"auto\"><input type=\"checkbox\" name=\"answer-10[]\" id=\"answer-id-31\" class=\"answer   answerof-10 \" value=\"31\"><label for=\"answer-id-31\" id=\"answer-label-31\" class=\" answer\"><span><p>EFTA dokumendid<\/p><\/span><\/label><\/div><div class=\"watupro-question-choice  \" dir=\"auto\"><input type=\"checkbox\" name=\"answer-10[]\" id=\"answer-id-32\" class=\"answer   answerof-10 \" value=\"32\"><label for=\"answer-id-32\" id=\"answer-label-32\" class=\" answer\"><span><p>K\u00f5ikide ELi liikmesriikide k\u00f5ik seadused<\/p><\/span><\/label><\/div><!-- end question-choices--><\/div><!-- end questionWrap--><\/div><\/div><div class=\"watu-question \" id=\"question-4\" style=\";\"><div id=\"questionWrap-4\" class=\"   watupro-question-id-11\">\n\t\t\t<div class=\"question-content\"><div>Kasutaja soovib leida EUR-Lexist j\u00e4rgmise dokumendi:\u00a0Euroopa Parlamendi ja n\u00f5ukogu direktiivi 2011\/65\/EL, 8.\u00a0juuni 2011, teatavate ohtlike ainete kasutamise piiramise kohta elektri- ja elektroonikaseadmetes. Millised otsingumeetodid viivad ta k\u00f5ige t\u00f5en\u00e4olisemalt ja kiiremini \u00f5ige dokumendini (valige k\u00f5ik sobivad variandid)?<\/div><input type=\"hidden\" name=\"question_id[]\" id=\"qID_4\" value=\"11\" class=\"watupro-question-id\"><input type=\"hidden\" id=\"answerType11\" class=\"answerTypeCnt4\" value=\"checkbox\"><!-- end question-content--><\/div><div class=\"question-choices watupro-choices-columns \" id=\"questionChoices11\"><div class=\"watupro-question-choice  \" dir=\"auto\"><input type=\"checkbox\" name=\"answer-11[]\" id=\"answer-id-33\" class=\"answer   answerof-11 \" value=\"33\"><label for=\"answer-id-33\" id=\"answer-label-33\" class=\" answer\"><span><p>Kasutaja sisestab EUR-Lexi avalehe paremal poolel kasti \"Otsing dokumendi numbri j\u00e4rgi\" aastaarvu lahtrisse 2011 ning numbri lahtrisse 65 ja valib dokumendiliigi rippmen\u00fc\u00fcst \"Direktiiv\".<\/p><\/span><\/label><\/div><div class=\"watupro-question-choice  \" dir=\"auto\"><input type=\"checkbox\" name=\"answer-11[]\" id=\"answer-id-34\" class=\"answer   answerof-11 \" value=\"34\"><label for=\"answer-id-34\" id=\"answer-label-34\" class=\" answer\"><span><p>Kasutaja sisestab\u00a0EUR-Lexi avalehe \u00fclaosas olevasse kiirotsingulahtrisse jutum\u00e4rkides otsingufraasi \"8. juuni 2011. aasta direktiiv\".<\/p><\/span><\/label><\/div><div class=\"watupro-question-choice  \" dir=\"auto\"><input type=\"checkbox\" name=\"answer-11[]\" id=\"answer-id-35\" class=\"answer   answerof-11 \" value=\"35\"><label for=\"answer-id-35\" id=\"answer-label-35\" class=\" answer\"><span><p>Kasutaja sisestab EUR-Lexi avalehe \u00fclaosas olevasse kiirotsingulahtrisse jutum\u00e4rkides otsingufraasi \"teatavate ohtlike ainete kasutamise piiramise kohta elektri- ja elektroonikaseadmetes\".<\/p><\/span><\/label><\/div><!-- end question-choices--><\/div><!-- end questionWrap--><\/div><\/div><div style=\"display:none\" id=\"question-5\">\n\t<div class=\"question-content\">\n\t\t<img loading=\"lazy\" decoding=\"async\" src=\"https:\/\/sisu.ut.ee\/wp-content\/plugins\/watupro\/img\/loading.gif\" width=\"16\" height=\"16\" alt=\"Loading...\" title=\"Loading...\">\u00a0Loading...\t<\/div>\n<\/div>\n\n<br>\n\t\n\t\t\t<div class=\"watupro_buttons flex \" id=\"watuPROButtons2\">\n\t\t  <div id=\"prev-question\" style=\"display:none;\"><input type=\"button\" value=\"&lt; Previous\" onclick=\"WatuPRO.nextQuestion(event, 'previous');\"><\/div>\t\t  \t\t  \t\t   \n\t\t   \t  \t\t<div><input type=\"button\" name=\"action\" class=\"watupro-submit-button\" onclick=\"WatuPRO.submitResult(event)\" id=\"action-button\" value=\"Vaata tulemust\">\n\t\t<\/div>\n\t\t<\/div>\n\t\t\n\t<input type=\"hidden\" name=\"quiz_id\" value=\"2\" id=\"watuPROExamID\">\n\t<input type=\"hidden\" name=\"start_time\" id=\"startTime\" value=\"2026-04-12 16:39:48\">\n\t<input type=\"hidden\" name=\"start_timestamp\" id=\"startTimeStamp\" value=\"1776011988\">\n\t<input type=\"hidden\" name=\"question_ids\" value=\"\">\n\t<input type=\"hidden\" name=\"watupro_questions\" value=\"12:36,37,38,39 | 9:25,26 | 10:27,28,29,30,31,32 | 11:33,34,35\">\n\t<input type=\"hidden\" name=\"no_ajax\" value=\"0\">\t\t\t<\/form>\n\t<p>\u00a0<\/p>\n<\/div>\n\n<script type=\"text\/javascript\">\n\/\/jQuery(document).ready(function(){\ndocument.addEventListener(\"DOMContentLoaded\", function(event) { \t\nvar question_ids = \"12,9,10,11\";\nWatuPROSettings[2] = {};\nWatuPRO.qArr = question_ids.split(',');\nWatuPRO.exam_id = 2;\t    \nWatuPRO.post_id = 116;\nWatuPRO.store_progress = 0;\nWatuPRO.curCatPage = 1;\nWatuPRO.requiredIDs=\"0\".split(\",\");\nWatuPRO.hAppID = \"0.52157000 1776001188\";\nvar url = \"https:\/\/sisu.ut.ee\/wp-content\/plugins\/watupro\/show_exam.php\";\nWatuPRO.examMode = 1;\nWatuPRO.siteURL=\"https:\/\/sisu.ut.ee\/eurlex-iate\/wp-admin\/admin-ajax.php\";\nWatuPRO.emailIsNotRequired = 0;\nWatuPRO.perDecade = 10;\nWatuPROIntel.init(2);\nWatuPRO.inCategoryPages=1;});    \t \n<\/script>\n\n","protected":false},"excerpt":{"rendered":"","protected":false},"author":76,"featured_media":0,"parent":0,"menu_order":0,"comment_status":"closed","ping_status":"closed","template":"","meta":{"_acf_changed":false,"inline_featured_image":false,"footnotes":""},"class_list":["post-116","page","type-page","status-publish","hentry"],"acf":[],"_links":{"self":[{"href":"https:\/\/sisu.ut.ee\/eurlex-iate\/wp-json\/wp\/v2\/pages\/116","targetHints":{"allow":["GET"]}}],"collection":[{"href":"https:\/\/sisu.ut.ee\/eurlex-iate\/wp-json\/wp\/v2\/pages"}],"about":[{"href":"https:\/\/sisu.ut.ee\/eurlex-iate\/wp-json\/wp\/v2\/types\/page"}],"author":[{"embeddable":true,"href":"https:\/\/sisu.ut.ee\/eurlex-iate\/wp-json\/wp\/v2\/users\/76"}],"replies":[{"embeddable":true,"href":"https:\/\/sisu.ut.ee\/eurlex-iate\/wp-json\/wp\/v2\/comments?post=116"}],"version-history":[{"count":0,"href":"https:\/\/sisu.ut.ee\/eurlex-iate\/wp-json\/wp\/v2\/pages\/116\/revisions"}],"wp:attachment":[{"href":"https:\/\/sisu.ut.ee\/eurlex-iate\/wp-json\/wp\/v2\/media?parent=116"}],"curies":[{"name":"wp","href":"https:\/\/api.w.org\/{rel}","templated":true}]}}