{"id":114,"date":"2024-04-19T10:27:36","date_gmt":"2024-04-19T07:27:36","guid":{"rendered":"https:\/\/sisu.ut.ee\/eurlex-iate\/iate-test\/"},"modified":"2024-04-19T10:27:36","modified_gmt":"2024-04-19T07:27:36","slug":"iate-test","status":"publish","type":"page","link":"https:\/\/sisu.ut.ee\/eurlex-iate\/iate-test\/","title":{"rendered":"IATE &#8211; test"},"content":{"rendered":"<div id=\"watupro_quiz\" class=\"quiz-area single-page-quiz\">\n<p id=\"submittingExam1\" style=\"display:none;text-align:center;\"><img loading=\"lazy\" decoding=\"async\" src=\"https:\/\/sisu.ut.ee\/wp-content\/plugins\/watupro\/img\/loading.gif\" width=\"16\" height=\"16\"><\/p>\n\n<div class=\"watupro-exam-description\" id=\"description-quiz-1\"><p>Vastake j\u00e4rgmistele k\u00fcsimustele, et kontrollida oma teadmisi terminibaasi IATE kasutamise kohta.<\/p>\n<\/div>\n\n<form action=\"\" method=\"post\" class=\"quiz-form\" id=\"quiz-1\" enctype=\"multipart\/form-data\">\n<div class=\"watu-question \" id=\"question-1\" style=\";\"><div id=\"questionWrap-1\" class=\"   watupro-question-id-2\">\n\t\t\t<div class=\"question-content\"><div>K\u00f5ik terminid, mis on IATE terminibaasi sisestatud, on usaldusv\u00e4\u00e4rsed ja neid v\u00f5ib tekstides kasutada.<\/div><input type=\"hidden\" name=\"question_id[]\" id=\"qID_1\" value=\"2\" class=\"watupro-question-id\"><input type=\"hidden\" id=\"answerType2\" class=\"answerTypeCnt1\" value=\"radio\"><!-- end question-content--><\/div><div class=\"question-choices watupro-choices-columns \" id=\"questionChoices2\"><div class=\"watupro-question-choice  \" dir=\"auto\"><input type=\"radio\" name=\"answer-2[]\" id=\"answer-id-4\" class=\"answer   answerof-2 \" value=\"4\"><label for=\"answer-id-4\" id=\"answer-label-4\" class=\" answer\"><span>True<\/span><\/label><\/div><div class=\"watupro-question-choice  \" dir=\"auto\"><input type=\"radio\" name=\"answer-2[]\" id=\"answer-id-5\" class=\"answer   answerof-2 \" value=\"5\"><label for=\"answer-id-5\" id=\"answer-label-5\" class=\" answer\"><span>False<\/span><\/label><\/div><!-- end question-choices--><\/div><!-- end questionWrap--><\/div><\/div><div class=\"watu-question \" id=\"question-2\" style=\";\"><div id=\"questionWrap-2\" class=\"   watupro-question-id-1\">\n\t\t\t<div class=\"question-content\"><div>Mis on IATE eesm\u00e4rk?<\/div><input type=\"hidden\" name=\"question_id[]\" id=\"qID_2\" value=\"1\" class=\"watupro-question-id\"><input type=\"hidden\" id=\"answerType1\" class=\"answerTypeCnt2\" value=\"radio\"><!-- end question-content--><\/div><div class=\"question-choices watupro-choices-columns \" id=\"questionChoices1\"><div class=\"watupro-question-choice  \" dir=\"auto\"><input type=\"radio\" name=\"answer-1[]\" id=\"answer-id-1\" class=\"answer   answerof-1 \" value=\"1\"><label for=\"answer-id-1\" id=\"answer-label-1\" class=\" answer\"><span><p>Koondada termineid, mida saaksid oma t\u00f6\u00f6s kasutada ainult konkreetsete Euroopa Liidu institutsioonide t\u00f6\u00f6tajad.<\/p><\/span><\/label><\/div><div class=\"watupro-question-choice  \" dir=\"auto\"><input type=\"radio\" name=\"answer-1[]\" id=\"answer-id-2\" class=\"answer   answerof-1 \" value=\"2\"><label for=\"answer-id-2\" id=\"answer-label-2\" class=\" answer\"><span><p>Koondada k\u00f5ik Euroopa Liidu\u00a0terminoloogiaallikad veebip\u00f5hisesse taristusse, parandades sellega info k\u00e4ttesaadavust ja standardsust.<\/p><\/span><\/label><\/div><div class=\"watupro-question-choice  \" dir=\"auto\"><input type=\"radio\" name=\"answer-1[]\" id=\"answer-id-3\" class=\"answer   answerof-1 \" value=\"3\"><label for=\"answer-id-3\" id=\"answer-label-3\" class=\" answer\"><span><p>Pakkuda interaktiivset keskkonda terminoloogiat\u00f6\u00f6ks enne ametlikult tunnustatud terminite avaldamist.<\/p><\/span><\/label><\/div><!-- end question-choices--><\/div><!-- end questionWrap--><\/div><\/div><div class=\"watu-question \" id=\"question-3\" style=\";\"><div id=\"questionWrap-3\" class=\"   watupro-question-id-6\">\n\t\t\t<div class=\"question-content\"><div>Kui kasutaja valib IATE laiendatud otsingu valikute hulgast otsingukriteeriumi\u00a0\u201eosaline string\", siis mida IATEst otsitakse?<\/div><input type=\"hidden\" name=\"question_id[]\" id=\"qID_3\" value=\"6\" class=\"watupro-question-id\"><input type=\"hidden\" id=\"answerType6\" class=\"answerTypeCnt3\" value=\"radio\"><!-- end question-content--><\/div><div class=\"question-choices watupro-choices-columns \" id=\"questionChoices6\"><div class=\"watupro-question-choice  \" dir=\"auto\"><input type=\"radio\" name=\"answer-6[]\" id=\"answer-id-17\" class=\"answer   answerof-6 \" value=\"17\"><label for=\"answer-id-17\" id=\"answer-label-17\" class=\" answer\"><span><p>Otsitakse t\u00e4pselt neid t\u00e4hem\u00e4rke, mis otsingukasti sisestatakse, t\u00e4pselt sisestatud j\u00e4rjekorras.<\/p><\/span><\/label><\/div><div class=\"watupro-question-choice  \" dir=\"auto\"><input type=\"radio\" name=\"answer-6[]\" id=\"answer-id-18\" class=\"answer   answerof-6 \" value=\"18\"><label for=\"answer-id-18\" id=\"answer-label-18\" class=\" answer\"><span><p>Otsitakse k\u00f5iki otsingukasti sisestatud s\u00f5nu sisaldavaid termineid (otsitavad s\u00f5nad v\u00f5ivad esineda mis tahes j\u00e4rjekorras mis tahes stringis).<\/p><\/span><\/label><\/div><div class=\"watupro-question-choice  \" dir=\"auto\"><input type=\"radio\" name=\"answer-6[]\" id=\"answer-id-19\" class=\"answer   answerof-6 \" value=\"19\"><label for=\"answer-id-19\" id=\"answer-label-19\" class=\" answer\"><span><p>Otsitakse otsingukasti sisestatud t\u00e4hem\u00e4rke osana pikemast stringist.<\/p><\/span><\/label><\/div><!-- end question-choices--><\/div><!-- end questionWrap--><\/div><\/div><div class=\"watu-question \" id=\"question-4\" style=\";\"><div id=\"questionWrap-4\" class=\"   watupro-question-id-5\">\n\t\t\t<div class=\"question-content\"><div>Milliste valdkondade termineid IATEst leida v\u00f5ib?<\/div><input type=\"hidden\" name=\"question_id[]\" id=\"qID_4\" value=\"5\" class=\"watupro-question-id\"><input type=\"hidden\" id=\"answerType5\" class=\"answerTypeCnt4\" value=\"radio\"><!-- end question-content--><\/div><div class=\"question-choices watupro-choices-columns \" id=\"questionChoices5\"><div class=\"watupro-question-choice  \" dir=\"auto\"><input type=\"radio\" name=\"answer-5[]\" id=\"answer-id-14\" class=\"answer   answerof-5 \" value=\"14\"><label for=\"answer-id-14\" id=\"answer-label-14\" class=\" answer\"><span><p>Sellest v\u00f5ib leida \u00fcksnes ELi \u00f5igusterminoloogiat.<\/p><\/span><\/label><\/div><div class=\"watupro-question-choice  \" dir=\"auto\"><input type=\"radio\" name=\"answer-5[]\" id=\"answer-id-15\" class=\"answer   answerof-5 \" value=\"15\"><label for=\"answer-id-15\" id=\"answer-label-15\" class=\" answer\"><span><p>Sellest v\u00f5ib leida k\u00f5iki valdkondi, mis on t\u00f5lgitavates\u00a0tekstides esile kerkinud v\u00f5i v\u00f5ivad esile kerkida\u00a0(n\u00e4iteks finantskriis, r\u00e4nne, keskkond, COVID-19 jne).<\/p><\/span><\/label><\/div><div class=\"watupro-question-choice  \" dir=\"auto\"><input type=\"radio\" name=\"answer-5[]\" id=\"answer-id-16\" class=\"answer   answerof-5 \" value=\"16\"><label for=\"answer-id-16\" id=\"answer-label-16\" class=\" answer\"><span><p>Sellest v\u00f5ib leida termineid k\u00f5ikidest nendest valdkondadest, mille ELi terminoloogid on heaks kiitnud (n\u00e4iteks\u00a0finantskriis, r\u00e4nne, keskkond, COVID-19 jne).<\/p><\/span><\/label><\/div><!-- end question-choices--><\/div><!-- end questionWrap--><\/div><\/div><div class=\"watu-question \" id=\"question-5\" style=\";\"><div id=\"questionWrap-5\" class=\"   watupro-question-id-8\">\n\t\t\t<div class=\"question-content\"><div>Taksonoomias (taimede ja loomade teaduslike nimetuste puhul) kasutatakse IATEs peamiselt<\/div><input type=\"hidden\" name=\"question_id[]\" id=\"qID_5\" value=\"8\" class=\"watupro-question-id\"><input type=\"hidden\" id=\"answerType8\" class=\"answerTypeCnt5\" value=\"radio\"><!-- end question-content--><\/div><div class=\"question-choices watupro-choices-columns \" id=\"questionChoices8\"><div class=\"watupro-question-choice  \" dir=\"auto\"><input type=\"radio\" name=\"answer-8[]\" id=\"answer-id-23\" class=\"answer   answerof-8 \" value=\"23\"><label for=\"answer-id-23\" id=\"answer-label-23\" class=\" answer\"><span><p>keelekoodi\u00a0\u201ela\u201c.<\/p><\/span><\/label><\/div><div class=\"watupro-question-choice  \" dir=\"auto\"><input type=\"radio\" name=\"answer-8[]\" id=\"answer-id-24\" class=\"answer   answerof-8 \" value=\"24\"><label for=\"answer-id-24\" id=\"answer-label-24\" class=\" answer\"><span><p>keelekoodi\u00a0\u201emul\u201c.<\/p><\/span><\/label><\/div><!-- end question-choices--><\/div><!-- end questionWrap--><\/div><\/div><div class=\"watu-question \" id=\"question-6\" style=\";\"><div id=\"questionWrap-6\" class=\"   watupro-question-id-4\">\n\t\t\t<div class=\"question-content\"><div>Kui IATE kasutaja soovib n\u00e4iteks terminibaasis olevaid termineid, nende definitsioone ja muid andmeid kasutada t\u00f5lkeabiprogrammis v\u00f5i m\u00f5ne muu tarkvara v\u00f5i keskkonna osana nii, et need IATE andmed oleksid alati k\u00f5ige ajakohasemad (n\u00e4iteks teave selle kohta, millised terminid on vananenud ja millised on terminibaasi jooksvalt lisatud), siis millised j\u00e4rgmistest variantidest selleks sobivad (m\u00e4rkige k\u00f5ik, mis sobivad)?<\/div><input type=\"hidden\" name=\"question_id[]\" id=\"qID_6\" value=\"4\" class=\"watupro-question-id\"><input type=\"hidden\" id=\"answerType4\" class=\"answerTypeCnt6\" value=\"checkbox\"><!-- end question-content--><\/div><div class=\"question-choices watupro-choices-columns \" id=\"questionChoices4\"><div class=\"watupro-question-choice  \" dir=\"auto\"><input type=\"checkbox\" name=\"answer-4[]\" id=\"answer-id-11\" class=\"answer   answerof-4 \" value=\"11\"><label for=\"answer-id-11\" id=\"answer-label-11\" class=\" answer\"><span><p>IATE terminibaasi allalaadimine TBX- v\u00f5i CSV-vormingus.<\/p><\/span><\/label><\/div><div class=\"watupro-question-choice  \" dir=\"auto\"><input type=\"checkbox\" name=\"answer-4[]\" id=\"answer-id-12\" class=\"answer   answerof-4 \" value=\"12\"><label for=\"answer-id-12\" id=\"answer-label-12\" class=\" answer\"><span><p>IATE kasutamine veebisaidi\u00a0<a data-url=\"https:\/\/iate.europa.eu\/\" href=\"https:\/\/iate.europa.eu\/\" target=\"_blank\" title=\"\">https:\/\/iate.europa.eu\/<\/a> kaudu.<\/p><\/span><\/label><\/div><div class=\"watupro-question-choice  \" dir=\"auto\"><input type=\"checkbox\" name=\"answer-4[]\" id=\"answer-id-13\" class=\"answer   answerof-4 \" value=\"13\"><label for=\"answer-id-13\" id=\"answer-label-13\" class=\" answer\"><span><p>IATE kasutamine teises programmis selle rakendusliidese ehk API kaudu.<\/p><\/span><\/label><\/div><!-- end question-choices--><\/div><!-- end questionWrap--><\/div><\/div><div class=\"watu-question \" id=\"question-7\" style=\";\"><div id=\"questionWrap-7\" class=\"   watupro-question-id-7\">\n\t\t\t<div class=\"question-content\"><div>Mida t\u00e4hendab IATE otsingukeelte hulgas keelekood\u00a0\u201emul\u201c?<\/div><input type=\"hidden\" name=\"question_id[]\" id=\"qID_7\" value=\"7\" class=\"watupro-question-id\"><input type=\"hidden\" id=\"answerType7\" class=\"answerTypeCnt7\" value=\"radio\"><!-- end question-content--><\/div><div class=\"question-choices watupro-choices-columns \" id=\"questionChoices7\"><div class=\"watupro-question-choice  \" dir=\"auto\"><input type=\"radio\" name=\"answer-7[]\" id=\"answer-id-20\" class=\"answer   answerof-7 \" value=\"20\"><label for=\"answer-id-20\" id=\"answer-label-20\" class=\" answer\"><span><p>Keelte\u00fclene (kasutatakse selliste koodide ja valemite sisestamiseks, mis on k\u00f5igis keeltes \u00fchesugused, n\u00e4iteks CO<sub>2<\/sub>).<\/p><\/span><\/label><\/div><div class=\"watupro-question-choice  \" dir=\"auto\"><input type=\"radio\" name=\"answer-7[]\" id=\"answer-id-21\" class=\"answer   answerof-7 \" value=\"21\"><label for=\"answer-id-21\" id=\"answer-label-21\" class=\" answer\"><span><p>Multikultuurne, mis t\u00e4histab\u00a0mitmes keeles sarnast m\u00f5istet.<\/p><\/span><\/label><\/div><div class=\"watupro-question-choice  \" dir=\"auto\"><input type=\"radio\" name=\"answer-7[]\" id=\"answer-id-22\" class=\"answer   answerof-7 \" value=\"22\"><label for=\"answer-id-22\" id=\"answer-label-22\" class=\" answer\"><span><p>Meditsiinivaldkonnaga seotud keelte\u00fclene termin.<\/p><\/span><\/label><\/div><!-- end question-choices--><\/div><!-- end questionWrap--><\/div><\/div><div class=\"watu-question \" id=\"question-8\" style=\";\"><div id=\"questionWrap-8\" class=\"   watupro-question-id-3\">\n\t\t\t<div class=\"question-content\"><div>IATE terminibaasi sisu (v\u00f5i osa sellest) on v\u00f5imalik alla laadida j\u00e4rgmistes failivormingutes:<\/div><input type=\"hidden\" name=\"question_id[]\" id=\"qID_8\" value=\"3\" class=\"watupro-question-id\"><input type=\"hidden\" id=\"answerType3\" class=\"answerTypeCnt8\" value=\"checkbox\"><!-- end question-content--><\/div><div class=\"question-choices watupro-choices-columns \" id=\"questionChoices3\"><div class=\"watupro-question-choice  \" dir=\"auto\"><input type=\"checkbox\" name=\"answer-3[]\" id=\"answer-id-7\" class=\"answer   answerof-3 \" value=\"7\"><label for=\"answer-id-7\" id=\"answer-label-7\" class=\" answer\"><span><p>TBX<\/p><\/span><\/label><\/div><div class=\"watupro-question-choice  \" dir=\"auto\"><input type=\"checkbox\" name=\"answer-3[]\" id=\"answer-id-10\" class=\"answer   answerof-3 \" value=\"10\"><label for=\"answer-id-10\" id=\"answer-label-10\" class=\" answer\"><span><p>TXT<\/p><\/span><\/label><\/div><div class=\"watupro-question-choice  \" dir=\"auto\"><input type=\"checkbox\" name=\"answer-3[]\" id=\"answer-id-9\" class=\"answer   answerof-3 \" value=\"9\"><label for=\"answer-id-9\" id=\"answer-label-9\" class=\" answer\"><span><p>XLS<\/p><\/span><\/label><\/div><div class=\"watupro-question-choice  \" dir=\"auto\"><input type=\"checkbox\" name=\"answer-3[]\" id=\"answer-id-8\" class=\"answer   answerof-3 \" value=\"8\"><label for=\"answer-id-8\" id=\"answer-label-8\" class=\" answer\"><span><p>CSV<\/p><\/span><\/label><\/div><div class=\"watupro-question-choice  \" dir=\"auto\"><input type=\"checkbox\" name=\"answer-3[]\" id=\"answer-id-6\" class=\"answer   answerof-3 \" value=\"6\"><label for=\"answer-id-6\" id=\"answer-label-6\" class=\" answer\"><span><p>XLIFF<\/p><\/span><\/label><\/div><!-- end question-choices--><\/div><!-- end questionWrap--><\/div><\/div><div style=\"display:none\" id=\"question-9\">\n\t<div class=\"question-content\">\n\t\t<img loading=\"lazy\" decoding=\"async\" src=\"https:\/\/sisu.ut.ee\/wp-content\/plugins\/watupro\/img\/loading.gif\" width=\"16\" height=\"16\" alt=\"Loading...\" title=\"Loading...\">\u00a0Loading...\t<\/div>\n<\/div>\n\n<br>\n\t\n\t\t\t<div class=\"watupro_buttons flex \" id=\"watuPROButtons1\">\n\t\t  <div id=\"prev-question\" style=\"display:none;\"><input type=\"button\" value=\"&lt; Previous\" onclick=\"WatuPRO.nextQuestion(event, 'previous');\"><\/div>\t\t  \t\t  \t\t   \n\t\t   \t  \t\t<div><input type=\"button\" name=\"action\" class=\"watupro-submit-button\" onclick=\"WatuPRO.submitResult(event)\" id=\"action-button\" value=\"Vaata tulemust\">\n\t\t<\/div>\n\t\t<\/div>\n\t\t\n\t<input type=\"hidden\" name=\"quiz_id\" value=\"1\" id=\"watuPROExamID\">\n\t<input type=\"hidden\" name=\"start_time\" id=\"startTime\" value=\"2026-04-12 14:48:01\">\n\t<input type=\"hidden\" name=\"start_timestamp\" id=\"startTimeStamp\" value=\"1776005281\">\n\t<input type=\"hidden\" name=\"question_ids\" value=\"\">\n\t<input type=\"hidden\" name=\"watupro_questions\" value=\"2:4,5 | 1:1,2,3 | 6:17,18,19 | 5:14,15,16 | 8:23,24 | 4:11,12,13 | 7:20,21,22 | 3:7,10,9,8,6\">\n\t<input type=\"hidden\" name=\"no_ajax\" value=\"0\">\t\t\t<\/form>\n\t<p>\u00a0<\/p>\n<\/div>\n\n<script type=\"text\/javascript\">\n\/\/jQuery(document).ready(function(){\ndocument.addEventListener(\"DOMContentLoaded\", function(event) { \t\nvar question_ids = \"2,1,6,5,8,4,7,3\";\nWatuPROSettings[1] = {};\nWatuPRO.qArr = question_ids.split(',');\nWatuPRO.exam_id = 1;\t    \nWatuPRO.post_id = 114;\nWatuPRO.store_progress = 0;\nWatuPRO.curCatPage = 1;\nWatuPRO.requiredIDs=\"0\".split(\",\");\nWatuPRO.hAppID = \"0.38920000 1775994481\";\nvar url = \"https:\/\/sisu.ut.ee\/wp-content\/plugins\/watupro\/show_exam.php\";\nWatuPRO.examMode = 1;\nWatuPRO.siteURL=\"https:\/\/sisu.ut.ee\/eurlex-iate\/wp-admin\/admin-ajax.php\";\nWatuPRO.emailIsNotRequired = 0;\nWatuPRO.perDecade = 10;\nWatuPROIntel.init(1);\nWatuPRO.inCategoryPages=1;});    \t \n<\/script>\n\n","protected":false},"excerpt":{"rendered":"","protected":false},"author":76,"featured_media":0,"parent":0,"menu_order":0,"comment_status":"closed","ping_status":"closed","template":"","meta":{"_acf_changed":false,"inline_featured_image":false,"footnotes":""},"class_list":["post-114","page","type-page","status-publish","hentry"],"acf":[],"_links":{"self":[{"href":"https:\/\/sisu.ut.ee\/eurlex-iate\/wp-json\/wp\/v2\/pages\/114","targetHints":{"allow":["GET"]}}],"collection":[{"href":"https:\/\/sisu.ut.ee\/eurlex-iate\/wp-json\/wp\/v2\/pages"}],"about":[{"href":"https:\/\/sisu.ut.ee\/eurlex-iate\/wp-json\/wp\/v2\/types\/page"}],"author":[{"embeddable":true,"href":"https:\/\/sisu.ut.ee\/eurlex-iate\/wp-json\/wp\/v2\/users\/76"}],"replies":[{"embeddable":true,"href":"https:\/\/sisu.ut.ee\/eurlex-iate\/wp-json\/wp\/v2\/comments?post=114"}],"version-history":[{"count":0,"href":"https:\/\/sisu.ut.ee\/eurlex-iate\/wp-json\/wp\/v2\/pages\/114\/revisions"}],"wp:attachment":[{"href":"https:\/\/sisu.ut.ee\/eurlex-iate\/wp-json\/wp\/v2\/media?parent=114"}],"curies":[{"name":"wp","href":"https:\/\/api.w.org\/{rel}","templated":true}]}}