{"id":10,"date":"2024-04-04T07:18:16","date_gmt":"2024-04-04T04:18:16","guid":{"rendered":"https:\/\/sisu.ut.ee\/eurlex-iate\/iatest-terminibaasifaili-allalaadimine\/"},"modified":"2024-04-04T07:18:29","modified_gmt":"2024-04-04T04:18:29","slug":"iatest-terminibaasifaili-allalaadimine","status":"publish","type":"page","link":"https:\/\/sisu.ut.ee\/eurlex-iate\/iatest-terminibaasifaili-allalaadimine\/","title":{"rendered":"IATEst terminibaasifaili allalaadimine"},"content":{"rendered":"<p style=\"text-align: justify\">\n\t<span style=\"font-size:15px\">IATE andmebaasi sisu on v\u00f5imalik alla laadida v\u00f5i kasutada rakendusliideste kaudu n\u00e4iteks t\u00f5lkeabitarkvara osana. IATE avalehe allosas on link \u201eDownload\u201c, mis viib allalaadimist v\u00f5imaldava ja seda selgitava leheni.<\/span>\n<\/p>\n<p style=\"text-align: justify\">\n\t<img loading=\"lazy\" decoding=\"async\" width=\"875\" height=\"270\" class=\"alignnone wp-image-41\" style=\"width: 500px;height: 154px\" src=\"https:\/\/sisu.ut.ee\/wp-content\/uploads\/sites\/506\/iate3.png\" title=\"iate3.png\" alt=\"IATE allalaadimine\" srcset=\"https:\/\/sisu.ut.ee\/wp-content\/uploads\/sites\/506\/iate3.png 875w, https:\/\/sisu.ut.ee\/wp-content\/uploads\/sites\/506\/iate3-300x93.png 300w, https:\/\/sisu.ut.ee\/wp-content\/uploads\/sites\/506\/iate3-768x237.png 768w\" sizes=\"auto, (max-width: 875px) 100vw, 875px\">\n<\/p>\n<p style=\"text-align: justify\">\n\t<span style=\"font-size:15px\">Nagu allalaadimislehel kohe alguses \u00f6eldud, on IATE elav terminibaas, mis t\u00e4hendab seda, et selle sisu ajakohastatakse jooksvalt ning k\u00f5ige uuematele ja t\u00e4ielikumatele andmetele saate juurdep\u00e4\u00e4su eelk\u00f5ige IATE veebisaidi otsinguliidese kaudu (v\u00f5i rakendusliideste ehk APIde abil, millega saab m\u00f5nes muus rakenduses anda otsejuurdep\u00e4\u00e4su veebisaidi otsingufunktsioonile). IATEs sisalduvate terminite ja andmete hulgast mingi alamhulga allalaadimine v\u00f5ib aga kasulik olla keeleuuringute vmt spetsiifilisemate vajaduste jaoks.<\/span>\n<\/p>\n<p style=\"text-align: justify\">\n\t<span style=\"font-size:15px\">Allalaadimisfunktsiooni kasutamiseks on vajalik EU Logini konto, mille abil IATE keskkonda sisse logida. EU Logini konto loomise link on IATEs nii allalaadimislehel kui ka saidile sisse logimise nupust avanevate valikute hulgas.<\/span>\n<\/p>\n<p style=\"text-align: justify\">\n\t<img loading=\"lazy\" decoding=\"async\" width=\"888\" height=\"112\" class=\"alignnone wp-image-42\" style=\"width: 650px;height: 82px\" src=\"https:\/\/sisu.ut.ee\/wp-content\/uploads\/sites\/506\/iate6_2.png\" title=\"iate6_2.png\" alt=\"IATE alla laadimine, EU-Logini konto\" srcset=\"https:\/\/sisu.ut.ee\/wp-content\/uploads\/sites\/506\/iate6_2.png 888w, https:\/\/sisu.ut.ee\/wp-content\/uploads\/sites\/506\/iate6_2-300x38.png 300w, https:\/\/sisu.ut.ee\/wp-content\/uploads\/sites\/506\/iate6_2-768x97.png 768w\" sizes=\"auto, (max-width: 888px) 100vw, 888px\">\n<\/p>\n<p style=\"text-align: justify\">\n\t<span style=\"font-size:15px\">Kui olete EU Logini konto loonud, kl\u00f5psake IATE saidi paremas \u00fclanurgas oleval sisselogimise nupul ning valige EU Loginiga sisselogimine.<\/span>\n<\/p>\n<p style=\"text-align: justify\">\n\t<img loading=\"lazy\" decoding=\"async\" width=\"289\" height=\"294\" class=\"alignnone wp-image-43\" style=\"width: 200px;height: 203px\" src=\"https:\/\/sisu.ut.ee\/wp-content\/uploads\/sites\/506\/iate7.png\" title=\"iate7.png\" alt=\"IATEsse sisse logimine\">\n<\/p>\n<p style=\"text-align: justify\">\n\t<span style=\"font-size:15px\">Kui olete IATEsse sisse loginud, kuvatakse allalaadimislehel erisugused valikud, mille abil saate kindlaks m\u00e4\u00e4rata alla laaditava andmehulga kriteeriumid (keeled, kogud, valdkonnad, terminit\u00fc\u00fcbid, usaldusv\u00e4\u00e4rsus jne). Andmed saab alla laadida kas TBX- v\u00f5i CSV-vormingus. Esmalt tuleb valikute alusel luua allalaadimistaotlus ning l\u00fchikese ooteaja j\u00e4rel ilmub pealkirja<\/span> <span style=\"font-size:15px\">\u201eSinu allalaadimistaotlused\u201c alla fail, mis j\u00e4\u00e4b k\u00e4ttesaadavaks ja allalaaditavaks seitsmeks p\u00e4evaks.<\/span>\n<\/p>\n<p style=\"text-align: justify\">\n\t<img loading=\"lazy\" decoding=\"async\" width=\"1075\" height=\"572\" class=\"alignnone wp-image-44\" style=\"width: 650px;height: 346px\" src=\"https:\/\/sisu.ut.ee\/wp-content\/uploads\/sites\/506\/iate8.png\" title=\"iate8.png\" alt=\"IATEst alla laadimine\" srcset=\"https:\/\/sisu.ut.ee\/wp-content\/uploads\/sites\/506\/iate8.png 1075w, https:\/\/sisu.ut.ee\/wp-content\/uploads\/sites\/506\/iate8-300x160.png 300w, https:\/\/sisu.ut.ee\/wp-content\/uploads\/sites\/506\/iate8-1024x545.png 1024w, https:\/\/sisu.ut.ee\/wp-content\/uploads\/sites\/506\/iate8-768x409.png 768w\" sizes=\"auto, (max-width: 1075px) 100vw, 1075px\">\n<\/p>\n<p style=\"text-align: justify\">\n\t<span style=\"font-size:15px\">Kui aga soovite IATEs olevaid termineid\/andmeid n\u00e4ha n\u00e4iteks t\u00f5lkeabiprogrammis t\u00f5lkimise ajal, on seda n\u00e4iteks levinud programmi SDL Trados Studio puhul lihtne teha API ehk rakendusliidese abil (t\u00e4psemad juhised selle kohta on j\u00e4rgmises jaotises pealkirjaga \u201e<span style=\"color:windowtext;text-decoration:none\">IATE kasutamine otse t\u00f5lkeabiprogrammis SDL Trados Studio<\/span>\u201c.<\/span><\/p>\n","protected":false},"excerpt":{"rendered":"<p>IATE andmebaasi sisu on v\u00f5imalik alla laadida v\u00f5i kasutada rakendusliideste kaudu n\u00e4iteks t\u00f5lkeabitarkvara osana. IATE avalehe allosas on link \u201eDownload\u201c, mis viib allalaadimist v\u00f5imaldava ja seda selgitava leheni. Nagu allalaadimislehel kohe alguses \u00f6eldud, on IATE elav terminibaas, mis t\u00e4hendab seda, &#8230;<\/p>\n","protected":false},"author":211,"featured_media":0,"parent":0,"menu_order":0,"comment_status":"closed","ping_status":"closed","template":"","meta":{"_acf_changed":false,"inline_featured_image":false,"footnotes":""},"class_list":["post-10","page","type-page","status-publish","hentry"],"acf":[],"_links":{"self":[{"href":"https:\/\/sisu.ut.ee\/eurlex-iate\/wp-json\/wp\/v2\/pages\/10","targetHints":{"allow":["GET"]}}],"collection":[{"href":"https:\/\/sisu.ut.ee\/eurlex-iate\/wp-json\/wp\/v2\/pages"}],"about":[{"href":"https:\/\/sisu.ut.ee\/eurlex-iate\/wp-json\/wp\/v2\/types\/page"}],"author":[{"embeddable":true,"href":"https:\/\/sisu.ut.ee\/eurlex-iate\/wp-json\/wp\/v2\/users\/211"}],"replies":[{"embeddable":true,"href":"https:\/\/sisu.ut.ee\/eurlex-iate\/wp-json\/wp\/v2\/comments?post=10"}],"version-history":[{"count":1,"href":"https:\/\/sisu.ut.ee\/eurlex-iate\/wp-json\/wp\/v2\/pages\/10\/revisions"}],"predecessor-version":[{"id":96,"href":"https:\/\/sisu.ut.ee\/eurlex-iate\/wp-json\/wp\/v2\/pages\/10\/revisions\/96"}],"wp:attachment":[{"href":"https:\/\/sisu.ut.ee\/eurlex-iate\/wp-json\/wp\/v2\/media?parent=10"}],"curies":[{"name":"wp","href":"https:\/\/api.w.org\/{rel}","templated":true}]}}