{"id":76,"date":"2024-04-17T16:32:14","date_gmt":"2024-04-17T13:32:14","guid":{"rendered":"https:\/\/sisu.ut.ee\/euko\/?page_id=76"},"modified":"2025-03-19T16:37:28","modified_gmt":"2025-03-19T14:37:28","slug":"ajaveeb","status":"publish","type":"page","link":"https:\/\/sisu.ut.ee\/euko\/ajaveeb\/","title":{"rendered":"Uudised"},"content":{"rendered":"<div class=\"posts-list-block my-4\">\n\t\t\t\t\t\t\t\t\t\t\t\t\t\t\t<article class=\"post-531 post type-post status-publish format-standard has-post-thumbnail hentry category-uudised\">\n  <a href=\"https:\/\/sisu.ut.ee\/euko\/tulemas-on-konverents-veebivihast-tehisaru-teadlikkuseni-interneti-riskid-ja-voimalused\/\" class=\"article-card--list d-flex flex-row text-black pb-1 mb-1 border-bottom\">\n    <div class=\"w-25 flex-shrink-0\">\n              <img loading=\"lazy\" decoding=\"async\" width=\"150\" height=\"150\" src=\"https:\/\/sisu.ut.ee\/wp-content\/uploads\/sites\/289\/EUKO-konverents-2026--150x150.jpg\" class=\"img-fluid article-card__img wp-post-image\" alt=\"\">\n          <\/div>\n    <div class=\"d-flex flex-column w-100 ms-2\">\n      <h3 class=\"h5 text-sm mb-1\">Tulemas on konverents \u201cVeebivihast tehisaruteadlikkuseni\u201d<\/h3>\n      <time class=\"post-date d-block mt-auto text-end text-xs w-100\" datetime=\"2025-12-19T09:27:47+00:00\">\n        19.12.2025\n      <\/time>\n    <\/div>\n  <\/a>\n<\/article>\n\t\t\t\t\t\t\t\t\t\t\t<article class=\"post-518 post type-post status-publish format-standard has-post-thumbnail hentry category-uudised\">\n  <a href=\"https:\/\/sisu.ut.ee\/euko\/panustasime-generatiivse-ti-uuringute-rahvusvahelisse-diskussiooni\/\" class=\"article-card--list d-flex flex-row text-black pb-1 mb-1 border-bottom\">\n    <div class=\"w-25 flex-shrink-0\">\n              <img loading=\"lazy\" decoding=\"async\" width=\"150\" height=\"150\" src=\"https:\/\/sisu.ut.ee\/wp-content\/uploads\/sites\/289\/Sevilla-konverents_grupifoto_Research-group-LigaInCom-150x150.jpg\" class=\"img-fluid article-card__img wp-post-image\" alt=\"\">\n          <\/div>\n    <div class=\"d-flex flex-column w-100 ms-2\">\n      <h3 class=\"h5 text-sm mb-1\">Panustasime\u00a0generatiivse TI uuringute rahvusvahelisse diskussiooni\u00a0<\/h3>\n      <time class=\"post-date d-block mt-auto text-end text-xs w-100\" datetime=\"2025-12-17T18:11:27+00:00\">\n        17.12.2025\n      <\/time>\n    <\/div>\n  <\/a>\n<\/article>\n\t\t\t\t\t\t\t\t\t\t\t<article class=\"post-514 post type-post status-publish format-standard has-post-thumbnail hentry category-uudised\">\n  <a href=\"https:\/\/sisu.ut.ee\/euko\/osalesime-teaduste-akadeemia-hariduskonverentsi-aruteludes\/\" class=\"article-card--list d-flex flex-row text-black pb-1 mb-1 border-bottom\">\n    <div class=\"w-25 flex-shrink-0\">\n              <img loading=\"lazy\" decoding=\"async\" width=\"150\" height=\"150\" src=\"https:\/\/sisu.ut.ee\/wp-content\/uploads\/sites\/289\/Teaduste_Akadeemia_konverentsi_paneelarutelu-150x150.jpg\" class=\"img-fluid article-card__img wp-post-image\" alt=\"\">\n          <\/div>\n    <div class=\"d-flex flex-column w-100 ms-2\">\n      <h3 class=\"h5 text-sm mb-1\">Osalesime Teaduste Akadeemia hariduskonverentsi aruteludes<\/h3>\n      <time class=\"post-date d-block mt-auto text-end text-xs w-100\" datetime=\"2025-12-16T16:05:39+00:00\">\n        16.12.2025\n      <\/time>\n    <\/div>\n  <\/a>\n<\/article>\n\t\t\t\t\t\t\t\t\t\t\t<article class=\"post-506 post type-post status-publish format-standard has-post-thumbnail hentry category-uudised\">\n  <a href=\"https:\/\/sisu.ut.ee\/euko\/eesti-on-esimeste-seas-lopetanud-eu-kids-onlinei-andmekorje\/\" class=\"article-card--list d-flex flex-row text-black pb-1 mb-1 border-bottom\">\n    <div class=\"w-25 flex-shrink-0\">\n              <img loading=\"lazy\" decoding=\"async\" width=\"150\" height=\"150\" src=\"https:\/\/sisu.ut.ee\/wp-content\/uploads\/sites\/289\/Koolikysitlus_foto_V_Kalmus-150x150.jpg\" class=\"img-fluid article-card__img wp-post-image\" alt=\"\">\n          <\/div>\n    <div class=\"d-flex flex-column w-100 ms-2\">\n      <h3 class=\"h5 text-sm mb-1\">Eesti on esimeste seas l\u00f5petanud EU Kids Online\u2019i andmekorje<\/h3>\n      <time class=\"post-date d-block mt-auto text-end text-xs w-100\" datetime=\"2025-10-29T19:42:25+00:00\">\n        29.10.2025\n      <\/time>\n    <\/div>\n  <\/a>\n<\/article>\n\t\t\t\t\t\t\t\t\t\t\t<article class=\"post-502 post type-post status-publish format-standard has-post-thumbnail hentry category-uudised\">\n  <a href=\"https:\/\/sisu.ut.ee\/euko\/raakisime-varskete-tulemuste-pohjal-tehisaru-kasutamisest\/\" class=\"article-card--list d-flex flex-row text-black pb-1 mb-1 border-bottom\">\n    <div class=\"w-25 flex-shrink-0\">\n              <img loading=\"lazy\" decoding=\"async\" width=\"150\" height=\"150\" src=\"https:\/\/sisu.ut.ee\/wp-content\/uploads\/sites\/289\/Veronika-Kalmus-ja-Signe-Opermann-UTI-seminaril_autor-Alar-Suija-150x150.jpg\" class=\"img-fluid article-card__img wp-post-image\" alt=\"\">\n          <\/div>\n    <div class=\"d-flex flex-column w-100 ms-2\">\n      <h3 class=\"h5 text-sm mb-1\">R\u00e4\u00e4kisime v\u00e4rskete tulemuste p\u00f5hjal tehisaru kasutamisest<\/h3>\n      <time class=\"post-date d-block mt-auto text-end text-xs w-100\" datetime=\"2025-10-29T19:34:04+00:00\">\n        29.10.2025\n      <\/time>\n    <\/div>\n  <\/a>\n<\/article>\n\t\t\t\t\t\t\t\t\t<\/div>\n","protected":false},"excerpt":{"rendered":"","protected":false},"author":297,"featured_media":0,"parent":0,"menu_order":0,"comment_status":"closed","ping_status":"closed","template":"","meta":{"_acf_changed":false,"inline_featured_image":false,"footnotes":""},"class_list":["post-76","page","type-page","status-publish","hentry"],"acf":[],"_links":{"self":[{"href":"https:\/\/sisu.ut.ee\/euko\/wp-json\/wp\/v2\/pages\/76","targetHints":{"allow":["GET"]}}],"collection":[{"href":"https:\/\/sisu.ut.ee\/euko\/wp-json\/wp\/v2\/pages"}],"about":[{"href":"https:\/\/sisu.ut.ee\/euko\/wp-json\/wp\/v2\/types\/page"}],"author":[{"embeddable":true,"href":"https:\/\/sisu.ut.ee\/euko\/wp-json\/wp\/v2\/users\/297"}],"replies":[{"embeddable":true,"href":"https:\/\/sisu.ut.ee\/euko\/wp-json\/wp\/v2\/comments?post=76"}],"version-history":[{"count":5,"href":"https:\/\/sisu.ut.ee\/euko\/wp-json\/wp\/v2\/pages\/76\/revisions"}],"predecessor-version":[{"id":345,"href":"https:\/\/sisu.ut.ee\/euko\/wp-json\/wp\/v2\/pages\/76\/revisions\/345"}],"wp:attachment":[{"href":"https:\/\/sisu.ut.ee\/euko\/wp-json\/wp\/v2\/media?parent=76"}],"curies":[{"name":"wp","href":"https:\/\/api.w.org\/{rel}","templated":true}]}}