{"id":568,"date":"2026-02-09T15:42:03","date_gmt":"2026-02-09T13:42:03","guid":{"rendered":"https:\/\/sisu.ut.ee\/euko\/?page_id=568"},"modified":"2026-02-18T20:44:00","modified_gmt":"2026-02-18T18:44:00","slug":"3-laine-tulemused","status":"publish","type":"page","link":"https:\/\/sisu.ut.ee\/euko\/3-laine-tulemused\/","title":{"rendered":"3. laine peamised tulemused"},"content":{"rendered":"<p>2025. aastal korraldasime suure valimiga esindusliku koolik\u00fcsitluse ning lisaks sellele v\u00e4ikese valimiga kvalitatiivuuringu.<br><br>P\u00f5hitulemusi kokku v\u00f5ttes v\u00f5ib v\u00e4ita, et nutiseadmed ja veebikeskkonnad on Eesti \u00f5pilaste elu lahutamatu osa ning selleks on muutumas ka tehisaru. Sarnaselt varasemates uuringutes t\u00e4heldatuga kasutavad lapsed ja noored digikeskkondi peamiselt meelelahutuseks, kuid viimase k\u00fcsitluse andmetel on koolit\u00f6\u00f6de tegemiseks hakatud internetti kasutama rohkem. See annab tunnistust nii \u00f5pilaste veebikasutuse funktsionaalsuse kasvust kui ka hariduss\u00fcsteemi meediastumisest.<br>Eesti \u00f5pilased hindavad oma digioskusi \u00fcldiselt heaks ning peavad ka tehisaru kasutamist lihtsaks. Samas on \u00f5pilaste digiteadmised k\u00fcllaltki kesised ning tehisaru toimimise ja eetilise kasutamisega seotud p\u00f5him\u00f5tetest r\u00e4\u00e4kides on nad v\u00e4hem enesekindlad. \u00d5pilased n\u00e4evad uusi tehnoloogilisi lahendusi pigem kasulikena ning suhtuvad neisse optimistlikult. Suhteliselt v\u00e4ike osa \u00f5pilastest on tehnoloogia ja digikeskkondade pakkujate v\u00f5i arendajate huvide ning neist johtuda v\u00f5ivate probleemide suhtes kriitilised. <br>H\u00e4irivad internetikogemused on \u00f5pilaste seas endiselt \u00fcsna levinud ning v\u00f5rreldes varasemate uuringutega puututakse mitme veebiriskiga (nagu seksuaalse sisuga s\u00f5numite saamine, h\u00e4iriva veebisisu n\u00e4gemine ja interneti liigkasutus) kokku isegi sagedamini. Endiselt leidub m\u00e4rkimisv\u00e4\u00e4rselt palju lapsi, kes ei r\u00e4\u00e4gi h\u00e4irivast internetikogemusest kellelegi. Nagu varemgi, p\u00f6\u00f6rduvad noored veebis kogetavate probleemide korral peamiselt oma vanemate v\u00f5i hooldajate poole; enamikul on lihtne vanematega h\u00e4irivatest asjadest r\u00e4\u00e4kida.<br>Sarnaselt eelmiste uuringute tulemustega kasutab suurem osa Eesti lapsevanemaid lapse internetikasutuse aktiivse vahendamise v\u00f5tteid. M\u00e4rkimisv\u00e4\u00e4rselt on kasvanud tehniliste piirangute rakendamine \u2013 ilmselt nii lisandunud v\u00f5imaluste kui ka vanemate digioskuste kasvu t\u00f5ttu. Koolides lubatakse nutitelefone kasutada peamiselt \u00f5pi\u00fclesannete t\u00e4itmiseks. \u00d5pilased on koolide kehtestatud reeglitega \u00fcldjoontes rahul ja lisareegleid pigem ei soovi.<br>Mitmed internetikasutusega seotud tunnused osutusid olulisteks \u00f5pilaste vaimse heaolu ennustajateks. Vanuselisi erinevusi k\u00f5rvale j\u00e4ttes saab k\u00f5rgemal \u00fcldistusastmel v\u00e4ita, et laste ja noorte vaimset heaolu aitavad suurendada usalduslikud suhted vanematega (sh vanemate aktiivne tegevus laste internetikasutuse vahendamisel) ja suurem autonoomia interneti pakutavate v\u00f5imaluste mitmek\u00fclgsel kasutamisel (sh v\u00e4iksemad vanemlikud piirangud). Laste ja noorte vaimset heaolu v\u00e4hendavad (veebi)kiusamise kogemine ning kahjuliku veebisisuga kokkupuutumine.<br><br>EU Kids Online\u2019i Eesti 2025. aasta uuringu esialgsed tulemused on avaldatud nii paberkandjal kui ka <strong><a href=\"https:\/\/sisu.ut.ee\/wp-content\/uploads\/sites\/289\/EUKO-v6rku-summariga-26_02_18.pdf\" data-type=\"link\" data-id=\"https:\/\/sisu.ut.ee\/wp-content\/uploads\/sites\/289\/EUKO-v6rku-summariga-26_02_18.pdf\">PDF-formaadis raportina<\/a><\/strong> koos ingliskeelse kokkuv\u00f5ttega (avaneb uues aknas).<\/p>\n\n\n\n<p><\/p>\n","protected":false},"excerpt":{"rendered":"<p>2025. aastal korraldasime suure valimiga esindusliku koolik\u00fcsitluse ning lisaks sellele v\u00e4ikese valimiga kvalitatiivuuringu. P\u00f5hitulemusi kokku v\u00f5ttes v\u00f5ib v\u00e4ita, et nutiseadmed ja veebikeskkonnad on Eesti \u00f5pilaste elu lahutamatu osa ning selleks on muutumas ka tehisaru. Sarnaselt varasemates uuringutes t\u00e4heldatuga kasutavad lapsed &#8230;<\/p>\n","protected":false},"author":330,"featured_media":0,"parent":0,"menu_order":0,"comment_status":"closed","ping_status":"closed","template":"","meta":{"_acf_changed":false,"inline_featured_image":false,"footnotes":""},"class_list":["post-568","page","type-page","status-publish","hentry"],"acf":[],"_links":{"self":[{"href":"https:\/\/sisu.ut.ee\/euko\/wp-json\/wp\/v2\/pages\/568","targetHints":{"allow":["GET"]}}],"collection":[{"href":"https:\/\/sisu.ut.ee\/euko\/wp-json\/wp\/v2\/pages"}],"about":[{"href":"https:\/\/sisu.ut.ee\/euko\/wp-json\/wp\/v2\/types\/page"}],"author":[{"embeddable":true,"href":"https:\/\/sisu.ut.ee\/euko\/wp-json\/wp\/v2\/users\/330"}],"replies":[{"embeddable":true,"href":"https:\/\/sisu.ut.ee\/euko\/wp-json\/wp\/v2\/comments?post=568"}],"version-history":[{"count":6,"href":"https:\/\/sisu.ut.ee\/euko\/wp-json\/wp\/v2\/pages\/568\/revisions"}],"predecessor-version":[{"id":603,"href":"https:\/\/sisu.ut.ee\/euko\/wp-json\/wp\/v2\/pages\/568\/revisions\/603"}],"wp:attachment":[{"href":"https:\/\/sisu.ut.ee\/euko\/wp-json\/wp\/v2\/media?parent=568"}],"curies":[{"name":"wp","href":"https:\/\/api.w.org\/{rel}","templated":true}]}}