{"id":498,"date":"2025-10-23T11:41:25","date_gmt":"2025-10-23T08:41:25","guid":{"rendered":"https:\/\/sisu.ut.ee\/euko\/?page_id=498"},"modified":"2026-01-22T16:14:04","modified_gmt":"2026-01-22T14:14:04","slug":"intervjuu-uuringu-kava-2025","status":"publish","type":"page","link":"https:\/\/sisu.ut.ee\/euko\/intervjuu-uuringu-kava-2025\/","title":{"rendered":"Intervjuu-uuringu kava, 2024"},"content":{"rendered":"<p>Esindusliku koolik\u00fcsitlusega k\u00f5rvuti toimus 2024. aasta detsembrist 2025. aasta veebruarini v\u00e4ike kvalitatiivuuring \u201cLapsed ja AI\u201d, mis keskendus tehisarut\u00f6\u00f6riistade (juturobotid, keelemudelid, pildi- ja videogeneraatorid) kasutamisele ning noorte kogemustele ja teadlikkusele tehisaru toimimise, v\u00f5imaluste ja varjuk\u00fclgede kohta. Uuringus osales 16 13-16-aastast eesti noort.<\/p>\n\n\n\n<p>Uuringus osales 13 EU Kids Online\u2019i v\u00f5rgustiku riiki. Uuringut koordineeris Giovanna\u00a0Mascheroni (Universit\u00e0 Cattolica del Sacro Cuore, Milano). <br>Intervjuukava ja anal\u00fc\u00fcsiskeemi t\u00f6\u00f6tasid v\u00e4lja Giovanna\u00a0Mascheroni, Veronika Kalmus (Tartu \u00dclikool), Sonia Livingstone (Londoni Majandus- ja Poliitikateaduste Kool, LSE), Signe\u00a0Opermann (Tartu \u00dclikool), Andra\u00a0Siibak\u00a0(Tartu \u00dclikool) ja\u00a0Mariya\u00a0Stoilova\u00a0(LSE) koost\u00f6\u00f6d kohalike uurimisr\u00fchmadega. <br><br>Ingliskeelse intervjuukava t\u00f5lkisid eesti keelde, uuringu valmistasid ette ning andmeid kogusid ja anal\u00fc\u00fcsisid Tartu \u00dclikooli uurimisr\u00fchma liikmed Veronika Kalmus, Hanna Kerstina Kartau, Kristjan Kikerpill, Signe Opermann, Andra Siibak, Iiris Tuvi ja Andre Uibos.<\/p>\n\n\n\n<p>Kvalitatiivuuringuks sai uurimisr\u00fchm loa (nr 439180) koos rahvusvahelise konsortsiumi liikmetega Londoni Majandus- ja Poliitikateaduste Kooli (LSE) eetikakomiteelt.<br><br>Intervjuukavale tuleb viidata: <br>Mascheroni, G., Livingstone, S., Siibak, A., Kalmus, V., Opermann, S., Stoilova, M., Kikerpill, K., ja Tuvi, I. koos EU Kids Online\u2019i v\u00f5rgustiku liikmetega. (2024).\u00a0<em>\u00a0EU Kids Online 2024. Intervjuu \u201cLapsed ja generatiivne tehisintellekt<\/em>\u201d <em>kava<\/em>. EU Kids Online.\u00a0\u00a0<\/p>\n\n\n\n<div data-wp-interactive=\"core\/file\" class=\"wp-block-file\"><object data-wp-bind--hidden=\"!state.hasPdfPreview\" hidden class=\"wp-block-file__embed\" data=\"https:\/\/sisu.ut.ee\/wp-content\/uploads\/sites\/289\/EUKO_Lapsed-ja-generatiivne-tehisintellekt_intervjuukava_ET.pdf\" type=\"application\/pdf\" style=\"width:100%;height:600px\" aria-label=\"Lisa EUKO_Lapsed ja generatiivne tehisintellekt_intervjuukava_ET.\"><\/object><a id=\"wp-block-file--media-808f6266-0ad7-461e-9f4f-4d51dd8e04e6\" href=\"https:\/\/sisu.ut.ee\/wp-content\/uploads\/sites\/289\/EUKO_Lapsed-ja-generatiivne-tehisintellekt_intervjuukava_ET.pdf\">EUKO_Lapsed ja generatiivne tehisintellekt_intervjuukava_ET<\/a><a href=\"https:\/\/sisu.ut.ee\/wp-content\/uploads\/sites\/289\/EUKO_Lapsed-ja-generatiivne-tehisintellekt_intervjuukava_ET.pdf\" class=\"wp-block-file__button wp-element-button\" download aria-describedby=\"wp-block-file--media-808f6266-0ad7-461e-9f4f-4d51dd8e04e6\">Laadi alla<\/a><\/div>\n","protected":false},"excerpt":{"rendered":"<p>Esindusliku koolik\u00fcsitlusega k\u00f5rvuti toimus 2024. aasta detsembrist 2025. aasta veebruarini v\u00e4ike kvalitatiivuuring \u201cLapsed ja AI\u201d, mis keskendus tehisarut\u00f6\u00f6riistade (juturobotid, keelemudelid, pildi- ja videogeneraatorid) kasutamisele ning noorte kogemustele ja teadlikkusele tehisaru toimimise, v\u00f5imaluste ja varjuk\u00fclgede kohta. Uuringus osales 16 13-16-aastast eesti &#8230;<\/p>\n","protected":false},"author":330,"featured_media":0,"parent":0,"menu_order":0,"comment_status":"closed","ping_status":"closed","template":"","meta":{"_acf_changed":false,"inline_featured_image":false,"footnotes":""},"class_list":["post-498","page","type-page","status-publish","hentry"],"acf":[],"_links":{"self":[{"href":"https:\/\/sisu.ut.ee\/euko\/wp-json\/wp\/v2\/pages\/498","targetHints":{"allow":["GET"]}}],"collection":[{"href":"https:\/\/sisu.ut.ee\/euko\/wp-json\/wp\/v2\/pages"}],"about":[{"href":"https:\/\/sisu.ut.ee\/euko\/wp-json\/wp\/v2\/types\/page"}],"author":[{"embeddable":true,"href":"https:\/\/sisu.ut.ee\/euko\/wp-json\/wp\/v2\/users\/330"}],"replies":[{"embeddable":true,"href":"https:\/\/sisu.ut.ee\/euko\/wp-json\/wp\/v2\/comments?post=498"}],"version-history":[{"count":2,"href":"https:\/\/sisu.ut.ee\/euko\/wp-json\/wp\/v2\/pages\/498\/revisions"}],"predecessor-version":[{"id":549,"href":"https:\/\/sisu.ut.ee\/euko\/wp-json\/wp\/v2\/pages\/498\/revisions\/549"}],"wp:attachment":[{"href":"https:\/\/sisu.ut.ee\/euko\/wp-json\/wp\/v2\/media?parent=498"}],"curies":[{"name":"wp","href":"https:\/\/api.w.org\/{rel}","templated":true}]}}