{"id":495,"date":"2025-10-23T11:39:15","date_gmt":"2025-10-23T08:39:15","guid":{"rendered":"https:\/\/sisu.ut.ee\/euko\/?page_id=495"},"modified":"2026-01-21T17:35:17","modified_gmt":"2026-01-21T15:35:17","slug":"kusitlusuuringu-ankeet-2025","status":"publish","type":"page","link":"https:\/\/sisu.ut.ee\/euko\/kusitlusuuringu-ankeet-2025\/","title":{"rendered":"K\u00fcsitlusuuringu ankeet, 2025"},"content":{"rendered":"<p><br>EU Kids Online\u2019i v\u00f5rgustik on p\u00f6\u00f6ranud alati suurt t\u00e4helepanu uurimismetoodikale ja -eetikale ning laste \u00f5igustele.<\/p>\n\n\n\n<p>Noorte internetikasutuse uurimiseks uuendas ja t\u00e4iendas rahvusvaheline uurimisr\u00fchm\u00a0\u00a02024. aastal eelmistes uuringulainetes kasutatud k\u00fcsitlusankeeti. Tartu \u00dclikooli EU Kids Online\u2019i uurimisr\u00fchm t\u00f5lkis ja eestindas enam kui 40 k\u00fcsimusega ankeedi 2025. aasta kevadeks.<\/p>\n\n\n\n<p>Ankeedi rahvusvahelise versiooni t\u00f6\u00f6tasid v\u00e4lja\u00a0Elisabeth\u00a0Staksrud,\u00a0Ellen Helsper, Sonia Livingstone, Bojana Lobe, Giovanna\u00a0Mascheroni,\u00a0Kjartan\u00a0\u00d3lafsson ja Mariya\u00a0Stoilova.\u00a0<br><br>Eestikeelse versiooni t\u00f6\u00f6tasid v\u00e4lja T\u00dc uurimisr\u00fchma liikmed Veronika Kalmus,\u00a0Kristjan Kikerpill, Signe Opermann, Andra Siibak, Kadri Soo ja Iiris Tuvi. Ankeedi t\u00f5lkis vene keelde Valeria Jakobson.<\/p>\n\n\n\n<p>Ankeedi kasutamisel tuleb sellele viidata:<br>Staksrud, E., Helsper, E., Livingstone, S., Lobe, B.,\u00a0Mascheroni, G.,\u00a0\u00d3lafsson\u00a0K.,\u00a0Stoilova, M., Kalmus, V., Kikerpill, K., Opermann, S., Siibak, A., Soo. K. ja Tuvi, I. koos EU Kids Online\u2019i v\u00f5rgustiku liikmetega. (2025).\u00a0<em>\u00a0EU Kids Online 2025. K\u00fcsimustik lastele ja noortele<\/em>. EU Kids Online.\u00a0\u00a0<\/p>\n\n\n\n<div data-wp-interactive=\"core\/file\" class=\"wp-block-file\"><object data-wp-bind--hidden=\"!state.hasPdfPreview\" hidden class=\"wp-block-file__embed\" data=\"https:\/\/sisu.ut.ee\/wp-content\/uploads\/sites\/289\/EU-Kids-Online-eestikeelne-ankeet-2025.pdf\" type=\"application\/pdf\" style=\"width:100%;height:600px\" aria-label=\"Lisa EU Kids Online eestikeelne ankeet 2025.\"><\/object><a id=\"wp-block-file--media-b1fcde50-abd3-4ae8-9c7c-69ccc7655b3c\" href=\"https:\/\/sisu.ut.ee\/wp-content\/uploads\/sites\/289\/EU-Kids-Online-eestikeelne-ankeet-2025.pdf\">EU Kids Online eestikeelne ankeet 2025<\/a><a href=\"https:\/\/sisu.ut.ee\/wp-content\/uploads\/sites\/289\/EU-Kids-Online-eestikeelne-ankeet-2025.pdf\" class=\"wp-block-file__button wp-element-button\" download aria-describedby=\"wp-block-file--media-b1fcde50-abd3-4ae8-9c7c-69ccc7655b3c\">Laadi alla<\/a><\/div>\n","protected":false},"excerpt":{"rendered":"<p>EU Kids Online\u2019i v\u00f5rgustik on p\u00f6\u00f6ranud alati suurt t\u00e4helepanu uurimismetoodikale ja -eetikale ning laste \u00f5igustele. Noorte internetikasutuse uurimiseks uuendas ja t\u00e4iendas rahvusvaheline uurimisr\u00fchm\u00a0\u00a02024. aastal eelmistes uuringulainetes kasutatud k\u00fcsitlusankeeti. Tartu \u00dclikooli EU Kids Online\u2019i uurimisr\u00fchm t\u00f5lkis ja eestindas enam kui 40 &#8230;<\/p>\n","protected":false},"author":330,"featured_media":0,"parent":0,"menu_order":0,"comment_status":"closed","ping_status":"closed","template":"","meta":{"_acf_changed":false,"inline_featured_image":false,"footnotes":""},"class_list":["post-495","page","type-page","status-publish","hentry"],"acf":[],"_links":{"self":[{"href":"https:\/\/sisu.ut.ee\/euko\/wp-json\/wp\/v2\/pages\/495","targetHints":{"allow":["GET"]}}],"collection":[{"href":"https:\/\/sisu.ut.ee\/euko\/wp-json\/wp\/v2\/pages"}],"about":[{"href":"https:\/\/sisu.ut.ee\/euko\/wp-json\/wp\/v2\/types\/page"}],"author":[{"embeddable":true,"href":"https:\/\/sisu.ut.ee\/euko\/wp-json\/wp\/v2\/users\/330"}],"replies":[{"embeddable":true,"href":"https:\/\/sisu.ut.ee\/euko\/wp-json\/wp\/v2\/comments?post=495"}],"version-history":[{"count":4,"href":"https:\/\/sisu.ut.ee\/euko\/wp-json\/wp\/v2\/pages\/495\/revisions"}],"predecessor-version":[{"id":546,"href":"https:\/\/sisu.ut.ee\/euko\/wp-json\/wp\/v2\/pages\/495\/revisions\/546"}],"wp:attachment":[{"href":"https:\/\/sisu.ut.ee\/euko\/wp-json\/wp\/v2\/media?parent=495"}],"curies":[{"name":"wp","href":"https:\/\/api.w.org\/{rel}","templated":true}]}}