{"id":391,"date":"2025-05-13T17:27:23","date_gmt":"2025-05-13T14:27:23","guid":{"rendered":"https:\/\/sisu.ut.ee\/euko\/?page_id=391"},"modified":"2025-05-13T17:27:23","modified_gmt":"2025-05-13T14:27:23","slug":"2-laine-peamised-tulemused","status":"publish","type":"page","link":"https:\/\/sisu.ut.ee\/euko\/2-laine-peamised-tulemused\/","title":{"rendered":"2. laine peamised tulemused"},"content":{"rendered":"<div class=\"accordion-block mb-3\">\n\t\t<div class=\"accordion \" id=\"accordion-accordion-69dc61b680119\">\n\t\t\t\t\t\t\t<div class=\"accordion-item accordion-item--white\">\n\t\t\t\t\t<h2 class=\"accordion-header\" id=\"accordion-69dc61b680119-heading-1\">\n\t\t\t\t\t\t<button class=\"accordion-button collapsed\" type=\"button\" data-bs-toggle=\"collapse\" data-bs-target=\"#accordion-69dc61b680119-collapse-1\" aria-expanded=\"true\" aria-controls=\"accordion-69dc61b680119-collapse-1\">\n\t\t\t\t\t\t\tDigikeskkonna turvalisus ja emotsionaalsed probleemid\n\t\t\t\t\t\t<\/button>\n\t\t\t\t\t<\/h2>\n\t\t\t\t\t<div id=\"accordion-69dc61b680119-collapse-1\" class=\"accordion-collapse collapse \" aria-labelledby=\"accordion-69dc61b680119-heading-1\">\n\t\t\t\t\t\t<div class=\"accordion-body\">\n\t\t\t\t\t\t\t<p><span class=\"TextRun SCXW245376907 BCX8\" lang=\"ET-EE\" xml:lang=\"ET-EE\" data-contrast=\"none\"><span class=\"NormalTextRun SCXW245376907 BCX8\"><img loading=\"lazy\" decoding=\"async\" class=\"alignleft wp-image-402\" src=\"https:\/\/sisu.ut.ee\/wp-content\/uploads\/sites\/289\/Rplot-300x184.png\" alt=\"\" width=\"679\" height=\"417\" srcset=\"https:\/\/sisu.ut.ee\/wp-content\/uploads\/sites\/289\/Rplot-300x184.png 300w, https:\/\/sisu.ut.ee\/wp-content\/uploads\/sites\/289\/Rplot-768x471.png 768w, https:\/\/sisu.ut.ee\/wp-content\/uploads\/sites\/289\/Rplot.png 861w\" sizes=\"auto, (max-width: 679px) 100vw, 679px\">EU <\/span><span class=\"NormalTextRun SpellingErrorV2Themed SCXW245376907 BCX8\">Kids<\/span> <span class=\"NormalTextRun SpellingErrorV2Themed SCXW245376907 BCX8\">Online\u2019i<\/span><span class=\"NormalTextRun SCXW245376907 BCX8\"> uuringu andmed n\u00e4itavad, noortel, kes tajuvad digikeskkonda turvalisemana, on m\u00f5nev\u00f5rra v\u00e4hem emotsionaalseid probleeme. Eesti kuulub rahvusvahelisel v\u00f5rdlusmaatriksil riikide r\u00fchma, kus noortel on veidi v\u00e4hem emotsionaalseid probleeme kui Euroopa 16 riigis keskmiselt, kuid tajutud digikeskkonna turvalisus on m\u00e4rgatavalt suurem kui 16 riigi keskmine. Eesti sarnaneb k\u00f5ige enam teiste Skandinaavia-Balti regiooni riikide \u2013 Leedu ja Norraga. Konkreetse k\u00fcsimuse n\u00e4itel v\u00e4itis vaid 3% Eesti 12\u201316-aastastest, et ei tunne end internetis kunagi turvaliselt, samas kui Rumeenias, Itaalias ja \u0160veitsis tunnistas seda \u00fcle 14% noortest<\/span><span class=\"NormalTextRun SCXW245376907 BCX8\">.<\/span><\/span><span class=\"EOP SCXW245376907 BCX8\" data-ccp-props='{\"201341983\":0,\"335551550\":6,\"335551620\":6,\"335557856\":16777215,\"335559739\":360,\"335559740\":240}'>\u00a0<\/span><\/p>\n\n\t\t\t\t\t\t<\/div>\n\t\t\t\t\t<\/div>\n\t\t\t\t<\/div>\n\t\t\t\t\t\t\t<div class=\"accordion-item accordion-item--white\">\n\t\t\t\t\t<h2 class=\"accordion-header\" id=\"accordion-69dc61b680119-heading-2\">\n\t\t\t\t\t\t<button class=\"accordion-button collapsed\" type=\"button\" data-bs-toggle=\"collapse\" data-bs-target=\"#accordion-69dc61b680119-collapse-2\" aria-expanded=\"true\" aria-controls=\"accordion-69dc61b680119-collapse-2\">\n\t\t\t\t\t\t\tDigioskused ja eluga rahulolu\n\t\t\t\t\t\t<\/button>\n\t\t\t\t\t<\/h2>\n\t\t\t\t\t<div id=\"accordion-69dc61b680119-collapse-2\" class=\"accordion-collapse collapse \" aria-labelledby=\"accordion-69dc61b680119-heading-2\">\n\t\t\t\t\t\t<div class=\"accordion-body\">\n\t\t\t\t\t\t\t<p><span class=\"TextRun SCXW75524081 BCX8\" lang=\"ET-EE\" xml:lang=\"ET-EE\" data-contrast=\"none\"><span class=\"NormalTextRun SCXW75524081 BCX8\"><img loading=\"lazy\" decoding=\"async\" class=\"alignleft  wp-image-404\" src=\"https:\/\/sisu.ut.ee\/wp-content\/uploads\/sites\/289\/Rplot-1-300x184.png\" alt=\"\" width=\"615\" height=\"377\" srcset=\"https:\/\/sisu.ut.ee\/wp-content\/uploads\/sites\/289\/Rplot-1-300x184.png 300w, https:\/\/sisu.ut.ee\/wp-content\/uploads\/sites\/289\/Rplot-1-768x471.png 768w, https:\/\/sisu.ut.ee\/wp-content\/uploads\/sites\/289\/Rplot-1.png 861w\" sizes=\"auto, (max-width: 615px) 100vw, 615px\">Euroopa noorte vastuste p\u00f5hjal ilmnes n\u00f5rk seos: end digip\u00e4devamaks pidavad teismelised kaldusid olema oma eluga pisut rohkem rahul. Eesti kuulub maade r\u00fchma, kus nii noorte eluga rahulolu kui ka digioskuste enesehinnangu keskmised n\u00e4itajad on veidi k\u00f5rgemad kui vaadeldud riikides keskmiselt. Naaberriikidest torkab silma Leedu, kus noorte hinnang oma digioskustele on oluliselt k\u00f5rgem, eluga rahulolu tase aga m\u00e4rkimisv\u00e4\u00e4rselt madalam.<\/span><\/span><span class=\"EOP SCXW75524081 BCX8\" data-ccp-props='{\"201341983\":0,\"335551550\":6,\"335551620\":6,\"335557856\":16777215,\"335559739\":360,\"335559740\":240}'>\u00a0<\/span><\/p>\n\n\t\t\t\t\t\t<\/div>\n\t\t\t\t\t<\/div>\n\t\t\t\t<\/div>\n\t\t\t\t\t\t\t<div class=\"accordion-item accordion-item--white\">\n\t\t\t\t\t<h2 class=\"accordion-header\" id=\"accordion-69dc61b680119-heading-3\">\n\t\t\t\t\t\t<button class=\"accordion-button collapsed\" type=\"button\" data-bs-toggle=\"collapse\" data-bs-target=\"#accordion-69dc61b680119-collapse-3\" aria-expanded=\"true\" aria-controls=\"accordion-69dc61b680119-collapse-3\">\n\t\t\t\t\t\t\tDigikeskkond Eesti noorte vaimse heaolu m\u00f5jutajana\n\t\t\t\t\t\t<\/button>\n\t\t\t\t\t<\/h2>\n\t\t\t\t\t<div id=\"accordion-69dc61b680119-collapse-3\" class=\"accordion-collapse collapse \" aria-labelledby=\"accordion-69dc61b680119-heading-3\">\n\t\t\t\t\t\t<div class=\"accordion-body\">\n\t\t\t\t\t\t\t<p><span class=\"TextRun SCXW39251700 BCX8\" lang=\"ET-EE\" xml:lang=\"ET-EE\" data-contrast=\"none\"><span class=\"NormalTextRun SpellingErrorV2Themed SCXW39251700 BCX8\"><img loading=\"lazy\" decoding=\"async\" class=\"alignleft  wp-image-406\" src=\"https:\/\/sisu.ut.ee\/wp-content\/uploads\/sites\/289\/Rplot-2-300x184.png\" alt=\"\" width=\"673\" height=\"413\" srcset=\"https:\/\/sisu.ut.ee\/wp-content\/uploads\/sites\/289\/Rplot-2-300x184.png 300w, https:\/\/sisu.ut.ee\/wp-content\/uploads\/sites\/289\/Rplot-2-768x471.png 768w, https:\/\/sisu.ut.ee\/wp-content\/uploads\/sites\/289\/Rplot-2.png 861w\" sizes=\"auto, (max-width: 673px) 100vw, 673px\">Sotsiaal-majandusliku<\/span><span class=\"NormalTextRun SCXW39251700 BCX8\"> m\u00f5\u00f5tme n\u00e4itajana kasutasime sotsiaalse kihi enesehinnangut, m\u00f5\u00f5detuna k\u00fcmneastmelisel \u00fchiskondlikul \u201eredelil\u201c, millele noor sai paigutada enda ja oma pere, l\u00e4htudes j\u00f5ukusest ning vanemate haridusest ja t\u00f6\u00f6kohast. Ootusp\u00e4raselt oli noorte eluga rahulolu v\u00e4ga tugevalt seotud tajutud sotsiaalse kihiga: end madalamasse kihti (astmetele 0\u20135) paigutanud teismelised olid oma eluga k\u00f5ige v\u00e4hem rahul ja k\u00f5rgemasse kihti (astmetele 8\u201310) asetunud noored pidasid oma elu k\u00f5ige paremaks. Noorte emotsionaalsed probleemid <\/span><span class=\"NormalTextRun SpellingErrorV2Themed SCXW39251700 BCX8\">sotsiaal-majanduslikust<\/span><span class=\"NormalTextRun SCXW39251700 BCX8\"> m\u00f5\u00f5tmest ei s\u00f5ltunud. Eesti noorte vaimse heaolu n\u00e4itajad ei olnud seotud rahvuse (vastamise keele) ega elukohat\u00fc\u00fcbiga (asula suurusega).<\/span><\/span><span class=\"EOP SCXW39251700 BCX8\" data-ccp-props='{\"201341983\":0,\"335551550\":6,\"335551620\":6,\"335557856\":16777215,\"335559739\":360,\"335559740\":240}'>\u00a0<\/span><\/p>\n\n\t\t\t\t\t\t<\/div>\n\t\t\t\t\t<\/div>\n\t\t\t\t<\/div>\n\t\t\t\t\t\t\t<div class=\"accordion-item accordion-item--white\">\n\t\t\t\t\t<h2 class=\"accordion-header\" id=\"accordion-69dc61b680119-heading-4\">\n\t\t\t\t\t\t<button class=\"accordion-button collapsed\" type=\"button\" data-bs-toggle=\"collapse\" data-bs-target=\"#accordion-69dc61b680119-collapse-4\" aria-expanded=\"true\" aria-controls=\"accordion-69dc61b680119-collapse-4\">\n\t\t\t\t\t\t\tVanemlik vahendamine digitehnoloogiate kasutamisel\n\t\t\t\t\t\t<\/button>\n\t\t\t\t\t<\/h2>\n\t\t\t\t\t<div id=\"accordion-69dc61b680119-collapse-4\" class=\"accordion-collapse collapse \" aria-labelledby=\"accordion-69dc61b680119-heading-4\">\n\t\t\t\t\t\t<div class=\"accordion-body\">\n\t\t\t\t\t\t\t<p>Selleks et maandada digitehnoloogiate kasutamisega seonduvaid vaimse ja f\u00fc\u00fcsilise tervise riske ja suurendada saadavat kasu, kasutavad paljud lapsevanemad erinevaid vanemliku vahendamise strateegiaid. Lapevanemad v\u00f5ivad lastega veebisisu \u00fcle arutleda ja soovitada turvalisemat sisu (aktiivne vahendamine) v\u00f5i hoopis piirata internetikasutust ning tagantj\u00e4rgi kontrollida, missugust veebisisu laps on tarbinud (piirav vahendamine). <span class=\"TextRun SCXW102950558 BCX8\" lang=\"ET-EE\" xml:lang=\"ET-EE\" data-contrast=\"none\"><span class=\"NormalTextRun SCXW102950558 BCX8\">Jooniselt n\u00e4eme, et 8 aasta jooksul toimus enamikes uuritavates riikides sarnane trend<\/span><span class=\"NormalTextRun SCXW102950558 BCX8\"> \u2013 piirav vahendamine on lapsevan<\/span><span class=\"NormalTextRun SCXW102950558 BCX8\">emate seas <\/span><span class=\"NormalTextRun SCXW102950558 BCX8\">j\u00e4\u00e4nud samale tasemele v\u00f5i veidi langenud, <\/span><span class=\"NormalTextRun SCXW102950558 BCX8\">samas kui aktiivse piiramise osas on toimunud kiired h\u00fcpped.<\/span><span class=\"NormalTextRun SCXW102950558 BCX8\"> Seega v\u00f5ib n\u00e4ha, et lapsevanemad terves Euroopas on <\/span><span class=\"NormalTextRun SCXW102950558 BCX8\">haka<\/span><span class=\"NormalTextRun SCXW102950558 BCX8\">nud <\/span><span class=\"NormalTextRun SCXW102950558 BCX8\">rohkem lastega internetis toimuva<\/span><span class=\"NormalTextRun SCXW102950558 BCX8\">t selgitama ning arutama. Piirava vahendamise v\u00e4henemist v\u00f5ib p\u00f5hjendada nii lapsevanemate kasvavate digioskustega <\/span><span class=\"NormalTextRun SCXW102950558 BCX8\">ning ka piiramise asendamise aktiivse l\u00e4henemisega.<\/span><\/span><\/p>\n<p><img loading=\"lazy\" decoding=\"async\" class=\"alignleft  wp-image-431\" src=\"https:\/\/sisu.ut.ee\/wp-content\/uploads\/sites\/289\/vahendamine-300x183.jpg\" alt=\"\" width=\"1066\" height=\"650\" srcset=\"https:\/\/sisu.ut.ee\/wp-content\/uploads\/sites\/289\/vahendamine-300x183.jpg 300w, https:\/\/sisu.ut.ee\/wp-content\/uploads\/sites\/289\/vahendamine-1024x624.jpg 1024w, https:\/\/sisu.ut.ee\/wp-content\/uploads\/sites\/289\/vahendamine-768x468.jpg 768w, https:\/\/sisu.ut.ee\/wp-content\/uploads\/sites\/289\/vahendamine.jpg 1382w\" sizes=\"auto, (max-width: 1066px) 100vw, 1066px\"><\/p>\n\n\t\t\t\t\t\t<\/div>\n\t\t\t\t\t<\/div>\n\t\t\t\t<\/div>\n\t\t\t\t\t<\/div>\n\t<\/div>\n","protected":false},"excerpt":{"rendered":"","protected":false},"author":794,"featured_media":0,"parent":0,"menu_order":0,"comment_status":"closed","ping_status":"closed","template":"","meta":{"_acf_changed":false,"inline_featured_image":false,"footnotes":""},"class_list":["post-391","page","type-page","status-publish","hentry"],"acf":[],"_links":{"self":[{"href":"https:\/\/sisu.ut.ee\/euko\/wp-json\/wp\/v2\/pages\/391","targetHints":{"allow":["GET"]}}],"collection":[{"href":"https:\/\/sisu.ut.ee\/euko\/wp-json\/wp\/v2\/pages"}],"about":[{"href":"https:\/\/sisu.ut.ee\/euko\/wp-json\/wp\/v2\/types\/page"}],"author":[{"embeddable":true,"href":"https:\/\/sisu.ut.ee\/euko\/wp-json\/wp\/v2\/users\/794"}],"replies":[{"embeddable":true,"href":"https:\/\/sisu.ut.ee\/euko\/wp-json\/wp\/v2\/comments?post=391"}],"version-history":[{"count":14,"href":"https:\/\/sisu.ut.ee\/euko\/wp-json\/wp\/v2\/pages\/391\/revisions"}],"predecessor-version":[{"id":433,"href":"https:\/\/sisu.ut.ee\/euko\/wp-json\/wp\/v2\/pages\/391\/revisions\/433"}],"wp:attachment":[{"href":"https:\/\/sisu.ut.ee\/euko\/wp-json\/wp\/v2\/media?parent=391"}],"curies":[{"name":"wp","href":"https:\/\/api.w.org\/{rel}","templated":true}]}}