{"id":3,"date":"2024-04-04T04:32:35","date_gmt":"2024-04-04T01:32:35","guid":{"rendered":"https:\/\/sisu.ut.ee\/euko\/projektist\/"},"modified":"2025-02-21T16:46:53","modified_gmt":"2025-02-21T14:46:53","slug":"projektist","status":"publish","type":"page","link":"https:\/\/sisu.ut.ee\/euko\/projektist\/","title":{"rendered":"Uuringutest"},"content":{"rendered":"<p><span data-contrast=\"auto\">EU Kids Online\u2019i kolmas uuringulaine (2024\u20132025) koosneb kahest osast. Esinduslikus koolik\u00fcsitluses osalevad 10\u201316-aastased (3.\u20139. klasside) \u00f5pilased \u00fcle Eesti. Samal ajal toimub k\u00fcsitlus veel v\u00e4hemalt 10 Euroopa riigis.<\/span><\/p>\n<p><span data-contrast=\"auto\">Eesm\u00e4rk on saada teada:<\/span><span data-ccp-props='{\"201341983\":0,\"335557856\":16777215,\"335559739\":360,\"335559740\":240}'><br>\n1. <\/span><span style=\"text-align: var(--bs-body-text-align);\" data-contrast=\"auto\">Missugune on Eesti <\/span><span style=\"text-align: var(--bs-body-text-align);\" data-contrast=\"none\">laste ja noorte interneti- ja digitehnoloogiate kasutus (sh v\u00f5imalused, riskid, oskused ja teadmised, hoiakud, internetikasutuse sotsiaalne vahendamine) aastal 2025? <\/span><span style=\"text-align: var(--bs-body-text-align);\" data-contrast=\"auto\">Kuidas on see muutunud v\u00f5rreldes EU Kids Online\u2019i varasemate (2010. ja 2018. aasta) uuringulainetega?<br>\n<\/span><span data-contrast=\"auto\">2. Missugused on Eesti laste ja noorte interneti- ja digitehnoloogiate kasutuse sarnasused ja erinevused v\u00f5rreldes teiste Euroopa riikide eakaaslastega?<\/span><span data-ccp-props='{\"201341983\":0,\"335551550\":6,\"335551620\":6,\"335559739\":360,\"335559740\":240}'><br>\n3. <\/span><span data-contrast=\"auto\">Kuidas on seotud Eesti laste ja noorte interneti- ja digitehnoloogiate kasutus ja vaimne heaolu?<br>\n<span style=\"font-size: revert; text-align: var(--bs-body-text-align);\">Uuringu \u00fcks h\u00fcpotees on, et haavatavus internetikeskkonnas (veebiriskide ja -kahju kogemine) on olulisel m\u00e4\u00e4ral seotud laste ja noorte vaimse heaolu madalama tasemega.<\/span><\/span><\/p>\n<p><span data-contrast=\"auto\"><span class=\"TextRun SCXW144073734 BCX4\" lang=\"ET-EE\" xml:lang=\"ET-EE\" data-contrast=\"auto\"><span class=\"NormalTextRun CommentStart CommentHighlightPipeHoveredRefresh CommentHighlightHoveredRefresh SCXW144073734 BCX4\"><span class=\"TextRun SCXW57287351 BCX4\" lang=\"ET-EE\" xml:lang=\"ET-EE\" data-contrast=\"auto\"><span class=\"NormalTextRun CommentStart SCXW57287351 BCX4\">Eestis kogutakse veebik\u00fcsitluse kaudu andmeid 2000 kooli\u00f5pilaselt.<\/span> <span class=\"NormalTextRun SCXW57287351 BCX4\">\u00dcldharidusk<\/span><\/span><span class=\"TextRun SCXW57287351 BCX4\" lang=\"ET-EE\" xml:lang=\"ET-EE\" data-contrast=\"auto\"><span class=\"NormalTextRun SCXW57287351 BCX4\" data-ccp-charstyle=\"normaltextrun\">oolid on kutsutud uuringus osalema juhuvaliku teel<\/span><span class=\"NormalTextRun SCXW57287351 BCX4\" data-ccp-charstyle=\"normaltextrun\"> k\u00f5igist peamistest piirkondadest<\/span><span class=\"NormalTextRun SCXW57287351 BCX4\" data-ccp-charstyle=\"normaltextrun\">. <\/span><span class=\"NormalTextRun SCXW57287351 BCX4\" data-ccp-charstyle=\"normaltextrun\">Turu-uuringute AS-i <\/span><span class=\"NormalTextRun SCXW57287351 BCX4\" data-ccp-charstyle=\"normaltextrun\">t\u00f6\u00f6tajad k\u00fcsitlevad <\/span><span class=\"NormalTextRun SCXW57287351 BCX4\" data-ccp-charstyle=\"normaltextrun\">3.\u2013 9. klasside \u00f5pilas<\/span><span class=\"NormalTextRun SCXW57287351 BCX4\" data-ccp-charstyle=\"normaltextrun\">i veebruaris ja m\u00e4rtsis 2025 koolitun<\/span><span class=\"NormalTextRun SCXW57287351 BCX4\" data-ccp-charstyle=\"normaltextrun\">ni<\/span><span class=\"NormalTextRun SCXW57287351 BCX4\" data-ccp-charstyle=\"normaltextrun\"> ajal, paludes neil <\/span><span class=\"NormalTextRun SCXW57287351 BCX4\" data-ccp-charstyle=\"normaltextrun\">45 minuti jooksul <\/span><span class=\"NormalTextRun SCXW57287351 BCX4\" data-ccp-charstyle=\"normaltextrun\">t\u00e4ita <\/span><span class=\"NormalTextRun SCXW57287351 BCX4\" data-ccp-charstyle=\"normaltextrun\">\u00e4ra <\/span><span class=\"NormalTextRun SCXW57287351 BCX4\" data-ccp-charstyle=\"normaltextrun\">valikvastustega <\/span><span class=\"NormalTextRun SCXW57287351 BCX4\" data-ccp-charstyle=\"normaltextrun\">veebik\u00fcsimustik. Uuringu korraldajate jaoks j\u00e4\u00e4vad osalejad anon\u00fc\u00fcmseks ja tulemusi tutvustatakse \u00fcldistatud kujul<\/span><\/span><\/span><\/span><\/span><span data-contrast=\"auto\"><span class=\"TextRun SCXW144073734 BCX4\" lang=\"ET-EE\" xml:lang=\"ET-EE\" data-contrast=\"auto\"><span class=\"NormalTextRun CommentStart CommentHighlightPipeHoveredRefresh CommentHighlightHoveredRefresh SCXW144073734 BCX4\"><span class=\"TextRun SCXW57287351 BCX4\" lang=\"ET-EE\" xml:lang=\"ET-EE\" data-contrast=\"auto\"><span class=\"NormalTextRun SCXW57287351 BCX4\" data-ccp-charstyle=\"normaltextrun\">.<\/span><span class=\"NormalTextRun SCXW57287351 BCX4\" data-ccp-charstyle=\"normaltextrun\"> K\u00fcsimustikus on k\u00fcmmekond teemaplokki, milles k\u00fcsitakse <\/span><span class=\"NormalTextRun SCXW57287351 BCX4\" data-ccp-charstyle=\"normaltextrun\">digiseadmete ja veebikeskkondade kasutamise viiside<\/span><span class=\"NormalTextRun SCXW57287351 BCX4\" data-ccp-charstyle=\"normaltextrun\">, <\/span><span class=\"NormalTextRun SCXW57287351 BCX4\" data-ccp-charstyle=\"normaltextrun\">aktiivsuse<\/span><span class=\"NormalTextRun SCXW57287351 BCX4\" data-ccp-charstyle=\"normaltextrun\">,<\/span><span class=\"NormalTextRun SCXW57287351 BCX4\" data-ccp-charstyle=\"normaltextrun\"> harjumuste<\/span><span class=\"NormalTextRun SCXW57287351 BCX4\" data-ccp-charstyle=\"normaltextrun\"> ja oskuste kohta; <\/span><span class=\"NormalTextRun SCXW57287351 BCX4\" data-ccp-charstyle=\"normaltextrun\">veebiriskidega kokku puutumise<\/span><span class=\"NormalTextRun SCXW57287351 BCX4\" data-ccp-charstyle=\"normaltextrun\"> ja toime tulemise kohta;<\/span><span class=\"NormalTextRun SCXW57287351 BCX4\" data-ccp-charstyle=\"normaltextrun\"> generatiivse tehisintellekti kasutamise kohta<\/span><span class=\"NormalTextRun SCXW57287351 BCX4\" data-ccp-charstyle=\"normaltextrun\">;<\/span><span class=\"NormalTextRun SCXW57287351 BCX4\" data-ccp-charstyle=\"normaltextrun\"> vaimse <\/span><span class=\"NormalTextRun SCXW57287351 BCX4\" data-ccp-charstyle=\"normaltextrun\">heaolu<\/span><span class=\"NormalTextRun SCXW57287351 BCX4\" data-ccp-charstyle=\"normaltextrun\"> ja suhete kohta teise inimestega<\/span><span class=\"NormalTextRun SCXW57287351 BCX4\" data-ccp-charstyle=\"normaltextrun\">;<\/span><span class=\"NormalTextRun SCXW57287351 BCX4\" data-ccp-charstyle=\"normaltextrun\"> veebikasutuse vanemliku vahendamise<\/span><span class=\"NormalTextRun SCXW57287351 BCX4\" data-ccp-charstyle=\"normaltextrun\">\u00a0ning <\/span><span class=\"NormalTextRun SCXW57287351 BCX4\" data-ccp-charstyle=\"normaltextrun\">laste \u00f5iguste kohta digimaailmas. <\/span><\/span><span class=\"TextRun SCXW57287351 BCX4\" lang=\"ET-EE\" xml:lang=\"ET-EE\" data-contrast=\"auto\"><span class=\"NormalTextRun SCXW57287351 BCX4\" data-ccp-charstyle=\"normaltextrun\">K\u00fcsimustikku t\u00e4idetakse tahvelarvutites.<\/span> <\/span><span class=\"TextRun SCXW57287351 BCX4\" lang=\"ET-EE\" xml:lang=\"ET-EE\" data-contrast=\"none\"><span class=\"NormalTextRun SCXW57287351 BCX4\" data-ccp-charstyle=\"normaltextrun\">Uuringus osalemine on vabatahtlik<\/span><span class=\"NormalTextRun SCXW57287351 BCX4\" data-ccp-charstyle=\"normaltextrun\"> ning iga k\u00fcsimuse juures saab \u00f5pilane <\/span><span class=\"NormalTextRun SCXW57287351 BCX4\" data-ccp-charstyle=\"normaltextrun\">otsustada, kas soovib <\/span><span class=\"NormalTextRun SCXW57287351 BCX4\" data-ccp-charstyle=\"normaltextrun\">sellele <\/span><span class=\"NormalTextRun SCXW57287351 BCX4\" data-ccp-charstyle=\"normaltextrun\">vastata v\u00f5i mitte<\/span><span class=\"NormalTextRun SCXW57287351 BCX4\" data-ccp-charstyle=\"normaltextrun\">, samuti seda, kas soovib k\u00fcsimustiku t\u00e4itmist j\u00e4tkata v\u00f5i pooleli j\u00e4tta.<\/span><\/span>\u00a0<\/span><\/span><span class=\"EOP CommentHighlightPipeHoveredRefresh SCXW144073734 BCX4\" data-ccp-props='{\"201341983\":0,\"335557856\":16777215,\"335559739\":360,\"335559740\":240}'>\u00a0<\/span><\/span><span data-ccp-props='{\"201341983\":0,\"335551550\":6,\"335551620\":6,\"335559685\":0,\"335559739\":360,\"335559740\":240}'>\u00a0<\/span><\/p>\n<p><span class=\"NormalTextRun SCXW255532172 BCX4\">Teine osauuring on koolik\u00fcsitlusest s\u00f5ltumatu<\/span> <span class=\"NormalTextRun SCXW255532172 BCX4\">intervjuu-uuring, milles osalevad 13<\/span><span class=\"NormalTextRun SCXW255532172 BCX4\">\u2013<\/span><span class=\"NormalTextRun SCXW255532172 BCX4\">17-aastased noored, kes kasutavad generatiivset tehisintellekti (TI) ning kellel on TI kasutamise kogemus<\/span><span class=\"NormalTextRun SCXW255532172 BCX4\">t<\/span><span class=\"NormalTextRun SCXW255532172 BCX4\">e p\u00f5hjal kujunemas oma arvamus ja arusaam. <span class=\"TextRun SCXW24908601 BCX4\" lang=\"ET-EE\" xml:lang=\"ET-EE\" data-contrast=\"auto\"><span class=\"NormalTextRun SCXW24908601 BCX4\">Ligikaudu tund aega kestva intervjuu jooksul <\/span><span class=\"NormalTextRun SCXW24908601 BCX4\">vesteldakse noorega kogemustest ja <\/span><\/span><span class=\"TextRun SCXW24908601 BCX4\" lang=\"ET-EE\" xml:lang=\"ET-EE\" data-contrast=\"auto\"><span class=\"NormalTextRun SCXW24908601 BCX4\">m\u00f5tetest, mis <\/span><span class=\"NormalTextRun SCXW24908601 BCX4\">ta<\/span><span class=\"NormalTextRun SCXW24908601 BCX4\">l <\/span><span class=\"NormalTextRun SCXW24908601 BCX4\">erinevaid TI-t\u00f6\u00f6riistu <\/span><span class=\"NormalTextRun SCXW24908601 BCX4\">kasutades tekkinud on, arutletakse erinevate olukordade ja n\u00e4idete \u00fcle.<\/span><span class=\"NormalTextRun SCXW24908601 BCX4\"> Need puudutavad nii koolit<\/span><span class=\"NormalTextRun SCXW24908601 BCX4\">\u00f6id<\/span><span class=\"NormalTextRun SCXW24908601 BCX4\"> kui ka huvialade<\/span><span class=\"NormalTextRun SCXW24908601 BCX4\"> ja loomingu<\/span><span class=\"NormalTextRun SCXW24908601 BCX4\">ga tegelemis<\/span><span class=\"NormalTextRun SCXW24908601 BCX4\">t<\/span><span class=\"NormalTextRun SCXW24908601 BCX4\">. Intervjuu jooksul r\u00e4\u00e4gitakse ka <\/span><span class=\"NormalTextRun SpellingErrorV2Themed SCXW24908601 BCX4\">TI-ga<\/span><span class=\"NormalTextRun SCXW24908601 BCX4\"> seotud teadmistest ja oskustest, probleemolukordadest ja <\/span><span class=\"NormalTextRun SCXW24908601 BCX4\">lahendustest. Uuringus osalejate isikud j\u00e4\u00e4vad uuringutulemuste tutvustamisel varjatuks.<\/span><\/span><span class=\"EOP SCXW24908601 BCX4\" data-ccp-props='{\"134233117\":false,\"134233118\":false,\"201341983\":0,\"335551550\":1,\"335551620\":1,\"335559685\":0,\"335559737\":0,\"335559738\":0,\"335559739\":160,\"335559740\":259}'>\u00a0<\/span><\/span><\/p>\n<p><b><span data-contrast=\"auto\">Varasemad projektid ja uuringulained<\/span><\/b><span data-ccp-props='{\"201341983\":0,\"335557856\":16777215,\"335559739\":360,\"335559740\":240}'>\u00a0<\/span><\/p>\n<p><span data-contrast=\"auto\">EU Kids Online\u2019i v\u00f5rgustiku esimeses, Euroopa Liidu rahastatud projektis (2006\u20132009) koguti, v\u00f5rreldi ja hinnati juba olemasolevaid andmeid.\u202f Vaata <a href=\"https:\/\/eprints.lse.ac.uk\/24372\/1\/EU%20Kids%20Online%20final%20report%202009%28lsero%29.pdf\">l\u00f5pparuannet<\/a>.<\/span><\/p>\n<p><span data-contrast=\"auto\">Teises, samuti Euroopa Liidu rahastatud projektis (2009\u20132011) korraldati originaaluuringu esimene laine, milles k\u00fcsitleti esindusliku valimi alusel 9\u201316-aastaseid lapsi ja nende vanemaid 25 Euroopa riigis. Igas riigis koguti andmeid 1000 lapselt ja lapsevanemalt. Ankeedik\u00fcsimused puudutasid laste internetikasutust, digitaalset kirjaoskust, veebiriskide kogemist ja nendega toimetulekut ning lapsevanemate tegevusi laste internetikasutuse juhendamisel. Vaata <a href=\"https:\/\/eprints.lse.ac.uk\/39351\/1\/EU_kids_online_final_report_%5BLSERO%5D.pdf\">l\u00f5pparuannet<\/a>.<\/span><\/p>\n<p><span data-contrast=\"auto\">Aastatel 2011\u20132014 tegelesid v\u00f5rgustiku teadlased k\u00fcsitlusandmete anal\u00fc\u00fcsi ja tulemuste publitseerimisega ning tegid t\u00e4iendavaid kvalitatiivseid uuringuid, et m\u00f5ista, kuidas lapsed ise veebiriske t\u00f5lgendavad. Loodi andmebaas Euroopa laste interneti- ja mobiilikasutuse alaste uurimuste kohta.<\/span><span data-ccp-props='{\"201341983\":0,\"335557856\":16777215,\"335559739\":360,\"335559740\":240}'>\u00a0<\/span><\/p>\n<p><span data-contrast=\"auto\">EU Kids Online\u2019i teine uuringulaine toimus aastatel 2017\u20132019 ning selles k\u00fcsitleti 19 Euroopa riigis kokku 25 101 last ja noort vanuses 9\u201317 eluaastat. M\u00f5nes riigis, sh Eestis, k\u00fcsitleti ka laste vanemaid. Uuringut rahastasid osalenud riigid, Eestis toetasid <\/span><span data-contrast=\"auto\">Eesti Interneti SA, Haridus- ja Teadusministeerium (Euroopa Sotsiaalfondist), Justiitsministeerium, Sotsiaalministeerium, Tartu \u00dclikooli \u00fchiskonnateaduste instituut (uurimisprojektid PUT 44, rahastaja Eesti Teadusagentuur, ja IUT 20-38, rahastaja Haridus- ja Teadusministeerium). Vaata <a href=\"https:\/\/www.lse.ac.uk\/media-and-communications\/assets\/documents\/research\/eu-kids-online\/reports\/EU-Kids-Online-2020-10Feb2020.pdf\">l\u00f5pparuannet<\/a>.<\/span><\/p>\n<p><span data-contrast=\"auto\">Nii esimeses kui teises uuringulaines kogus Eestis andmeid Turu-uuringute AS.<\/span><\/p>\n","protected":false},"excerpt":{"rendered":"<p>EU Kids Online\u2019i kolmas uuringulaine (2024\u20132025) koosneb kahest osast. Esinduslikus koolik\u00fcsitluses osalevad 10\u201316-aastased (3.\u20139. klasside) \u00f5pilased \u00fcle Eesti. Samal ajal toimub k\u00fcsitlus veel v\u00e4hemalt 10 Euroopa riigis. Eesm\u00e4rk on saada teada: 1. Missugune on Eesti laste ja noorte interneti- ja &#8230;<\/p>\n","protected":false},"author":155,"featured_media":0,"parent":0,"menu_order":0,"comment_status":"closed","ping_status":"closed","template":"","meta":{"_acf_changed":false,"inline_featured_image":false,"footnotes":""},"class_list":["post-3","page","type-page","status-publish","hentry"],"acf":[],"_links":{"self":[{"href":"https:\/\/sisu.ut.ee\/euko\/wp-json\/wp\/v2\/pages\/3","targetHints":{"allow":["GET"]}}],"collection":[{"href":"https:\/\/sisu.ut.ee\/euko\/wp-json\/wp\/v2\/pages"}],"about":[{"href":"https:\/\/sisu.ut.ee\/euko\/wp-json\/wp\/v2\/types\/page"}],"author":[{"embeddable":true,"href":"https:\/\/sisu.ut.ee\/euko\/wp-json\/wp\/v2\/users\/155"}],"replies":[{"embeddable":true,"href":"https:\/\/sisu.ut.ee\/euko\/wp-json\/wp\/v2\/comments?post=3"}],"version-history":[{"count":8,"href":"https:\/\/sisu.ut.ee\/euko\/wp-json\/wp\/v2\/pages\/3\/revisions"}],"predecessor-version":[{"id":248,"href":"https:\/\/sisu.ut.ee\/euko\/wp-json\/wp\/v2\/pages\/3\/revisions\/248"}],"wp:attachment":[{"href":"https:\/\/sisu.ut.ee\/euko\/wp-json\/wp\/v2\/media?parent=3"}],"curies":[{"name":"wp","href":"https:\/\/api.w.org\/{rel}","templated":true}]}}