{"id":11,"date":"2024-04-04T04:32:36","date_gmt":"2024-04-04T01:32:36","guid":{"rendered":"https:\/\/sisu.ut.ee\/euko\/kontaktid\/"},"modified":"2025-02-21T16:50:45","modified_gmt":"2025-02-21T14:50:45","slug":"kontaktid","status":"publish","type":"page","link":"https:\/\/sisu.ut.ee\/euko\/kontaktid\/","title":{"rendered":"Meie inimesed"},"content":{"rendered":"<p><\/p>\n\n\n\n<div class=\"wp-block-media-text is-stacked-on-mobile is-image-fill\" style=\"grid-template-columns:15% auto\"><figure class=\"wp-block-media-text__media\" style=\"background-image:url(https:\/\/sisu.ut.ee\/wp-content\/uploads\/sites\/289\/Veronika_Kalmus-869x1024.jpg);background-position:59% 42%\"><img loading=\"lazy\" decoding=\"async\" width=\"869\" height=\"1024\" src=\"https:\/\/sisu.ut.ee\/wp-content\/uploads\/sites\/289\/Veronika_Kalmus-869x1024.jpg\" alt=\"\" class=\"wp-image-204 size-full\" srcset=\"https:\/\/sisu.ut.ee\/wp-content\/uploads\/sites\/289\/Veronika_Kalmus-869x1024.jpg 869w, https:\/\/sisu.ut.ee\/wp-content\/uploads\/sites\/289\/Veronika_Kalmus-255x300.jpg 255w, https:\/\/sisu.ut.ee\/wp-content\/uploads\/sites\/289\/Veronika_Kalmus-768x905.jpg 768w, https:\/\/sisu.ut.ee\/wp-content\/uploads\/sites\/289\/Veronika_Kalmus.jpg 1060w\" sizes=\"auto, (max-width: 869px) 100vw, 869px\"><\/figure><div class=\"wp-block-media-text__content\">\n<p class=\"has-large-font-size\"><strong>EU Kids Online Eesti koordinaator <\/strong>on <a href=\"https:\/\/www.etis.ee\/CV\/Veronika_Kalmus\/est\/\"><strong>Veronika Kalmus<\/strong><\/a>, T\u00dc <a href=\"http:\/\/www.yti.ut.ee\/et\">\u00fchiskonnateaduste instituudi<\/a> sotsioloogia professor. Tema peamised uurimishuvid on seotud sotsialiseerumise ehk inimeseks kujunemise, p\u00f5lvkondade, v\u00e4\u00e4rtushinnangute, meedia- ja ajakasutuse ning suurte \u00fchiskondlike ja kultuuriliste muutuste, sh meediastumise, andmestumise ja tehisarustumisega. Ta on avaldanud arvukalt teadusartikleid ning kolm raamatut, sh kollektiivsed monograafiad <a href=\"https:\/\/library.oapen.org\/handle\/20.500.12657\/87144\"><em>Eesti \u00fchiskond kiirenevas ajas: uuringu \u201cMina. Maailm. Meedia\u201d tulemused<\/em><\/a> (T\u00dc Kirjastus, 2017) ja <a href=\"https:\/\/library.oapen.org\/handle\/20.500.12657\/87145\"><em>Researching Estonian Transformation: Morphogenetic Reflections<\/em><\/a> (T\u00dc Kirjastus, 2020).<\/p>\n\n\n\n<p class=\"has-large-font-size\">E-post: veronika.kalmus@ut.ee<\/p>\n<\/div><\/div>\n\n\n\n<div class=\"wp-block-media-text is-stacked-on-mobile is-image-fill\" style=\"grid-template-columns:15% auto\"><figure class=\"wp-block-media-text__media\" style=\"background-image:url(https:\/\/sisu.ut.ee\/wp-content\/uploads\/sites\/289\/IirisTuvi-1024x683.jpg);background-position:50% 47%\"><img loading=\"lazy\" decoding=\"async\" width=\"1024\" height=\"683\" src=\"https:\/\/sisu.ut.ee\/wp-content\/uploads\/sites\/289\/IirisTuvi-1024x683.jpg\" alt=\"\" class=\"wp-image-200 size-full\" srcset=\"https:\/\/sisu.ut.ee\/wp-content\/uploads\/sites\/289\/IirisTuvi-1024x683.jpg 1024w, https:\/\/sisu.ut.ee\/wp-content\/uploads\/sites\/289\/IirisTuvi-300x200.jpg 300w, https:\/\/sisu.ut.ee\/wp-content\/uploads\/sites\/289\/IirisTuvi-768x512.jpg 768w, https:\/\/sisu.ut.ee\/wp-content\/uploads\/sites\/289\/IirisTuvi-1536x1024.jpg 1536w, https:\/\/sisu.ut.ee\/wp-content\/uploads\/sites\/289\/IirisTuvi-2048x1365.jpg 2048w, https:\/\/sisu.ut.ee\/wp-content\/uploads\/sites\/289\/IirisTuvi-1920x1280.jpg 1920w\" sizes=\"auto, (max-width: 1024px) 100vw, 1024px\"><\/figure><div class=\"wp-block-media-text__content\">\n<p class=\"has-large-font-size\"><strong>EU Kids Online\u2019i III laine projektijuht <\/strong>on <a href=\"https:\/\/www.etis.ee\/CV\/Iiris_Tuvi\/est\/\"><strong>Iiris Tuvi<\/strong><\/a>, T\u00dc <a href=\"https:\/\/psuhholoogia.ut.ee\/et\">ps\u00fchholoogia instituudi<\/a> teadur. Tema praegused uurimisvaldkonnad on laste vaimne tervis ja heaolu, laste ja noorte digitehnoloogia kasutamise ja digip\u00e4devusega seonduvad teemad. Samuti on tal huvi valetamise kognitiivsete mehhanismide ja petliku info vastuv\u00f5tlikkuse vastu ning visuaalse t\u00e4helepanu kognitiivsete mehhanismide vastu (sh kasutades ajukuva meetodeid).<\/p>\n\n\n\n<p class=\"has-large-font-size\">E-post: iiris.tuvi@ut.ee<\/p>\n<\/div><\/div>\n\n\n\n<div class=\"wp-block-media-text is-stacked-on-mobile is-image-fill\" style=\"grid-template-columns:15% auto\"><figure class=\"wp-block-media-text__media\" style=\"background-image:url(https:\/\/sisu.ut.ee\/wp-content\/uploads\/sites\/289\/Andra-Siibak-karbitud-958x1024.jpg);background-position:47% 38%\"><img loading=\"lazy\" decoding=\"async\" width=\"958\" height=\"1024\" src=\"https:\/\/sisu.ut.ee\/wp-content\/uploads\/sites\/289\/Andra-Siibak-karbitud-958x1024.jpg\" alt=\"\" class=\"wp-image-217 size-full\" srcset=\"https:\/\/sisu.ut.ee\/wp-content\/uploads\/sites\/289\/Andra-Siibak-karbitud-958x1024.jpg 958w, https:\/\/sisu.ut.ee\/wp-content\/uploads\/sites\/289\/Andra-Siibak-karbitud-281x300.jpg 281w, https:\/\/sisu.ut.ee\/wp-content\/uploads\/sites\/289\/Andra-Siibak-karbitud-768x821.jpg 768w, https:\/\/sisu.ut.ee\/wp-content\/uploads\/sites\/289\/Andra-Siibak-karbitud-1436x1536.jpg 1436w, https:\/\/sisu.ut.ee\/wp-content\/uploads\/sites\/289\/Andra-Siibak-karbitud-1915x2048.jpg 1915w, https:\/\/sisu.ut.ee\/wp-content\/uploads\/sites\/289\/Andra-Siibak-karbitud-1920x2053.jpg 1920w\" sizes=\"auto, (max-width: 958px) 100vw, 958px\"><\/figure><div class=\"wp-block-media-text__content\">\n<p class=\"has-large-font-size\"><strong><a href=\"https:\/\/www.etis.ee\/CV\/Andra_Siibak\/est\/\">Andra\u00a0Siibak<\/a><\/strong>\u00a0on T\u00dc\u00a0<a href=\"https:\/\/uhiskond.ut.ee\/et\">\u00fchiskonnateaduste instituudi<\/a>\u00a0meediauuringute\u00a0professor. Tema\u00a0praegused\u00a0uurimishuvid\u00a0on\u00a0seotudlapsep\u00f5lve\u00a0ja\u00a0hariduse\u00a0andmestumise\u00a0ning\u00a0AI-p\u00f5histe\u00a0tehnoloogiate\u00a0(sh\u00a0generatiivse\u00a0tehisintellekti\u00a0ning\u00a0ennustavaanal\u00fc\u00fctika)\u00a0kasutusega.\u00a0Neid\u00a0teemasid\u00a0on\u00a0ta\u00a0p\u00f5hjalikumalt\u00a0avanud\u00a0koost\u00f6\u00f6s\u00a0Giovanna\u00a0Mascheroniga\u00a0kirjutatudmonograafiates\u00a0<em>Datafied\u00a0Childhoods<\/em>. <em>Data Practices and Imaginaries in Children\u2019s Lives\u00a0<\/em>(Peter Lang,\u00a02021)\u00a0ning <em>Children and AI \u2013 Changing\u00a0Digital\u00a0Childhoods<\/em>\u00a0(Palgrave,\u00a0ilmumas).\u00a0\u00a0<\/p>\n\n\n\n<p class=\"has-large-font-size\">E-post:\u00a0andra.siibak@ut.ee\u00a0<\/p>\n<\/div><\/div>\n\n\n\n<div class=\"wp-block-media-text is-stacked-on-mobile is-image-fill\" style=\"grid-template-columns:15% auto\"><figure class=\"wp-block-media-text__media\" style=\"background-image:url(https:\/\/sisu.ut.ee\/wp-content\/uploads\/sites\/289\/Kadri_Soo-1-1024x683.jpg);background-position:55% 39%\"><img loading=\"lazy\" decoding=\"async\" width=\"1024\" height=\"683\" src=\"https:\/\/sisu.ut.ee\/wp-content\/uploads\/sites\/289\/Kadri_Soo-1-1024x683.jpg\" alt=\"\" class=\"wp-image-201 size-full\" srcset=\"https:\/\/sisu.ut.ee\/wp-content\/uploads\/sites\/289\/Kadri_Soo-1-1024x683.jpg 1024w, https:\/\/sisu.ut.ee\/wp-content\/uploads\/sites\/289\/Kadri_Soo-1-300x200.jpg 300w, https:\/\/sisu.ut.ee\/wp-content\/uploads\/sites\/289\/Kadri_Soo-1-768x512.jpg 768w, https:\/\/sisu.ut.ee\/wp-content\/uploads\/sites\/289\/Kadri_Soo-1-1536x1025.jpg 1536w, https:\/\/sisu.ut.ee\/wp-content\/uploads\/sites\/289\/Kadri_Soo-1-2048x1366.jpg 2048w, https:\/\/sisu.ut.ee\/wp-content\/uploads\/sites\/289\/Kadri_Soo-1-1920x1281.jpg 1920w\" sizes=\"auto, (max-width: 1024px) 100vw, 1024px\"><\/figure><div class=\"wp-block-media-text__content\">\n<p class=\"has-large-font-size\"><strong><a href=\"https:\/\/www.etis.ee\/CV\/Kadri_Soo\/est\/\">Kadri Soo<\/a><\/strong>\u00a0on T\u00dc\u00a0<a href=\"https:\/\/uhiskond.ut.ee\/et\">\u00fchiskonnateaduste instituudi<\/a>\u00a0sotsiaalse heaolu lektor. Tema peamised\u00a0uurimisteemad on laste ja perede heaolu, laste \u00f5igused ning perev\u00e4givald. Ta on osalenud mitmetes uurimisprojektides, mis on keskendunud laste v\u00e4\u00e4rkohtlemisele ning noorte seksuaal- ja riskik\u00e4itumisele, sh internetis. Praegu on ta seotud rahvusvahelise laste subjektiivse heaolu uuringuga\u00a0<em>Children\u2019s\u00a0Worlds<\/em>\u00a0(<em>International\u00a0Survey\u00a0on\u00a0Children\u2019s\u00a0Well-Being<\/em>,\u00a0ISCWeB) ja EU\u00a0KidsOnline\u2019i v\u00f5rgustikuga.\u00a0Ta on avaldanud\u00a0artikleid teadusajakirjades nagu\u00a0<em>Child\u00a0Indicators\u00a0Research<\/em>,\u00a0<em>Children\u00a0&amp;\u00a0Society<\/em>\u00a0ja<em>\u00a0International\u00a0Journal\u00a0of\u00a0Emotional\u00a0Education<\/em>.\u00a0<\/p>\n\n\n\n<p class=\"has-large-font-size\">E-post:\u00a0kadri.soo@ut.ee<\/p>\n<\/div><\/div>\n\n\n\n<div class=\"wp-block-media-text is-stacked-on-mobile is-image-fill\" style=\"grid-template-columns:15% auto\"><figure class=\"wp-block-media-text__media\" style=\"background-image:url(https:\/\/sisu.ut.ee\/wp-content\/uploads\/sites\/289\/Screenshot-2025-02-20-at-17.52.54-1024x870.png);background-position:47% 45%\"><img loading=\"lazy\" decoding=\"async\" width=\"1024\" height=\"870\" src=\"https:\/\/sisu.ut.ee\/wp-content\/uploads\/sites\/289\/Screenshot-2025-02-20-at-17.52.54-1024x870.png\" alt=\"\" class=\"wp-image-244 size-large\" srcset=\"https:\/\/sisu.ut.ee\/wp-content\/uploads\/sites\/289\/Screenshot-2025-02-20-at-17.52.54-1024x870.png 1024w, https:\/\/sisu.ut.ee\/wp-content\/uploads\/sites\/289\/Screenshot-2025-02-20-at-17.52.54-300x255.png 300w, https:\/\/sisu.ut.ee\/wp-content\/uploads\/sites\/289\/Screenshot-2025-02-20-at-17.52.54-768x653.png 768w, https:\/\/sisu.ut.ee\/wp-content\/uploads\/sites\/289\/Screenshot-2025-02-20-at-17.52.54.png 1414w\" sizes=\"auto, (max-width: 1024px) 100vw, 1024px\"><\/figure><div class=\"wp-block-media-text__content\">\n<p class=\"has-large-font-size\"><strong><a href=\"https:\/\/www.etis.ee\/CV\/Signe_Opermann\/est\/\">Signe Opermann<\/a><\/strong>\u00a0on T\u00dc\u00a0<a href=\"https:\/\/uhiskond.ut.ee\/et\">\u00fchiskonnateaduste instituud<\/a>i\u00a0meediasotsioloogia teadur. Tema peamised uurimishuvid on seotud meediastumise protsessiga (sh andmestumise, platvormistumise jm ilmingutega inimeste igap\u00e4eva- ja pereelus), inimeste meediarepertuaaridega (sh uudiste- ja infotarbimisega) ning sotsiaalsete p\u00f5lvkondadega. Koost\u00f6\u00f6s haridusteadlastega on ta uurinud\u00a0haridustehnoloogiaettev\u00f5tete tegevust\u00a0nn tulevikuhariduse disainimisel. Ta on avaldanud teadusartikleid ja kaastoimetanud kaks kollektiivset monograafiat:\u00a0<a href=\"https:\/\/www.routledge.com\/The-Routledge-International-Handbook-of-European-Social-Transformations\/Vihalemm-Masso-Opermann\/p\/book\/9780367821142\"><em>The Routledge International Handbook of European Social Transformation<\/em><\/a>\u00a0(Routledge, 2018)\u00a0ja\u00a0<em><a href=\"https:\/\/library.oapen.org\/handle\/20.500.12657\/87145\">Researching Estonian Transformation: Morphogenetic Reflections<\/a><\/em>\u00a0(T\u00dc Kirjastus, 2020).<br><br><span data-ccp-props='{\"134233117\":false,\"134233118\":false,\"335557856\":16777215,\"335559738\":0,\"335559739\":0}' style=\"caret-color: rgb(0, 0, 0); color: rgb(0, 0, 0); white-space: normal;\"><\/span>E-post: signe.opermann@ut.ee<\/p>\n<\/div><\/div>\n\n\n\n<div class=\"wp-block-media-text is-stacked-on-mobile is-image-fill\" style=\"grid-template-columns:15% auto\"><figure class=\"wp-block-media-text__media\" style=\"background-image:url(https:\/\/sisu.ut.ee\/wp-content\/uploads\/sites\/289\/Kristjan-Kikerpill-576x1024.jpg);background-position:36% 51%\"><img loading=\"lazy\" decoding=\"async\" width=\"576\" height=\"1024\" src=\"https:\/\/sisu.ut.ee\/wp-content\/uploads\/sites\/289\/Kristjan-Kikerpill-576x1024.jpg\" alt=\"\" class=\"wp-image-203 size-full\" srcset=\"https:\/\/sisu.ut.ee\/wp-content\/uploads\/sites\/289\/Kristjan-Kikerpill-576x1024.jpg 576w, https:\/\/sisu.ut.ee\/wp-content\/uploads\/sites\/289\/Kristjan-Kikerpill-169x300.jpg 169w, https:\/\/sisu.ut.ee\/wp-content\/uploads\/sites\/289\/Kristjan-Kikerpill-rotated.jpg 720w\" sizes=\"auto, (max-width: 576px) 100vw, 576px\"><\/figure><div class=\"wp-block-media-text__content\">\n<p class=\"has-large-font-size\"><strong><a href=\"https:\/\/www.etis.ee\/CV\/Kristjan_Kikerpill\/est\/\">Kristjan\u00a0Kikerpill<\/a><\/strong>\u00a0on T\u00dc\u00a0<a href=\"http:\/\/www.yti.ut.ee\/et\">\u00fchiskonnateaduste instituudi<\/a>\u00a0info\u00f5iguse ja digisotsioloogia lektor.\u00a0Viimastel aastatel on tema peamisteks uurimisteemadeks olnud hariduse\u00a0andmestumine, privaatsus ja tehisintellektil p\u00f5hinevate digitehnoloogiate kasutamine. Samuti on ta panustanud\u00a0k\u00fcberkriminoloogia\u00a0ja tehnoloogia vahendatud pettuste uurimisse. Viimati avaldati\u00a0Kristjani kaasautorsuses\u00a0peat\u00fckk\u00a0\u201cContextual\u00a0factors\u00a0of online\u00a0deception\u00a0and\u00a0harmful\u00a0information:\u00a0Multidisciplinaryperspectives\u201c kogumikus\u00a0<em>The\u00a0Routledge\u00a0International\u00a0Handbook\u00a0of Online\u00a0Deviance<\/em>.\u00a0<br><br>E-post: kristjan.kikerpill@ut.ee\u00a0<\/p>\n<\/div><\/div>\n\n\n\n<div class=\"wp-block-media-text is-stacked-on-mobile is-image-fill\" style=\"grid-template-columns:15% auto\"><figure class=\"wp-block-media-text__media\" style=\"background-image:url(https:\/\/sisu.ut.ee\/wp-content\/uploads\/sites\/289\/Hanna_Kerstina_Kartau-karbitud-787x1024.jpg);background-position:49% 37%\"><img loading=\"lazy\" decoding=\"async\" width=\"787\" height=\"1024\" src=\"https:\/\/sisu.ut.ee\/wp-content\/uploads\/sites\/289\/Hanna_Kerstina_Kartau-karbitud-787x1024.jpg\" alt=\"\" class=\"wp-image-228 size-full\" srcset=\"https:\/\/sisu.ut.ee\/wp-content\/uploads\/sites\/289\/Hanna_Kerstina_Kartau-karbitud-787x1024.jpg 787w, https:\/\/sisu.ut.ee\/wp-content\/uploads\/sites\/289\/Hanna_Kerstina_Kartau-karbitud-231x300.jpg 231w, https:\/\/sisu.ut.ee\/wp-content\/uploads\/sites\/289\/Hanna_Kerstina_Kartau-karbitud-768x999.jpg 768w, https:\/\/sisu.ut.ee\/wp-content\/uploads\/sites\/289\/Hanna_Kerstina_Kartau-karbitud-1181x1536.jpg 1181w, https:\/\/sisu.ut.ee\/wp-content\/uploads\/sites\/289\/Hanna_Kerstina_Kartau-karbitud-1574x2048.jpg 1574w, https:\/\/sisu.ut.ee\/wp-content\/uploads\/sites\/289\/Hanna_Kerstina_Kartau-karbitud-1920x2498.jpg 1920w, https:\/\/sisu.ut.ee\/wp-content\/uploads\/sites\/289\/Hanna_Kerstina_Kartau-karbitud-scaled.jpg 1968w\" sizes=\"auto, (max-width: 787px) 100vw, 787px\"><\/figure><div class=\"wp-block-media-text__content\">\n<p class=\"has-large-font-size\"><strong>Hanna Kerstina Kartau<\/strong> on T\u00dc <a href=\"http:\/\/www.yti.ut.ee\/et\" target=\"_blank\" rel=\"noreferrer noopener\">\u00fchiskonnateaduste instituudi<\/a> anal\u00fc\u00fctik, kvantitatiivsete anal\u00fc\u00fcsimeetodite \u00f5ppeassistent ja \u00fchiskonna ja infoprotsesside anal\u00fc\u00fcsi \u00f5ppekava magistrant. Varem on ta kaasa l\u00f6\u00f6nud nii Euroopa Sotsiaaluuringu t\u00f6\u00f6s kui ka mitmetes instituudi uurimisprojektides, keskendudes peamiselt kvantitatiivsete andmete kogumisele ning anal\u00fc\u00fcsile.<br><br>E-post: hanna.kerstina.kartau@ut.ee<\/p>\n<\/div><\/div>\n\n\n\n<div class=\"wp-block-media-text is-stacked-on-mobile is-image-fill\" style=\"grid-template-columns:15% auto\"><figure class=\"wp-block-media-text__media\" style=\"background-image:url(https:\/\/sisu.ut.ee\/wp-content\/uploads\/sites\/289\/Katre_Lamp.jpg);background-position:52% 36%\"><img loading=\"lazy\" decoding=\"async\" width=\"848\" height=\"969\" src=\"https:\/\/sisu.ut.ee\/wp-content\/uploads\/sites\/289\/Katre_Lamp.jpg\" alt=\"\" class=\"wp-image-202 size-full\" srcset=\"https:\/\/sisu.ut.ee\/wp-content\/uploads\/sites\/289\/Katre_Lamp.jpg 848w, https:\/\/sisu.ut.ee\/wp-content\/uploads\/sites\/289\/Katre_Lamp-263x300.jpg 263w, https:\/\/sisu.ut.ee\/wp-content\/uploads\/sites\/289\/Katre_Lamp-768x878.jpg 768w\" sizes=\"auto, (max-width: 848px) 100vw, 848px\"><\/figure><div class=\"wp-block-media-text__content\">\n<p class=\"has-large-font-size\"><strong>Katre Lamp<\/strong> on T\u00dc <a href=\"https:\/\/psuhholoogia.ut.ee\/et\" target=\"_blank\" rel=\"noreferrer noopener\">ps\u00fchholoogia instituudi<\/a> magistrant. Projekti EU Kids Online raames on tema uurimisteema \u201eLapsevanemate kaasatus Eesti kooli\u00f5pilaste internetikasutuses ja kaasatuse seos \u00f5pilaste k\u00fcberkiusamise kogemuse ja \u00e4revusega\u201c. Ps\u00fchholoogia erialateadmisi rakendab Katre igap\u00e4evaselt \u00fcldhariduskoolis ps\u00fchholoogina, toetades Eesti koolinoorte vaimset tervist.\u00a0<br><br>E-post: katre.lamp@ut.ee\u00a0<\/p>\n<\/div><\/div>\n\n\n\n<p><\/p>\n\n\n\n<p class=\"has-text-align-center has-extra-large-font-size\"><strong>Uurimisr\u00fchma varasemad liikmed<\/strong><\/p>\n\n\n\n<div class=\"wp-block-media-text is-stacked-on-mobile is-image-fill\" style=\"grid-template-columns:15% auto\"><figure class=\"wp-block-media-text__media\" style=\"background-image:url(https:\/\/sisu.ut.ee\/wp-content\/uploads\/sites\/289\/maria_autoriks_joonas_sisask_2-1-732x1024.jpg);background-position:51% 37%\"><img loading=\"lazy\" decoding=\"async\" width=\"732\" height=\"1024\" src=\"https:\/\/sisu.ut.ee\/wp-content\/uploads\/sites\/289\/maria_autoriks_joonas_sisask_2-1-732x1024.jpg\" alt=\"\" class=\"wp-image-24 size-full\" srcset=\"https:\/\/sisu.ut.ee\/wp-content\/uploads\/sites\/289\/maria_autoriks_joonas_sisask_2-1-732x1024.jpg 732w, https:\/\/sisu.ut.ee\/wp-content\/uploads\/sites\/289\/maria_autoriks_joonas_sisask_2-1-215x300.jpg 215w, https:\/\/sisu.ut.ee\/wp-content\/uploads\/sites\/289\/maria_autoriks_joonas_sisask_2-1-768x1074.jpg 768w, https:\/\/sisu.ut.ee\/wp-content\/uploads\/sites\/289\/maria_autoriks_joonas_sisask_2-1.jpg 858w\" sizes=\"auto, (max-width: 732px) 100vw, 732px\"><\/figure><div class=\"wp-block-media-text__content\">\n<p class=\"has-large-font-size\"><a href=\"https:\/\/www.etis.ee\/CV\/Maria_Murumaa-Mengel\/est\/\"><strong>Maria Murumaa-Mengel<\/strong><\/a> on T\u00dc <a href=\"http:\/\/www.yti.ut.ee\/et\">\u00fchiskonnateaduste instituudi<\/a> meediauuringute kaasprofessor. Tema uurimishuvid on seotud noorte veebikommunikatsiooniga, spetsiifilisemalt v\u00f5imaluste (nt mikrokuulsuse fenomen; <em>online<\/em>-intiimsus) ja riskidega (nt <em>online<\/em>-perverdid, porno, k\u00fcberkiusamine), mis <em>online<\/em>-keskkondade ja suhtlusega seonduvad. Lisaks Tartu \u00dclikoolis tudengite \u00f5petamisele k\u00e4ib Maria koolides \u00f5pilaste, \u00f5petajate ja lapsevanematega <em>online<\/em>-v\u00f5imalustest ja -riskidest k\u00f5nelemas, samuti koolitab noorsoot\u00f6\u00f6tajaid, n\u00f5ustajaid, m\u00e4luasutuste ja infot\u00f6\u00f6tajaid. Ta on avaldanud teadusartikleid ajakirjades <em>Young: Nordic Journal of Youth Research<\/em>, <em>International Review of Information Ethics<\/em> ja <em>First Monday.<\/em><br><br>E-post: maria.murumaa@ut.ee\u00a0<\/p>\n<\/div><\/div>\n\n\n\n<div class=\"wp-block-media-text is-stacked-on-mobile is-image-fill\" style=\"grid-template-columns:15% auto\"><figure class=\"wp-block-media-text__media\" style=\"background-image:url(https:\/\/sisu.ut.ee\/wp-content\/uploads\/sites\/289\/Jake_Farra_0048_suk-1024x683.jpg);background-position:56% 45%\"><img loading=\"lazy\" decoding=\"async\" width=\"1024\" height=\"683\" src=\"https:\/\/sisu.ut.ee\/wp-content\/uploads\/sites\/289\/Jake_Farra_0048_suk-1024x683.jpg\" alt=\"\" class=\"wp-image-238 size-full\" srcset=\"https:\/\/sisu.ut.ee\/wp-content\/uploads\/sites\/289\/Jake_Farra_0048_suk-1024x683.jpg 1024w, https:\/\/sisu.ut.ee\/wp-content\/uploads\/sites\/289\/Jake_Farra_0048_suk-300x200.jpg 300w, https:\/\/sisu.ut.ee\/wp-content\/uploads\/sites\/289\/Jake_Farra_0048_suk-768x512.jpg 768w, https:\/\/sisu.ut.ee\/wp-content\/uploads\/sites\/289\/Jake_Farra_0048_suk-1536x1024.jpg 1536w, https:\/\/sisu.ut.ee\/wp-content\/uploads\/sites\/289\/Jake_Farra_0048_suk-1920x1280.jpg 1920w, https:\/\/sisu.ut.ee\/wp-content\/uploads\/sites\/289\/Jake_Farra_0048_suk.jpg 2048w\" sizes=\"auto, (max-width: 1024px) 100vw, 1024px\"><\/figure><div class=\"wp-block-media-text__content\">\n<p class=\"has-large-font-size\"><a href=\"https:\/\/www.etis.ee\/CV\/Marit_Sukk1\/est\/\"><strong>Marit Napp<\/strong><\/a> (endise nimega Sukk) on T\u00dc <a href=\"http:\/\/www.yti.ut.ee\/et\">\u00fchiskonnateaduste instituudi<\/a> anal\u00fc\u00fctik. Tema uurimishuvid on olnud seotud lapsep\u00f5lve andmestumisega.<br><br>E-post: marit.sukk@ut.ee<\/p>\n<\/div><\/div>\n\n\n\n<p><\/p>\n","protected":false},"excerpt":{"rendered":"<p>EU Kids Online Eesti koordinaator on Veronika Kalmus, T\u00dc \u00fchiskonnateaduste instituudi sotsioloogia professor. Tema peamised uurimishuvid on seotud sotsialiseerumise ehk inimeseks kujunemise, p\u00f5lvkondade, v\u00e4\u00e4rtushinnangute, meedia- ja ajakasutuse ning suurte \u00fchiskondlike ja kultuuriliste muutuste, sh meediastumise, andmestumise ja tehisarustumisega. Ta on &#8230;<\/p>\n","protected":false},"author":155,"featured_media":0,"parent":0,"menu_order":0,"comment_status":"closed","ping_status":"closed","template":"","meta":{"_acf_changed":false,"inline_featured_image":false,"footnotes":""},"class_list":["post-11","page","type-page","status-publish","hentry"],"acf":[],"_links":{"self":[{"href":"https:\/\/sisu.ut.ee\/euko\/wp-json\/wp\/v2\/pages\/11","targetHints":{"allow":["GET"]}}],"collection":[{"href":"https:\/\/sisu.ut.ee\/euko\/wp-json\/wp\/v2\/pages"}],"about":[{"href":"https:\/\/sisu.ut.ee\/euko\/wp-json\/wp\/v2\/types\/page"}],"author":[{"embeddable":true,"href":"https:\/\/sisu.ut.ee\/euko\/wp-json\/wp\/v2\/users\/155"}],"replies":[{"embeddable":true,"href":"https:\/\/sisu.ut.ee\/euko\/wp-json\/wp\/v2\/comments?post=11"}],"version-history":[{"count":30,"href":"https:\/\/sisu.ut.ee\/euko\/wp-json\/wp\/v2\/pages\/11\/revisions"}],"predecessor-version":[{"id":511,"href":"https:\/\/sisu.ut.ee\/euko\/wp-json\/wp\/v2\/pages\/11\/revisions\/511"}],"wp:attachment":[{"href":"https:\/\/sisu.ut.ee\/euko\/wp-json\/wp\/v2\/media?parent=11"}],"curies":[{"name":"wp","href":"https:\/\/api.w.org\/{rel}","templated":true}]}}