{"id":78,"date":"2024-04-19T13:05:12","date_gmt":"2024-04-19T10:05:12","guid":{"rendered":"https:\/\/sisu.ut.ee\/ettevotlusopik\/?page_id=78"},"modified":"2025-10-03T15:41:28","modified_gmt":"2025-10-03T12:41:28","slug":"e-2-allikaid-lisalugemiseks","status":"publish","type":"page","link":"https:\/\/sisu.ut.ee\/ettevotlusopik\/2-missioon-visioon-ja-eesmargid\/e-2-allikaid-lisalugemiseks\/","title":{"rendered":"Allikad"},"content":{"rendered":"<p><\/p>\n\n\n\n<p><strong>KASUTATUD ALLIKAD<\/strong><\/p>\n\n\n\n<p>Bart, C.K. and Hupfer, M. (2004). Mission statements in Canadian hospitals, <em>Journal of Health Organization and Management<\/em>, 18(2), pp. 92-110. <a href=\"https:\/\/doi.org\/10.1108\/14777260410538889\">https:\/\/doi.org\/10.1108\/14777260410538889<\/a><\/p>\n\n\n\n<p>Cox, L., K. (2024). 32 mission and vision statement examples that will inspire your buyers <a href=\"https:\/\/blog.hubspot.com\/marketing\/inspiring-company-mission-statements\">https:\/\/blog.hubspot.com\/marketing\/inspiring-company-mission-statements<\/a><\/p>\n\n\n\n<p>Collins, J., &amp; Porras, J. I. (1996). <em>Built to Last: Successful Habits of Visionary Companies<\/em>. HarperBusiness.<\/p>\n\n\n\n<p>David, F. R., David, F. R. (2011). <em>Strategic Management: Concepts and Cases<\/em> (16th ed.). Pearson Prentice Hall<\/p>\n\n\n\n<p>Devasagayam, R., Stark, N., &amp; Valestin, M. (2013). Mission statements and customer perspective. <em>International Journal of Business, Marketing, and Decision Sciences<\/em><\/p>\n\n\n\n<p>Doran, G. (1981). <em>There\u00b4s a S.M.A.R.T. way to write management\u00b4s goals and objectives<\/em>. AMA Forum, 35-36 <a href=\"https:\/\/community.mis.temple.edu\/mis0855002fall2015\/files\/2015\/10\/S.M.A.R.T-Way-Management-Review.pdf\">S.M.A.R.T-Way-Management-Review.pdf (temple.edu)<\/a><\/p>\n\n\n\n<p>Drucker, P. F. (1986). <em>Management: Tasks, Responsibilities, Practices<\/em>. Truman Talley Books \/ E.P. Dutton: New York, 553 lk.<\/p>\n\n\n\n<p>Hollensen, S. (2011). <em>Global Marketing \u2013 a decision oriented approach<\/em>. 5th ed. Harlow: Financial Times Prentice Hall, 756 lk.<\/p>\n\n\n\n<p>Johnson, G., Scholes, K., Whittington, R. (2006). <em>Exploring Corporate Strategy: Text and Cases<\/em>. 7th edition. New York: Financial Time Prentice Hall, 1013 lk<\/p>\n\n\n\n<p>Kotter, J. P. (1996). <em>Leading Change<\/em>. Harvard Business School Press.<\/p>\n\n\n\n<p>M\u00e4nd, K. (2014). <em>Organisatsiooni arendamine<\/em>, 104 lk. <a href=\"https:\/\/issuu.com\/emsl\/docs\/arendamise_k__siraamat_veeb\">Organisatsiooni arendamise k\u00e4siraamat by Vaba\u00fchenduste Liit \u2013 Issuu<\/a><\/p>\n\n\n\n<p>Pearce, J. A., &amp; David, F. (1987). Corporate Mission Statements: The Bottom Line. <em>Academy of Management <\/em><a href=\"https:\/\/journals.aom.org\/journal\/amp\"><em>Perspectives<\/em><\/a><em>, <\/em>1(2), 109-116 <a href=\"https:\/\/doi.org\/10.5465\/ame.1987.4275821\">https:\/\/doi.org\/10.5465\/ame.1987.4275821<\/a><\/p>\n\n\n\n<p>Roots, H. (2001). <em>Organisatsiooniteooria mudelid<\/em>. Tallinn, Sisekaitseakadeemia, 64 lk.<\/p>\n\n\n\n<p>Stemmle, C. (2023). <em>5 important differences between short-term vs. long-term goals<\/em>. <a href=\"https:\/\/www.developgoodhabits.com\/short-long-term-goals\/\">5 Important Differences Between Short-Term vs. Long-Term Goals<\/a><a href=\"https:\/\/www.developgoodhabits.com\/short-long-term-goals\/\"> (developgoodhabits.com)<\/a><\/p>\n\n\n\n<p>Thompson, A. A, Strickland, A. J. (1995). <em>Strategic Management: Concepts and Cases<\/em>. Chicago: Irwin, 1024 lk.<\/p>\n\n\n\n<p>Vadi, M., Raun, M., \u00d5unapuu, T., Jaakson, K. (2022). <em>Eesti juhtimisvaldkonna uuring 2021<\/em>. <a href=\"https:\/\/eas.ee\/wp-content\/uploads\/2022\/04\/eesti-juhtimisvaldkonna-uuring-2021.pdf\">eesti-juhtimisvaldkonna-uuring-2021.pdf (eas.ee)<\/a><\/p>\n\n\n\n<p>Virovere, A., Alas, R., Liigand, J. (2008). <em>Organisatsiooni k\u00e4itumine<\/em>. Tallinn: K\u00fclim, 136 lk.<\/p>\n\n\n\n<p><strong>T\u00c4IENDAVAD ALLIKAD\u00a0<\/strong><\/p>\n\n\n\n<p>Allison, J. 2019. Mission statements and vision statements: examining the relationship toward performance outcomes. <em>Global Journal of Management and Marketing; Clarksville\u00a0<\/em>Vol.\u00a03,\u00a0Iss.\u00a01,\u00a0pp 1-21.<\/p>\n\n\n\n<p>Heinvere, A., Poopuu, P. 2021. Eesm\u00e4rkide seadmine \u2013 mida silmas pidada? <a href=\"https:\/\/www.prudens.ee\/eesmarkide-seadmine-mida-silmas-pidada\/#:~:text=Eesm%C3%A4rkide%20seadmine%20t%C3%A4hendab%20tegevust%2C%20mille%20k%C3%A4igus%20paneme%20enda,mida%20ja%20millal%20teha%2C%20et%20meid%20saadaks%20edu.\">Eesm\u00e4rkide seadmine \u2013 mida silmas pidada? \u2013 Prudens \u2013 Sinu koost\u00f6\u00f6partner vaimse tervise radadel<\/a><\/p>\n\n\n\n<p>Kolowich Cox, L. 2023. 32 mission and vision statement examples that will inspire your buyers <a href=\"https:\/\/blog.hubspot.com\/marketing\/inspiring-company-mission-statements\">https:\/\/blog.hubspot.com\/marketing\/inspiring-company-mission-statements<\/a><\/p>\n\n\n\n<p>Martins, J. 2023. How to write a vision statement: Steps and examples <a href=\"https:\/\/asana.com\/resources\/vision-statement\">https:\/\/asana.com\/resources\/vision-statement<\/a><\/p>\n\n\n\n<p>Ploomann, M. 2021. Eesm\u00e4rgid ja m\u00f5\u00f5dikud \u2013 kust need tulevad ja kellele neid vaja on? https:\/\/www.elisa.ee\/et\/uudised\/eesmargid-ja-moodikud-kust-need-tulevad-ja-kellele-neid-vaja<\/p>\n\n\n\n<p>Writing good objectives for business. Your \u201ehow to\u201c guide for writing good objectives with examles + tips https:\/\/weekdone.com\/resources\/articles\/writing-good-objectives<\/p>\n","protected":false},"excerpt":{"rendered":"<p>KASUTATUD ALLIKAD Bart, C.K. and Hupfer, M. (2004). Mission statements in Canadian hospitals, Journal of Health Organization and Management, 18(2), pp. 92-110. https:\/\/doi.org\/10.1108\/14777260410538889 Cox, L., K. (2024). 32 mission and vision statement examples that will inspire your buyers https:\/\/blog.hubspot.com\/marketing\/inspiring-company-mission-statements Collins, &#8230;<\/p>\n","protected":false},"author":3,"featured_media":0,"parent":61,"menu_order":0,"comment_status":"closed","ping_status":"closed","template":"","meta":{"_acf_changed":false,"inline_featured_image":false,"footnotes":""},"class_list":["post-78","page","type-page","status-publish","hentry"],"acf":[],"_links":{"self":[{"href":"https:\/\/sisu.ut.ee\/ettevotlusopik\/wp-json\/wp\/v2\/pages\/78","targetHints":{"allow":["GET"]}}],"collection":[{"href":"https:\/\/sisu.ut.ee\/ettevotlusopik\/wp-json\/wp\/v2\/pages"}],"about":[{"href":"https:\/\/sisu.ut.ee\/ettevotlusopik\/wp-json\/wp\/v2\/types\/page"}],"author":[{"embeddable":true,"href":"https:\/\/sisu.ut.ee\/ettevotlusopik\/wp-json\/wp\/v2\/users\/3"}],"replies":[{"embeddable":true,"href":"https:\/\/sisu.ut.ee\/ettevotlusopik\/wp-json\/wp\/v2\/comments?post=78"}],"version-history":[{"count":6,"href":"https:\/\/sisu.ut.ee\/ettevotlusopik\/wp-json\/wp\/v2\/pages\/78\/revisions"}],"predecessor-version":[{"id":949,"href":"https:\/\/sisu.ut.ee\/ettevotlusopik\/wp-json\/wp\/v2\/pages\/78\/revisions\/949"}],"up":[{"embeddable":true,"href":"https:\/\/sisu.ut.ee\/ettevotlusopik\/wp-json\/wp\/v2\/pages\/61"}],"wp:attachment":[{"href":"https:\/\/sisu.ut.ee\/ettevotlusopik\/wp-json\/wp\/v2\/media?parent=78"}],"curies":[{"name":"wp","href":"https:\/\/api.w.org\/{rel}","templated":true}]}}