{"id":72,"date":"2024-04-19T13:04:24","date_gmt":"2024-04-19T10:04:24","guid":{"rendered":"https:\/\/sisu.ut.ee\/ettevotlusopik\/?page_id=72"},"modified":"2026-01-28T22:22:08","modified_gmt":"2026-01-28T20:22:08","slug":"a-2-harjutusulesanded","status":"publish","type":"page","link":"https:\/\/sisu.ut.ee\/ettevotlusopik\/2-missioon-visioon-ja-eesmargid\/a-2-harjutusulesanded\/","title":{"rendered":"\u00dclesanded"},"content":{"rendered":"<p><a>Hinda allpool toodud  kolme visiooni j\u00e4rgmiste k\u00fcsimuste alusel<\/a>: <\/p>\n\n\n\n<p>(1) mil m\u00e4\u00e4ral kajastab ettev\u00f5tte tulevikuvaadet; <\/p>\n\n\n\n<p>(2) mil m\u00e4\u00e4ral peegeldab ettev\u00f5tte strateegilisi kavatsusi;<\/p>\n\n\n\n<p>(3) mil m\u00e4\u00e4ral n\u00e4itab, milliseks ettev\u00f5te tahab kujuneda pikaajalises perspektiivis.<\/p>\n\n\n\n<p>Vasta iga visiooni n\u00e4ite juures kolmele toodud k\u00fcsimusele. Peale k\u00fcsimustele vastamist vaata visiooni all olevaid soovitusi visiooni t\u00e4iendamiseks ja liigu j\u00e4rgmise visiooni n\u00e4ite juurde.<\/p>\n\n\n\n<div class=\"h5p-iframe-wrapper\"><div class=\"video-placeholder-wrapper video-placeholder-wrapper--fixed\" style=\"height: 366px;\">\n\t\t\t    <div class=\"video-placeholder d-flex justify-content-center align-items-center\">\n\t\t\t        <div class=\"overlay text-white p-2 w-100 text-center d-block justify-content-center align-items-center\">\n\t\t\t            <div>Kolmandate osapoolte sisu n\u00e4gemiseks palun n\u00f5ustu k\u00fcpsistega.<\/div>\n\t\t\t            <button class=\"btn btn-secondary btn-sm mt-1 consent-change\">Muuda n\u00f5usolekut<\/button>\n\t\t\t        <\/div>\n\t\t\t    <\/div>\n\t\t\t<\/div>\n<\/div>\n\n\n<div class=\"accordion-block mb-3\">\n\t\t<div class=\"accordion \" id=\"accordion-accordion-69e04d993eec3\">\n\t\t\t\t\t\t\t<div class=\"accordion-item accordion-item--white\">\n\t\t\t\t\t<h2 class=\"accordion-header\" id=\"accordion-69e04d993eec3-heading-1\">\n\t\t\t\t\t\t<button class=\"accordion-button collapsed\" type=\"button\" data-bs-toggle=\"collapse\" data-bs-target=\"#accordion-69e04d993eec3-collapse-1\" aria-expanded=\"true\" aria-controls=\"accordion-69e04d993eec3-collapse-1\">\n\t\t\t\t\t\t\tSoovitused t\u00e4iendamiseks\n\t\t\t\t\t\t<\/button>\n\t\t\t\t\t<\/h2>\n\t\t\t\t\t<div id=\"accordion-69e04d993eec3-collapse-1\" class=\"accordion-collapse collapse \" aria-labelledby=\"accordion-69e04d993eec3-heading-1\">\n\t\t\t\t\t\t<div class=\"accordion-body\">\n\t\t\t\t\t\t\t<p>Kokkuv\u00f5te: visioon kajastab k\u00f5iki kolme kriteeriumit h\u00e4sti, pakkudes selge, ambitsioonika ja m\u00f5\u00f5detava tulevikuvaate.<\/p>\n<p>Soovitused visiooni t\u00e4iendamiseks:<\/p>\n<ul>\n<li>lisada numbriline eesm\u00e4rk (nt turuosa protsent)<\/li>\n<li>tuua v\u00e4lja laiem \u00fchiskondlik m\u00f5ju<\/li>\n<li>viidata innovatsioonile v\u00f5i j\u00e4tkusuutlikkusele<\/li>\n<\/ul>\n<p>Millega v\u00f5iks olemasolevat visiooni veel t\u00e4iendada:<\/p>\n<ol>\n<li>lisada konkreetne ajaline raam (nt aastaks 2030);<\/li>\n<li>laiendada visiooni \u00fchiskondliku m\u00f5ju aspektist: kohaliku kogukonna toetamine, keskkonnas\u00e4\u00e4stlikkuse aspekt, t\u00f6\u00f6kohtade loomine;<\/li>\n<li>tuua sisse m\u00f5\u00f5detavad eesm\u00e4rgid: 80% kohalike toorainete kasutamine ja keskkonnas\u00e4\u00e4stlikkuse eesm\u00e4rk.<\/li>\n<\/ol>\n<p>T\u00e4iendatud visioon muudab algse versiooni veelgi konkreetsemaks, strateegilisemaks ja \u00fchiskondlikult vastutustundlikumaks.<\/p>\n<p>T\u00e4iendatud visiooni n\u00e4idis:<\/p>\n<p>\u201cMeie visiooniks on saada aastaks 2030 Tartu linna k\u00f5ige armastatumaks ja tunnustatumaks toiduettev\u00f5tteks, pakkudes mitte ainult s\u00f5bralikku teenindust ja konkurentsitut hinna-kvaliteedi suhet, vaid luues ka positiivset m\u00f5ju kohalikule kogukonnale ja toidukultuurile. Soovime olla eeskujulik ettev\u00f5te, kes kasutab 80% kohalikke tooraineid, panustab keskkonnas\u00e4\u00e4stlikkusesse ning pakub atraktiivseid t\u00f6\u00f6kohti kohalikele elanikele.\u201d<\/p>\n\n\t\t\t\t\t\t<\/div>\n\t\t\t\t\t<\/div>\n\t\t\t\t<\/div>\n\t\t\t\t\t<\/div>\n\t<\/div>\n\n\n\n<p><\/p>\n\n\n\n<p><\/p>\n\n\n\n<div class=\"h5p-iframe-wrapper\"><div class=\"video-placeholder-wrapper video-placeholder-wrapper--fixed\" style=\"height: 366px;\">\n\t\t\t    <div class=\"video-placeholder d-flex justify-content-center align-items-center\">\n\t\t\t        <div class=\"overlay text-white p-2 w-100 text-center d-block justify-content-center align-items-center\">\n\t\t\t            <div>Kolmandate osapoolte sisu n\u00e4gemiseks palun n\u00f5ustu k\u00fcpsistega.<\/div>\n\t\t\t            <button class=\"btn btn-secondary btn-sm mt-1 consent-change\">Muuda n\u00f5usolekut<\/button>\n\t\t\t        <\/div>\n\t\t\t    <\/div>\n\t\t\t<\/div>\n<\/div>\n\n\n<div class=\"accordion-block mb-3\">\n\t\t<div class=\"accordion \" id=\"accordion-accordion-69e04d993f338\">\n\t\t\t\t\t\t\t<div class=\"accordion-item accordion-item--white\">\n\t\t\t\t\t<h2 class=\"accordion-header\" id=\"accordion-69e04d993f338-heading-1\">\n\t\t\t\t\t\t<button class=\"accordion-button collapsed\" type=\"button\" data-bs-toggle=\"collapse\" data-bs-target=\"#accordion-69e04d993f338-collapse-1\" aria-expanded=\"true\" aria-controls=\"accordion-69e04d993f338-collapse-1\">\n\t\t\t\t\t\t\tSoovitused t\u00e4iendamiseks\n\t\t\t\t\t\t<\/button>\n\t\t\t\t\t<\/h2>\n\t\t\t\t\t<div id=\"accordion-69e04d993f338-collapse-1\" class=\"accordion-collapse collapse \" aria-labelledby=\"accordion-69e04d993f338-heading-1\">\n\t\t\t\t\t\t<div class=\"accordion-body\">\n\t\t\t\t\t\t\t<p>Millega v\u00f5iks olemasolevat visiooni veel t\u00e4iendada:<\/p>\n<ol>\n<li>lisada konkreetne tulevikuperspektiiv: tuua v\u00e4lja selge arengutee ja pikaajalised eesm\u00e4rgid;<\/li>\n<li>t\u00e4psustada strateegilisi kavatsusi: kirjeldada, kuidas k\u00e4sit\u00f6\u00f6d ja keskkonnas\u00f5bralikkust arendatakse, tuua v\u00e4lja konkreetsed sammud;<\/li>\n<li>n\u00e4idata ettev\u00f5tte taotletavat positsiooni: m\u00e4\u00e4ratleda soovitud turuosa ning kirjeldada maine ja tunnustuse eesm\u00e4rke.<\/li>\n<\/ol>\n<p>T\u00e4iendatud visioon kirjeldab strateegilisi kavatsusi ja n\u00e4itab selget tulevikuvaadet,\u00a0 milliseks ettev\u00f5te tahab kujuneda.<\/p>\n<p>T\u00e4iendatud visiooni n\u00e4idis:<\/p>\n<p>\u201cMeie visioon on saada aastaks 2030 juhtivaks Eesti k\u00e4sit\u00f6\u00f6 disainiettev\u00f5tteks, mis pakub maailmatasemel dekoratiivtooteid, kasutades 100% kohalikke materjale ja keskkonnas\u00f5bralikke tootmismeetodeid. Soovime laiendada Eesti k\u00e4sit\u00f6\u00f6 turgu rahvusvaheliselt, luues v\u00e4hemalt 30% oma k\u00e4ibest v\u00e4listurgudel ning olles tunnustatud innovaatiliste, keskkonnateadlike disainilahenduste eest.\u201d<\/p>\n\n\t\t\t\t\t\t<\/div>\n\t\t\t\t\t<\/div>\n\t\t\t\t<\/div>\n\t\t\t\t\t<\/div>\n\t<\/div>\n\n\n\n<p><\/p>\n\n\n\n<p><\/p>\n\n\n\n<div class=\"h5p-iframe-wrapper\"><div class=\"video-placeholder-wrapper video-placeholder-wrapper--fixed\" style=\"height: 366px;\">\n\t\t\t    <div class=\"video-placeholder d-flex justify-content-center align-items-center\">\n\t\t\t        <div class=\"overlay text-white p-2 w-100 text-center d-block justify-content-center align-items-center\">\n\t\t\t            <div>Kolmandate osapoolte sisu n\u00e4gemiseks palun n\u00f5ustu k\u00fcpsistega.<\/div>\n\t\t\t            <button class=\"btn btn-secondary btn-sm mt-1 consent-change\">Muuda n\u00f5usolekut<\/button>\n\t\t\t        <\/div>\n\t\t\t    <\/div>\n\t\t\t<\/div>\n<\/div>\n\n\n<div class=\"accordion-block mb-3\">\n\t\t<div class=\"accordion \" id=\"accordion-accordion-69e04d993f5ea\">\n\t\t\t\t\t\t\t<div class=\"accordion-item accordion-item--white\">\n\t\t\t\t\t<h2 class=\"accordion-header\" id=\"accordion-69e04d993f5ea-heading-1\">\n\t\t\t\t\t\t<button class=\"accordion-button collapsed\" type=\"button\" data-bs-toggle=\"collapse\" data-bs-target=\"#accordion-69e04d993f5ea-collapse-1\" aria-expanded=\"true\" aria-controls=\"accordion-69e04d993f5ea-collapse-1\">\n\t\t\t\t\t\t\tSoovitused t\u00e4iendamiseks\n\t\t\t\t\t\t<\/button>\n\t\t\t\t\t<\/h2>\n\t\t\t\t\t<div id=\"accordion-69e04d993f5ea-collapse-1\" class=\"accordion-collapse collapse \" aria-labelledby=\"accordion-69e04d993f5ea-heading-1\">\n\t\t\t\t\t\t<div class=\"accordion-body\">\n\t\t\t\t\t\t\t<p>Millega v\u00f5iks olemasolevat visiooni veel t\u00e4iendada:<\/p>\n<ol>\n<li>lisada konkreetsemad elemendid: t\u00e4psustada liikumisv\u00f5imaluse kontekst (transport, teenus, tehnoloogia), tuua v\u00e4lja geograafiline ulatus, lisada m\u00f5\u00f5detavad eesm\u00e4rgid;<\/li>\n<li>kirjeldada strateegilisi kavatsusi: milliseid lahendusi pakutakse, kuidas muutust saavutatakse, millised on konkurentsieelised;<\/li>\n<li>n\u00e4idata pikaajalisi ambitsioone: n\u00e4idata positsiooni turul ja \u00fchiskondlikku m\u00f5ju, kirjeldada innovatsiooni suundi.<\/li>\n<\/ol>\n<p>T\u00e4iendatud visioon n\u00e4itab selgemat tulevikuvaadet, kirjeldab strateegilisi kavatsusi ning n\u00e4itab, milliseks ettev\u00f5te tahab kujuneda.<\/p>\n<p>T\u00e4iendatud visiooni n\u00e4idis:<\/p>\n<p>\u201cMeie visioon on muuta aastaks 2030 liikumisv\u00f5imalused Eestis taskukohaseks ja k\u00e4ttesaadavaks k\u00f5igile, pakkudes innovaatilisi ja keskkonnas\u00f5bralikke transpordilahendusi. Eesm\u00e4rgiks on v\u00e4hendada \u00fchistranspordi maksumust 30% ning luua d\u00fcnaamiline ja paindlik transpordis\u00fcsteem, mis \u00fchendab nutikad tehnoloogiad ning kogukondlikud vajadused.\u201d<\/p>\n<p><em>Eesm\u00e4rkide t\u00e4iendamine vastavalt SMART reeglitele<\/em><\/p>\n<p>T\u00e4ienda eesm\u00e4rke, et need vastaksid SMART reeglitele \u2013 kokkuviimine sobiva vastusega<\/p>\n<ol>\n<li>Suurendada ettev\u00f5tte klientide arvu \u2026<\/li>\n<li>Suurendada ettev\u00f5tte k\u00e4ivet 20% \u2026<\/li>\n<li>Ettev\u00f5tte reklaamimine \u2026<\/li>\n<li>Parandada ettev\u00f5tte klienditeeninduse taset \u2026<\/li>\n<li>Rootsi turule laienemine \u2026<\/li>\n<\/ol>\n<p>T\u00e4iendused:<\/p>\n<p>\u2026 2024. aasta l\u00f5puks (2)<\/p>\n<p>\u2026 30.06.2025 25% protsendi v\u00f5rra l\u00e4bi suunatud turundustegevuse (1)<\/p>\n<p>\u2026 2025. aasta II kvartalis seljakottide ja k\u00e4ekottide valikuga (5)<\/p>\n<p>\u2026 sotsiaalmeediakanalites alates 1. augustist 2026, alustades Facebookist, Instagramist ja TikTokist (3)<\/p>\n<p>\u2026 1. septembriks 2025, suunates kolm klienditeeninduste- ja m\u00fc\u00fcgiosakonna t\u00f6\u00f6tajat vastavatele koolitustele ning koostades ja kehtestades hea teeninduse tava meie ettev\u00f5ttes (4).<\/p>\n<p>\u00a0<\/p>\n\n\t\t\t\t\t\t<\/div>\n\t\t\t\t\t<\/div>\n\t\t\t\t<\/div>\n\t\t\t\t\t<\/div>\n\t<\/div>\n","protected":false},"excerpt":{"rendered":"<p>Hinda allpool toodud kolme visiooni j\u00e4rgmiste k\u00fcsimuste alusel: (1) mil m\u00e4\u00e4ral kajastab ettev\u00f5tte tulevikuvaadet; (2) mil m\u00e4\u00e4ral peegeldab ettev\u00f5tte strateegilisi kavatsusi; (3) mil m\u00e4\u00e4ral n\u00e4itab, milliseks ettev\u00f5te tahab kujuneda pikaajalises perspektiivis. Vasta iga visiooni n\u00e4ite juures kolmele toodud k\u00fcsimusele. Peale &#8230;<\/p>\n","protected":false},"author":3,"featured_media":0,"parent":61,"menu_order":0,"comment_status":"closed","ping_status":"closed","template":"","meta":{"_acf_changed":false,"inline_featured_image":false,"footnotes":""},"class_list":["post-72","page","type-page","status-publish","hentry"],"acf":[],"_links":{"self":[{"href":"https:\/\/sisu.ut.ee\/ettevotlusopik\/wp-json\/wp\/v2\/pages\/72","targetHints":{"allow":["GET"]}}],"collection":[{"href":"https:\/\/sisu.ut.ee\/ettevotlusopik\/wp-json\/wp\/v2\/pages"}],"about":[{"href":"https:\/\/sisu.ut.ee\/ettevotlusopik\/wp-json\/wp\/v2\/types\/page"}],"author":[{"embeddable":true,"href":"https:\/\/sisu.ut.ee\/ettevotlusopik\/wp-json\/wp\/v2\/users\/3"}],"replies":[{"embeddable":true,"href":"https:\/\/sisu.ut.ee\/ettevotlusopik\/wp-json\/wp\/v2\/comments?post=72"}],"version-history":[{"count":19,"href":"https:\/\/sisu.ut.ee\/ettevotlusopik\/wp-json\/wp\/v2\/pages\/72\/revisions"}],"predecessor-version":[{"id":1098,"href":"https:\/\/sisu.ut.ee\/ettevotlusopik\/wp-json\/wp\/v2\/pages\/72\/revisions\/1098"}],"up":[{"embeddable":true,"href":"https:\/\/sisu.ut.ee\/ettevotlusopik\/wp-json\/wp\/v2\/pages\/61"}],"wp:attachment":[{"href":"https:\/\/sisu.ut.ee\/ettevotlusopik\/wp-json\/wp\/v2\/media?parent=72"}],"curies":[{"name":"wp","href":"https:\/\/api.w.org\/{rel}","templated":true}]}}