{"id":66,"date":"2024-04-19T13:03:28","date_gmt":"2024-04-19T10:03:28","guid":{"rendered":"https:\/\/sisu.ut.ee\/ettevotlusopik\/?page_id=66"},"modified":"2026-02-04T11:08:46","modified_gmt":"2026-02-04T09:08:46","slug":"2-2-visioon","status":"publish","type":"page","link":"https:\/\/sisu.ut.ee\/ettevotlusopik\/2-missioon-visioon-ja-eesmargid\/2-2-visioon\/","title":{"rendered":"Visioon"},"content":{"rendered":"<p>Visioon on kujutlus ettev\u00f5tte tulevikuolukorrast (Virovere jt, 2008) mingi ettev\u00f5ttes kokkulepitud ajaperioodil ning tavaliselt on ajaperioodiks viis aastat. Visioon on ettev\u00f5tte \u00fcld- v\u00f5i l\u00f5ppeesm\u00e4rk, mis annab ettev\u00f5tte tegevustele suuna ja milleni tahetakse j\u00f5uda (Virovere jt, 2008). Visiooni s\u00f5nastamise aluseks on v\u00e4\u00e4rtus, mida organisatsioon \u00fchiskonnale tervikuna ja klientidele loob (M\u00e4nd, 2014). Visioonis v\u00f5ib v\u00e4lja tuua ettev\u00f5tte turupositsiooni, kliendir\u00fchmi, olulisi tegevusi, tuleviku tegevusalasid, ettev\u00f5tte suurust ja t\u00f6\u00f6tajaskonda, asukohta jm ettev\u00f5tte jaoks k\u00f5ige olulisemaid k\u00fcsimusi, mis eristab ettev\u00f5tet konkurentidest.<\/p>\n\n\n\n<p>Ettev\u00f5tte visioon:<\/p>\n\n\n\n<ul class=\"wp-block-list\">\n<li>on vaade ettev\u00f5tte tulevikule<\/li>\n\n\n\n<li>peegeldab ettev\u00f5tte strateegilisi kavatsusi<\/li>\n\n\n\n<li>n\u00e4itab, milliseks ettev\u00f5te tahab kujuneda pikaajalises perspektiivis<\/li>\n<\/ul>\n\n\n\n<p>Visiooni n\u00e4itab \u00e4ra selle, millist tulevikku organisatsioon soovib ja milline organisatsioon ise tahab olla ehk milline on organisatsiooni roll selles tulevikus. Visiooni keskseks elemendiks on ettev\u00f5ttele olulised v\u00e4\u00e4rtused ja sobivad k\u00e4itumisstandardid, seet\u00f5ttu on ka visiooni s\u00f5nastamisel oluline v\u00f5tta aluseks v\u00e4\u00e4rtus, mida organisatsioon \u00fchiskonnale ja klientidele loob. (M\u00e4nd, 2014)<\/p>\n\n\n\n<p>Visiooni s\u00f5nastamisel on oluline silmas pidada j\u00e4rgmist:<\/p>\n\n\n\n<ul class=\"wp-block-list\">\n<li>s\u00f5nastada visioon l\u00fchidalt, \u00fche kuni kahe lausega<\/li>\n\n\n\n<li>visiooni s\u00f5nastus peab olema lihtne ja meeldej\u00e4\u00e4v<\/li>\n\n\n\n<li>kirjelda visioonis, mida ettev\u00f5tte klientidele pakub, sh tegevusvaldkond, toode, teenus, v\u00e4\u00e4rtus jms<\/li>\n\n\n\n<li>panna kirja konkreetne, m\u00f5\u00f5detav tulemus<\/li>\n\n\n\n<li>s\u00f5nastada, kuhu ettev\u00f5te v\u00f5iks tulevikus j\u00f5uda<\/li>\n<\/ul>\n\n\n\n<p>Missioon ja visioon peavad olema ettev\u00f5tte t\u00f6\u00f6tajatele arusaadavad ning nad peavad oskama seda ka teistele huvipooltele selgitada. Samuti peaksid missioon ja visioon olema suhteliselt p\u00fcsivad, kuigi neid on kasulik teatud aja j\u00e4rel \u00fcle vaadata, vajadusel uuendada ja veenduda, et k\u00f5ik t\u00f6\u00f6tajad saavad neist \u00fchtmoodi aru.<\/p>\n\n\n\n<p>Visiooni elluviimiseks loob ettev\u00f5te strateegia ehk tegevusplaani, mis selgitab, kuidas visiooni poole liigutakse ja millised on edu hindamise kriteeriumid ehk eesm\u00e4rgid, mis aitavad objektiivselt ja m\u00f5\u00f5detavalt aru saada, et visioon on saavutatud. Samuti on oluline aru saada, kuidas ettev\u00f5tte erinevad valdkonnad sellesse panustavad ning millist rolli ettev\u00f5tte t\u00f6\u00f6tajad eesm\u00e4rkide saavutamisel m\u00e4ngivad.<\/p>\n\n\n\n<p>Kas organisatsiooni visioon on arusaadav ja seda toetavad p\u00f5hilised huvir\u00fchmad? Kas visioon \u00fctleb, mida, kellele, kuidas ja mil m\u00e4\u00e4ral tahetakse teha? (M\u00e4nd, 2014)<\/p>\n\n\n\n<p>Pikaajalise strateegia puudumine on Eesti juhtimisvaldkonna uuringu (2021) tulemuste p\u00f5hjal Eesti ettev\u00f5tete kasvu takistav tegur, mis avaldub visiooni ja pikaajalise plaani puudumisena. See v\u00f5ib olla seotud juhtide ajapuuduse v\u00f5i oskusega igap\u00e4evaste probleemide lahendamise k\u00f5rval tulevikuga tegeleda.<\/p>\n\n\n\n<p>Tulemusliku planeerimise tunnustena peavad juhid k\u00f5ige olulisemateks j\u00e4rgmist:<\/p>\n\n\n\n<ul class=\"wp-block-list\">\n<li>eesm\u00e4rgistamist ehk visiooni, missiooni ja eesm\u00e4rkide seadmist ning pikaajalist strateegiat<\/li>\n\n\n\n<li>anal\u00fc\u00fcsimist ehk kliendivajaduste, riskide, finantside ning m\u00f5jude anal\u00fc\u00fcsi ja prognoosimist<\/li>\n\n\n\n<li>turu ja tegevusvaldkonna tundmist<\/li>\n\n\n\n<li>sujuvat koost\u00f6\u00f6d huvigruppidega (Vadi jt, 2022)<\/li>\n<\/ul>\n\n\n\n<p>Missiooni ja visiooni peamine erinevus on, et missioon keskendub olevikule ja organisatsiooni praegusele eesm\u00e4rgile, samas kui visioon kirjeldab soovitud tulevikuseisundit.<\/p>\n","protected":false},"excerpt":{"rendered":"<p>Visioon on kujutlus ettev\u00f5tte tulevikuolukorrast (Virovere jt, 2008) mingi ettev\u00f5ttes kokkulepitud ajaperioodil ning tavaliselt on ajaperioodiks viis aastat. Visioon on ettev\u00f5tte \u00fcld- v\u00f5i l\u00f5ppeesm\u00e4rk, mis annab ettev\u00f5tte tegevustele suuna ja milleni tahetakse j\u00f5uda (Virovere jt, 2008). Visiooni s\u00f5nastamise aluseks on &#8230;<\/p>\n","protected":false},"author":3,"featured_media":0,"parent":61,"menu_order":0,"comment_status":"closed","ping_status":"closed","template":"","meta":{"_acf_changed":false,"inline_featured_image":false,"footnotes":""},"class_list":["post-66","page","type-page","status-publish","hentry"],"acf":[],"_links":{"self":[{"href":"https:\/\/sisu.ut.ee\/ettevotlusopik\/wp-json\/wp\/v2\/pages\/66","targetHints":{"allow":["GET"]}}],"collection":[{"href":"https:\/\/sisu.ut.ee\/ettevotlusopik\/wp-json\/wp\/v2\/pages"}],"about":[{"href":"https:\/\/sisu.ut.ee\/ettevotlusopik\/wp-json\/wp\/v2\/types\/page"}],"author":[{"embeddable":true,"href":"https:\/\/sisu.ut.ee\/ettevotlusopik\/wp-json\/wp\/v2\/users\/3"}],"replies":[{"embeddable":true,"href":"https:\/\/sisu.ut.ee\/ettevotlusopik\/wp-json\/wp\/v2\/comments?post=66"}],"version-history":[{"count":8,"href":"https:\/\/sisu.ut.ee\/ettevotlusopik\/wp-json\/wp\/v2\/pages\/66\/revisions"}],"predecessor-version":[{"id":1214,"href":"https:\/\/sisu.ut.ee\/ettevotlusopik\/wp-json\/wp\/v2\/pages\/66\/revisions\/1214"}],"up":[{"embeddable":true,"href":"https:\/\/sisu.ut.ee\/ettevotlusopik\/wp-json\/wp\/v2\/pages\/61"}],"wp:attachment":[{"href":"https:\/\/sisu.ut.ee\/ettevotlusopik\/wp-json\/wp\/v2\/media?parent=66"}],"curies":[{"name":"wp","href":"https:\/\/api.w.org\/{rel}","templated":true}]}}