{"id":64,"date":"2024-04-19T13:03:10","date_gmt":"2024-04-19T10:03:10","guid":{"rendered":"https:\/\/sisu.ut.ee\/ettevotlusopik\/?page_id=64"},"modified":"2026-02-04T11:08:20","modified_gmt":"2026-02-04T09:08:20","slug":"2-1-missioon","status":"publish","type":"page","link":"https:\/\/sisu.ut.ee\/ettevotlusopik\/2-missioon-visioon-ja-eesmargid\/2-1-missioon\/","title":{"rendered":"Missioon"},"content":{"rendered":"<p><\/p>\n\n\n\n<p>Missiooni s\u00f5nastamine on fundamentaalne osa ettev\u00f5tte strateegilisest juhtimisest, kuna see aitab suunata organisatsiooni tegevusi, sidudes oleviku pikaajalise visiooniga.<\/p>\n\n\n\n<p>Missioon v\u00f5tab kokku ettev\u00f5tte \u00e4riidee v\u00f5i -ideed , mis on suunatud rohkem olevikku ning seda t\u00e4psustab ettev\u00f5tte visioon, mis kirjeldab soovitud tulevikku (Cox, 2024). Devasagayam jt (2013) k\u00e4sitlevad missiooni m\u00f5ju kliendi rahulolule ja organisatsiooni tulemuslikkusele, r\u00f5hutades, et missioon peaks olema informatiivne, inspireeriv ja seotud ettev\u00f5tte p\u00f5hiv\u00e4\u00e4rtustega. Sellega tagatakse emotsionaalne side nii t\u00f6\u00f6tajate kui ka klientidega. David ja David (2011) kirjeldavad missiooni kui organisatsiooni p\u00f5hieesm\u00e4rki, mis eristab teda teistest sarnastest organisatsioonidest ja m\u00e4\u00e4ratleb tema tegevuse ulatuse ning suuna. Virovere jt (2008) lisavad, et organisatsiooni missioon on otseselt seotud organisatsiooni tuumikkompetentsi ja v\u00e4\u00e4rtustega, missioon peab siduma organisatsiooni liikmeid ja andma aluse j\u00f5upingutusteks \u00fchise eesm\u00e4rgi nimel. Missioon on ettev\u00f5tte olemuse kirjeldus, mis p\u00f5hjendab ettev\u00f5tte olemasolu, aitab ettev\u00f5ttel muutustele reageerida ning visiooniga koosk\u00f5las olevaid otsuseid langetada (Cox, 2024). Missioon on organisatsiooni praeguse tegevuse kirjeldus \u2013 kes me oleme, mida me teeme ja kuhu me praegu liigume. See m\u00e4\u00e4ratleb organisatsiooni tegevusala, toodete\/teenuste portfelli ja turu (Thompson ja Strickland, 2001).<\/p>\n\n\n\n<p>Seega saame \u00f6elda, et missioon on:<\/p>\n\n\n\n<ul class=\"wp-block-list\">\n<li>juhis, mis m\u00e4\u00e4rab mida, kelle heaks ja miks tehakse<\/li>\n\n\n\n<li>\u00f5igustab organisatsiooni loomist, olemasolu ja on seotud asutuse tuumikkompetentsi ja v\u00e4\u00e4rtustega (Virovere jt 2008)<\/li>\n<\/ul>\n\n\n\n<p>Ettev\u00f5tte toodete kirjeldustest peab selguma, kas ettev\u00f5tte pakub toodet, miks v\u00f5iks klient seda osta ning millist kliendi vajadust pakkumine kliendi jaoks lahendab (Cox, 2024).<\/p>\n\n\n\n<p>Seega peab organisatsiooni missioonist selguma:<\/p>\n\n\n\n<ul class=\"wp-block-list\">\n<li>kelle vajadusi rahuldatakse (ehk kes on ettev\u00f5tte kliendid)<\/li>\n\n\n\n<li>milliseid tarbija vajadusi rahuldatakse<\/li>\n\n\n\n<li>kuidas neid vajadusi rahuldatakse (ehk millistele p\u00f5hilistele oskustele toetutakse)<\/li>\n<\/ul>\n\n\n\n<p>Pearce ja David (1987) m\u00e4\u00e4ratlesid missiooni p\u00f5hielemendid, mille hulka kuuluvad: tarbijad, peamised tooted ja teenused, geograafiline ulatus, tehnoloogia, p\u00fchendumus elluj\u00e4\u00e4misele ja kasvule, ettev\u00f5tte filosoofia, ettev\u00f5tte avalik kuvand ning hoolimine oma t\u00f6\u00f6tajatest. Nad r\u00f5hutasid, et h\u00e4sti koostatud missioon on seotud organisatsiooni tulemuslikkusega, pakkudes strateegilist ja operatiivset juhendit.<\/p>\n\n\n\n<p>Seega peaks missioon:<\/p>\n\n\n\n<ul class=\"wp-block-list\">\n<li>selgelt m\u00e4\u00e4ratlema ettev\u00f5tte toodete olemuse<\/li>\n\n\n\n<li>peegeldama organisatsiooni liikmete huvi<\/li>\n\n\n\n<li>m\u00e4\u00e4ratlema ettev\u00f5tte turu ja kliendid<\/li>\n\n\n\n<li>m\u00e4\u00e4ratlema organisatsiooni v\u00e4\u00e4rtused, mille j\u00e4rgi ja kuidas peaks organisatsiooni liikmed toimima<\/li>\n\n\n\n<li>m\u00e4\u00e4ratlema kasutatava tehnoloogia<\/li>\n\n\n\n<li>m\u00e4\u00e4ratlema organisatsiooni arengupoliitika<\/li>\n\n\n\n<li>olema m\u00e4\u00e4ratletud paindlikkuse v\u00f5imaldamiseks piisavalt \u00fcldiselt, kuid siiski nii t\u00e4pselt, et v\u00f5imaldaks seada prioriteete<\/li>\n\n\n\n<li>olema sisutihe, p\u00f5hjalik ja meeldej\u00e4\u00e4v, kuid siiski nii t\u00e4pne, et organisatsioon oleks identifitseeritav<\/li>\n\n\n\n<li>olema huvir\u00fchmadele m\u00f5istetav nii ideeliselt kui ka keeleliselt<\/li>\n\n\n\n<li>olema usutav ja m\u00f5\u00f5detav, v\u00e4ljendatud konkreetselt ning realistlikult<\/li>\n<\/ul>\n\n\n\n<p>Lisaks iseloomustab missiooni olevikule keskendumine ja organisatsiooni p\u00f5hitegevuste kirjeldamine.<\/p>\n\n\n\n<p>Organisatsiooni missiooni p\u00f5hik\u00fcsimused on kujutatud joonisel 6.<\/p>\n\n\n\n<figure class=\"wp-block-image size-full is-resized\"><img loading=\"lazy\" decoding=\"async\" width=\"973\" height=\"442\" src=\"https:\/\/sisu.ut.ee\/wp-content\/uploads\/sites\/703\/7.jpg\" alt=\"\" class=\"wp-image-1155\" style=\"width:524px;height:auto\" srcset=\"https:\/\/sisu.ut.ee\/wp-content\/uploads\/sites\/703\/7.jpg 973w, https:\/\/sisu.ut.ee\/wp-content\/uploads\/sites\/703\/7-300x136.jpg 300w, https:\/\/sisu.ut.ee\/wp-content\/uploads\/sites\/703\/7-768x349.jpg 768w\" sizes=\"auto, (max-width: 973px) 100vw, 973px\"><\/figure>\n\n\n\n<p><strong>Joonis 6.<\/strong> Organisatsiooni missiooni p\u00f5hik\u00fcsimused (Roots, 2001)<\/p>\n\n\n\n<p>Missioon aitab vastata j\u00e4rgmistele k\u00fcsimustele.<\/p>\n\n\n\n<ul class=\"wp-block-list\">\n<li>Mis on ettev\u00f5tte tegevusvaldkond?<\/li>\n\n\n\n<li>Mida ettev\u00f5te kliendile pakub?<\/li>\n\n\n\n<li>Kuidas ettev\u00f5te oma tooteid pakub, sh toote erip\u00e4rad ja eristuvus konkurentidest?<\/li>\n\n\n\n<li>Kes on ettev\u00f5tte kliendid ja millistel turgudel?<\/li>\n<\/ul>\n\n\n\n<p>Missioon v\u00f5tab l\u00fchidalt kokku organisatsioonile olulised tegurid ettev\u00f5tte tegevuse fokuseerimisel. Samuti kirjeldab missioon kuhu ettev\u00f5te liigub ning ettev\u00f5tte olemasolu p\u00f5him\u00f5tteid v\u00f5i p\u00f5hilisi v\u00e4\u00e4rtusi. Cox (2024) toob v\u00e4lja, et hea missioon koondab f\u00fc\u00fcsilised, emotsionaalsed ja loogilised elemendid \u00fchtseks ja v\u00e4\u00e4rtustatud kliendikogemuseks.<\/p>\n\n\n\n<p>J\u00e4rgnevalt on toodud v\u00e4lja eri autorite poolt esitatud p\u00f5him\u00f5tted, mida missiooni s\u00f5nastamisel tuleks arvestada.<\/p>\n\n\n\n<ol start=\"1\" class=\"wp-block-list\">\n<li><strong>Selgus ja lihtsus<\/strong>. Missioon peab olema selgelt m\u00f5istetav ja lihtne, et k\u00f5ik ettev\u00f5tte t\u00f6\u00f6tajad, kliendid ja teised huvigruppide liikmed saaksid sellest aru. Liigne keerukus ja spetsiifilisus v\u00f5ivad takistada missiooni efektiivsust (Kotter, 1996).<\/li>\n\n\n\n<li><strong>Keskendumine v\u00e4\u00e4rtusele ja eesm\u00e4rgile<\/strong>. Ettev\u00f5tte missioon peaks selgitama, kuidas ettev\u00f5te suudab rahuldada oma sihtr\u00fchma vajadusi ja millist v\u00e4\u00e4rtust see pakub. See aitab teha kindlaks, kuidas ettev\u00f5te eristub konkurentidest ja mida ta teeb teistest paremini (Collins ja Porras, 1996).<\/li>\n\n\n\n<li><strong>Kohandatavus ja paindlikkus<\/strong>. Missioon ei tohiks olla s\u00f5nastatud liiga kitsalt, nii et see piiraks organisatsiooni arengut, kuid samas peab see olema piisavalt fokusseeritud, et m\u00e4\u00e4ratleda ettev\u00f5tte p\u00f5hitegevust ja eesm\u00e4rke. Ettev\u00f5tted v\u00f5ivad aja jooksul oma missiooni vastavalt turu muutustele kohandada (Drucker, 1994).<\/li>\n\n\n\n<li><strong>Inspireeriv ja motiveeriv<\/strong>. Ettev\u00f5tte missioon peaks olema inspireeriv mitte ainult klientidele, vaid ka t\u00f6\u00f6tajatele. Kui missioon on positiivne ja motiveeriv, aitab see luua tugeva organisatsioonikultuuri ja meeskonnatunnet (Bart ja Hupfer, 2004).<\/li>\n\n\n\n<li><strong>Kohalikkus ja kontekst<\/strong>. Missioon peaks arvestama organisatsiooni konteksti, sealhulgas t\u00f6\u00f6stusharu, geograafilisi piiranguid ja turu erip\u00e4ra. \u00dcks universaalne missioon ei pruugi sobida k\u00f5ikidele ettev\u00f5tetele (Pearce ja David, 1987).<\/li>\n<\/ol>\n\n\n\n<p>Ettev\u00f5tte missioonist peab selguma millist v\u00e4\u00e4rtust ettev\u00f5tte poolt pakutav toode v\u00f5i teenus kliendile loob. Klient peab tundma ennast inspireerituna liitumaks ettev\u00f5tte missiooniga, olema veendunud, et ettev\u00f5tte eesm\u00e4rk on saavutatav ning ettev\u00f5tte olemus m\u00f5istetav ja selge.\u00a0<\/p>\n\n\n\n<p>Seet\u00f5ttu on organisatsioonil oluline missiooni koostades m\u00f5elda j\u00e4rgmistele k\u00fcsimustele \u2013 kas organisatsiooni missioon on arusaadav ja seda toetavad k\u00f5ik huvir\u00fchmad, kas missioon on organisatsiooni v\u00f5imalusi ja vahendeid arvestades teostatav, kas missioon \u00fctleb, mida, kellele, kuidas ja mil m\u00e4\u00e4ral organisatsioon teeb (M\u00e4nd, 2014)? Organisatsiooni missioon peaks olema kokku v\u00f5etud lihtsaks, kuid m\u00f5jusaks lauseks (Virovere jt, 2008).<\/p>\n\n\n\n<p>Eesti juhtimisvaldkonna uuring (2022) t\u00f5i v\u00e4lja, et Eesti juhid peavad oluliseks ettev\u00f5tte missiooni. Seejuures iseloomustab missiooni soov \u00fchiskonnale tagasi anda ning teha midagi olulisemat kui vaid toodete ja teenuste pakkumist. N\u00e4iteks on Eesti ettev\u00f5tetele oluline keskkonna hoidmine ja j\u00e4tkusuutlikkus (Vadi jt, 2022).<\/p>\n","protected":false},"excerpt":{"rendered":"<p>Missiooni s\u00f5nastamine on fundamentaalne osa ettev\u00f5tte strateegilisest juhtimisest, kuna see aitab suunata organisatsiooni tegevusi, sidudes oleviku pikaajalise visiooniga. Missioon v\u00f5tab kokku ettev\u00f5tte \u00e4riidee v\u00f5i -ideed , mis on suunatud rohkem olevikku ning seda t\u00e4psustab ettev\u00f5tte visioon, mis kirjeldab soovitud tulevikku &#8230;<\/p>\n","protected":false},"author":3,"featured_media":0,"parent":61,"menu_order":0,"comment_status":"closed","ping_status":"closed","template":"","meta":{"_acf_changed":false,"inline_featured_image":false,"footnotes":""},"class_list":["post-64","page","type-page","status-publish","hentry"],"acf":[],"_links":{"self":[{"href":"https:\/\/sisu.ut.ee\/ettevotlusopik\/wp-json\/wp\/v2\/pages\/64","targetHints":{"allow":["GET"]}}],"collection":[{"href":"https:\/\/sisu.ut.ee\/ettevotlusopik\/wp-json\/wp\/v2\/pages"}],"about":[{"href":"https:\/\/sisu.ut.ee\/ettevotlusopik\/wp-json\/wp\/v2\/types\/page"}],"author":[{"embeddable":true,"href":"https:\/\/sisu.ut.ee\/ettevotlusopik\/wp-json\/wp\/v2\/users\/3"}],"replies":[{"embeddable":true,"href":"https:\/\/sisu.ut.ee\/ettevotlusopik\/wp-json\/wp\/v2\/comments?post=64"}],"version-history":[{"count":18,"href":"https:\/\/sisu.ut.ee\/ettevotlusopik\/wp-json\/wp\/v2\/pages\/64\/revisions"}],"predecessor-version":[{"id":1213,"href":"https:\/\/sisu.ut.ee\/ettevotlusopik\/wp-json\/wp\/v2\/pages\/64\/revisions\/1213"}],"up":[{"embeddable":true,"href":"https:\/\/sisu.ut.ee\/ettevotlusopik\/wp-json\/wp\/v2\/pages\/61"}],"wp:attachment":[{"href":"https:\/\/sisu.ut.ee\/ettevotlusopik\/wp-json\/wp\/v2\/media?parent=64"}],"curies":[{"name":"wp","href":"https:\/\/api.w.org\/{rel}","templated":true}]}}