{"id":604,"date":"2024-11-20T16:09:30","date_gmt":"2024-11-20T14:09:30","guid":{"rendered":"https:\/\/sisu.ut.ee\/ettevotlusopik\/?page_id=604"},"modified":"2025-10-03T15:49:58","modified_gmt":"2025-10-03T12:49:58","slug":"veaohtlikud-kohad-eelarve","status":"publish","type":"page","link":"https:\/\/sisu.ut.ee\/ettevotlusopik\/10-eelarve-ja-eelarvestamine-kulud-tulud-hinnakujundus\/veaohtlikud-kohad-eelarve\/","title":{"rendered":"Veaohtlikud kohad"},"content":{"rendered":"<p><\/p>\n\n\n\n<p class=\"has-primary-color has-text-color has-link-color wp-elements-0b5455fa58aab6c9d29b9f3e12018f3d\">#1 Esimesel t\u00e4istegevusaastal ei pruugi eelarve tulem olla positiivne.<\/p>\n\n\n\n<p>Esimesel tegevusaastal ei pruugi ettev\u00f5te k\u00f5iki kulusid tagasi teenida ja v\u00f5ibki j\u00e4\u00e4da negatiivne tulem. Seet\u00f5ttu on oluline l\u00e4bi m\u00f5elda, kust on v\u00f5imalik saada lisanduvat raha tegevuse k\u00e4igushoidmiseks v\u00f5i milliste l\u00fchikrediitidega on v\u00f5imalik arvete tasumist hajutada (nt toiduainetega varustaja esitab arve, mille tasumist\u00e4htaeg on 14\u201230 p\u00e4eva).<\/p>\n\n\n\n<p class=\"has-primary-color has-text-color has-link-color wp-elements-c1efa0dd0ecea85c2b97b7b096395506\">#2 Alustage m\u00fc\u00fcgi prognoosimisest.<\/p>\n\n\n\n<p>Millises koguses tooteid teilt v\u00f5idakse ostma hakata ja\/v\u00f5i millises koguses olete te v\u00f5imelised tooteid tootma osutama. Selles faasis teha ka esialgne hinnakujundus, mille saab \u00fcle vaadata peale kulude leidmist. P\u00fc\u00fcdke v\u00e4ltida \u00fcle- ja alaprognoosimist!<\/p>\n\n\n\n<p class=\"has-primary-color has-text-color has-link-color wp-elements-a516c839f155a10530d493b5085fd2a8\">#3 Eelarve koostamisel vaadake pikemat perioodi.<\/p>\n\n\n\n<p>\u00c4rimudeli koostamise faasis on peamine r\u00f5hk esimese t\u00e4istegevusaasta kuludel ja tuludel. Oluline on l\u00e4bi m\u00f5elda ja teha ka pikemaajaline eelarve (3\u20125 aastat), et aru saada, millal ettev\u00f5ttesse tehtud investeeringud ennast \u00e4ra tasuvad ja ettev\u00f5te kasumit teenima hakkab.<\/p>\n\n\n\n<p class=\"has-primary-color has-text-color has-link-color wp-elements-3705b422668b76b2dcecd108d0d2305f\">#4 T\u00f6\u00f6j\u00f5u palkamine on vaja korralikult l\u00e4bi m\u00f5elda, kuna tegemist on suure kulutusega ja p\u00fcsivama vastutusega.<\/p>\n\n\n\n<p>Kui kosmeetikatootja puhul on oluline p\u00fcsivate oskust\u00f6\u00f6tajate palkamine, et tagada pikemaajaline ja stabiilne t\u00f6\u00f6 ja kvaliteet, siis l\u00fchiajaliste t\u00f6\u00f6de puhul (nt kodulehe kujundamine v\u00f5i rakenduse v\u00e4lja t\u00f6\u00f6tamine) on m\u00f5istlik teenus hoopis sisse osta (soodsam, ei ole vajalik t\u00f6\u00f6koha loomine ning inimeste juhtimine jne).<\/p>\n\n\n\n<p class=\"has-primary-color has-text-color has-link-color wp-elements-d1a52b1755d1ab448d7ac1c85c736069\">#5 Ei arvestata k\u00e4ibemaksuga.<\/p>\n\n\n\n<p>Pidage meeles, et alates 40 000 \u20ac k\u00e4ibe saavutamisest on ettev\u00f5ttel kohustus tasuda k\u00e4ibemaksu. Ettev\u00f5tlusega alustamisel ei pruugita ennast k\u00e4ibemaksukohustuslasena arvele v\u00f5tta, kuid see ei v\u00e4lista vajadust seda teha nt aasta keskel. Sellisel juhul peaks hind olema m\u00e4\u00e4ratud juba selline, et kliendi jaoks ei toimuks suurt ja ebameeldivat hinnat\u00f5usu.<\/p>\n\n\n\n<p class=\"has-primary-color has-text-color has-link-color wp-elements-b00334816b63ec6b039b9dd94d1ad817\">#6 Amortisatsioonikuludega arvestamine.<\/p>\n\n\n\n<p>Eelarves tuleb seadmete ja hoonete amortisatsioon sisse arvestada, et osata paremini planeerida, mil on vaja uut ruumide remonti v\u00f5i m\u00f5ne seadme (t\u00f6\u00f6pink, s\u00fclearvuti jne) v\u00e4ljavahetamist.<\/p>\n\n\n\n<p class=\"has-primary-color has-text-color has-link-color wp-elements-6124a9143c09c0774ab4fe4ddf8bd9a1\">#7 Hooajalisusega arvestamine m\u00fc\u00fcgi prognoosimisel ja eelarve koostamisel.<\/p>\n\n\n\n<p>Oluline on arvestada tulude ja kulude muutlikkust tulenevalt kas hooajalisusest v\u00f5i siis suurenenud tootmise\/teenuse osutamisega perioodidel. N\u00e4iteks m\u00f5eldes pulmakorraldusele, siis abiellutakse k\u00fcll aastaringselt, kuid suurim surve on suvekuudel. M\u00f5elge kindlasti l\u00e4bi, kuiv\u00f5rd on teie \u00e4riidee hooajalisusest m\u00f5jutatud ja millised need perioodid on?<\/p>\n\n\n\n<p>Eesti Statistikaameti andmed abiellumiste kohta kuude l\u00f5ikes (periood 2020\u20122023)<\/p>\n\n\n\n<figure class=\"wp-block-image size-full\"><img loading=\"lazy\" decoding=\"async\" width=\"973\" height=\"210\" src=\"https:\/\/sisu.ut.ee\/wp-content\/uploads\/sites\/703\/Kuvatommis-2025-10-03-143828.jpg\" alt=\"\" class=\"wp-image-906\" srcset=\"https:\/\/sisu.ut.ee\/wp-content\/uploads\/sites\/703\/Kuvatommis-2025-10-03-143828.jpg 973w, https:\/\/sisu.ut.ee\/wp-content\/uploads\/sites\/703\/Kuvatommis-2025-10-03-143828-300x65.jpg 300w, https:\/\/sisu.ut.ee\/wp-content\/uploads\/sites\/703\/Kuvatommis-2025-10-03-143828-768x166.jpg 768w\" sizes=\"auto, (max-width: 973px) 100vw, 973px\"><\/figure>\n\n\n\n<p class=\"has-primary-color has-text-color has-link-color wp-elements-a6ac6940d633a3d63d5be3704928c725\">#8 Ei kontrollita meetme tingimusi ega ka maksimaalselt taotletavat summat.<\/p>\n\n\n\n<p>N\u00e4ide: taotleti EIS ja Kredexi \u00fchendasutuselt starditoetust, kuid selle kulutamine oli lahendamata ja summa j\u00e4i eelarves n\u00f6 \u00fcle. Kontrollige, millised kulud on abik\u00f5lbulikud ja millised kulud ei ole abik\u00f5lbulikud! Lisaks tuleb siinkohal \u00fcle vaadata, kas ja kuidas on arvestatud omaosaluse kulude katmine.<\/p>\n\n\n\n<p class=\"has-primary-color has-text-color has-link-color wp-elements-6490fb0442cbc45649138bcb9d938df9\">#9 Raha j\u00e4\u00e4k ei saa olla miinuses!<\/p>\n\n\n\n<p>N\u00e4ide 1: rahavoog on pidevas miinuses ehk kuidas s\u00f5ita autoga, mille k\u00fctusej\u00e4\u00e4k on miinustes? Rahavoog peab olema positiivne, et katta tegevuskulud. Vajadusel tuleb ajutiste miinusperioodide katteks raha juurde laenata v\u00f5i investeeringuga katta.<\/p>\n\n\n\n<p class=\"has-primary-color has-text-color has-link-color wp-elements-52d8d1c0ed723a8b7a4f10dfa5c4ce28\">#10 Kommunaal- ja telekommunikatsioonikulude puudumine eelarvest.<\/p>\n\n\n\n<p>Eelarves ei ole toodud k\u00fctte-, vee-, ja elektrikulusid v\u00f5i on need toodud \u00fchtlase kuluna. Samuti puuduvad telefoni- ja internetiteenusega seonduvad kulud ja\/v\u00f5i peetakse neid kulusid kaetuks, kasutades isiklikku eratelefoni ja kasutakse isiklikust eelarvest tasutud internetti.<\/p>\n\n\n\n<p class=\"has-primary-color has-text-color has-link-color wp-elements-bd59c5eb2c0aecf0424514fda2ddaf85\">#11 T\u00f6\u00f6j\u00f5ukulu kantakse eelarvesse brutotasuna, mitte t\u00f6\u00f6andja kuluna.<\/p>\n\n\n\n<p>T\u00f6\u00f6j\u00f5ukulu arvestuse puhul tuleb j\u00e4lgida, et eelarves oleks toodud t\u00f6\u00f6j\u00f5u kogukulu ettev\u00f5ttele. On oluline vahe, kas ettev\u00f5tte t\u00f6\u00f6j\u00f5ukulud on 1000 eurot (brutotasu) v\u00f5i 1338 eurot (t\u00f6\u00f6andja kulu).<\/p>\n\n\n\n<p class=\"has-primary-color has-text-color has-link-color wp-elements-834d399af33477e5089631552553b2b3\">#12 Ei m\u00f5elda l\u00e4bi, kas ettev\u00f5te vajab algusj\u00e4rgus teenust v\u00f5i vajab uue t\u00f6\u00f6koha juurdeloomist.<\/p>\n\n\n\n<p>Nt levinult palgatakse rakenduse arendamiseks mitmeks kuuks tarkvaraarendaja, kelle puhul arvatakse, et osakoormuse ja t\u00f6\u00f6andja kuluna 400 euro suuruse sissetuleku eest kuus on ta n\u00f5us ja motiveeritud antud projekti arendama.<\/p>\n\n\n\n<p class=\"has-primary-color has-text-color has-link-color wp-elements-79ae6166d36e027b19a4ac83486fad6c\">#13 Ei arvestata raamatupidamise, juristide, koolituste, transpordi ja postiteenuste kulusid.<\/p>\n\n\n\n<p>Kohe ettev\u00f5tlusega tegelema hakates ei m\u00f5elda l\u00e4bi ettev\u00f5tte k\u00e4ivitamise ja tegevusega seonduvate teenuste tarbimise vajadust. \u00d5igusabikulud v\u00f5ivad olla olulised alguses, kus alles koostatakse asutajatelepinguid v\u00f5i valmistatakse ette toodete kasutustingimusi v\u00f5i lepingup\u00f5hjasid teenuse osutamiseks. Raamatupidamiskulude puhul tuleb eelnevalt kaaluda, kas ja mis ulatuses on vajalik raamatupidamisteenus (kas igakuine v\u00f5i kord aastas majandusaasta aruande koostamine). Koolituste puhul on vajalik \u00fcle vaadata koolitatavate arv, vajalikud koolitused, nende sagedus ja maksumus. Unarusse j\u00e4etakse ka posti- ja transpordikulusid, mis on seotud kas siis toodete transpordi v\u00f5i teenuse osutamiseks vajalike s\u00f5itude tegemiseks.<\/p>\n\n\n\n<p class=\"has-primary-color has-text-color has-link-color wp-elements-ec00f4d7fd1299f8a14285dce4fb1d4e\">#14Turunduskulud on alaprognoositud.<\/p>\n\n\n\n<p>Turundus v\u00f5imaldab ettev\u00f5ttel viia info oma kauba\/teenuse kohta potentsiaalse kliendini, seega on see oluline eelk\u00f5ige m\u00fc\u00fcgik\u00e4ibe tekitamise seisukohast. T\u00fc\u00fcpveana arvatakse, et turundustegevuste kulud on odavad ja piisab vaid sotsiaalmeedia tasuta reklaamist, arvestamata tr\u00fckiste, visiitkaartide, pastakate ja muude reklaamkingituste maksumusega. Lisaks ei arvestata, et testrid, tasuta tooted jm materiaalsed jaotusmaterjalid on ettev\u00f5tja jaoks rahaline kulu.<\/p>\n\n\n\n<p class=\"has-primary-color has-text-color has-link-color wp-elements-60d6c13b0560258ba6423e181c3b5ccc\">#15 Eelarves ei ole kajastatud turundustegevuse kulusid ja turundustegevuste plaanis toodu ei vasta eelarvelistele v\u00f5imalustele.<\/p>\n\n\n\n<p>Eelarve peab sisaldama turundustegevuste kulusid ja need peavad olema vastavuses ettev\u00f5tte eelarveliste v\u00f5imalustega.<\/p>\n\n\n\n<p class=\"has-primary-color has-text-color has-link-color wp-elements-78a3f5a2241de2fcd70b570dad7ee202\">#16 Ei arvestata turundusele kuluvat aega ja selle maksumust.<\/p>\n\n\n\n<p>Kuigi ettev\u00f5tja v\u00f5ib esialgu saada hakkama oma reklaamtekstide kirjutamise ja nende jagamisega sotsiaalmeedias, kodulehel ja sisuturundusartiklites, on siinkohal vajalik v\u00f5tta arvesse ka selleks kuluvat aega ja arvestada, kas see on majanduslikult m\u00f5istlik \u2012 kas turundustegevuste n\u00e4ol ei ole takistatud nt ettev\u00f5tte juhtimine ja tegevus, millega teeniks rohkem?<\/p>\n","protected":false},"excerpt":{"rendered":"<p>#1 Esimesel t\u00e4istegevusaastal ei pruugi eelarve tulem olla positiivne. Esimesel tegevusaastal ei pruugi ettev\u00f5te k\u00f5iki kulusid tagasi teenida ja v\u00f5ibki j\u00e4\u00e4da negatiivne tulem. Seet\u00f5ttu on oluline l\u00e4bi m\u00f5elda, kust on v\u00f5imalik saada lisanduvat raha tegevuse k\u00e4igushoidmiseks v\u00f5i milliste l\u00fchikrediitidega on &#8230;<\/p>\n","protected":false},"author":3,"featured_media":0,"parent":377,"menu_order":0,"comment_status":"closed","ping_status":"closed","template":"","meta":{"_acf_changed":false,"inline_featured_image":false,"footnotes":""},"class_list":["post-604","page","type-page","status-publish","hentry"],"acf":[],"_links":{"self":[{"href":"https:\/\/sisu.ut.ee\/ettevotlusopik\/wp-json\/wp\/v2\/pages\/604","targetHints":{"allow":["GET"]}}],"collection":[{"href":"https:\/\/sisu.ut.ee\/ettevotlusopik\/wp-json\/wp\/v2\/pages"}],"about":[{"href":"https:\/\/sisu.ut.ee\/ettevotlusopik\/wp-json\/wp\/v2\/types\/page"}],"author":[{"embeddable":true,"href":"https:\/\/sisu.ut.ee\/ettevotlusopik\/wp-json\/wp\/v2\/users\/3"}],"replies":[{"embeddable":true,"href":"https:\/\/sisu.ut.ee\/ettevotlusopik\/wp-json\/wp\/v2\/comments?post=604"}],"version-history":[{"count":5,"href":"https:\/\/sisu.ut.ee\/ettevotlusopik\/wp-json\/wp\/v2\/pages\/604\/revisions"}],"predecessor-version":[{"id":980,"href":"https:\/\/sisu.ut.ee\/ettevotlusopik\/wp-json\/wp\/v2\/pages\/604\/revisions\/980"}],"up":[{"embeddable":true,"href":"https:\/\/sisu.ut.ee\/ettevotlusopik\/wp-json\/wp\/v2\/pages\/377"}],"wp:attachment":[{"href":"https:\/\/sisu.ut.ee\/ettevotlusopik\/wp-json\/wp\/v2\/media?parent=604"}],"curies":[{"name":"wp","href":"https:\/\/api.w.org\/{rel}","templated":true}]}}