{"id":601,"date":"2024-11-20T15:36:04","date_gmt":"2024-11-20T13:36:04","guid":{"rendered":"https:\/\/sisu.ut.ee\/ettevotlusopik\/?page_id=601"},"modified":"2025-10-03T15:45:13","modified_gmt":"2025-10-03T12:45:13","slug":"veaohtlikud-kohad-turundus","status":"publish","type":"page","link":"https:\/\/sisu.ut.ee\/ettevotlusopik\/veaohtlikud-kohad-turundus\/","title":{"rendered":"Veaohtlikud kohad"},"content":{"rendered":"<p><\/p>\n\n\n\n<p class=\"has-primary-color has-text-color has-link-color wp-elements-be9ad580e967d1ea50b15ce400db466d\">#1 Kui turundustegevusteks on v\u00e4he raha, tuleb sellega turundusplaani koostamisel arvestada\u00a0\u00a0<\/p>\n\n\n\n<p>Eriti oluline on turundustegevused l\u00e4bi m\u00f5elda piiratud turunduseelarve korral. Alati ei ole k\u00f5ige \u00f5igem alustada kodulehe loomisest ja seej\u00e4rel alustada teiste turundustegevustega. Pigem tuleks leida odavamad turundamise v\u00f5imalused. Kui kvaliteetse kodulehe tegemiseks ei ole piisavalt vahendeid, v\u00f5ib olla \u00f5igem osta soodsamat reklaami, koguda raha ja seej\u00e4rel luua korralik, ettev\u00f5tte eesm\u00e4rkidega koosk\u00f5las olev veebileht.<\/p>\n\n\n\n<p class=\"has-primary-color has-text-color has-link-color wp-elements-d75780a69d67de49bd4701c74080e4d2\">#2 Uuri sihtgrupi eelistusi turunduskanalite kasutamisel<\/p>\n\n\n\n<p>Enne turundustegevuste planeerimist tuleb v\u00e4lja selgitada, milliseid turunduskanaleid toote v\u00f5i teenuse sihtgrupp tarbib, nt televisioon, raadio, sotsiaalmeedia, ajakirjandus vms. K\u00f5igile k\u00f5ike ja igal viisil m\u00fc\u00fces ei j\u00f5ua v\u00e4ga kaugele. Samuti on oluline leida \u00f5iged turunduss\u00f5numid ja nendega enda potentsiaalsetele klientidele silma j\u00e4\u00e4da.<\/p>\n\n\n\n<p class=\"has-primary-color has-text-color has-link-color wp-elements-e92a441dc9403b3e67c2223c83074f58\">#3 M\u00f5tle l\u00e4bi sihtgrupi poolt eelistatavate turunduskanalite kasutamine<\/p>\n\n\n\n<p>Turundusv\u00f5imalusi on v\u00e4ga palju ja nii v\u00f5ib j\u00e4\u00e4da ekslik mulje, et kasutada tuleks k\u00f5ike \u2013 panustada ja olla kogu aeg, 24\/7, n\u00e4htav sotsiaalmeedias, luua ettev\u00f5ttele kodulehek\u00fclg, teha meiliturundust, blogidesse luua sisuartikleid, olla n\u00e4htav t\u00e4navareklaamis jne. Ei ole m\u00f5tet raisata aega ja raha nt sotsiaalmeedias toote v\u00f5i teenuse reklaamimiseks, kui selle sihtr\u00fchm sotsiaalmeediat ei kasuta v\u00f5i antud toodet v\u00f5i teenust l\u00e4bi sotsiaalmeedia ei otsi. Seet\u00f5ttu on oluline v\u00e4lja selgitada, milliseid kanaleid ja milleks kasutada, nii et turundus oleks l\u00e4bim\u00f5eldud ja tulutoov. Nt milliseid tegevusi on v\u00f5imalik teha kodulehek\u00fcljel (saada vajadusel p\u00f5hjalikku infot toodete ja ettev\u00f5tte kohta, teha p\u00e4ringuid ja anda tagasisidet, valida ja osta kaupu v\u00f5i teenuseid), kui palju ja kus on v\u00f5imalik suhelda klientidega otsekontaktina (nt messidel, \u00fcritustel, koolitustel). Enne m\u00f5ne uue e-turunduse kanali k\u00e4ivitamist on m\u00f5istlik j\u00e4rele uurida, kui palju organisatsiooni tegevusalaga seotud otsinguid \u00fcldse internetis v\u00f5i antud kanalil iga p\u00e4ev tehakse. Samuti tasub otsida, kas on olemas kindlad veebilehed v\u00f5i foorumid, kus planeeritud sihtgrupp juba koos k\u00e4ib.<\/p>\n\n\n\n<p><\/p>\n","protected":false},"excerpt":{"rendered":"<p>#1 Kui turundustegevusteks on v\u00e4he raha, tuleb sellega turundusplaani koostamisel arvestada\u00a0\u00a0 Eriti oluline on turundustegevused l\u00e4bi m\u00f5elda piiratud turunduseelarve korral. Alati ei ole k\u00f5ige \u00f5igem alustada kodulehe loomisest ja seej\u00e4rel alustada teiste turundustegevustega. Pigem tuleks leida odavamad turundamise v\u00f5imalused. Kui &#8230;<\/p>\n","protected":false},"author":3,"featured_media":0,"parent":0,"menu_order":0,"comment_status":"closed","ping_status":"closed","template":"","meta":{"_acf_changed":false,"inline_featured_image":false,"footnotes":""},"class_list":["post-601","page","type-page","status-publish","hentry"],"acf":[],"_links":{"self":[{"href":"https:\/\/sisu.ut.ee\/ettevotlusopik\/wp-json\/wp\/v2\/pages\/601","targetHints":{"allow":["GET"]}}],"collection":[{"href":"https:\/\/sisu.ut.ee\/ettevotlusopik\/wp-json\/wp\/v2\/pages"}],"about":[{"href":"https:\/\/sisu.ut.ee\/ettevotlusopik\/wp-json\/wp\/v2\/types\/page"}],"author":[{"embeddable":true,"href":"https:\/\/sisu.ut.ee\/ettevotlusopik\/wp-json\/wp\/v2\/users\/3"}],"replies":[{"embeddable":true,"href":"https:\/\/sisu.ut.ee\/ettevotlusopik\/wp-json\/wp\/v2\/comments?post=601"}],"version-history":[{"count":4,"href":"https:\/\/sisu.ut.ee\/ettevotlusopik\/wp-json\/wp\/v2\/pages\/601\/revisions"}],"predecessor-version":[{"id":963,"href":"https:\/\/sisu.ut.ee\/ettevotlusopik\/wp-json\/wp\/v2\/pages\/601\/revisions\/963"}],"wp:attachment":[{"href":"https:\/\/sisu.ut.ee\/ettevotlusopik\/wp-json\/wp\/v2\/media?parent=601"}],"curies":[{"name":"wp","href":"https:\/\/api.w.org\/{rel}","templated":true}]}}