{"id":584,"date":"2024-11-20T14:58:45","date_gmt":"2024-11-20T12:58:45","guid":{"rendered":"https:\/\/sisu.ut.ee\/ettevotlusopik\/?page_id=584"},"modified":"2025-10-03T15:34:55","modified_gmt":"2025-10-03T12:34:55","slug":"veaohtlikud-kohad-ariidee","status":"publish","type":"page","link":"https:\/\/sisu.ut.ee\/ettevotlusopik\/1-ariidee\/1-3-kuidas-hinnata-ariidee-headust\/veaohtlikud-kohad-ariidee\/","title":{"rendered":"Veaohtlikud kohad"},"content":{"rendered":"<p><\/p>\n\n\n\n<p class=\"has-secondary-color has-text-color has-link-color wp-elements-8219047bf034337064b83382185aa476\">#1 T\u00e4psustada, millist probleemi ja kelle jaoks seda lahendatakse!<\/p>\n\n\n\n<p>V\u00f5imalik, et probleemi kui sellist n\u00e4ed ainult Sina, kuid mitte potentsiaalsed kliendid.\u00a0S\u00f5nastada selgelt probleem ja m\u00e4\u00e4rata kindlaks, kes saab selle probleemi lahendamisest kasu.<\/p>\n\n\n\n<p class=\"has-secondary-color has-text-color has-link-color wp-elements-53f3e1d8950e3377e0a04b8d733cc227\">#2 Teha taustauuring!<\/p>\n\n\n\n<p>\u00c4riidee valimise juures on h\u00e4sti oluline teha esmane turu-uuring, et saada aru, kas \u00e4riidee on majanduslikult tasuv v\u00f5i mitte, kui palju on konkurente ja kas turul on \u00fcldse ruumi uuele valitud valdkonna ettev\u00f5ttele.<\/p>\n\n\n\n<p class=\"has-secondary-color has-text-color has-link-color wp-elements-e7d388e75a90258f073c1724edec9444\">#3 Suhelda potentsiaalsete klientidega!<\/p>\n\n\n\n<p>Vajalik on ideede testimine ja ideede tutvustamine n\u00e4iteks pereliikmetele ja s\u00f5pradele ning uurimine, mis nad antud tootest sellisel kujul arvavad. Kas nad seda toodet ka tarbiksid? Olenemata vastusest tuleks alati paluda vastust ka p\u00f5hjendada ja teha konkreetseid ettepanekuid!<\/p>\n","protected":false},"excerpt":{"rendered":"<p>#1 T\u00e4psustada, millist probleemi ja kelle jaoks seda lahendatakse! V\u00f5imalik, et probleemi kui sellist n\u00e4ed ainult Sina, kuid mitte potentsiaalsed kliendid.\u00a0S\u00f5nastada selgelt probleem ja m\u00e4\u00e4rata kindlaks, kes saab selle probleemi lahendamisest kasu. #2 Teha taustauuring! \u00c4riidee valimise juures on h\u00e4sti &#8230;<\/p>\n","protected":false},"author":3,"featured_media":0,"parent":41,"menu_order":0,"comment_status":"closed","ping_status":"closed","template":"","meta":{"_acf_changed":false,"inline_featured_image":false,"footnotes":""},"class_list":["post-584","page","type-page","status-publish","hentry"],"acf":[],"_links":{"self":[{"href":"https:\/\/sisu.ut.ee\/ettevotlusopik\/wp-json\/wp\/v2\/pages\/584","targetHints":{"allow":["GET"]}}],"collection":[{"href":"https:\/\/sisu.ut.ee\/ettevotlusopik\/wp-json\/wp\/v2\/pages"}],"about":[{"href":"https:\/\/sisu.ut.ee\/ettevotlusopik\/wp-json\/wp\/v2\/types\/page"}],"author":[{"embeddable":true,"href":"https:\/\/sisu.ut.ee\/ettevotlusopik\/wp-json\/wp\/v2\/users\/3"}],"replies":[{"embeddable":true,"href":"https:\/\/sisu.ut.ee\/ettevotlusopik\/wp-json\/wp\/v2\/comments?post=584"}],"version-history":[{"count":5,"href":"https:\/\/sisu.ut.ee\/ettevotlusopik\/wp-json\/wp\/v2\/pages\/584\/revisions"}],"predecessor-version":[{"id":924,"href":"https:\/\/sisu.ut.ee\/ettevotlusopik\/wp-json\/wp\/v2\/pages\/584\/revisions\/924"}],"up":[{"embeddable":true,"href":"https:\/\/sisu.ut.ee\/ettevotlusopik\/wp-json\/wp\/v2\/pages\/41"}],"wp:attachment":[{"href":"https:\/\/sisu.ut.ee\/ettevotlusopik\/wp-json\/wp\/v2\/media?parent=584"}],"curies":[{"name":"wp","href":"https:\/\/api.w.org\/{rel}","templated":true}]}}