{"id":435,"date":"2024-04-24T20:46:08","date_gmt":"2024-04-24T17:46:08","guid":{"rendered":"https:\/\/sisu.ut.ee\/ettevotlusopik\/?page_id=435"},"modified":"2024-04-24T21:45:25","modified_gmt":"2024-04-24T18:45:25","slug":"lisa-6-pestle-analuusi-koostamise-mottekaart","status":"publish","type":"page","link":"https:\/\/sisu.ut.ee\/ettevotlusopik\/lisa-0-naite-taustainfo\/lisa-6-pestle-analuusi-koostamise-mottekaart\/","title":{"rendered":"Lisa 6. PESTLE anal\u00fc\u00fcsi koostamise m\u00f5ttekaart"},"content":{"rendered":"<p><\/p>\n\n\n\n<p><\/p>\n\n\n\n<figure class=\"wp-block-table is-style-regular has-regular-font-size\"><table class=\"table table-hover\"><thead><tr><th>P<\/th><th>E<\/th><th>S<\/th><th>T<\/th><th>L<\/th><th>E<\/th><\/tr><\/thead><tbody><tr><td>Poliitiline<\/td><td>Majanduslik<\/td><td>Sotsiaalne<\/td><td>Tehnoloogiline<\/td><td>\u00d5iguslik<\/td><td>Loodus<\/td><\/tr><tr><td>-Valitsuse stabiilsus<br>-Pandeemia strateegiline plaan<br>-S\u00f5ja m\u00f5ju v\u00f5i halvenevad suhted teat. riikidega<br>-Rahaliste stiimulite m\u00f5ju<br>-Tervishoiuteenuste k\u00e4ttesaadavust<br>-Praegust maksupoliitikat<br>-Tulevast maksupoliitikat<br>-Toetusi, investeeringuid ja rahastamisi<br>-Kaubanduspiiranguid<\/td><td>-Riiklik v\u00f5latase<br>-M\u00f5jutatud t\u00f6\u00f6stust ja selle taastumist pandeemiast\/<br>s\u00f5jast\/ majandus-langusest<br>-Praegust ja tulevast valituskulude taset<br>-Laenude k\u00e4ttesaadavust<br>-Praegust ja tulevast intressitase, inflatsiooni ja t\u00f6\u00f6tust<br>-Teatavaid maksustamispoliitikaid ja trende<br>-\u00dcldist majandusolukorda<br>-Pakkumise volatiilsust<\/td><td>-Pandeemia\/ s\u00f5jaolukorrast tulenevaid trende<br>-Demograafiat<br>-Tarbija suhtumist ja v\u00f5imalusi<br>-Meediavaateid<br>-Seadusemuudatusi, mis m\u00f5jutavad sotsiaalseid tegureid<br>-Kaubam\u00e4rgi, ettev\u00f5tte, tehnoloogia kuvand<br>-Tarbija ostuk\u00e4itumine<br>-Mood ja eeskujud<br>-Peamised s\u00fcndmused ja m\u00f5jurid<br>-Etnilised\/ religioossed m\u00f5jurid<br>-Eetika<br>-Digitaalsed suhted<\/td><td>-Suhted pandeemia\/ s\u00f5jaga<br>-Sektorip\u00f5hine tehnoloogian\u00f5udlus<br>-Olulised praegused ja tulevased tehnoloogia-innovatsioonid<br>-Teadusrahastuse tase<br>-Tarbija ostuk\u00e4itumine ja kanalid<br>-Intellektuaalomandi \u00f5igused ja autori\u00f5igusest tulenevad piirangud<br>-Globaalsed kommunikatsioonitehnoloogia eelised<br>-Internetiga \u00fchendatus<\/td><td>-Seadusandluses valdkondades nagu t\u00f6\u00f6\u00f5igus, tasustamine ja tervishoid ning t\u00f6\u00f6ohutus;<br>-Keskkonnaalane seadusandlus<br>-Tulevased seadusemuudatused<br>-Muutused Euroopa seadusandluses<br>-Kauplemispoliitika<br>-Reguleerivad asutused<br>-T\u00f6\u00f6keskkond<br>-Pandeemiast ja s\u00f5jast tulenevad tundlikud teemad<\/td><td>-Suhe globaalse soojenemisega<br>-Suhe taaskasutamise ja globaalse pr\u00fcgivastase liikumisega<br>-Suhe globaalse plastikuvastase v\u00f5itlusega<br>-Saastatuse tase, mis kaasneb toote tootmise v\u00f5i teenuse osutamisega<br>-Valitsuse, meedia ja tarbijate suhtumine keskkonda<br>-Suhe taastuvenergiaga<br>-Suhe metsade langetamisse<\/td><\/tr><\/tbody><\/table><\/figure>\n","protected":false},"excerpt":{"rendered":"<p>P E S T L E Poliitiline Majanduslik Sotsiaalne Tehnoloogiline \u00d5iguslik Loodus -Valitsuse stabiilsus-Pandeemia strateegiline plaan-S\u00f5ja m\u00f5ju v\u00f5i halvenevad suhted teat. riikidega-Rahaliste stiimulite m\u00f5ju-Tervishoiuteenuste k\u00e4ttesaadavust-Praegust maksupoliitikat-Tulevast maksupoliitikat-Toetusi, investeeringuid ja rahastamisi-Kaubanduspiiranguid -Riiklik v\u00f5latase-M\u00f5jutatud t\u00f6\u00f6stust ja selle taastumist pandeemiast\/s\u00f5jast\/ majandus-langusest-Praegust ja tulevast &#8230;<\/p>\n","protected":false},"author":3,"featured_media":0,"parent":422,"menu_order":0,"comment_status":"closed","ping_status":"closed","template":"","meta":{"_acf_changed":false,"inline_featured_image":false,"footnotes":""},"class_list":["post-435","page","type-page","status-publish","hentry"],"acf":[],"_links":{"self":[{"href":"https:\/\/sisu.ut.ee\/ettevotlusopik\/wp-json\/wp\/v2\/pages\/435","targetHints":{"allow":["GET"]}}],"collection":[{"href":"https:\/\/sisu.ut.ee\/ettevotlusopik\/wp-json\/wp\/v2\/pages"}],"about":[{"href":"https:\/\/sisu.ut.ee\/ettevotlusopik\/wp-json\/wp\/v2\/types\/page"}],"author":[{"embeddable":true,"href":"https:\/\/sisu.ut.ee\/ettevotlusopik\/wp-json\/wp\/v2\/users\/3"}],"replies":[{"embeddable":true,"href":"https:\/\/sisu.ut.ee\/ettevotlusopik\/wp-json\/wp\/v2\/comments?post=435"}],"version-history":[{"count":3,"href":"https:\/\/sisu.ut.ee\/ettevotlusopik\/wp-json\/wp\/v2\/pages\/435\/revisions"}],"predecessor-version":[{"id":466,"href":"https:\/\/sisu.ut.ee\/ettevotlusopik\/wp-json\/wp\/v2\/pages\/435\/revisions\/466"}],"up":[{"embeddable":true,"href":"https:\/\/sisu.ut.ee\/ettevotlusopik\/wp-json\/wp\/v2\/pages\/422"}],"wp:attachment":[{"href":"https:\/\/sisu.ut.ee\/ettevotlusopik\/wp-json\/wp\/v2\/media?parent=435"}],"curies":[{"name":"wp","href":"https:\/\/api.w.org\/{rel}","templated":true}]}}