{"id":433,"date":"2024-04-24T20:45:47","date_gmt":"2024-04-24T17:45:47","guid":{"rendered":"https:\/\/sisu.ut.ee\/ettevotlusopik\/?page_id=433"},"modified":"2024-04-24T21:36:16","modified_gmt":"2024-04-24T18:36:16","slug":"lisa-5-eelarvega-seotud-arvutusvalemid","status":"publish","type":"page","link":"https:\/\/sisu.ut.ee\/ettevotlusopik\/lisa-0-naite-taustainfo\/lisa-5-eelarvega-seotud-arvutusvalemid\/","title":{"rendered":"Lisa 5. Eelarvega seotud arvutusvalemid"},"content":{"rendered":"<p><\/p>\n\n\n\n<p>Kasumiarvutustes kasutatakse kahte n\u00e4itajat: \u00fchiku piirkasumit ja piirkasumi m\u00e4\u00e4ra.<\/p>\n\n\n\n<p><strong>\u00dchiku piirkasum <\/strong>ehk <strong>j\u00e4\u00e4ktulu <\/strong>n\u00e4itab, kui palju suureneb kasum v\u00f5i v\u00e4heneb kahjum toodangu m\u00fc\u00fcgimahu suurenemisel \u00fche \u00fchiku v\u00f5rra.<\/p>\n\n\n\n<p><strong>\u00dcHIKU PIIRKASUM = \u00dcHIKU HIND \u2013 \u00dcHIKU MUUTUVKULU<\/strong><\/p>\n\n\n\n<p><strong>Piirkasumi m\u00e4\u00e4r<\/strong> n\u00e4itab piirkasumi suhet m\u00fc\u00fcgitulusse Piirkasumi m\u00e4\u00e4r v\u00e4ljendatakse tavaliselt protsentides ja see on sisuliselt rentaablusn\u00e4itaja. Piirkasumi m\u00e4\u00e4ra arvutusvalem:<\/p>\n\n\n\n<p><strong>PIIRKASUMI M\u00c4\u00c4R= PIIRKASUM\/M\u00dc\u00dcGITULU<\/strong><\/p>\n\n\n\n<p>Piirkasumim\u00e4\u00e4ra v\u00f5ib arvutada ka toote kohta, jagades \u00fche toote piirkasumi toote m\u00fc\u00fcgihinnaga.<\/p>\n\n\n\n<p>Muutuvkulude ja m\u00fc\u00fcgitulude suhet nimetatakse <strong>muutuvkulude m\u00e4\u00e4raks <\/strong>ja seda arvutakse toote kohta.<\/p>\n\n\n\n<p>Muutuvkulude m\u00e4\u00e4ra v\u00e4ljendatakse tavaliselt protsentides. Muutuvkulude arvutamisel kehtib j\u00e4rgnev seos:<\/p>\n\n\n\n<p><strong>PIIRKASUMIM\u00c4\u00c4R= 100% \u2013 MUUTUVKULUDE M\u00c4\u00c4R<\/strong><\/p>\n\n\n\n<p><strong>Tasuvuspunkt ehk kasumil\u00e4vepunkt <\/strong>on tase, mil m\u00fc\u00fcgitulu katab t\u00e4pselt \u00e4ra muutuv- ja p\u00fcsikulud ning kasum v\u00f5rdub nulliga. Kasum tekib alles siis, kui m\u00fc\u00fcgimaht suureneb \u00fcle tasuvuspunkti.<\/p>\n\n\n\n<p>Tasuvuspunkti valem on j\u00e4rgmine:<\/p>\n\n\n\n<p><strong>TASUVUSPUNKT \u00dcHIKUTES = P\u00dcSIKULUD\/\u00dcHIKU PIIRKASUM<\/strong><\/p>\n\n\n\n<p>Puuduva kasumi korral<\/p>\n\n\n\n<p><strong>TULUD = KULUD<\/strong><\/p>\n\n\n\n<p>Kasumi\/kahjumi arvutamiseks<\/p>\n\n\n\n<p><strong>TULUD \u2013 KULUD = KASUM<\/strong><\/p>\n\n\n\n<p>Muutuvkulusid arvestades<\/p>\n\n\n\n<p><strong>KASUM= M\u00dc\u00dcGIHIND x KOGUS \u2013 MUUTUVKULUD (\u00fchikule) x KOGUS \u2013 P\u00dcSIKULUD<\/strong><\/p>\n\n\n\n<p>Raha j\u00e4\u00e4ki perioodi l\u00f5pus arvutatakse kumulatiivselt rahavoo tekke valemiga<\/p>\n\n\n\n<p><strong>RAHAJ\u00c4\u00c4K (RAHAVOOG) = (EELMISE KUU RAHA J\u00c4\u00c4K+ K\u00c4ESOLEVA KUU TULUD) \u2013 K\u00c4ESOLEVA KUU KULUD<\/strong><\/p>\n\n\n\n<p><strong>KOGUKULUD= P\u00dcSIKULUD + MUUTUVKULUD<\/strong><\/p>\n\n\n\n<p>V\u00f5ttes arvesse aga asjaolu, et muutuvkulud on s\u00f5ltuvuses toodetava kogusega, siis:<\/p>\n\n\n\n<p><strong>KOGUKULUD = P\u00dcSIKULUD + MUUTUVKULUD TOOTELE X KOGUS<\/strong><\/p>\n","protected":false},"excerpt":{"rendered":"<p>Kasumiarvutustes kasutatakse kahte n\u00e4itajat: \u00fchiku piirkasumit ja piirkasumi m\u00e4\u00e4ra. \u00dchiku piirkasum ehk j\u00e4\u00e4ktulu n\u00e4itab, kui palju suureneb kasum v\u00f5i v\u00e4heneb kahjum toodangu m\u00fc\u00fcgimahu suurenemisel \u00fche \u00fchiku v\u00f5rra. \u00dcHIKU PIIRKASUM = \u00dcHIKU HIND \u2013 \u00dcHIKU MUUTUVKULU Piirkasumi m\u00e4\u00e4r n\u00e4itab piirkasumi suhet &#8230;<\/p>\n","protected":false},"author":3,"featured_media":0,"parent":422,"menu_order":0,"comment_status":"closed","ping_status":"closed","template":"","meta":{"_acf_changed":false,"inline_featured_image":false,"footnotes":""},"class_list":["post-433","page","type-page","status-publish","hentry"],"acf":[],"_links":{"self":[{"href":"https:\/\/sisu.ut.ee\/ettevotlusopik\/wp-json\/wp\/v2\/pages\/433","targetHints":{"allow":["GET"]}}],"collection":[{"href":"https:\/\/sisu.ut.ee\/ettevotlusopik\/wp-json\/wp\/v2\/pages"}],"about":[{"href":"https:\/\/sisu.ut.ee\/ettevotlusopik\/wp-json\/wp\/v2\/types\/page"}],"author":[{"embeddable":true,"href":"https:\/\/sisu.ut.ee\/ettevotlusopik\/wp-json\/wp\/v2\/users\/3"}],"replies":[{"embeddable":true,"href":"https:\/\/sisu.ut.ee\/ettevotlusopik\/wp-json\/wp\/v2\/comments?post=433"}],"version-history":[{"count":2,"href":"https:\/\/sisu.ut.ee\/ettevotlusopik\/wp-json\/wp\/v2\/pages\/433\/revisions"}],"predecessor-version":[{"id":462,"href":"https:\/\/sisu.ut.ee\/ettevotlusopik\/wp-json\/wp\/v2\/pages\/433\/revisions\/462"}],"up":[{"embeddable":true,"href":"https:\/\/sisu.ut.ee\/ettevotlusopik\/wp-json\/wp\/v2\/pages\/422"}],"wp:attachment":[{"href":"https:\/\/sisu.ut.ee\/ettevotlusopik\/wp-json\/wp\/v2\/media?parent=433"}],"curies":[{"name":"wp","href":"https:\/\/api.w.org\/{rel}","templated":true}]}}