{"id":396,"date":"2024-04-24T20:40:23","date_gmt":"2024-04-24T17:40:23","guid":{"rendered":"https:\/\/sisu.ut.ee\/ettevotlusopik\/?page_id=396"},"modified":"2026-01-29T19:40:15","modified_gmt":"2026-01-29T17:40:15","slug":"11-kokkuvote","status":"publish","type":"page","link":"https:\/\/sisu.ut.ee\/ettevotlusopik\/11-kokkuvote\/","title":{"rendered":"KOKKUV\u00d5TE"},"content":{"rendered":"<p><\/p>\n\n\n\n<p>\u00c4rimudeli koostamine v\u00f5ib esmapilgul tunduda keerulise \u00fclesandena v\u00f5i t\u00fc\u00fctu kohustusena. Tegelikult on tegemist vajaliku dokumendiga, mis eelk\u00f5ige aitab lahti m\u00f5testada ning paika seada kindla plaani tegutsemiseks ning eesm\u00e4rkide saavutamiseks. Kokkuv\u00f5tlikult k\u00f5ige olulisem, mis aitab sind \u00e4rimudeli koostamisel.<\/p>\n\n\n\n<p>Mida silmas pidada \u00e4rimudelit koostades?\u00a0<\/p>\n\n\n\n<p>\u00c4rimudeli koostamine eeldab seda, et eelnevalt on ideega tegeletud, paigas on visioon ja missioon v\u00f5i v\u00e4hemasti on aimdus, mida soovitakse saavutada nii l\u00fchikeses kui ka pikas perspektiivis. Kirjutamisel on oluline kasutada v\u00e4rsket ja relevantset informatsiooni, koos viidetega info allikatele, idee ei tohi olla lahti kirjutatud liiga \u00fclds\u00f5naliselt v\u00f5i kasutades kontekstiv\u00e4liseid allikaid.<\/p>\n\n\n\n<p>Esimesena tuleks detailsel kirja panna seni tehtud tegevus. J\u00e4rgmiseks tuleks kirjeldada \u00e4riideed, milleks v\u00f5ib olla kas toode v\u00f5i ka\u00a0 teenus, mida on kavas pakkuma hakata. Ka \u00e4riidee kirjeldamisel tasub olla v\u00f5imalikult detailne, sest selle punkti lahtikirjutamine tuleb kasuks j\u00e4rgmistes etappides. Oma toote v\u00f5i teenuse kirjeldamise alla ei kuulu lause, et teie toode on odavam, kui konkurentide oma kuid seejuures kvaliteetsem, selles punktis tuleks p\u00fc\u00fcda kirjeldada oma toode v\u00f5i teenus maksimaalselt detailselt.<\/p>\n\n\n\n<p>Edasi on oluline m\u00e4\u00e4ratleda sihtgrupp, mis aitab ka konkurentsieelise \u00fclesm\u00e4rkimisel j\u00e4rgmises punktis. Konkurentsi selgitamisel ei tasu piirduda vaid potentsiaalsete konkurentide loetlemisega, siia on paslik lisada n\u00e4iteks m\u00f5ne konkurentsiteguri v\u00f5rdleva k\u00fcsitluse.<\/p>\n\n\n\n<p>Viiendaks punktiks on turg, hinnang tuleb anda oma \u00e4rimudelile ja selle potentsiaalsele turuosale aga ka laiendatavusele teistele turgudele, teistele segmentidele ja teiseks otstarbeks, see loob tootele konkurentsieelise.<\/p>\n\n\n\n<p>\u00c4rimudeli viimane punkt n\u00e4eb ette, et valgust tuleks heita finantseerimisallikatele, see on eriti oluline punkt just ettev\u00f5tte stardiperioodil.<\/p>\n\n\n\n<p>Meeles tasub pidada, et \u00e4rimudeli koostamisel ei ole oluline pikkus v\u00f5i vaid anal\u00fc\u00fcs, eesm\u00e4rgid tuleb seada ka ajaliselt. L\u00fchiajalised eesm\u00e4rgid tuleb s\u00f5nastada kuu ja kvartali t\u00e4psusega, pikaajalised aastase t\u00e4psusega.<\/p>\n\n\n\n<p>L\u00f5petuseks saad kuulata kokkuv\u00f5tet raamatust.<\/p>\n\n\n\n<figure class=\"wp-block-audio\"><audio controls src=\"https:\/\/sisu.ut.ee\/wp-content\/uploads\/sites\/703\/ettevotlusopik-podcast-2-autorijutt.mp3\"><\/audio><\/figure>\n\n\n\n<p><\/p>\n","protected":false},"excerpt":{"rendered":"<p>\u00c4rimudeli koostamine v\u00f5ib esmapilgul tunduda keerulise \u00fclesandena v\u00f5i t\u00fc\u00fctu kohustusena. Tegelikult on tegemist vajaliku dokumendiga, mis eelk\u00f5ige aitab lahti m\u00f5testada ning paika seada kindla plaani tegutsemiseks ning eesm\u00e4rkide saavutamiseks. Kokkuv\u00f5tlikult k\u00f5ige olulisem, mis aitab sind \u00e4rimudeli koostamisel. Mida silmas pidada &#8230;<\/p>\n","protected":false},"author":3,"featured_media":0,"parent":0,"menu_order":0,"comment_status":"closed","ping_status":"closed","template":"","meta":{"_acf_changed":false,"inline_featured_image":false,"footnotes":""},"class_list":["post-396","page","type-page","status-publish","hentry"],"acf":[],"_links":{"self":[{"href":"https:\/\/sisu.ut.ee\/ettevotlusopik\/wp-json\/wp\/v2\/pages\/396","targetHints":{"allow":["GET"]}}],"collection":[{"href":"https:\/\/sisu.ut.ee\/ettevotlusopik\/wp-json\/wp\/v2\/pages"}],"about":[{"href":"https:\/\/sisu.ut.ee\/ettevotlusopik\/wp-json\/wp\/v2\/types\/page"}],"author":[{"embeddable":true,"href":"https:\/\/sisu.ut.ee\/ettevotlusopik\/wp-json\/wp\/v2\/users\/3"}],"replies":[{"embeddable":true,"href":"https:\/\/sisu.ut.ee\/ettevotlusopik\/wp-json\/wp\/v2\/comments?post=396"}],"version-history":[{"count":10,"href":"https:\/\/sisu.ut.ee\/ettevotlusopik\/wp-json\/wp\/v2\/pages\/396\/revisions"}],"predecessor-version":[{"id":1110,"href":"https:\/\/sisu.ut.ee\/ettevotlusopik\/wp-json\/wp\/v2\/pages\/396\/revisions\/1110"}],"wp:attachment":[{"href":"https:\/\/sisu.ut.ee\/ettevotlusopik\/wp-json\/wp\/v2\/media?parent=396"}],"curies":[{"name":"wp","href":"https:\/\/api.w.org\/{rel}","templated":true}]}}