{"id":390,"date":"2024-04-24T20:39:25","date_gmt":"2024-04-24T17:39:25","guid":{"rendered":"https:\/\/sisu.ut.ee\/ettevotlusopik\/?page_id=390"},"modified":"2025-10-03T15:50:20","modified_gmt":"2025-10-03T12:50:20","slug":"naide-10-nutika-noela-eelarve","status":"publish","type":"page","link":"https:\/\/sisu.ut.ee\/ettevotlusopik\/10-eelarve-ja-eelarvestamine-kulud-tulud-hinnakujundus\/naide-10-nutika-noela-eelarve\/","title":{"rendered":"N\u00c4IDE 8. Nutika N\u00f5ela eelarve"},"content":{"rendered":"<p>Nutika N\u00f5ela meeskond koostas eelarve, et prognoosida m\u00fc\u00fcki ja raha v\u00e4ljaminekut.<\/p>\n\n\n\n<p>M\u00fc\u00fcgi prognoosimisel v\u00f5eti aluseks esmalt toodetavad tooted koos prognooshinnaga. Hinna m\u00e4\u00e4ramisel l\u00e4htuti materjalikulust (sh akude vajadusest) \u2012 seega vaadeldi eelk\u00f5ige kulukeskset hinnakujundust.<\/p>\n\n\n\n<p>Seega Nutika N\u00f5ela pesemistarvete koti hinna arvutamine alushinnameetodil on j\u00e4rgmine:<\/p>\n\n\n\n<p>Hind = (20 x 5,00 + 20,00) \/ (20 x (1 \u2013 0,4))<\/p>\n\n\n\n<p>Hind = 10 \u20ac,<\/p>\n\n\n\n<p>kus<\/p>\n\n\n\n<p>kogus on 20,<\/p>\n\n\n\n<p>\u00fchikukulu on 5,0 \u20ac<\/p>\n\n\n\n<p>p\u00fcsikulu 20,00 \u20ac<\/p>\n\n\n\n<p>kasumiprotsent 40%<\/p>\n\n\n\n<p>Seega on 20 samasuguse toote toomise korral hinnaks 10 eurot.<\/p>\n\n\n\n<p>Juurdehindlusmeetodil hinna arvutamiseks on vaja teha kaks erinevat arvutust, arvutades esmalt v\u00e4lja omahinna ja sellele j\u00e4rgnevalt m\u00fc\u00fcgihinna.<\/p>\n\n\n\n<p>Valem: omahind= m\u00fc\u00fcgihind\/1+juurdehindusprotsent<\/p>\n\n\n\n<p>Toote omahind = 10\/1,4<\/p>\n\n\n\n<p>Toote omahind = 7,14 \u20ac,<\/p>\n\n\n\n<p>kus<\/p>\n\n\n\n<p>m\u00fc\u00fcgihind 10 \u20ac<\/p>\n\n\n\n<p>juurdehindlusprotsent 40% ehk 0,4<\/p>\n\n\n\n<p>Teades omahinda, saab v\u00e4lja arvutada m\u00fc\u00fcgihinna:<\/p>\n\n\n\n<p>Hind = 7,14 \u20ac x (1 + 0,4)<\/p>\n\n\n\n<p>Hind = \u00a010 \u20ac<\/p>\n\n\n\n<p>v\u00f5i<\/p>\n\n\n\n<p>7,14 \u20ac + 2,86 \u20ac = 10 \u20ac,<\/p>\n\n\n\n<p>kus<\/p>\n\n\n\n<p>toote omahind 7,14 \u20ac<\/p>\n\n\n\n<p>juurdehindlusprotsent 40%<\/p>\n\n\n\n<p>juurdehindlussumma 2,86 \u20ac<\/p>\n\n\n\n<p>Eelnevast l\u00e4htuvalt arvutati v\u00e4lja k\u00f5ikide toodete hinnad, mis on toodud allj\u00e4rgnevas tabelis.<\/p>\n\n\n\n<figure class=\"wp-block-table\"><table class=\"table table-hover\"><tbody><tr><td><strong>Toote nimetus<\/strong><\/td><td><strong>Hind<\/strong><\/td><td><strong>Omahind<\/strong><\/td><\/tr><tr><td>Pesemistarvikute kott<\/td><td>10\u20ac<\/td><td>7,14 \u20ac<\/td><\/tr><tr><td>Akupangaga pinal<\/td><td>29\u20ac<\/td><td>20,71 \u20ac<\/td><\/tr><tr><td>Seljakott<\/td><td>69\u20ac<\/td><td>49,29 \u20ac<\/td><\/tr><tr><td>\u00d5lakott<\/td><td>39\u20ac<\/td><td>27,86 \u20ac<\/td><\/tr><tr><td>Eritellimustooted (erinevad, toodud keskmine hind)<\/td><td>80\u20ac<\/td><td>57,14 \u20ac<\/td><\/tr><tr><td>Ettev\u00f5tetele suunatud reklaamtooted (erinevad, toodud keskmine hind)<\/td><td>23\u20ac<\/td><td>16,43 \u20ac<\/td><\/tr><\/tbody><\/table><\/figure>\n\n\n\n<p>Omaosalusena panustab iga meeskonnaliige 1500 euroga, makstes sisse osakapitali suuruses 4500 eurot.<\/p>\n\n\n\n<p>Kuna ettev\u00f5tte loomise hetkel on Ott t\u00f6\u00f6tu, siis koostab ta Eesti T\u00f6\u00f6tukassale ettev\u00f5tlusega alustamise toetuse taotluse. Taotlusega k\u00fcsib ta toetust seadmete (\u00f5mblus- ja tikkimismasin, overlok ja sisustus) ja esmaste materjalide soetamiseks ning turundustegevustega alustamiseks summas 6 000 eurot. Eelduslikult laekub toetus 3. tegevuskuul, mais.<\/p>\n\n\n\n<figure class=\"wp-block-image size-large is-resized\"><img loading=\"lazy\" decoding=\"async\" width=\"1024\" height=\"733\" src=\"https:\/\/sisu.ut.ee\/wp-content\/uploads\/sites\/703\/image-1024x733.png\" alt=\"\" class=\"wp-image-910\" style=\"width:1249px;height:auto\" srcset=\"https:\/\/sisu.ut.ee\/wp-content\/uploads\/sites\/703\/image-1024x733.png 1024w, https:\/\/sisu.ut.ee\/wp-content\/uploads\/sites\/703\/image-300x215.png 300w, https:\/\/sisu.ut.ee\/wp-content\/uploads\/sites\/703\/image-768x550.png 768w, https:\/\/sisu.ut.ee\/wp-content\/uploads\/sites\/703\/image.png 1348w\" sizes=\"auto, (max-width: 1024px) 100vw, 1024px\"><\/figure>\n\n\n\n<p>Kuludena k\u00e4sitletakse eelarves investeeringuid, muutuv- ja p\u00fcsikulusid.<\/p>\n\n\n\n<p>Investeeringukulude alla arvestatakse \u00f5mblus- ja tikkimismasina ning overloki maksumus koos \u00f5mbluslaua, tooli ja valgustiga ning riiulis\u00fcsteemidega. Antud kulusid t\u00f5lgendatakse investeeringuna, kuna need on vajalikud ettev\u00f5tlusega alustamiseks ja toodete valmistamiseks ning turustamiseks. Tulenevalt seadmete tellimisajast ning piiratud eelarvest ei laeku k\u00f5ik seadmed ja arved \u00fcheaegselt. \u00d5mblusmasin ja overlok koos t\u00f6\u00f6laua, -tooli ja kohtvalgustiga saabuvad kohale m\u00e4rtsis, triikraud koos -laua, juurdel\u00f5ikuslaua ja kahe esimese riiuliga aprillis ning printer ja kolmas riiul alles mais.<\/p>\n\n\n\n<p>Muutuvkuludena k\u00e4sitletakse \u00f5mblustarvikute ja kangaste ning akude soetusmaksumust, turunduskulusid, raamatupidamist, transpordikulusid (pakkide saatmine pakiautomaatidesse ja kullerteenus, transport kliendi juurde), kontoritarbeid, \u00f5igusabi- ja koolituskulusid, interneti- ja telefonikulusid ja seadmete hoolduskulusid. Antud kulud t\u00f5lgendatakse muutuvkuludena, kuna nende tellimise vajadus ja maht s\u00f5ltub toodetavate toodete kogusest, lisateenuste vajadusest v\u00f5i t\u00f6\u00f6tajate koolitusvajadusest.<\/p>\n\n\n\n<p>P\u00fcsikuludena k\u00e4sitletakse rendikulu, kulusid kommunaalteenustele (k\u00fcte, ventilatsioon, elekter, vesi- ja kanalisatsioon ning j\u00e4\u00e4tmek\u00e4itlus), palgakulusid, turundusspetsialisti teenust, panga- ja maksekeskuse kulusid ja muid kulusid, mis j\u00e4\u00e4vad tootmismahust s\u00f5ltumatuks.<\/p>\n\n\n\n<p>Palgakuluna on planeeritud luua osakoormusega t\u00f6\u00f6koht esialgu vaid Otile, kes tegeleb igap\u00e4evaselt toodete valmistamise ja eritellimuste vastuv\u00f5tmisega. Maist kuni septembri l\u00f5puni t\u00f6\u00f6tab Ott 0,4 koormusega, brutopalgaga 800 eurot kuus, alates oktoobrist kuni veebruarini on tema koormuseks arvestatud 0,5, brutopalgaga 1000 eurot. Eelarves on t\u00f6\u00f6j\u00f5ukulu kajastatud t\u00f6\u00f6andja kuluna, sh k\u00f5ikide riiklike maksudega. Esimesel tegevusaastal makstakse palka vaid Otile, Adele ja Paula esimesel tegevusaastal palka ettev\u00f5ttest ei saa.<\/p>\n\n\n\n<p>Meeskond ostab teenusena sisse turundusspetsialisti alates maist kuni veebruarini. Turundajaga lepitakse kokku t\u00f6\u00f6 sisu, milleks on vajalike turundusteenusete korraldamine, alates sotsiaalmeediakontode haldamisest ja sisu loomisest kuni messideks ja laatadeks ettevalmistuseni. Kokkuleppeliselt on esitatava arve suuruseks 400 eurot\/kuus, millele ei lisandu k\u00e4ibemaksu.<\/p>\n\n\n\n<p>Muude kuludena on arvestatud 100 eurot, mis on ette n\u00e4htud ettearvamatuteks kuludeks.<\/p>\n\n\n\n<p>Eelarve kohaselt j\u00e4\u00e4b ettev\u00f5tte tulem juba esimese tegevusaasta l\u00f5puks positiivseks, mis planeeritakse omakorda suunata toodete arendusse ja ettev\u00f5tte kasvatamisse. Investeeringute tagasiteenimine toimub aga loodetavasti j\u00e4rgnevate aastate jooksul.<\/p>\n","protected":false},"excerpt":{"rendered":"<p>Nutika N\u00f5ela meeskond koostas eelarve, et prognoosida m\u00fc\u00fcki ja raha v\u00e4ljaminekut. M\u00fc\u00fcgi prognoosimisel v\u00f5eti aluseks esmalt toodetavad tooted koos prognooshinnaga. Hinna m\u00e4\u00e4ramisel l\u00e4htuti materjalikulust (sh akude vajadusest) \u2012 seega vaadeldi eelk\u00f5ige kulukeskset hinnakujundust. Seega Nutika N\u00f5ela pesemistarvete koti hinna arvutamine &#8230;<\/p>\n","protected":false},"author":3,"featured_media":0,"parent":377,"menu_order":0,"comment_status":"closed","ping_status":"closed","template":"","meta":{"_acf_changed":false,"inline_featured_image":false,"footnotes":""},"class_list":["post-390","page","type-page","status-publish","hentry"],"acf":[],"_links":{"self":[{"href":"https:\/\/sisu.ut.ee\/ettevotlusopik\/wp-json\/wp\/v2\/pages\/390","targetHints":{"allow":["GET"]}}],"collection":[{"href":"https:\/\/sisu.ut.ee\/ettevotlusopik\/wp-json\/wp\/v2\/pages"}],"about":[{"href":"https:\/\/sisu.ut.ee\/ettevotlusopik\/wp-json\/wp\/v2\/types\/page"}],"author":[{"embeddable":true,"href":"https:\/\/sisu.ut.ee\/ettevotlusopik\/wp-json\/wp\/v2\/users\/3"}],"replies":[{"embeddable":true,"href":"https:\/\/sisu.ut.ee\/ettevotlusopik\/wp-json\/wp\/v2\/comments?post=390"}],"version-history":[{"count":5,"href":"https:\/\/sisu.ut.ee\/ettevotlusopik\/wp-json\/wp\/v2\/pages\/390\/revisions"}],"predecessor-version":[{"id":981,"href":"https:\/\/sisu.ut.ee\/ettevotlusopik\/wp-json\/wp\/v2\/pages\/390\/revisions\/981"}],"up":[{"embeddable":true,"href":"https:\/\/sisu.ut.ee\/ettevotlusopik\/wp-json\/wp\/v2\/pages\/377"}],"wp:attachment":[{"href":"https:\/\/sisu.ut.ee\/ettevotlusopik\/wp-json\/wp\/v2\/media?parent=390"}],"curies":[{"name":"wp","href":"https:\/\/api.w.org\/{rel}","templated":true}]}}