{"id":388,"date":"2024-04-24T20:39:05","date_gmt":"2024-04-24T17:39:05","guid":{"rendered":"https:\/\/sisu.ut.ee\/ettevotlusopik\/?page_id=388"},"modified":"2025-10-03T15:49:47","modified_gmt":"2025-10-03T12:49:47","slug":"10-5-eelarve-koostamine-ja-tasakaal","status":"publish","type":"page","link":"https:\/\/sisu.ut.ee\/ettevotlusopik\/10-eelarve-ja-eelarvestamine-kulud-tulud-hinnakujundus\/10-5-eelarve-koostamine-ja-tasakaal\/","title":{"rendered":"Eelarve koostamine ja tasakaal"},"content":{"rendered":"<p><\/p>\n\n\n\n<p>Eelarve koostamisel on v\u00f5imalik valida kassap\u00f5hise ja tekkep\u00f5hise eelarve vahel.<\/p>\n\n\n\n<p><strong>Kassap\u00f5hise <\/strong>eelarve puhul on oluline vaid raha liikumine, olenemata, millal toimub toote omandi\u00f5iguse muutus v\u00f5i teenuse osutamine. Kassap\u00f5hine eelarve on Eestis lubatud ainult f\u00fc\u00fcsilisest isikust ettev\u00f5tjatel (FIE).<\/p>\n\n\n\n<p><strong>Tekkep\u00f5hise <\/strong>eelarve puhul kajastatakse tulud ja kulud nende tekkimise ajal, s\u00f5ltumata raha liikumisest. Tulu\/kulu loetakse tekkinuks, kui toote omandi\u00f5igus on \u00fcle l\u00e4inud v\u00f5i teenus osutatud. Tekkep\u00f5hine raamatupidamine on Eestis kohustuslik k\u00f5ikidele ettev\u00f5tjatele (v.a FIE).<\/p>\n\n\n\n<p>Rahavoog on raha laekumine ja v\u00e4ljamaksed (Sikk, 2016). Rahavoogude prognoos kirjeldab ettev\u00f5tte rahaliste vahendite muutust teataval ajavahemikul. Ettev\u00f5tlusega alustamisel on oluline rahavoogusid planeerida ja juhtida, kuna vabu vahendeid on piiratud hulgal. Esimese tegevusaasta l\u00f5ppemine kahjumiga on ootusp\u00e4rane. Samal ajal peab ettev\u00f5ttel olema piisavalt rahavooge, et katta raskematel perioodidel kulusid varasemate perioodide vahenditest. Ettev\u00f5ttel peab olema likviidsus, st vahendid t\u00f6\u00f6tasude, arvete ja materjalide soetamiseks.<\/p>\n\n\n\n<p>Alustava ettev\u00f5tte eelarves on toodud k\u00e4ivitamisperioodil ja tegevusperioodi alguses toimunud laekumised omanike investeeringutest, laenust, toetustest jm. Samuti tuleb \u00e4ra tuua k\u00e4ivitusperioodil toimunud kulud. Esimesel tegevusaastal on rahavoogude prognoos koostatud reeglina kuude kaupa, j\u00e4rgnevatel tegevusaastatel v\u00f5ib rahavoogude prognoos olla planeeritud pikemale perioodile (kvartali v\u00f5i aasta kohta).<\/p>\n\n\n\n<p>Kasum (kahjum) on raamatupidamiskohustuslase aruandeperioodi tulude ja kulude vahe (RPS \u00a73, SME IFRS 2.23). <strong><\/strong><\/p>\n\n\n\n<p><strong>Eelarve tasakaal<\/strong> on eelarve tulude ja kulude v\u00f5rdsus. Kulude \u00fclekaal tulude suhtes toob kaasa kahjumi, tulude \u00fclekaal kulude suhtes aga kasumi. Eelarve koostamisel on oluline j\u00e4lgida seda, kas tulud katavad tekkinud kulud ning anda hinnang, kas planeeritud kulud on optimaalsed, st kas on m\u00f5istlik kulusid optimeerida v\u00f5i tegevuse j\u00e4tkamiseks \u00fcldse tegevusmahtusid suurendada. Seega on keskseks rahalise otsuste tegemiseks see, kuidas majandustulemus muutub erinevate tegevusmahtude tingimustes.<\/p>\n","protected":false},"excerpt":{"rendered":"<p>Eelarve koostamisel on v\u00f5imalik valida kassap\u00f5hise ja tekkep\u00f5hise eelarve vahel. Kassap\u00f5hise eelarve puhul on oluline vaid raha liikumine, olenemata, millal toimub toote omandi\u00f5iguse muutus v\u00f5i teenuse osutamine. Kassap\u00f5hine eelarve on Eestis lubatud ainult f\u00fc\u00fcsilisest isikust ettev\u00f5tjatel (FIE). Tekkep\u00f5hise eelarve puhul &#8230;<\/p>\n","protected":false},"author":3,"featured_media":0,"parent":377,"menu_order":0,"comment_status":"closed","ping_status":"closed","template":"","meta":{"_acf_changed":false,"inline_featured_image":false,"footnotes":""},"class_list":["post-388","page","type-page","status-publish","hentry"],"acf":[],"_links":{"self":[{"href":"https:\/\/sisu.ut.ee\/ettevotlusopik\/wp-json\/wp\/v2\/pages\/388","targetHints":{"allow":["GET"]}}],"collection":[{"href":"https:\/\/sisu.ut.ee\/ettevotlusopik\/wp-json\/wp\/v2\/pages"}],"about":[{"href":"https:\/\/sisu.ut.ee\/ettevotlusopik\/wp-json\/wp\/v2\/types\/page"}],"author":[{"embeddable":true,"href":"https:\/\/sisu.ut.ee\/ettevotlusopik\/wp-json\/wp\/v2\/users\/3"}],"replies":[{"embeddable":true,"href":"https:\/\/sisu.ut.ee\/ettevotlusopik\/wp-json\/wp\/v2\/comments?post=388"}],"version-history":[{"count":5,"href":"https:\/\/sisu.ut.ee\/ettevotlusopik\/wp-json\/wp\/v2\/pages\/388\/revisions"}],"predecessor-version":[{"id":979,"href":"https:\/\/sisu.ut.ee\/ettevotlusopik\/wp-json\/wp\/v2\/pages\/388\/revisions\/979"}],"up":[{"embeddable":true,"href":"https:\/\/sisu.ut.ee\/ettevotlusopik\/wp-json\/wp\/v2\/pages\/377"}],"wp:attachment":[{"href":"https:\/\/sisu.ut.ee\/ettevotlusopik\/wp-json\/wp\/v2\/media?parent=388"}],"curies":[{"name":"wp","href":"https:\/\/api.w.org\/{rel}","templated":true}]}}