{"id":34,"date":"2024-04-19T12:57:36","date_gmt":"2024-04-19T09:57:36","guid":{"rendered":"https:\/\/sisu.ut.ee\/ettevotlusopik\/?page_id=34"},"modified":"2026-01-27T18:19:08","modified_gmt":"2026-01-27T16:19:08","slug":"1-ariidee","status":"publish","type":"page","link":"https:\/\/sisu.ut.ee\/ettevotlusopik\/1-ariidee\/","title":{"rendered":"\u00c4RIIDEE"},"content":{"rendered":"<p>Ettev\u00f5tlusprotsessi esimeseks sammuks on \u00e4riideede ja\/v\u00f5i turuvajaduste kaardistamine. \u00c4riideed v\u00f5ivad tekkida juhuslikult v\u00f5i m\u00f5nele probleemile lahendust otsides, tuvastades puuduj\u00e4\u00e4gi olemasolevates toodetes v\u00f5i teenustes v\u00f5i kattes turuvajadust nende toodete v\u00f5i teenustega, mida varem ei ole antud turul olnud v\u00f5i mille katmiseks kasutatakse asendustooteid v\u00f5i \u2013teenuseid.<\/p>\n\n\n\n<p>Ettev\u00f5tlusv\u00f5imalust m\u00e4\u00e4ratletakse olukorrana, kus tooteid saab m\u00fc\u00fca nende tootmiskuludest k\u00f5rgema hinnaga. Ettev\u00f5tlusv\u00f5imalus on seega olukord, kus ettev\u00f5tjad saavad kasumi saamiseks tegutseda. \u00a0Kasumi teenimise v\u00f5imalused on ilmselgelt olemas: on palju ettev\u00f5tteid, mis teenivad raha.\u00a0Samas ei ole kasumi teenimine ettev\u00f5tte ainus eesm\u00e4rk \u2013 ettev\u00f5tlus peab pakkuma ka muid h\u00fcvesid, n\u00e4iteks eneseteostust, suuremat vabadust, panust piirkonna arengusse, t\u00f6\u00f6kohtade loomist jne).<\/p>\n\n\n\n<p class=\"has-primary-color has-text-color has-link-color wp-elements-22f48a14ccaf1beef86b13f30036ec18\"><strong>\u00c4riidee<\/strong> on plaan, ettepanek v\u00f5i v\u00f5imalik tegevus. \u00c4riidee on idee, mida saab kasutada tulu teenimiseks.<\/p>\n\n\n\n<p>\u00c4riidee kindlaksm\u00e4\u00e4ramiseks soovitame vastata j\u00e4rgnevatele k\u00fcsimustele<\/p>\n\n\n\n<p>\u2022 Mida soovid tegema hakata?<\/p>\n\n\n\n<p>\u2022 Missugust toodet v\u00f5i teenust pakud?<\/p>\n\n\n\n<p>\u2022 Kas tegemist on originaalse ideega?<\/p>\n\n\n\n<p>\u2022 Kas oled selles valdkonnas tugev?<\/p>\n\n\n\n<p>\u2022 Kas turule ehk tarbijatele on sinu poolt pakutavat vaja?<\/p>\n\n\n\n<p>M\u00f5tle h\u00e4sti p\u00f5hjalikult, kas oled ise see inimene v\u00f5i on sul selleks keegi, kes suudab selle \u00e4riv\u00f5imaluse ellu viia. L\u00fchidalt \u00f6eldes pead m\u00f5tlema kolmele k\u00fcsimusele: mis? kes? ja kus?.<\/p>\n\n\n\n<p><\/p>\n","protected":false},"excerpt":{"rendered":"<p>Ettev\u00f5tlusprotsessi esimeseks sammuks on \u00e4riideede ja\/v\u00f5i turuvajaduste kaardistamine. \u00c4riideed v\u00f5ivad tekkida juhuslikult v\u00f5i m\u00f5nele probleemile lahendust otsides, tuvastades puuduj\u00e4\u00e4gi olemasolevates toodetes v\u00f5i teenustes v\u00f5i kattes turuvajadust nende toodete v\u00f5i teenustega, mida varem ei ole antud turul olnud v\u00f5i mille katmiseks &#8230;<\/p>\n","protected":false},"author":3,"featured_media":0,"parent":0,"menu_order":0,"comment_status":"closed","ping_status":"closed","template":"","meta":{"_acf_changed":false,"inline_featured_image":false,"footnotes":""},"class_list":["post-34","page","type-page","status-publish","hentry"],"acf":[],"_links":{"self":[{"href":"https:\/\/sisu.ut.ee\/ettevotlusopik\/wp-json\/wp\/v2\/pages\/34","targetHints":{"allow":["GET"]}}],"collection":[{"href":"https:\/\/sisu.ut.ee\/ettevotlusopik\/wp-json\/wp\/v2\/pages"}],"about":[{"href":"https:\/\/sisu.ut.ee\/ettevotlusopik\/wp-json\/wp\/v2\/types\/page"}],"author":[{"embeddable":true,"href":"https:\/\/sisu.ut.ee\/ettevotlusopik\/wp-json\/wp\/v2\/users\/3"}],"replies":[{"embeddable":true,"href":"https:\/\/sisu.ut.ee\/ettevotlusopik\/wp-json\/wp\/v2\/comments?post=34"}],"version-history":[{"count":9,"href":"https:\/\/sisu.ut.ee\/ettevotlusopik\/wp-json\/wp\/v2\/pages\/34\/revisions"}],"predecessor-version":[{"id":1057,"href":"https:\/\/sisu.ut.ee\/ettevotlusopik\/wp-json\/wp\/v2\/pages\/34\/revisions\/1057"}],"wp:attachment":[{"href":"https:\/\/sisu.ut.ee\/ettevotlusopik\/wp-json\/wp\/v2\/media?parent=34"}],"curies":[{"name":"wp","href":"https:\/\/api.w.org\/{rel}","templated":true}]}}