{"id":335,"date":"2024-04-24T20:31:25","date_gmt":"2024-04-24T17:31:25","guid":{"rendered":"https:\/\/sisu.ut.ee\/ettevotlusopik\/?page_id=335"},"modified":"2026-02-02T14:46:06","modified_gmt":"2026-02-02T12:46:06","slug":"e-7-allikaid-lisalugemiseks","status":"publish","type":"page","link":"https:\/\/sisu.ut.ee\/ettevotlusopik\/7-meeskond-ja-juhtimine\/e-7-allikaid-lisalugemiseks\/","title":{"rendered":"Allikad"},"content":{"rendered":"<p><\/p>\n\n\n\n<p>Madhani, P. M. (2010). Resource based view (RBV) of competitive advantage: an overview. Resource based view: Concepts and Practices, Icfai Univesity Press, Hyderbad, lk 3-22<\/p>\n\n\n\n<p>\u00dcksv\u00e4rav, R. (1992). Organisatsioon ja juhtimine. Tallinn<\/p>\n\n\n\n<p><strong>Meeskond<\/strong><\/p>\n\n\n\n<p>Alas, R. (2001). Juhtimise alused. Tallinn: K\u00fclim, 207 lk<\/p>\n\n\n\n<p>Siimon, A., Vadi, M. (1999). Organisatsioon ja organisatsioonikultuur. Tartu \u00dclikooli Kirjastus, 269 lk<\/p>\n\n\n\n<p>Tuckman, B. W. (1965). Developmental sequence in small groups. Psychological bulletin, 63(6), 384.<\/p>\n\n\n\n<p>Tuckman, B. W. (2001). Developmental sequence in small groups. Group Facilitation, (3), 66.<\/p>\n\n\n\n<p>Tuckman, B. W. and M. C. Jensen (1977). \u2018Stages of SmallGroup Development Revisited\u2019, Group and Organisational Studies, 2, pp. 419\u2013427.<\/p>\n\n\n\n<p>Rickards, T., &amp; Moger, S. (2000). Creative leadership processes in project team development: an alternative to Tuckman\u2019s stage model. British Journal of Management, 11(4), 273-283.<\/p>\n\n\n\n<p><strong>Partnerid, ressursid ja tegevused<\/strong><\/p>\n\n\n\n<p>Chesbrough, H. W. (2003). Open innovation: The new imperative for creating and profiting from technology. Harvard Business Press.<\/p>\n\n\n\n<p>Dyer, J. H., &amp; Singh, H. (1998). The relational view: Cooperative strategy and sources of interorganizational competitive advantage. Academy of Management Review, 23(4), 660-679. <a href=\"https:\/\/doi.org\/10.2307\/259056\">https:\/\/doi.org\/10.2307\/259056<\/a><\/p>\n\n\n\n<p>Grant, R. M. (1996). Toward a knowledge-based theory of the firm. <em>Strategic Management Journal, 17(S2)<\/em>, 109-122. <a href=\"https:\/\/doi.org\/10.1002\/smj.4250171110\">https:\/\/doi.org\/10.1002\/smj.4250171110<\/a><\/p>\n\n\n\n<p>Gulati, R. (1998). Alliances and networks. Strategic Management Journal, 19(4), 293-317. <a href=\"https:\/\/doi.org\/10.1002\/(SICI)1097-0266(199804)19:4%3C293::AID-SMJ982%3E3.0.CO;2-M\">https:\/\/doi.org\/10.1002\/(SICI)1097-0266(199804)19:4&lt;293::AID-SMJ982&gt;3.0.CO;2-M<\/a><\/p>\n\n\n\n<p>Gulati, R., Nohria, N., &amp; Zaheer, A. (2000). Strategic networks. <em>Strategic Management Journal, 21(3)<\/em>, 203-215 \u00a0<\/p>\n\n\n\n<figure class=\"wp-block-embed\"><div class=\"wp-block-embed__wrapper\">\nhttps:\/\/doi.org\/10.1002\/(SICI)1097-0266(200003)21:3&lt;203::AID-SMJ102&gt;3.0.CO;2-K\n<\/div><\/figure>\n\n\n\n<p>Kotler, P., &amp; Keller, K. L. (2016). <em>Marketing Management<\/em> (15th ed.). Edinburgh: Pearson Education, 679 lk.<\/p>\n\n\n\n<p>Lechner, C., Gudergan, S. P. (2006). The influence of governance on the sucess of strategic alliances. <em>International Business Review, 15(4),<\/em> 338-353.<\/p>\n\n\n\n<p>Mangram, M. E. (2012). The Emperor\u00b4s New Clothes: A Framework for Market-Based Management at Tesla Motors. <em>Journal of Strategic Management Education, 8(3)<\/em>, 179<\/p>\n\n\n\n<p>Mayer, R.C., Davis, J. H., Schoorman, F.D. (1995). An integrative model of organizational trust. <em>Academy of Management Review<\/em>, <em>20(3),<\/em> 709-734.<\/p>\n\n\n\n<p>Osterwalder, A., &amp; Pigneur, Y. (2010). Business Model Generation: A Handbook for Visionaries, Game Changers, and Challengers. Wiley.<br><br><\/p>\n\n\n\n<p>Ostervalder, A., Pigneur, Y. (2014). \u00c4rimudeli generatsioon, Tallinn, 288 lk.<\/p>\n\n\n\n<p>Paul, I. (n.s). Partnerlussuhted. Organisatsiooni k\u00e4siraamat <a href=\"https:\/\/www.eas.ee\/images\/doc\/sihtasutusest\/trukised\/organisatsiooni_kasiraamat\/10.pdf\">https:\/\/www.eas.ee\/images\/doc\/sihtasutusest\/trukised\/organisatsiooni_kasiraamat\/10.pdf<\/a><\/p>\n\n\n\n<p>Porter, M. E., &amp; Kramer, M. R. (2011). Creating shared value. <em>Harvard Business Review<\/em>, 89(1\/2), 62-77<\/p>\n\n\n\n<p>Powell, W. W., Koput, K. W., &amp; Smith-Doerr, L. (1996). Interorganizational collaboration and the locus of innovation: Networks of learning in biotechnology. Administrative Science Quarterly, 41(1), 116-145.<\/p>\n\n\n\n<p>Prahalad, C. K., &amp; Doz, Y. L. (1987). The multinational mission: Balancing local demands and global vision. Free Press.<\/p>\n\n\n\n<p>Schein, E. H. (2010). Organizational Culture and Leadership. San Francisco: Jossey-Bass.<\/p>\n\n\n\n<p>Vadi, M., Raun, M., \u00d5unapuu, T., Jaakson, K. (2021). Eesti juhtimisvaldkonna uuring 2021. <a href=\"https:\/\/eas.ee\/wp-content\/uploads\/2022\/04\/eesti-juhtimisvaldkonna-uuring-2021.pdf\">eesti-juhtimisvaldkonna-uuring-2021.pdf (eas.ee)<\/a><\/p>\n\n\n\n<p>Varian, H. R. (2007). Position auctions. <em>International Journal of Industrial Organization<\/em>, 25(6), 1163\u20131178 <a href=\"https:\/\/doi.org\/10.1016\/j.ijindorg.2006.10.002\" target=\"_blank\" rel=\"noreferrer noopener\">https:\/\/doi.org\/10.1016\/j.ijindorg.2006.10.002<\/a><\/p>\n\n\n\n<p>Wade, M., &amp; Hulland, J. (2004). The resource-based view and information systems research: Review, extension, and suggestions for future research. <em>MIS Quarterly<\/em>, <em>28(1),<\/em> 107-142. https:\/\/doi.org\/10.2307\/25148626<\/p>\n\n\n\n<p>Zaheer, A., McEvily, B., Perrone, V. (2009). Trust in firms: The role of trust in interorganizational relations. <em>Organization Science, 20(5), <\/em>1037-1054<\/p>\n\n\n\n<p>T\u00c4IENDAVAD ALLIKAD<\/p>\n\n\n\n<p><strong>Meeskond<\/strong><\/p>\n\n\n\n<p>Juhtimisblogi. Veiko Valkainen ja Indrek P\u00f5ldvee: Juhid alahindavad isikliku persoonibr\u00e4ndi m\u00f5ju ja olulisust <a href=\"http:\/\/valkiainen.ee\/blogi\/veiko-valkiainen-ja-indrek-poldvee-juhid-alahindavad-isikliku-persoonibrandi-moju-ja-olulisust\">http:\/\/valkiainen.ee\/blogi\/veiko-valkiainen-ja-indrek-poldvee-juhid-alahindavad-isikliku-persoonibrandi-moju-ja-olulisust<\/a><\/p>\n\n\n\n<p>Tuckman ja Belbin aitavad meeskonda igal sammul <a href=\"https:\/\/belbin.ee\/artiklid\/ekspertlugu-tuckman-belbin-toetades-meeskonda-igal-sammul\/\">https:\/\/belbin.ee\/artiklid\/ekspertlugu-tuckman-belbin-toetades-meeskonda-igal-sammul\/<\/a><\/p>\n\n\n\n<p><strong>Partnerid, ressursid ja tegevused<\/strong><\/p>\n\n\n\n<p>Madhani, P. M. (2010). Resource based view (RBV) of competitive advantage: an overview. RESOURCE BASED VIEW: CONCEPTS AND PRACTICES, Pankaj Madhani, ed., pp. 3 -22, Icfai University Press, Hyderabad, India, 2009, <a href=\"https:\/\/ssrn.com\/abstract=1578704\" target=\"_blank\" rel=\"noreferrer noopener\">https:\/\/ssrn.com\/abstract=1578704<\/a><\/p>\n\n\n\n<p>Nelsson, N. 2020. Starting a partnership https:\/\/www.wolterskluwer.com\/en\/expert-insights\/starting-a-partnership<\/p>\n\n\n\n<p>2023. 7 tips for making a business partnership work <a href=\"https:\/\/www.score.org\/resource\/article\/7-tips-making-a-business-partnership-work\">https:\/\/www.score.org\/resource\/article\/7-tips-making-a-business-partnership-work<\/a><\/p>\n\n\n\n<p>Lip, G. Partnership <a href=\"https:\/\/corporatefinanceinstitute.com\/resources\/management\/partnership\/\">https:\/\/corporatefinanceinstitute.com\/resources\/management\/partnership\/<\/a><\/p>\n\n\n\n<p><\/p>\n","protected":false},"excerpt":{"rendered":"<p>Madhani, P. M. (2010). Resource based view (RBV) of competitive advantage: an overview. Resource based view: Concepts and Practices, Icfai Univesity Press, Hyderbad, lk 3-22 \u00dcksv\u00e4rav, R. (1992). Organisatsioon ja juhtimine. Tallinn Meeskond Alas, R. (2001). Juhtimise alused. Tallinn: K\u00fclim, &#8230;<\/p>\n","protected":false},"author":3,"featured_media":0,"parent":316,"menu_order":0,"comment_status":"closed","ping_status":"closed","template":"","meta":{"_acf_changed":false,"inline_featured_image":false,"footnotes":""},"class_list":["post-335","page","type-page","status-publish","hentry"],"acf":[],"_links":{"self":[{"href":"https:\/\/sisu.ut.ee\/ettevotlusopik\/wp-json\/wp\/v2\/pages\/335","targetHints":{"allow":["GET"]}}],"collection":[{"href":"https:\/\/sisu.ut.ee\/ettevotlusopik\/wp-json\/wp\/v2\/pages"}],"about":[{"href":"https:\/\/sisu.ut.ee\/ettevotlusopik\/wp-json\/wp\/v2\/types\/page"}],"author":[{"embeddable":true,"href":"https:\/\/sisu.ut.ee\/ettevotlusopik\/wp-json\/wp\/v2\/users\/3"}],"replies":[{"embeddable":true,"href":"https:\/\/sisu.ut.ee\/ettevotlusopik\/wp-json\/wp\/v2\/comments?post=335"}],"version-history":[{"count":7,"href":"https:\/\/sisu.ut.ee\/ettevotlusopik\/wp-json\/wp\/v2\/pages\/335\/revisions"}],"predecessor-version":[{"id":1195,"href":"https:\/\/sisu.ut.ee\/ettevotlusopik\/wp-json\/wp\/v2\/pages\/335\/revisions\/1195"}],"up":[{"embeddable":true,"href":"https:\/\/sisu.ut.ee\/ettevotlusopik\/wp-json\/wp\/v2\/pages\/316"}],"wp:attachment":[{"href":"https:\/\/sisu.ut.ee\/ettevotlusopik\/wp-json\/wp\/v2\/media?parent=335"}],"curies":[{"name":"wp","href":"https:\/\/api.w.org\/{rel}","templated":true}]}}