{"id":325,"date":"2024-04-24T20:29:57","date_gmt":"2024-04-24T17:29:57","guid":{"rendered":"https:\/\/sisu.ut.ee\/ettevotlusopik\/?page_id=325"},"modified":"2025-10-03T15:47:04","modified_gmt":"2025-10-03T12:47:04","slug":"7-1-3-efektiivse-meeskonna-loomine","status":"publish","type":"page","link":"https:\/\/sisu.ut.ee\/ettevotlusopik\/7-meeskond-ja-juhtimine\/7-1-meeskonnatoo\/7-1-3-efektiivse-meeskonna-loomine\/","title":{"rendered":"Tegevused"},"content":{"rendered":"<p><a id=\"_msocom_1\"><\/a><\/p>\n\n\n\n<p>\u00c4riidee elluviimiseks on vajalik l\u00e4bi m\u00f5elda, milliseid tegevusi on selleks vaja teha. Kuid selleks, et eristada v\u00e4hemolulised ja olulised tegevused, on oluline p\u00fcstitatud eesm\u00e4rkide saavutamiseks m\u00e4\u00e4ratleda p\u00f5hitegevused.<\/p>\n\n\n\n<p>P\u00f5hitegevused on ettev\u00f5tte jaoks olulised strateegilised \u00fclesanded ja protsessid, mis on h\u00e4davajalikud \u00e4rimudeli edukaks toimimiseks, v\u00e4\u00e4rtuspakkumise loomiseks ja kliendi vajaduste rahuldamiseks (Osterwalder &amp; Pigneur, 2010). Need h\u00f5lmavad tegevusi, mis toetavad ettev\u00f5tte p\u00f5hikompetentse, turule sisenemist, toote v\u00f5i teenuse arendamist ning v\u00e4\u00e4rtuse edastamist klientidele.<\/p>\n\n\n\n<p>P\u00f5hitegevuste m\u00e4\u00e4ratlemiseks on vajalik hinnata tegevuste seotust v\u00e4\u00e4rtuspakkumisega, konkurentsieelise loomisega, oskuste ja ressursside olemasoluga, mahu ja kulut\u00f5hususega. Selleks tuleks vastata j\u00e4rgnevatele k\u00fcsimustele: kas antud tegevus on kriitiline ettev\u00f5tte poolt pakutava v\u00e4\u00e4rtuse loomisel ja tarnimisel? Kas tegevus aitab ettev\u00f5ttel saavutada v\u00f5i s\u00e4ilitada konkurentsieelist? Kas tegevust on v\u00f5imalik teha suures mahus ja efektiivselt? Kas tegevus vajab ettev\u00f5ttes olevaid spetsiifilisi oskusi ja ressursse? Kui antud tegevused on ettev\u00f5tte jaoks eelnevates valdkondades olulised, v\u00f5ib neid m\u00e4\u00e4ratleda ettev\u00f5tte p\u00f5hitegevustena. (Osterwalder &amp; Pigneur, 2010)<\/p>\n\n\n\n<p>P\u00f5hitegevuste m\u00e4\u00e4ratlemine on oluline j\u00e4rgnevatel p\u00f5hjustel.<\/p>\n\n\n\n<ol class=\"wp-block-list\">\n<li>Ressursside jaotamine: p\u00f5hitegevused aitavad ettev\u00f5ttel suunata ressursse strateegiliselt olulistesse valdkondadesse ja v\u00e4ltida sellega ressursside hajumist.<\/li>\n\n\n\n<li>V\u00e4\u00e4rtuspakkumise loomine: kuna p\u00f5hitegevused on tihedalt seotud \u00e4riidee v\u00e4\u00e4rtuspakkumisega, aitab p\u00f5hitegevuste kindlaksm\u00e4\u00e4ramine pakkuda unikaalset lahendust, mida kliendid hindavad.<\/li>\n\n\n\n<li>Konkurentsieelise saavutamine: need ettev\u00f5tted, kes keskenduvad neid konkurentidest eristavatele p\u00f5hitegevustele, loovad sellega p\u00fcsiva konkurentsieelise.<\/li>\n\n\n\n<li>Kohandumine ja uuendused: p\u00f5hitegevused aitavad ettev\u00f5ttel kohaneda muutuva turuolukorraga ja rakendada innovatsiooni.<\/li>\n\n\n\n<li>Riskide ja n\u00f5rkuste m\u00f5istmine: p\u00f5hitegevuste m\u00e4\u00e4ratlemisega saavad ettev\u00f5tted paremini m\u00f5ista oma \u00e4rimudeli n\u00f5rkusi ja ohte. Selle alusel saab otsustada, milliseid tegevusi on otstarbekas teha ettev\u00f5ttes ja millised tellida partneritelt.<\/li>\n<\/ol>\n\n\n\n<p>Kokkuv\u00f5tteks on ettev\u00f5tte v\u00f5i organisatsiooni toimimiseks vaja meeskonda ehk inimesi ja ressursse ning planeerida tegevused soovitud eesm\u00e4rkideni j\u00f5udmiseks.Ettev\u00f5tte meeskond on \u00fchiste eesm\u00e4rkide saavutamise nimel koos tegutsev r\u00fchm inimesi. Oluliste ja v\u00e4hemoluliste partnerite, ressursside ning tegevuste eristamiseks kaardistatakse ettev\u00f5tte v\u00f5tmepartnerid, p\u00f5hiressursid ja -tegevused. V\u00f5tmepartnerid on ettev\u00f5ttele k\u00f5ige kasulikumad kliendid ja tarnijad. P\u00f5hiressursid on ettev\u00f5tte jaoks olulised varad, mis on vajalikud v\u00e4\u00e4rtuspakkumise loomiseks, kliendisegmentide teenindamiseks, tulude genereerimiseks ja ettev\u00f5tte tegevuste elluviimiseks. P\u00f5hitegevused on ettev\u00f5tte jaoks olulised strateegilised \u00fclesanded ja protsessid, mis on h\u00e4davajalikud \u00e4rimudeli edukaks toimimiseks, v\u00e4\u00e4rtuspakkumise loomiseks ja kliendi vajaduste rahuldamiseks.<\/p>\n","protected":false},"excerpt":{"rendered":"<p>\u00c4riidee elluviimiseks on vajalik l\u00e4bi m\u00f5elda, milliseid tegevusi on selleks vaja teha. Kuid selleks, et eristada v\u00e4hemolulised ja olulised tegevused, on oluline p\u00fcstitatud eesm\u00e4rkide saavutamiseks m\u00e4\u00e4ratleda p\u00f5hitegevused. P\u00f5hitegevused on ettev\u00f5tte jaoks olulised strateegilised \u00fclesanded ja protsessid, mis on h\u00e4davajalikud \u00e4rimudeli &#8230;<\/p>\n","protected":false},"author":3,"featured_media":0,"parent":319,"menu_order":0,"comment_status":"closed","ping_status":"closed","template":"","meta":{"_acf_changed":false,"inline_featured_image":false,"footnotes":""},"class_list":["post-325","page","type-page","status-publish","hentry"],"acf":[],"_links":{"self":[{"href":"https:\/\/sisu.ut.ee\/ettevotlusopik\/wp-json\/wp\/v2\/pages\/325","targetHints":{"allow":["GET"]}}],"collection":[{"href":"https:\/\/sisu.ut.ee\/ettevotlusopik\/wp-json\/wp\/v2\/pages"}],"about":[{"href":"https:\/\/sisu.ut.ee\/ettevotlusopik\/wp-json\/wp\/v2\/types\/page"}],"author":[{"embeddable":true,"href":"https:\/\/sisu.ut.ee\/ettevotlusopik\/wp-json\/wp\/v2\/users\/3"}],"replies":[{"embeddable":true,"href":"https:\/\/sisu.ut.ee\/ettevotlusopik\/wp-json\/wp\/v2\/comments?post=325"}],"version-history":[{"count":4,"href":"https:\/\/sisu.ut.ee\/ettevotlusopik\/wp-json\/wp\/v2\/pages\/325\/revisions"}],"predecessor-version":[{"id":970,"href":"https:\/\/sisu.ut.ee\/ettevotlusopik\/wp-json\/wp\/v2\/pages\/325\/revisions\/970"}],"up":[{"embeddable":true,"href":"https:\/\/sisu.ut.ee\/ettevotlusopik\/wp-json\/wp\/v2\/pages\/319"}],"wp:attachment":[{"href":"https:\/\/sisu.ut.ee\/ettevotlusopik\/wp-json\/wp\/v2\/media?parent=325"}],"curies":[{"name":"wp","href":"https:\/\/api.w.org\/{rel}","templated":true}]}}