{"id":323,"date":"2024-04-24T20:29:37","date_gmt":"2024-04-24T17:29:37","guid":{"rendered":"https:\/\/sisu.ut.ee\/ettevotlusopik\/?page_id=323"},"modified":"2025-10-03T15:47:45","modified_gmt":"2025-10-03T12:47:45","slug":"7-1-2-meeskonna-loomisel-tehtavad-vead","status":"publish","type":"page","link":"https:\/\/sisu.ut.ee\/ettevotlusopik\/7-meeskond-ja-juhtimine\/7-1-meeskonnatoo\/7-1-2-meeskonna-loomisel-tehtavad-vead\/","title":{"rendered":"N\u00c4IDE 7. Nutika N\u00f5ela meeskond, partnerid, ressursid ja tegevused"},"content":{"rendered":"<p><\/p>\n\n\n\n<p><strong>Meeskond<\/strong><\/p>\n\n\n\n<p>Nutika N\u00f5ela meeskond on kolmeliikmeline.<\/p>\n\n\n\n<p><strong>Adele \u2013 <\/strong>disainieriala \u00fcli\u00f5pilane, p\u00e4eva\u00f5ppes ja t\u00e4iskoormusega, bakalaureuse 2. kursus.<\/p>\n\n\n\n<p>Kogemused ja kompetentsid: varasem praktiline kogemus disainiettev\u00f5ttes (\u00fclikooli poolt suunatud praktika), ettev\u00f5tlus\u00f5pe l\u00e4bitud algtasemel, meeskonnat\u00f6\u00f6 kogemus \u00fclikooli projektides ja praktikal.<\/p>\n\n\n\n<p>Adele tegeleb ettev\u00f5ttes toodete disainimisega, turundusmaterjalide ja visuaali loomisega. Lisaks on Adele \u00fclesanneteks toodete pakendamine ja tarne korraldamine, esmastele klienditeenindusega seotud kirjavahetustele vastamine ning turundusspetsialisti toetamine turundustegevustes. Adele saab esimeste toodete mudelid disainida enda bakalaureuset\u00f6\u00f6 osana.<\/p>\n\n\n\n<p><strong>Ott \u2013 <\/strong>\u00f5mblustehnoloog, hetkel t\u00f6\u00f6tu, omandanud 6. taseme \u00f5mblustehnoloogi kutse.<\/p>\n\n\n\n<p>\u00d5mblustehnoloog t\u00f6\u00f6tab tekstiili-, r\u00f5iva- ja nahktoodete tootmisega tegelevas ettev\u00f5ttes v\u00f5i muus \u00f5mblemisega tegelevas ettev\u00f5ttes. Tema p\u00f5hit\u00f6\u00f6 on tootmise efektiivne korraldamine ning vastutamine etteantud \u00fclesannete kvaliteetse ja t\u00e4htajalise t\u00e4itmise eest. \u00d5mblustehnoloogi t\u00f6\u00f6\u00fclesannete hulka kuuluvad tootmise planeerimine, tootmisprotsesside projekteerimine, tootmisprotsessi struktuuri planeerimine, tootmise efektiivsuse anal\u00fc\u00fcs, sh t\u00f6\u00f6korraldus ja t\u00f6\u00f6uurimine. Tehnoloog tegeleb ka t\u00f6\u00f6tajate oskuste hindamise ja t\u00e4iend\u00f5ppe korraldamisega. Oluline on informatsiooni vahendamine struktuuri\u00fcksuste vahel. \u00d5mblustehnoloog peab tundma tehnoloogilist protsessi, \u00f5mblustehnoloogiat, \u00f5mblusmaterjale, tootmisvahendeid, seadmeid ja masinaid. Ta peab tundma ja oskama rakendada kvaliteedijuhtimise meetodeid ja p\u00f5him\u00f5tteid, tegevusvaldkonda reguleerivaid standardeid ja \u00f5igusakte.<\/p>\n\n\n\n<p>Kogemused ja kompetentsid: Varasemad meeskonnat\u00f6\u00f6 ja \u00f5mblust\u00f6\u00f6 kogemused \u00fclikooli poolt suunatud praktikal, ettev\u00f5tlusalane ettevalmistus puudub.<\/p>\n\n\n\n<p>Ott tegeleb ettev\u00f5ttes nii disaini kui ka \u00f5mblusega ning suhtleb nii ettev\u00f5tete kui ka eritellimuse esitajatega seoses soovitud toodetega.<em><\/em><\/p>\n\n\n\n<p><strong>Paula \u2013 <\/strong>finantskonsultant<strong> <\/strong>(0,5 kohta), majandusteaduse 2. kursuse bakalaureusetaseme \u00fcli\u00f5pilane.<\/p>\n\n\n\n<p>Kogemused ja kompetentsid: praktiline t\u00f6\u00f6kogemus olemas, finants- ja majandusalane ettevalmistus algtasemel, ettev\u00f5tlusalane ettevalmistus \u00fclikoolist, praktiline ettev\u00f5tte loomise kogemus puudub. Paula vanematele kuulub pereettev\u00f5te, mida juhib ema. Paula on varasemalt pereettev\u00f5ttes aidanud v\u00e4iksemaid t\u00f6id teha ja adub, mida t\u00e4hendab ettev\u00f5tte juhtimine ja igap\u00e4evane t\u00f6\u00f6s hoidmine.<\/p>\n\n\n\n<p>Paula tegeleb ettev\u00f5ttes juhtimise ja finantshaldusega, korraldab m\u00fc\u00fcgitegevust (haldab ja kontrollib tellimusi), tellib sisse \u00f5mblusmaterjale ja kangaid ning korraldab haldusk\u00fcsimusi.<\/p>\n\n\n\n<p>\u00c4riplaani koostamise hetkel on \u00e4ritegevusele kaasaaitamise osas andnud kirjaliku v\u00f5i suulise n\u00f5usoleku j\u00e4rgnevad isikud ja ettev\u00f5tted.<\/p>\n\n\n\n<p>Keit Pihlapuuke \u2013 juhatuse liige kahes ettev\u00f5ttes, millest \u00fcks on tegelenud muuhulgas \u00f5mblusteenuste osutamisega. Keit omab kahe ettev\u00f5tte k\u00e4ivitamise ja \u00fche eduka ettev\u00f5tte ja kaubam\u00e4rgi v\u00e4ljat\u00f6\u00f6tamise kogemust ning n\u00f5ustab projekti raames ettev\u00f5tet k\u00e4ivitamise, tootmise, partnerite leidmise ja turustamise osas.<\/p>\n\n\n\n<p>Kotiriie O\u00dc \u2013 \u00fcle 10 aasta kangaste ja \u00f5mblustarvete m\u00fc\u00fcgiga tegelenud ettev\u00f5te, mis varustab enam kui 200 \u00f5mblusettev\u00f5tet materjalidega ning omab kolme kauplust eraisikute teenindamiseks. Kotiriie O\u00dc konsulteerib ettev\u00f5tet materjalide hankimise osas ning vahendab vajalikke \u00f5mblusmaterjale 30 p\u00e4evase makset\u00e4htajaga.<\/p>\n\n\n\n<p>Star \u2013 \u00fchest turundusspetsialistist koosnev mikroettev\u00f5te, mis tegeleb turundusteenuste pakkumise ja vahendamisega. Ettev\u00f5ttel on \u00fcle 5aastane kogemus turunduse valdkonnas ja on spetsialiseerunud alustavate ettev\u00f5tete toetamisse. Star pakub alates 3. tegevuskuust ettev\u00f5ttele turundusalast konsultatsiooniteenust.<\/p>\n\n\n\n<p><em>K\u00f5ik selles n\u00e4ites kirjeldatud inimesed ja ettev\u00f5tted on \u00f5piku autorite poolt v\u00e4lja m\u00f5eldud ning seoseid p\u00e4risinimeste v\u00f5i -ettev\u00f5tetega ei ole.<\/em><\/p>\n\n\n\n<p><\/p>\n\n\n<div class=\"accordion-block mb-3\">\n\t\t<div class=\"accordion \" id=\"accordion-accordion-69e0b00134a1a\">\n\t\t\t\t\t\t\t<div class=\"accordion-item accordion-item--white\">\n\t\t\t\t\t<h2 class=\"accordion-header\" id=\"accordion-69e0b00134a1a-heading-1\">\n\t\t\t\t\t\t<button class=\"accordion-button collapsed\" type=\"button\" data-bs-toggle=\"collapse\" data-bs-target=\"#accordion-69e0b00134a1a-collapse-1\" aria-expanded=\"true\" aria-controls=\"accordion-69e0b00134a1a-collapse-1\">\n\t\t\t\t\t\t\tEksperdi kommentaar\n\t\t\t\t\t\t<\/button>\n\t\t\t\t\t<\/h2>\n\t\t\t\t\t<div id=\"accordion-69e0b00134a1a-collapse-1\" class=\"accordion-collapse collapse \" aria-labelledby=\"accordion-69e0b00134a1a-heading-1\">\n\t\t\t\t\t\t<div class=\"accordion-body\">\n\t\t\t\t\t\t\t<p>\u00dcldiselt on koost\u00f6\u00f6partnerist ettev\u00f5tjalt teenuse tellimine odavam kui enda ettev\u00f5ttesse t\u00f6\u00f6taja palkamine. Samas ei pruugi koost\u00f6\u00f6partner alati olla kursis k\u00f5igi toote erip\u00e4radega ja seet\u00f5ttu v\u00f5ib olla vajalik turundamisel v\u00f5i isegi toodetest fotode tegemisel meeskonna liikme abi, kes on tootega v\u00e4ga h\u00e4sti tuttav. Seet\u00f5ttu soovitan jagada turundusspetsialistiga detailset infot ettev\u00f5tte v\u00e4\u00e4rtuste, sihtr\u00fchmade, toodete funktsionaalsuse, tootmise, meeskonnaliikmete jm kohta. V\u00f5imalusel tasub turundusspetsialistiga \u00fchiselt turundustegevusi planeerida ning veenduda, et tal on olemas turundustegevuseks vajalik info. Ettev\u00f5tte hea tundmine on abiks turundustegevuste l\u00e4biviimisel.<\/p>\n<p>V\u00e4ga hea on omada kogemustega mentorit, kellel on nii kontaktid kui ka isiklik kogemus ja teadmised nii toodete kui ka nt v\u00f5imalike koost\u00f6\u00f6partnerite kohta.<\/p>\n\n\t\t\t\t\t\t<\/div>\n\t\t\t\t\t<\/div>\n\t\t\t\t<\/div>\n\t\t\t\t\t<\/div>\n\t<\/div>\n\n\n\n<p><strong>Partnerid, ressursid ja tegevused<\/strong><\/p>\n\n\n\n<p>\u00d5mblusettev\u00f5tte k\u00e4ivitamiseks on meeskonnal k\u00f5igepealt vaja leida nii sobiva suurusega tootmis- ja laopind, \u00f5mblemiseks vajalikud masinad ja -vahendid (sh tootmisj\u00e4\u00e4gid), akud, aga ka t\u00f6\u00f6 tegemiseks vajalik m\u00f6\u00f6bel ja valgustus ning materjalide ja valmis toodangu hoidmiseks riiulid. Samuti on vaja valmis tooted pakendada ja klientideni toimetada ehk saata.<\/p>\n\n\n\n<p>Meeskond alustas k\u00f5igepealt tootmis- ja laopinna v\u00f5imaluste v\u00e4ljaselgitamisest. Tootmispinna ja laopinna rentimisel alustati otsinguid sobiva asukoha, pinna suuruse ja \u00fc\u00fcrihinna j\u00e4rgi. Turul olevatest v\u00f5imalust sobis ettev\u00f5tte vajadustega, sh vajaliku ruumi suurusega, k\u00f5ige enam Puiestee tn tootmispind, suurusega 32 m<sup>2 <\/sup>, hinnaga 10,67 \u20ac\/m<sup>2<\/sup>, mida saab kasutada ka laopinnana. Tootmis- ja laopinna rentimine l\u00e4heb meeskonnale \u00fches kuus maksma 350 \u20ac.<\/p>\n\n\n\n<p>J\u00e4rgmisena asuti otsima t\u00f6\u00f6ks vajalikke masinaid: universaalset \u00f5mblusmasinat, overloki \u00e4\u00e4restusmasinat, tikkimismasinat, triikrauda. \u00d5mblusmasinate soetamiseks valiti kvaliteetsed Juki \u00f5mblus- ja tikkimismasinad ning meeskond asus otsima nende masinate m\u00fc\u00fcjat kui ka hooldajat ja lisavarustuse pakkujat. Masinate edasim\u00fc\u00fcjatest valiti O\u00dc Veimex (<a href=\"https:\/\/www.veimex.ee\/\">\u00d5mblusmasinad overlokid tikkimismasinad kudumismasinad \u2013 m\u00fc\u00fck ja remont Veimex<\/a>), kes pakub lisaks masinate m\u00fc\u00fcgile ka \u00f5mblusmasinate hooldust (nt overloki l\u00f5iketerade teritamine), remonti, n\u00f5elu, niite, aga ka lisavarustust (nt kanga ketasl\u00f5ikur).<\/p>\n\n\n\n<p>Seej\u00e4rel otsiti t\u00f6\u00f6 tegemiseks vajaminevat m\u00f6\u00f6blit ja valgustust. Masinate m\u00fc\u00fcjalt O\u00dc Veimexilt oli v\u00f5imalus osata ka spetsiaalne Juki t\u00f6\u00f6- ja juurdel\u00f5ikuslaud, \u00f5mbleja t\u00f6\u00f6tool ning kohtvalgusti.Kolm sobivat riiulit leiti firmalt AJ Tooted (https:\/\/www.ajtooted.ee\/ladu-ja-toostus\/ladustamine\/laoriiulid\/laoriiulid\/power\/riiul-91850-91913).<\/p>\n\n\n\n<p>Toodete valmistamiseks vajatakse ka erinevaid \u00f5mblusmaterjale ja -tarvikuid. \u00d5mblustarvikute pakkujatest kottide \u00f5mblemiseks valiti v\u00e4lja Trixel O\u00dc<a href=\"https:\/\/www.trixel.ee\/koti-ja-nahat%c3%b6%c3%b6stusele\/\"> <\/a>(<a href=\"https:\/\/www.trixel.ee\/koti-ja-nahat%c3%b6%c3%b6stusele\/\">https:\/\/www.trixel.ee\/koti-ja-nahat%c3%b6%c3%b6stusele\/<\/a>). Turul on palju \u00f5mblusmaterjalide ja -tarvikute pakkujaid, kelle seast valis meeskond v\u00e4lja kaks: Trixel O\u00dc ja Kotiriie O\u00dc*kellest esimene pakub materjale ja tarvikuid nii tekstiili- kui ka nahatoodete \u00f5mblemiseks ning teine n\u00f5ustab alustavat ettev\u00f5tet. Kui esialgu oli meeskonnal plaanis koost\u00f6\u00f6d teha teistest konkurentidest odavama hinnaga materjale m\u00fc\u00fcva ettev\u00f5ttega Usin O\u00dc*, siis peale eksperdi konsulteerimist sellest m\u00f5ttest loobuti, kuna ettev\u00f5tte poolt pakutud materjalid kipuvad klientide tagasiside p\u00f5hjal kiiresti kuluma ja esinduslikku v\u00e4ljan\u00e4gemist kaotama.<\/p>\n\n\n\n<p>Akupangaga pinalite jaoks vajatakse ka akusid jt tehnikakomponente, mida pakub ettev\u00f5te Autoveod-Tehnika AS Akukeskusest, millel on poed Tallinnas ja Tartus <a href=\"https:\/\/akukeskus.eu\/akud\/\"><strong>(<\/strong><\/a><a href=\"https:\/\/akukeskus.eu\/akud\/\">https:\/\/akukeskus.eu\/akud\/<\/a>).<\/p>\n\n\n\n<p>Veel vajab meeskond toodete \u00f5mblemiseks kanga- ja nahaj\u00e4\u00e4tmeid. Ettev\u00f5tete hulgast otsis meeskond sarnaste v\u00e4\u00e4rtustega ettev\u00f5tet: kes oleks keskkonnas\u00f5bralik ning valmistaks m\u00f6\u00f6blit Eestis k\u00e4sit\u00f6\u00f6na. Leiti kaks sobivat partnerit. Esiteks eritellimusena m\u00f6\u00f6blit valmistav ettev\u00f5tte Lindeberg Furniture, mis asub Tallinnas (<a href=\"https:\/\/lindebergfurniture.ee\/Tallinn\">https:\/\/lindebergfurniture.ee\/Tallinn<\/a>). Teiseks juba 1993. a m\u00f6\u00f6blit tootev Eesti perefirma Ermatiko O\u00dc, kellel on tootmine nii Tallinnas kui L\u00f5una-Eestis (<a href=\"https:\/\/ermatiko.com\/\">https:\/\/ermatiko.com\/<\/a>). P\u00f5hipartneriks valiti<a href=\"https:\/\/ermatiko.com\/\"> <\/a>L\u00f5una-Eestis tegutsev Ermatiko O\u00dc, mis asub Tartus tegutsevale ettev\u00f5ttele l\u00e4hemal, kuid materjalide sortimendi laiendamiseks tuuakse materjale ka ettev\u00f5ttest Lindeberg Furniture.<\/p>\n\n\n\n<p>Pakkematerjali pakkujana otsustas meeskond paljude teiste hulgast partneriks valida Multipakend Tootmine O\u00dc<strong> (<\/strong><a href=\"https:\/\/multipakend.ee\/\">https:\/\/multipakend.ee\/<\/a><strong>),<\/strong> kuna selles ettev\u00f5ttes t\u00f6\u00f6tavad konstruktorid ja disainerid aitavad luua igale tootele parima lahendusega pakendi (sh lainepaist tarbijatoodete pakendid, mitmev\u00e4rviline tr\u00fckk, lamineerimine), lisaks on vajadusel v\u00f5imalik tellida kauba kohaletoomine ja ladustamine.<\/p>\n\n\n\n<p>Partneritest \u00fclevaate saamiseks koondati nad allj\u00e4rgnevasse tabelisse.<\/p>\n\n\n\n<p>Nutika N\u00f5ela partnerid v\u00f5i tarnijad, ressursid ja tegevused<\/p>\n\n\n\n<figure class=\"wp-block-table\"><table class=\"table table-hover\"><tbody><tr><td><strong>Ettev\u00f5ttele vajalik ressurss<\/strong><\/td><td><strong>Partner v\u00f5i tarnija<\/strong><\/td><td><strong>Selgitus<\/strong><\/td><\/tr><tr><td>Tootmispind \/laopind Puiestee tn<\/td><td>Kinnisvarab\u00fcroo UUS MAA O\u00dc<\/td><td>Tootmiseks ja toodete hoidmiseks vajaliku pinna \u00fc\u00fcrimine<\/td><\/tr><tr><td>\u00d5mblusmasinad (Juki), tikkimismasin<\/td><td>O\u00dc Veimex<\/td><td>\u00d5mblemiseks vajalik tehnika, varuosad ja tehnika hooldus<\/td><\/tr><tr><td>T\u00f6\u00f6laud ja -tool, riiulid, kohtvalgusti<\/td><td>O\u00dc Veimex, AJ Tooted<\/td><td>Tootmiseks vajaliku t\u00f6\u00f6koha ja valgustuse ostmine<\/td><\/tr><tr><td>Turundustegevus (alates 3. tegevuskuust)<\/td><td>Star O\u00dc*<\/td><td>Ettev\u00f5tte turundustegevuste l\u00e4biviimine sotsiaalmeedias, kodulehe ja veebipoe loomine<\/td><\/tr><tr><td>Meeskonna konsulteerimine<\/td><td>Keit Pihlapuuke*<\/td><td>Ettev\u00f5tte n\u00f5ustaja, mh k\u00e4ivitamise, tootmise, partnerite, turundamise osas<\/td><\/tr><tr><td>Kanga- ja nahaj\u00e4\u00e4tmed<\/td><td>Lindeberg Furnitur, Ermatiko O\u00dc<\/td><td>Koost\u00f6\u00f6lepingud m\u00f6\u00f6blit tootvate ettev\u00f5tetega, materjali transport ettev\u00f5ttest<\/td><\/tr><tr><td>\u00d5mblustarvikud ja -materjalid<\/td><td>Trixel O\u00dc (kottide tarvikud), Kotiriie O\u00dc*<\/td><td>Tarvikud ja materjalid tekstiilist ja nahast kottide \u00f5mblemiseks \u00a0<\/td><\/tr><tr><td>Akud jt tehnika komponendid<\/td><td>Akukeskus<\/td><td>Akude ostmine toodete valmistamiseks<\/td><\/tr><tr><td>Toodete pakendamine<\/td><td>Multipakend Tootmine O\u00dc<\/td><td>Koost\u00f6\u00f6 sobivate (sh sobiva kujundusega) pakendite loomiseks, ostmiseks, hoiustamiseks<\/td><\/tr><tr><td>Toodete saatmine klientidele<\/td><td>Transporditeenuste pakkujad: pakiautomaadid \u2013 Omniva, SmartPost, Dpd, Venipak; kullerteenuste pakkujad \u2013 Omniva, DHL<\/td><td>Koost\u00f6\u00f6 kullerteenust ja pakkide saatmist v\u00f5imaldavate ettev\u00f5tetega toodete saatmiseks klientidele<\/td><\/tr><tr><td>F\u00fc\u00fcsiline pood, kus klient saab tooteid n\u00e4ha ja ja veebipood. kus klient saab tooteid osta (edasim\u00fc\u00fcjad)<\/td><td>Tartu k\u00e4sit\u00f6\u00f6pood Varalaegas, Lemonshop O\u00dc (veebipood KingadKotid.ee)<\/td><td>Toodete f\u00fc\u00fcsiline proovimine ja edasim\u00fc\u00fcmine klientidele<\/td><\/tr><\/tbody><\/table><\/figure>\n\n\n\n<p>* <em>\u00f5piku autorite poolt v\u00e4ljam\u00f5eldud ettev\u00f5tted ja ettev\u00f5tjad<\/em><\/p>\n\n\n\n<p>Tabelis v\u00e4ljatoodud partneritega on planeeritud teha pikaajalist koost\u00f6\u00f6d ning olulisemate partneritega s\u00f5lmida ka koost\u00f6\u00f6lepingud.<\/p>\n\n\n\n<p><\/p>\n\n\n<div class=\"accordion-block mb-3\">\n\t\t<div class=\"accordion \" id=\"accordion-accordion-69e0b00134f88\">\n\t\t\t\t\t\t\t<div class=\"accordion-item accordion-item--white\">\n\t\t\t\t\t<h2 class=\"accordion-header\" id=\"accordion-69e0b00134f88-heading-1\">\n\t\t\t\t\t\t<button class=\"accordion-button collapsed\" type=\"button\" data-bs-toggle=\"collapse\" data-bs-target=\"#accordion-69e0b00134f88-collapse-1\" aria-expanded=\"true\" aria-controls=\"accordion-69e0b00134f88-collapse-1\">\n\t\t\t\t\t\t\tEksperdi kommentaar\n\t\t\t\t\t\t<\/button>\n\t\t\t\t\t<\/h2>\n\t\t\t\t\t<div id=\"accordion-69e0b00134f88-collapse-1\" class=\"accordion-collapse collapse \" aria-labelledby=\"accordion-69e0b00134f88-heading-1\">\n\t\t\t\t\t\t<div class=\"accordion-body\">\n\t\t\t\t\t\t\t<p>Ruumide rentimisel tuleks vaadata ka kommunaalide hinda. N\u00e4iteks et renditav ruum ei oleks elektriga k\u00f6etav, kuna see alternatiivsetest k\u00fcttev\u00f5imalustest k\u00f5ige kallim. \u00d5mblemise puhul on oluline tingimus ka loomuliku valguse ning hea \u00fcldvalgustuse olemasolu ning kohtvalgustuse v\u00f5imalus.<\/p>\n<p>\u00d5mblusmasina ostmisel tuleks eelistada universaalset \u00f5mblusmasinat, mis \u00f5mbleks nii riiet kui ka nahka. V\u00e4ga hea, et meeskond on m\u00f5elnud partneri puhul ka seadmete hooldamise v\u00f5imalusele ning vajadusel lisaseadmete hankimise v\u00f5imalusele, nt v\u00f5ib vaja minna lisatarvikuid luku jt detailide lihtsamaks \u00f5mblemiseks. Masina ostmine peab ennast \u00e4ra tasuma, kuid kui toodete kogus on suur, siis on m\u00f5istlik omada erinevaid masinaid. V\u00e4ikese koguse toodete korral on erinevate masinate kasutamine \u00fche toote \u00f5mblemisel t\u00fclikas, sest neil k\u00f5igil on vaja vahetada niite, h\u00e4\u00e4lestada masinad antud materjalile ja niidile sobivaks, kasutada erinevate materjalide jaoks sobivaid n\u00f5elu jne.<\/p>\n<p>Kui toodete peamiseks saatmisviisiks on pakiautomaadi kasutamine, tuleks juba toodete kavandamisel silmas pidada, et tooted v\u00f5iksid m\u00f5\u00f5tudelt \u00e4ra mahtuda pakiautomaati.<\/p>\n<p>Pikaajaliste partnerite puhul on oluline neid p\u00f5hjalikult tundma \u00f5ppida, esialgu tasub v\u00f5tta paljudelt partneritelt n\u00e4idised ja hinnad, v\u00f5rrelda ka toote kvaliteeti, m\u00fc\u00fcgitingimusi ja koost\u00f6\u00f6kogemusi. Nt tasub partneritelt enne otsustamist uurida, kas on v\u00f5imalik osta ka v\u00e4iksemat kogust (nt ettev\u00f5ttega alustamisel) ja ka tarnetingimusi (nt kauba kohalej\u00f5udmise aega), mitte ainult hinda.<\/p>\n\n\t\t\t\t\t\t<\/div>\n\t\t\t\t\t<\/div>\n\t\t\t\t<\/div>\n\t\t\t\t\t<\/div>\n\t<\/div>\n","protected":false},"excerpt":{"rendered":"<p>Meeskond Nutika N\u00f5ela meeskond on kolmeliikmeline. Adele \u2013 disainieriala \u00fcli\u00f5pilane, p\u00e4eva\u00f5ppes ja t\u00e4iskoormusega, bakalaureuse 2. kursus. Kogemused ja kompetentsid: varasem praktiline kogemus disainiettev\u00f5ttes (\u00fclikooli poolt suunatud praktika), ettev\u00f5tlus\u00f5pe l\u00e4bitud algtasemel, meeskonnat\u00f6\u00f6 kogemus \u00fclikooli projektides ja praktikal. Adele tegeleb ettev\u00f5ttes toodete &#8230;<\/p>\n","protected":false},"author":3,"featured_media":0,"parent":319,"menu_order":0,"comment_status":"closed","ping_status":"closed","template":"","meta":{"_acf_changed":false,"inline_featured_image":false,"footnotes":""},"class_list":["post-323","page","type-page","status-publish","hentry"],"acf":[],"_links":{"self":[{"href":"https:\/\/sisu.ut.ee\/ettevotlusopik\/wp-json\/wp\/v2\/pages\/323","targetHints":{"allow":["GET"]}}],"collection":[{"href":"https:\/\/sisu.ut.ee\/ettevotlusopik\/wp-json\/wp\/v2\/pages"}],"about":[{"href":"https:\/\/sisu.ut.ee\/ettevotlusopik\/wp-json\/wp\/v2\/types\/page"}],"author":[{"embeddable":true,"href":"https:\/\/sisu.ut.ee\/ettevotlusopik\/wp-json\/wp\/v2\/users\/3"}],"replies":[{"embeddable":true,"href":"https:\/\/sisu.ut.ee\/ettevotlusopik\/wp-json\/wp\/v2\/comments?post=323"}],"version-history":[{"count":5,"href":"https:\/\/sisu.ut.ee\/ettevotlusopik\/wp-json\/wp\/v2\/pages\/323\/revisions"}],"predecessor-version":[{"id":972,"href":"https:\/\/sisu.ut.ee\/ettevotlusopik\/wp-json\/wp\/v2\/pages\/323\/revisions\/972"}],"up":[{"embeddable":true,"href":"https:\/\/sisu.ut.ee\/ettevotlusopik\/wp-json\/wp\/v2\/pages\/319"}],"wp:attachment":[{"href":"https:\/\/sisu.ut.ee\/ettevotlusopik\/wp-json\/wp\/v2\/media?parent=323"}],"curies":[{"name":"wp","href":"https:\/\/api.w.org\/{rel}","templated":true}]}}