{"id":321,"date":"2024-04-24T20:29:14","date_gmt":"2024-04-24T17:29:14","guid":{"rendered":"https:\/\/sisu.ut.ee\/ettevotlusopik\/?page_id=321"},"modified":"2025-10-03T15:46:53","modified_gmt":"2025-10-03T12:46:53","slug":"7-1-1-meeskonna-eesmark-ja-loomine","status":"publish","type":"page","link":"https:\/\/sisu.ut.ee\/ettevotlusopik\/7-meeskond-ja-juhtimine\/7-1-meeskonnatoo\/7-1-1-meeskonna-eesmark-ja-loomine\/","title":{"rendered":"Ressursid"},"content":{"rendered":"<p><\/p>\n\n\n\n<p>\u00c4riidee elluviimiseks ja ettev\u00f5tte tegutsemiseks vajalike ressursside leidmiseks on k\u00f5igepealt oluline valitud \u00e4riideest l\u00e4htuvalt otsustada, milliseid p\u00f5hiressursse v\u00e4\u00e4rtuspakkumine, turustuskanalid, kliendisuhted ja tuluvood n\u00f5uavad.<\/p>\n\n\n\n<p>P\u00f5hiressursid on ettev\u00f5tte jaoks olulised varad, mis on vajalikud v\u00e4\u00e4rtuspakkumise loomiseks, kliendisegmentide teenindamiseks, tulude genereerimiseks ja ettev\u00f5tte tegevuste elluviimiseks (Osterwalder &amp; Pigneur, 2010). Need ressursid v\u00f5ivad olla f\u00fc\u00fcsilised, intellektuaalsed (Grant, 1996), inim- ja finantsressursid (Osterwalder &amp; Pigneur, 2010), organisatsioonilised (Schein, 2010) ja tehnoloogilised ressursid (Wade ja Hulland, 2004).<\/p>\n\n\n\n<p>J\u00e4rgnevalt on v\u00e4lja toodud peamiste p\u00f5hiressursside kirjeldused.<\/p>\n\n\n\n<ol class=\"wp-block-list\">\n<li>Inimressursid: k\u00f5ige t\u00e4htsamad t\u00f6\u00f6tajad ja ettev\u00f5te juhid, kelle oskused ja teadmised on ettev\u00f5tte eduks olulised (Osterwalder &amp; Pigneur, 2010).<\/li>\n\n\n\n<li>F\u00fc\u00fcsilised ressursid: k\u00f5ige olulisem materiaalne vara nagu seadmed, hooned, laod, taristu, mis aitab ettev\u00f5ttel oma tooteid ja teenuseid toota ja turustada (Grant, 1996).<\/li>\n\n\n\n<li>Intellektuaalne vara: patendid, kaubam\u00e4rgid, autori\u00f5igused, \u00e4risaladused, disainilahendused ja teised intellektuaalsed omandi\u00f5igused, mis aitavad ettev\u00f5ttel s\u00e4ilitada konkurentsieelist (Grant, 1996).<\/li>\n\n\n\n<li>Finantsressursid: kapital, raha, investeeringud, krediit, laen ja muud finantsressursid, mis v\u00f5imaldavad ettev\u00f5ttel investeerida oma tegevustesse ja arengusse (Osterwalder &amp; Pigneur, 2010).<\/li>\n\n\n\n<li>Tehnoloogilised ressursid: k\u00f5ige olulisema tehniline oskusteave, andmebaasid, IT-s\u00fcsteemid, tarkvara ja tehnoloogiline infrastruktuur, mis aitavad ettev\u00f5ttel oma tooteid ja teenuseid toota ja turustada (Wade ja Hulland, 2004).<\/li>\n\n\n\n<li>Organisatsioonilised ressursid: ettev\u00f5tte struktuur, protsessid, (organisatsiooni)kultuur ja suhtlemisviisid, mis aitavad ettev\u00f5ttel oma eesm\u00e4rgid saavutada (Schein, 2010).<\/li>\n<\/ol>\n\n\n\n<p>Eelpool toodule lisaks on oluliste ressurssidena v\u00e4lja toodud ka suhte- v\u00f5i sotsiaalset kapitali, mis v\u00f5imaldab juurdep\u00e4\u00e4su teistele ressurssidele ja teadmistele, nagu n\u00e4iteks suhted klientide, partnerite, tarnijatega. Samuti v\u00f5ib olla v\u00f5tmet\u00e4htsusega teadmiste ressurss, n\u00e4iteks teadusuuringute v\u00f5i tehnilise oskusteabe puhul, aga ka reputatsioon (maine, br\u00e4nd, usaldusv\u00e4\u00e4rsus), mis v\u00f5imaldab k\u00fcsida k\u00f5rgemat hinda, leida paremaid t\u00f6\u00f6tajaid v\u00f5i rahastust. P\u00f5hiressursiks v\u00f5ivad olla ka v\u00f5rgustikud, mis aitavad ettev\u00f5ttel jagada teadmisi, v\u00e4hendada kulusid ja leida t\u00e4iendavaid ressursse n\u00e4iteks erialaliitude v\u00f5i -v\u00f5rgustike, ettev\u00f5tete klastrite vm kaudu (Gulati jt, 2000). Ka \u00f5iguslikud ressursid, nagu lepingute koostamise oskused, andmekaitse n\u00f5uete tundmine, load ja registreeringud v\u00f5ivad olla vajalikud ettev\u00f5tte edukaks toimimiseks.<\/p>\n\n\n\n<p>P\u00f5hiressursside m\u00e4\u00e4ratlemine aitab ettev\u00f5ttel m\u00f5ista, milliseid vahendeid on vaja \u00e4rimudeli t\u00f5husaks toimimiseks.<\/p>\n\n\n\n<p>J\u00e4rgnevalt toome m\u00f5ned konkreetsed n\u00e4iteid tuntud ettev\u00f5tete p\u00f5hiressurssidest.<\/p>\n\n\n\n<p>Coca-Cola p\u00f5hiressurssideks on br\u00e4nd, joogi retsept (mis on kaitstud intellektuaalomandiga) ja globaalsed turustuskanalid, mis v\u00f5imaldab ettev\u00f5ttel turul domineerida (Kotler ja Keller, 2016).<\/p>\n\n\n\n<p>Kuid globaalse ettev\u00f5tte Google p\u00f5hiressurssideks on algoritmid, andmekeskused, masin\u00f5ppe ekspertiis ja br\u00e4nd, mis toetavad ettev\u00f5tte turuliidri positsiooni otsingumootorite ja reklaaminduse valdkonnas (Varian, 2007).<\/p>\n\n\n\n<p>Kolmandaks n\u00e4iteks v\u00f5tame Tesla p\u00f5hiressursid, milleks on akutehnoloogia, patendid, tootmisrajatised ja insenerimeeskond, mis loob ettev\u00f5ttele v\u00f5imekuse elektriautode toomiseks ja arendamiseks (Mangram, 2012).<\/p>\n","protected":false},"excerpt":{"rendered":"<p>\u00c4riidee elluviimiseks ja ettev\u00f5tte tegutsemiseks vajalike ressursside leidmiseks on k\u00f5igepealt oluline valitud \u00e4riideest l\u00e4htuvalt otsustada, milliseid p\u00f5hiressursse v\u00e4\u00e4rtuspakkumine, turustuskanalid, kliendisuhted ja tuluvood n\u00f5uavad. P\u00f5hiressursid on ettev\u00f5tte jaoks olulised varad, mis on vajalikud v\u00e4\u00e4rtuspakkumise loomiseks, kliendisegmentide teenindamiseks, tulude genereerimiseks ja ettev\u00f5tte &#8230;<\/p>\n","protected":false},"author":3,"featured_media":0,"parent":319,"menu_order":0,"comment_status":"closed","ping_status":"closed","template":"","meta":{"_acf_changed":false,"inline_featured_image":false,"footnotes":""},"class_list":["post-321","page","type-page","status-publish","hentry"],"acf":[],"_links":{"self":[{"href":"https:\/\/sisu.ut.ee\/ettevotlusopik\/wp-json\/wp\/v2\/pages\/321","targetHints":{"allow":["GET"]}}],"collection":[{"href":"https:\/\/sisu.ut.ee\/ettevotlusopik\/wp-json\/wp\/v2\/pages"}],"about":[{"href":"https:\/\/sisu.ut.ee\/ettevotlusopik\/wp-json\/wp\/v2\/types\/page"}],"author":[{"embeddable":true,"href":"https:\/\/sisu.ut.ee\/ettevotlusopik\/wp-json\/wp\/v2\/users\/3"}],"replies":[{"embeddable":true,"href":"https:\/\/sisu.ut.ee\/ettevotlusopik\/wp-json\/wp\/v2\/comments?post=321"}],"version-history":[{"count":4,"href":"https:\/\/sisu.ut.ee\/ettevotlusopik\/wp-json\/wp\/v2\/pages\/321\/revisions"}],"predecessor-version":[{"id":969,"href":"https:\/\/sisu.ut.ee\/ettevotlusopik\/wp-json\/wp\/v2\/pages\/321\/revisions\/969"}],"up":[{"embeddable":true,"href":"https:\/\/sisu.ut.ee\/ettevotlusopik\/wp-json\/wp\/v2\/pages\/319"}],"wp:attachment":[{"href":"https:\/\/sisu.ut.ee\/ettevotlusopik\/wp-json\/wp\/v2\/media?parent=321"}],"curies":[{"name":"wp","href":"https:\/\/api.w.org\/{rel}","templated":true}]}}