{"id":300,"date":"2024-04-24T20:26:31","date_gmt":"2024-04-24T17:26:31","guid":{"rendered":"https:\/\/sisu.ut.ee\/ettevotlusopik\/?page_id=300"},"modified":"2026-01-02T14:40:57","modified_gmt":"2026-01-02T12:40:57","slug":"naide-6-meeskond-koostab-nutika-noela-turundustegevuste-plaani","status":"publish","type":"page","link":"https:\/\/sisu.ut.ee\/ettevotlusopik\/6-turundusplaan\/naide-6-meeskond-koostab-nutika-noela-turundustegevuste-plaani\/","title":{"rendered":"N\u00c4IDE 6. Nutika N\u00f5ela turundusplaan"},"content":{"rendered":"<p><\/p>\n\n\n\n<p>P\u00f5hiliseks turunduse viisiks valis meeskond digiturunduse kui odavama turundusvariandi ning v\u00f5imalusega teha turundustegevusi ise, kuna alustava ettev\u00f5ttena on nende rahalised vahendid piiratud. Tooteid on planeeritud reklaamida esimesel aastal sotsiaalmeedia kanalite Facebook, Instagram ja Tik-Tok kaudu ja m\u00fc\u00fca l\u00e4bi ettev\u00f5tte veebipoe. V\u00e4iksemas mahus k\u00e4iakse messidel ja laatadel, eriti esimestel aastatel, kui tooteid alles arendatakse, kuna see v\u00f5imaldab otsesuhtlust klientidega ja tagasiside k\u00fcsimist. Ettev\u00f5tte konsultant Keit Pihlapuuke soovitas meeskonnal raha kokkuhoiu eesm\u00e4rgil algselt planeeritud kuue korra asemel osaleda esimesel aastal messidel ja laatadel <strong>kolm korda.<\/strong><\/p>\n\n\n\n<p>P\u00f5hilisel toimub m\u00fc\u00fck veebipoe kaudu, aga ka l\u00e4bi otsekontaktide (nt messidel ja laatadel) ja <strong>koost\u00f6\u00f6partneri (veebi)poes. <\/strong>Kodulehe v\u00e4ljaarendamist tehakse koost\u00f6\u00f6s ettev\u00f5tte partneri turundusettev\u00f5ttega Star. Ettev\u00f5tte n\u00e4htavuse suurendamiseks ja usaldusv\u00e4\u00e4rsuse t\u00f5stmiseks jagatakse enda klientide kogemust ja tutvustatakse loodud tooteid erialaajakirjades.<\/p>\n\n\n\n<p>Ettev\u00f5tte Nutikas N\u00f5el turundusplaani aja- ja tegevuskava<\/p>\n\n\n\n<div class=\"wp-block-columns is-layout-flex wp-container-core-columns-is-layout-9d6595d7 wp-block-columns-is-layout-flex\">\n<div class=\"wp-block-column is-layout-flow wp-block-column-is-layout-flow\" style=\"flex-basis:100%\">\n<figure class=\"wp-block-table\"><table class=\"table table-hover\"><tbody><tr><td><strong>Tegevus<\/strong><\/td><td><strong>Aeg<\/strong><\/td><td><strong>Teostaja(d)<\/strong><\/td><td><strong>Hind<\/strong><\/td><td><strong>Oodatavad tulemused<\/strong><\/td><\/tr><tr><td>Ettev\u00f5ttele sotsiaalmeedia kontode loomine: Facebookis, Instagramis, Tik-Tokis, sisu ja postitused<\/td><td>Mai, postitused iga n\u00e4dal<\/td><td>Adele ja Ott, lisandub turundus-<br>spetsialist<\/td><td>0<\/td><td>Ettev\u00f5tte ja (uute) toodete tutvustamine klientidele, erinevatele sihtr\u00fchmadele info edastamine ja reklaamikampaaniate l\u00e4biviimine, uute klientide leidmine<\/td><\/tr><tr><td>Toodetest fotode ja videote tegemine<\/td><td>Alates m\u00e4rtsist<\/td><td>Adele ja turundusspetsialist<\/td><td>0 (turundusspetsialisti kulu on arvestatud eraldi)<\/td><td>Toodete tutvustamine klientidele<\/td><\/tr><tr><td>Sotsiaalmeedia-kanalites tasulised reklaamid<\/td><td>Alates m\u00e4rtsist igakuiselt<\/td><td>Adele ja turundus-spetsialist<\/td><td>Keskmiselt 60 eurot kuus<\/td><td><\/td><\/tr><tr><td>Ettev\u00f5ttele kodulehe ja veebipoe loomine<\/td><td>Luuakse mais<\/td><td>Koost\u00f6\u00f6-<br>partner, haldab turundus-<br>spetsialist<\/td><td>900<\/td><td>Ettev\u00f5tte v\u00e4\u00e4rtuspakkumise ja ettev\u00f5tte kohta info edastamine, veebis toodete ostmise v\u00f5imaluse loomine, klientidega suhtlemise ja tagasiside andmise\u00a0 v\u00f5imalus, ostuj\u00e4rgse klienditoe pakkumine (Adele ja Ott), partnerite ristturundamine<\/td><\/tr><tr><td>Osalemine disaini- ja koduteemalistel messidel ning (k\u00e4sit\u00f6\u00f6)laatadel<\/td><td>Kolm \u00fcritust: Disainilaat, Hansalaat ja Disaini\u00f6\u00f6<\/td><td>Ott v\u00f5i Adele<\/td><td>Disainilaat (aprill) 200<br>Hansalaat (juuli) 200<br>Disaini\u00f6\u00f6 (okt) 200<\/td><td>M\u00fc\u00fcgitegevus, ettev\u00f5tte tutvustamine, ettev\u00f5tte kontaktide jagamine (visiitkaardid); tasuvusanal\u00fc\u00fcs<\/td><\/tr><tr><td>Sisuturundusartiklid lehtedes ja erialaajakirjades (nt K\u00e4sit\u00f6\u00f6)<\/td><td>U. 2 korda aastas: juunis ja septembris<\/td><td>Kogu meeskond<\/td><td>Avaldamine 1 n\u00e4dal ajakirjas Disain (juuni, 1100) ning Pere ja Kodu (detsembris, 1100).<\/td><td>Ettev\u00f5tte vastu usalduse loomine ja klientide kogemuste jagamine<\/td><\/tr><tr><td>Meilide saatmine \u00e4riklientidele ja eraisikutele (eripakkumised)<\/td><td>Umbes 2 korda kuus alates juunist<\/td><td>Turundus-<br>spetsialist<\/td><td>0<\/td><td>Enne laatasid ja messe \u00e4riklientidele ja (nende tekkimisel) p\u00fcsiklientidele; \u00e4riklientidele pakkumiste tegemine; tasuvusanal\u00fc\u00fcs<\/td><\/tr><tr><td>Visiitkaardid<\/td><td>M\u00e4rts<\/td><td>Kogu meeskond<\/td><td>50<\/td><td>Kohtumistel, messidel ja laatadel kontaktide jagamine<\/td><\/tr><tr><td>Loosikampaaniad sotsiaalmeediakanalites<\/td><td>4 korda aastas: mais (3 pesemis-tarvikute kotti), juulis (2 pinalit), oktoobris (3 pesemis-tarvikute kotti), detsembris (1 seljakott)<\/td><td>Turundus-<br>spetsialist<\/td><td>Mais (3\u00d77,14+9=30,42); juulis (2\u00d720,71+6= 47,42); oktoober (3\u00d77,14+9=30,42); detsember (1\u00d749,29+3= 52,29). Kokku 160,55\u20ac<\/td><td>Ettev\u00f5tte toodete tutvustamine; tasuvusanal\u00fc\u00fcs (toote omahind + postitamine)<\/td><\/tr><\/tbody><\/table><\/figure>\n<\/div>\n<\/div>\n\n\n\n<p><strong>Kokkuv\u00f5tteks. <\/strong>Turundustegevusega tegelevad ettev\u00f5tte asutamise esimesel kolmel kuul Adele ja Ott, alates maist tehakse turundust koost\u00f6\u00f6s turundusspetsialistiga. Reklaami tehakse sotsiaalmeedia vahendusel, m\u00fc\u00fck toimub l\u00e4bi ettev\u00f5tte kodulehe veebipoe. Ettev\u00f5tte suurimatest konkurentidest ei kasuta keegi sotsiaalmeedia kanalina Tik-Toki, samas kui k\u00f5ik kasutavad Facebooki ja Instagrami. Esialgu ei ole meeskonnal aega tegeleda uudiskirja v\u00e4ljaandmisega v\u00f5i pidada blogi, kuid klientidele saadetakse meili teel eripakkumisi ning infot laatadel ja messidel osalemise kohta. Esimesel tegevusaastal planeeritakse k\u00fclastada kolme laata ja\/v\u00f5i messi: disainimessi Interj\u00f6\u00f6r raames toimuval Disainilaadal aprillis (<a href=\"https:\/\/www.disainilaat.ee\/\">https:\/\/www.disainilaat.ee\/<\/a>), Tartu Hansalaadal juulis (<a href=\"https:\/\/tartu.ee\/et\/laadad#hansalaat\">https:\/\/tartu.ee\/et\/laadad#hansalaat<\/a>) ja Disaini\u00f6\u00f6l oktoobris (<a href=\"https:\/\/www.disainioo.ee\/et\">https:\/\/www.disainioo.ee\/et<\/a>). Konkurentide kodulehti anal\u00fc\u00fcsides otsustati valmivale kodulehele lisada ettev\u00f5tte missioon, meeskonna tutvustus, p\u00f5hjalikud tootekirjeldused, ettev\u00f5tte partnerid ning ka klientide tagasiside. Kokku on turundustegevusteks planeeritud 4641 eurot aastas, millele lisandub turundusspetsialisti teenus 4000 eurot aastas.<\/p>\n\n\n<div class=\"accordion-block mb-3\">\n\t\t<div class=\"accordion \" id=\"accordion-accordion-69e0b0010a334\">\n\t\t\t\t\t\t\t<div class=\"accordion-item accordion-item--white\">\n\t\t\t\t\t<h2 class=\"accordion-header\" id=\"accordion-69e0b0010a334-heading-1\">\n\t\t\t\t\t\t<button class=\"accordion-button collapsed\" type=\"button\" data-bs-toggle=\"collapse\" data-bs-target=\"#accordion-69e0b0010a334-collapse-1\" aria-expanded=\"true\" aria-controls=\"accordion-69e0b0010a334-collapse-1\">\n\t\t\t\t\t\t\tEksperdi kommentaar \n\t\t\t\t\t\t<\/button>\n\t\t\t\t\t<\/h2>\n\t\t\t\t\t<div id=\"accordion-69e0b0010a334-collapse-1\" class=\"accordion-collapse collapse \" aria-labelledby=\"accordion-69e0b0010a334-heading-1\">\n\t\t\t\t\t\t<div class=\"accordion-body\">\n\t\t\t\t\t\t\t<p>Info levitamist ettev\u00f5tte kohta tasub alustada sugulastest, s\u00f5pradest ja tuttavatest. Neilt on k\u00f5ige lihtsam saada ka toodete arendamiseks vajalikku tagasisidet.<\/p>\n<p>Tagasisidestamise m\u00f5ttes on ka messidel ja laatadel k\u00e4imine v\u00e4ga hea, kuna kontakt on vahetu ja kohene. Siiski v\u00f5ib kohatasu messidel ja laatadel olla v\u00e4ga kallis. Sarnaste toodete pakkujad v\u00f5ivad omavahel koopereeruda, \u00fcks m\u00fc\u00fcja m\u00fc\u00fcb erinevate ettev\u00f5tete toodangut v\u00f5i v\u00e4lismessil Eesti tootjate toodangut. Selleks peavad olema aga v\u00e4ga usalduslikud partnersuhted.<\/p>\n<p>Toodete funktsionaalsuse tutvustamiseks on hea kirjaliku selgituse asemel teha toote v\u00f5imalusi tutvustav l\u00fchike video. Kui funktsionaalsusi tutvustav tekst tuleb pikk ja v\u00f5ib olla igav, siis video n\u00e4itab konkreetselt \u00e4ra, milliseid v\u00f5imalusi toode pakub.<\/p>\n\n\t\t\t\t\t\t<\/div>\n\t\t\t\t\t<\/div>\n\t\t\t\t<\/div>\n\t\t\t\t\t<\/div>\n\t<\/div>\n","protected":false},"excerpt":{"rendered":"<p>P\u00f5hiliseks turunduse viisiks valis meeskond digiturunduse kui odavama turundusvariandi ning v\u00f5imalusega teha turundustegevusi ise, kuna alustava ettev\u00f5ttena on nende rahalised vahendid piiratud. Tooteid on planeeritud reklaamida esimesel aastal sotsiaalmeedia kanalite Facebook, Instagram ja Tik-Tok kaudu ja m\u00fc\u00fca l\u00e4bi ettev\u00f5tte veebipoe. &#8230;<\/p>\n","protected":false},"author":3,"featured_media":0,"parent":282,"menu_order":0,"comment_status":"closed","ping_status":"closed","template":"","meta":{"_acf_changed":false,"inline_featured_image":false,"footnotes":""},"class_list":["post-300","page","type-page","status-publish","hentry"],"acf":[],"_links":{"self":[{"href":"https:\/\/sisu.ut.ee\/ettevotlusopik\/wp-json\/wp\/v2\/pages\/300","targetHints":{"allow":["GET"]}}],"collection":[{"href":"https:\/\/sisu.ut.ee\/ettevotlusopik\/wp-json\/wp\/v2\/pages"}],"about":[{"href":"https:\/\/sisu.ut.ee\/ettevotlusopik\/wp-json\/wp\/v2\/types\/page"}],"author":[{"embeddable":true,"href":"https:\/\/sisu.ut.ee\/ettevotlusopik\/wp-json\/wp\/v2\/users\/3"}],"replies":[{"embeddable":true,"href":"https:\/\/sisu.ut.ee\/ettevotlusopik\/wp-json\/wp\/v2\/comments?post=300"}],"version-history":[{"count":5,"href":"https:\/\/sisu.ut.ee\/ettevotlusopik\/wp-json\/wp\/v2\/pages\/300\/revisions"}],"predecessor-version":[{"id":1051,"href":"https:\/\/sisu.ut.ee\/ettevotlusopik\/wp-json\/wp\/v2\/pages\/300\/revisions\/1051"}],"up":[{"embeddable":true,"href":"https:\/\/sisu.ut.ee\/ettevotlusopik\/wp-json\/wp\/v2\/pages\/282"}],"wp:attachment":[{"href":"https:\/\/sisu.ut.ee\/ettevotlusopik\/wp-json\/wp\/v2\/media?parent=300"}],"curies":[{"name":"wp","href":"https:\/\/api.w.org\/{rel}","templated":true}]}}