{"id":298,"date":"2024-04-24T20:26:11","date_gmt":"2024-04-24T17:26:11","guid":{"rendered":"https:\/\/sisu.ut.ee\/ettevotlusopik\/?page_id=298"},"modified":"2025-10-03T15:44:59","modified_gmt":"2025-10-03T12:44:59","slug":"6-4-mida-pidada-turundamisel-silmas","status":"publish","type":"page","link":"https:\/\/sisu.ut.ee\/ettevotlusopik\/6-turundusplaan\/6-4-mida-pidada-turundamisel-silmas\/","title":{"rendered":"Mida pidada turundamisel silmas?"},"content":{"rendered":"<ol class=\"wp-block-list\">\n<li>Aeg \u2013 turundus ei anna kiireid tulemusi ja kasu ei ole koheselt m\u00e4rgatav, seega on tulemuste n\u00e4gemiseks vaja varuda kannatust.<\/li>\n\n\n\n<li>Statistika \u2013 oluline on teada kuu jooksul k\u00fclastajate arvu k\u00f5rval ka seda, kui paljud neist reaalselt ostu sooritavad, kui palju tehakse kodulehe kaudu p\u00e4ringuid, kui palju tuleb uusi kliente. Statistika kogumiseks v\u00f5ib kodulehe liidestada nt Google Analytics kontoga.<\/li>\n\n\n\n<li>Tagasiside \u2013 oluline on k\u00fcsida enda tootele v\u00f5i teenusele tagasisidet ning mitte karta ausaid vastuseid, sh kriitikat. Tooteid ja teenuseid aitab paremaks muuta just probleemide v\u00f5i parenduskohtade teadvustamine. Samuti ei tasu loota, et kliendid tulevad tagasisidet andma, vaid tuleb proaktiivselt tagasisidet koguda kas otsesuhtluse v\u00f5i tagasiside vormi abil.<\/li>\n\n\n\n<li>J\u00e4rjepidevus \u2013 kui m\u00f5ni turundustegevus ei too tulemusi, tasub proovida teistsuguseid lahendusi.<\/li>\n\n\n\n<li>Koosk\u00f5la \u2013 anal\u00fc\u00fcsi, kas visuaal toetab ettev\u00f5tte br\u00e4ndi v\u00f5i s\u00f5numit.<\/li>\n<\/ol>\n\n\n\n<p>Samuti tasub uurida lisav\u00f5imalusi, nt Facebooki reklaamikontot tasuliste reklaamide loomiseks, Facebook Pixeli reklaamide s\u00fcsteemi kasutamist, mille abil saab pakkuda tooteid neile, kes on kodulehte k\u00fclastanud.<\/p>\n\n\n\n<p><\/p>\n","protected":false},"excerpt":{"rendered":"<p>Samuti tasub uurida lisav\u00f5imalusi, nt Facebooki reklaamikontot tasuliste reklaamide loomiseks, Facebook Pixeli reklaamide s\u00fcsteemi kasutamist, mille abil saab pakkuda tooteid neile, kes on kodulehte k\u00fclastanud.<\/p>\n","protected":false},"author":3,"featured_media":0,"parent":282,"menu_order":0,"comment_status":"closed","ping_status":"closed","template":"","meta":{"_acf_changed":false,"inline_featured_image":false,"footnotes":""},"class_list":["post-298","page","type-page","status-publish","hentry"],"acf":[],"_links":{"self":[{"href":"https:\/\/sisu.ut.ee\/ettevotlusopik\/wp-json\/wp\/v2\/pages\/298","targetHints":{"allow":["GET"]}}],"collection":[{"href":"https:\/\/sisu.ut.ee\/ettevotlusopik\/wp-json\/wp\/v2\/pages"}],"about":[{"href":"https:\/\/sisu.ut.ee\/ettevotlusopik\/wp-json\/wp\/v2\/types\/page"}],"author":[{"embeddable":true,"href":"https:\/\/sisu.ut.ee\/ettevotlusopik\/wp-json\/wp\/v2\/users\/3"}],"replies":[{"embeddable":true,"href":"https:\/\/sisu.ut.ee\/ettevotlusopik\/wp-json\/wp\/v2\/comments?post=298"}],"version-history":[{"count":4,"href":"https:\/\/sisu.ut.ee\/ettevotlusopik\/wp-json\/wp\/v2\/pages\/298\/revisions"}],"predecessor-version":[{"id":962,"href":"https:\/\/sisu.ut.ee\/ettevotlusopik\/wp-json\/wp\/v2\/pages\/298\/revisions\/962"}],"up":[{"embeddable":true,"href":"https:\/\/sisu.ut.ee\/ettevotlusopik\/wp-json\/wp\/v2\/pages\/282"}],"wp:attachment":[{"href":"https:\/\/sisu.ut.ee\/ettevotlusopik\/wp-json\/wp\/v2\/media?parent=298"}],"curies":[{"name":"wp","href":"https:\/\/api.w.org\/{rel}","templated":true}]}}