{"id":282,"date":"2024-04-24T20:24:58","date_gmt":"2024-04-24T17:24:58","guid":{"rendered":"https:\/\/sisu.ut.ee\/ettevotlusopik\/?page_id=282"},"modified":"2025-10-03T15:44:05","modified_gmt":"2025-10-03T12:44:05","slug":"6-turundusplaan","status":"publish","type":"page","link":"https:\/\/sisu.ut.ee\/ettevotlusopik\/6-turundusplaan\/","title":{"rendered":"TURUNDUS"},"content":{"rendered":"<p><\/p>\n\n\n\n<p>Enne kui saame hakata konkreetsemalt k\u00e4sitlema ettev\u00f5tluskeskkonna, on vajalik aru saada laiemast ehk meid \u00fcmbritsevast elukeskkonnast. Elukeskkond koosneb f\u00fc\u00fcsilisest Turundus tegeleb klientidega. Turundus on protsess, mille k\u00e4igus luuakse, kommunikeeritakse ja edastatakse v\u00e4\u00e4rtust klientidele ning hallatakse kliendisuhteid viisil, mis toob kasu nii organisatsioonile kui ka selle sidusr\u00fchmadele (Kotler &amp; Armstrong, 2015). Seega on turunduse eesm\u00e4rgiks klientide vajaduste m\u00f5istmine ja rahuldamine ning seel\u00e4bi luuakse v\u00e4\u00e4rtust nii klientidele kui ka ettev\u00f5ttele. \u00dchelt poolt on turunduse eesm\u00e4rgiks uute klientide leidmine, neile v\u00e4\u00e4rtust luues, ning teiselt poolt on eesm\u00e4rgiks hoida ja kasvatada juba olemasolevate klientide arvu, pakkudes neile rahulolu.<\/p>\n\n\n\n<p>Turundus j\u00f5uab paljude inimesteni traditsiooniliste ja digitaalsete vormidena nii poe vaateakendel, reklaamina ajalehes, televisioonis v\u00f5i raadios, kuid n\u00fc\u00fcd ka personaalselt ja otse veebi- ja sotsiaalmeedia kanalite kaudu (Armstrong jt, 2015).<\/p>\n\n\n\n<p>Turundus on \u00fcha olulisem, kuna turg muutub nii avatumaks kui ka globaalsemaks, mis toob kaasa ka konkurentsi tihenemise.\u00a0Edu saavutamiseks on oluline aru saada turust ja ettev\u00f5tet \u00fcmbritsevast \u00e4rikeskkonnast ning pidevalt edasi areneda, kuna keskkond on kiires muutumises. Samuti on konkurentsitihedas keskkonnas oluline kasutada k\u00f5iki turunduse t\u00f6\u00f6riistu. Kuid selleks, et toodet m\u00fc\u00fca, on vaja teada, mida, kellele, kus, mis hinnaga, millise s\u00f5numiga ja milliseid kanaleid kasutades seda teha.\u00a0<\/p>\n\n\n\n<p>Turundusprotsessi osadeks on kliendi vajaduste m\u00f5istmine, turundusstrateegia ja -plaani loomine, kliendisuhete ehitamine ja ettev\u00f5ttele kasu toomine.<\/p>\n\n\n\n<p>Turunduse keskmes on toote v\u00e4\u00e4rtuspakkumine kliendile. Edukas turundus tugineb ettev\u00f5tte tugevuste ja v\u00f5imaluste \u00e4rakasutamisel ning probleemide v\u00e4ltimisel. Turundusstrateegia on terviklik eesm\u00e4rkide ja l\u00e4henemiseviiside kogum, mida organisatsioon oma turundustegevustes kasutab \u00fcld- ehk \u00e4ristrateegia toetamiseks (Ettev\u00f5tluse Arendamise Sihtasutus, 2005). Hea turundusstrateegia v\u00f5imaldab s\u00f5nastatud p\u00f5him\u00f5tetest l\u00e4htudes teha igap\u00e4evaseid juhtimisotsuseid ja on kergesti elluviidav, kuna t\u00f6\u00f6tajad saavad aru, mida on vaja teha ning saavad sellest l\u00e4htudes tegutseda.<\/p>\n\n\n\n<p>Inimesed ostavad inimestelt ja usaldavad inimesi ning selleks on vaja rohkem suhelda ja oma kliente kuulata. Tarbijad peavad oluliseks reklaame, millest r\u00e4\u00e4givad ka nende s\u00f5brad.<\/p>\n","protected":false},"excerpt":{"rendered":"<p>Enne kui saame hakata konkreetsemalt k\u00e4sitlema ettev\u00f5tluskeskkonna, on vajalik aru saada laiemast ehk meid \u00fcmbritsevast elukeskkonnast. Elukeskkond koosneb f\u00fc\u00fcsilisest Turundus tegeleb klientidega. Turundus on protsess, mille k\u00e4igus luuakse, kommunikeeritakse ja edastatakse v\u00e4\u00e4rtust klientidele ning hallatakse kliendisuhteid viisil, mis toob kasu &#8230;<\/p>\n","protected":false},"author":3,"featured_media":0,"parent":0,"menu_order":0,"comment_status":"closed","ping_status":"closed","template":"","meta":{"_acf_changed":false,"inline_featured_image":false,"footnotes":""},"class_list":["post-282","page","type-page","status-publish","hentry"],"acf":[],"_links":{"self":[{"href":"https:\/\/sisu.ut.ee\/ettevotlusopik\/wp-json\/wp\/v2\/pages\/282","targetHints":{"allow":["GET"]}}],"collection":[{"href":"https:\/\/sisu.ut.ee\/ettevotlusopik\/wp-json\/wp\/v2\/pages"}],"about":[{"href":"https:\/\/sisu.ut.ee\/ettevotlusopik\/wp-json\/wp\/v2\/types\/page"}],"author":[{"embeddable":true,"href":"https:\/\/sisu.ut.ee\/ettevotlusopik\/wp-json\/wp\/v2\/users\/3"}],"replies":[{"embeddable":true,"href":"https:\/\/sisu.ut.ee\/ettevotlusopik\/wp-json\/wp\/v2\/comments?post=282"}],"version-history":[{"count":5,"href":"https:\/\/sisu.ut.ee\/ettevotlusopik\/wp-json\/wp\/v2\/pages\/282\/revisions"}],"predecessor-version":[{"id":958,"href":"https:\/\/sisu.ut.ee\/ettevotlusopik\/wp-json\/wp\/v2\/pages\/282\/revisions\/958"}],"wp:attachment":[{"href":"https:\/\/sisu.ut.ee\/ettevotlusopik\/wp-json\/wp\/v2\/media?parent=282"}],"curies":[{"name":"wp","href":"https:\/\/api.w.org\/{rel}","templated":true}]}}